{"id":5709,"date":"2022-10-27T17:23:04","date_gmt":"2022-10-27T17:23:04","guid":{"rendered":"https:\/\/dnvimatis.com\/se\/?page_id=5709"},"modified":"2022-10-28T05:06:44","modified_gmt":"2022-10-28T05:06:44","slug":"ehin-awards","status":"publish","type":"page","link":"https:\/\/dnvimatis.com\/se\/aktuelt\/nyheter\/ehin-awards\/","title":{"rendered":"EHiN Awards"},"content":{"rendered":"\t\t<div data-elementor-type=\"wp-page\" data-elementor-id=\"5709\" class=\"elementor elementor-5709\" data-elementor-post-type=\"page\">\n\t\t\t\t\t\t<section class=\"elementor-section elementor-top-section elementor-element elementor-element-7db0a0f6 elementor-section-height-min-height elementor-section-boxed elementor-section-height-default elementor-section-items-middle\" data-id=\"7db0a0f6\" data-element_type=\"section\" data-e-type=\"section\">\n\t\t\t\t\t\t<div class=\"elementor-container elementor-column-gap-wider\">\n\t\t\t\t\t<div class=\"elementor-column elementor-col-100 elementor-top-column elementor-element elementor-element-65172427\" data-id=\"65172427\" data-element_type=\"column\" data-e-type=\"column\">\n\t\t\t<div class=\"elementor-widget-wrap elementor-element-populated\">\n\t\t\t\t\t\t<div class=\"elementor-element elementor-element-2b0ecb29 elementor-widget elementor-widget-heading\" data-id=\"2b0ecb29\" data-element_type=\"widget\" data-e-type=\"widget\" data-widget_type=\"heading.default\">\n\t\t\t\t<div class=\"elementor-widget-container\">\n\t\t\t\t\t<h4 class=\"elementor-heading-title elementor-size-default\">EHiN Awards 2022 har av 27 nominerte prosjekter utpekt Blodpr\u00f8veappen utviklet i samarbeid med Sykehuset \u00d8stfold som en av finalistene! <\/h4>\t\t\t\t<\/div>\n\t\t\t\t<\/div>\n\t\t\t\t<div class=\"elementor-element elementor-element-c4a0279 elementor-widget elementor-widget-heading\" data-id=\"c4a0279\" data-element_type=\"widget\" data-e-type=\"widget\" data-widget_type=\"heading.default\">\n\t\t\t\t<div class=\"elementor-widget-container\">\n\t\t\t\t\t<h5 class=\"elementor-heading-title elementor-size-default\">Publisert 27.10.2022 kl 19:24<\/h5>\t\t\t\t<\/div>\n\t\t\t\t<\/div>\n\t\t\t\t<div class=\"elementor-element elementor-element-764bbf54 elementor-widget elementor-widget-text-editor\" data-id=\"764bbf54\" data-element_type=\"widget\" data-e-type=\"widget\" data-widget_type=\"text-editor.default\">\n\t\t\t\t<div class=\"elementor-widget-container\">\n\t\t\t\t\t\t\t\t\t<p>EHiN p\u00e5peker at m\u00e5let med EHiN Awards er \u00e5 rette s\u00f8kelyset p\u00e5 viktig arbeid innen e-helsefeltet og verdsette arbeidet som gj\u00f8res ulike steder i Norge.<\/p>\t\t\t\t\t\t\t\t<\/div>\n\t\t\t\t<\/div>\n\t\t\t\t<section class=\"elementor-section elementor-inner-section elementor-element elementor-element-42f02fd2 elementor-section-boxed elementor-section-height-default elementor-section-height-default\" data-id=\"42f02fd2\" data-element_type=\"section\" data-e-type=\"section\">\n\t\t\t\t\t\t<div class=\"elementor-container elementor-column-gap-wider\">\n\t\t\t\t\t<div class=\"elementor-column elementor-col-50 elementor-inner-column elementor-element elementor-element-7f0ab058\" data-id=\"7f0ab058\" data-element_type=\"column\" data-e-type=\"column\">\n\t\t\t<div class=\"elementor-widget-wrap elementor-element-populated\">\n\t\t\t\t\t\t<div class=\"elementor-element elementor-element-370fa170 elementor-widget elementor-widget-image\" data-id=\"370fa170\" data-element_type=\"widget\" data-e-type=\"widget\" data-widget_type=\"image.default\">\n\t\t\t\t<div class=\"elementor-widget-container\">\n\t\t\t\t\t\t\t\t\t\t\t\t\t\t\t<img fetchpriority=\"high\" decoding=\"async\" width=\"610\" height=\"610\" src=\"https:\/\/dnvimatis.com\/se\/wp-content\/uploads\/sites\/4\/2022\/10\/EHiN-Awards-610x610-1.jpg\" class=\"attachment-large size-large wp-image-5712\" alt=\"EHiN Awards 2022\" srcset=\"https:\/\/dnvimatis.com\/se\/wp-content\/uploads\/sites\/4\/2022\/10\/EHiN-Awards-610x610-1.jpg 610w, https:\/\/dnvimatis.com\/se\/wp-content\/uploads\/sites\/4\/2022\/10\/EHiN-Awards-610x610-1-300x300.jpg 300w, https:\/\/dnvimatis.com\/se\/wp-content\/uploads\/sites\/4\/2022\/10\/EHiN-Awards-610x610-1-150x150.jpg 150w\" sizes=\"(max-width: 610px) 100vw, 610px\" \/>\t\t\t\t\t\t\t\t\t\t\t\t\t\t\t<\/div>\n\t\t\t\t<\/div>\n\t\t\t\t\t<\/div>\n\t\t<\/div>\n\t\t\t\t<div class=\"elementor-column elementor-col-50 elementor-inner-column elementor-element elementor-element-a9a3efd\" data-id=\"a9a3efd\" data-element_type=\"column\" data-e-type=\"column\">\n\t\t\t<div class=\"elementor-widget-wrap elementor-element-populated\">\n\t\t\t\t\t\t<div class=\"elementor-element elementor-element-6b7f58f8 elementor-widget elementor-widget-text-editor\" data-id=\"6b7f58f8\" data-element_type=\"widget\" data-e-type=\"widget\" data-widget_type=\"text-editor.default\">\n\t\t\t\t<div class=\"elementor-widget-container\">\n\t\t\t\t\t\t\t\t\t<p class=\"has-black-color has-text-color\">Jury har hver for seg gitt poeng til de 27 innsendte nominasjonene, og resultatet er fire finalister som har f\u00e5tt flest poeng. <br>Vi er veldig stolte av at v\u00e5r Bl\u00f8dpr\u00f8veapp som er utviklet i samarbeid med Sykehuset \u00d8stfold er blandt de topp fire!<\/p>\n<p class=\"has-black-color has-text-color\">Finalistene, i alfabetisk rekkef\u00f8lge:&nbsp;<\/p>\n<ul>\n<li>\u201cAppsens\u00b4 ECG247\u201d<\/li>\n<li><strong>\u201cBlodpr\u00f8veapp Sykehuset \u00d8stfold\u201d<\/strong><\/li>\n<li>\u201cFelleskatalogens og Helsebibliotekets bivirkningss\u00f8k\u201d<\/li>\n<li>\u201cNimble\u201d&nbsp;<\/li>\n<\/ul>\n<p class=\"has-black-color has-text-color\">\u00c5rets vinner av EHiN Awards blir kunngjort og feiret under middagen den 8. november p\u00e5 <a href=\"http:\/\/www.ehin.no\" target=\"_blank\" rel=\"noopener\">EHiN konferansen<\/a>.<\/p>\n<p>Takk til Sykehuset \u00d8stfold for ekstremt godt samarbeid til veien mot m\u00e5let om en digital l\u00f8sning som erstatter s\u00e5rbare manuelle rutiner.&nbsp;<\/p>\t\t\t\t\t\t\t\t<\/div>\n\t\t\t\t<\/div>\n\t\t\t\t\t<\/div>\n\t\t<\/div>\n\t\t\t\t\t<\/div>\n\t\t<\/section>\n\t\t\t\t\t<\/div>\n\t\t<\/div>\n\t\t\t\t\t<\/div>\n\t\t<\/section>\n\t\t\t\t<section class=\"elementor-section elementor-top-section elementor-element elementor-element-14995ac elementor-section-boxed elementor-section-height-default elementor-section-height-default\" data-id=\"14995ac\" data-element_type=\"section\" data-e-type=\"section\">\n\t\t\t\t\t\t<div class=\"elementor-container elementor-column-gap-default\">\n\t\t\t\t\t<div class=\"elementor-column elementor-col-50 elementor-top-column elementor-element elementor-element-49ca8608\" data-id=\"49ca8608\" data-element_type=\"column\" data-e-type=\"column\" data-settings=\"{&quot;background_background&quot;:&quot;classic&quot;}\">\n\t\t\t<div class=\"elementor-widget-wrap elementor-element-populated\">\n\t\t\t\t\t\t<div class=\"elementor-element elementor-element-1851860 elementor-widget elementor-widget-heading\" data-id=\"1851860\" data-element_type=\"widget\" data-e-type=\"widget\" data-widget_type=\"heading.default\">\n\t\t\t\t<div class=\"elementor-widget-container\">\n\t\t\t\t\t<h4 class=\"elementor-heading-title elementor-size-default\">Juryens begrunnelse:<\/h4>\t\t\t\t<\/div>\n\t\t\t\t<\/div>\n\t\t\t\t<div class=\"elementor-element elementor-element-023391c elementor-widget elementor-widget-text-editor\" data-id=\"023391c\" data-element_type=\"widget\" data-e-type=\"widget\" data-widget_type=\"text-editor.default\">\n\t\t\t\t<div class=\"elementor-widget-container\">\n\t\t\t\t\t\t\t\t\t<p>Enkel og pasientvennlig app som\u00a0sparer tid for helsepersonell. Positivt tiltak for pasientsikkerhet og begrenser b\u00e5de dobbeltarbeid og dobbelt belastning for pasient ved blodpr\u00f8vetaking.\u00a0 Er integrert med labratoriesystemet og den elektroniske pasientjournalen hvor bestillingen opprettes, og dette gir umiddelbar effekt knyttet til pasientsikkerhet og kvalitetssikring av arbeidsprosesser.<\/p>\t\t\t\t\t\t\t\t<\/div>\n\t\t\t\t<\/div>\n\t\t\t\t\t<\/div>\n\t\t<\/div>\n\t\t\t\t<div class=\"elementor-column elementor-col-50 elementor-top-column elementor-element elementor-element-21a483a\" data-id=\"21a483a\" data-element_type=\"column\" data-e-type=\"column\" data-settings=\"{&quot;background_background&quot;:&quot;classic&quot;}\">\n\t\t\t<div class=\"elementor-widget-wrap elementor-element-populated\">\n\t\t\t\t\t\t<div class=\"elementor-element elementor-element-2e7f6c65 elementor-widget elementor-widget-image\" data-id=\"2e7f6c65\" data-element_type=\"widget\" data-e-type=\"widget\" data-widget_type=\"image.default\">\n\t\t\t\t<div class=\"elementor-widget-container\">\n\t\t\t\t\t\t\t\t\t\t\t\t\t\t\t<img decoding=\"async\" width=\"328\" height=\"205\" src=\"https:\/\/dnvimatis.com\/se\/wp-content\/uploads\/sites\/4\/2022\/01\/Group-125.svg\" class=\"attachment-large size-large wp-image-237\" alt=\"\" \/>\t\t\t\t\t\t\t\t\t\t\t\t\t\t\t<\/div>\n\t\t\t\t<\/div>\n\t\t\t\t\t<\/div>\n\t\t<\/div>\n\t\t\t\t\t<\/div>\n\t\t<\/section>\n\t\t\t\t<section class=\"elementor-section elementor-top-section elementor-element elementor-element-18603b8 elementor-section-boxed elementor-section-height-default elementor-section-height-default\" data-id=\"18603b8\" data-element_type=\"section\" data-e-type=\"section\">\n\t\t\t\t\t\t<div class=\"elementor-container elementor-column-gap-default\">\n\t\t\t\t\t<div class=\"elementor-column elementor-col-100 elementor-top-column elementor-element elementor-element-c21251f\" data-id=\"c21251f\" data-element_type=\"column\" data-e-type=\"column\">\n\t\t\t<div class=\"elementor-widget-wrap elementor-element-populated\">\n\t\t\t\t\t\t<div class=\"elementor-element elementor-element-b3a96e9 elementor-widget elementor-widget-spacer\" data-id=\"b3a96e9\" data-element_type=\"widget\" data-e-type=\"widget\" data-widget_type=\"spacer.default\">\n\t\t\t\t<div class=\"elementor-widget-container\">\n\t\t\t\t\t\t\t<div class=\"elementor-spacer\">\n\t\t\t<div class=\"elementor-spacer-inner\"><\/div>\n\t\t<\/div>\n\t\t\t\t\t\t<\/div>\n\t\t\t\t<\/div>\n\t\t\t\t<div class=\"elementor-element elementor-element-4c48c02 elementor-widget elementor-widget-spacer\" data-id=\"4c48c02\" data-element_type=\"widget\" data-e-type=\"widget\" data-widget_type=\"spacer.default\">\n\t\t\t\t<div class=\"elementor-widget-container\">\n\t\t\t\t\t\t\t<div class=\"elementor-spacer\">\n\t\t\t<div class=\"elementor-spacer-inner\"><\/div>\n\t\t<\/div>\n\t\t\t\t\t\t<\/div>\n\t\t\t\t<\/div>\n\t\t\t\t<div class=\"elementor-element elementor-element-b03166e elementor-widget elementor-widget-spacer\" data-id=\"b03166e\" data-element_type=\"widget\" data-e-type=\"widget\" data-widget_type=\"spacer.default\">\n\t\t\t\t<div class=\"elementor-widget-container\">\n\t\t\t\t\t\t\t<div class=\"elementor-spacer\">\n\t\t\t<div class=\"elementor-spacer-inner\"><\/div>\n\t\t<\/div>\n\t\t\t\t\t\t<\/div>\n\t\t\t\t<\/div>\n\t\t\t\t\t<\/div>\n\t\t<\/div>\n\t\t\t\t\t<\/div>\n\t\t<\/section>\n\t\t\t\t<\/div>\n\t\t","protected":false},"excerpt":{"rendered":"<p>EHiN Awards 2022 har av 27 nominerte prosjekter utpekt Blodpr\u00f8veappen utviklet i samarbeid med Sykehuset \u00d8stfold som en av finalistene! Publisert 27.10.2022 kl 19:24 EHiN p\u00e5peker at m\u00e5let med EHiN Awards er \u00e5 rette s\u00f8kelyset p\u00e5 viktig arbeid innen e-helsefeltet og verdsette arbeidet som gj\u00f8res ulike steder i Norge. Jury har hver for seg gitt [&hellip;]<\/p>\n","protected":false},"author":2,"featured_media":5710,"parent":423,"menu_order":0,"comment_status":"closed","ping_status":"closed","template":"elementor_header_footer","meta":{"_acf_changed":false,"_mo_disable_npp":"","footnotes":""},"class_list":["post-5709","page","type-page","status-publish","has-post-thumbnail","hentry"],"acf":[],"yoast_head":"<!-- This site is optimized with the Yoast SEO Premium plugin v23.9 (Yoast SEO v27.4) - https:\/\/yoast.com\/product\/yoast-seo-premium-wordpress\/ -->\n<title>EHiN Awards - Blodpr\u00f8veapp nominert<\/title>\n<meta name=\"description\" content=\"EHiN Awards 2022 har av 27 nominerte prosjekter utpekt Blodp\u00f8rveppen utviklet i samarbeid med Sykehuset \u00d8stfold som en av finalistene!\" \/>\n<meta name=\"robots\" content=\"index, follow, max-snippet:-1, max-image-preview:large, max-video-preview:-1\" \/>\n<link rel=\"canonical\" href=\"https:\/\/dnvimatis.com\/se\/aktuelt\/nyheter\/ehin-awards\/\" \/>\n<meta property=\"og:locale\" content=\"sv_SE\" \/>\n<meta property=\"og:type\" content=\"article\" \/>\n<meta property=\"og:title\" content=\"EHiN Awards\" \/>\n<meta property=\"og:description\" content=\"EHiN Awards 2022 har av 27 nominerte prosjekter utpekt Blodp\u00f8rveppen utviklet i samarbeid med Sykehuset \u00d8stfold som en av finalistene!\" \/>\n<meta property=\"og:url\" content=\"https:\/\/dnvimatis.com\/se\/aktuelt\/nyheter\/ehin-awards\/\" \/>\n<meta property=\"og:site_name\" content=\"DNV Imatis.se\" \/>\n<meta property=\"article:modified_time\" content=\"2022-10-28T05:06:44+00:00\" \/>\n<meta property=\"og:image\" content=\"https:\/\/dnvimatis.com\/se\/wp-content\/uploads\/sites\/4\/2022\/10\/front-EHiN-awards-nominasjon.jpg\" \/>\n\t<meta property=\"og:image:width\" content=\"2048\" \/>\n\t<meta property=\"og:image:height\" content=\"1152\" \/>\n\t<meta property=\"og:image:type\" content=\"image\/jpeg\" \/>\n<meta name=\"twitter:card\" content=\"summary_large_image\" \/>\n<meta name=\"twitter:label1\" content=\"Ber\u00e4knad l\u00e4stid\" \/>\n\t<meta name=\"twitter:data1\" content=\"2 minuter\" \/>\n<script type=\"application\/ld+json\" class=\"yoast-schema-graph\">{\"@context\":\"https:\\\/\\\/schema.org\",\"@graph\":[{\"@type\":\"WebPage\",\"@id\":\"https:\\\/\\\/dnvimatis.com\\\/se\\\/aktuelt\\\/nyheter\\\/ehin-awards\\\/\",\"url\":\"https:\\\/\\\/dnvimatis.com\\\/se\\\/aktuelt\\\/nyheter\\\/ehin-awards\\\/\",\"name\":\"EHiN Awards - Blodpr\u00f8veapp nominert\",\"isPartOf\":{\"@id\":\"https:\\\/\\\/dnvimatis.com\\\/se\\\/#website\"},\"primaryImageOfPage\":{\"@id\":\"https:\\\/\\\/dnvimatis.com\\\/se\\\/aktuelt\\\/nyheter\\\/ehin-awards\\\/#primaryimage\"},\"image\":{\"@id\":\"https:\\\/\\\/dnvimatis.com\\\/se\\\/aktuelt\\\/nyheter\\\/ehin-awards\\\/#primaryimage\"},\"thumbnailUrl\":\"https:\\\/\\\/dnvimatis.com\\\/se\\\/wp-content\\\/uploads\\\/sites\\\/4\\\/2022\\\/10\\\/front-EHiN-awards-nominasjon.jpg\",\"datePublished\":\"2022-10-27T17:23:04+00:00\",\"dateModified\":\"2022-10-28T05:06:44+00:00\",\"description\":\"EHiN Awards 2022 har av 27 nominerte prosjekter utpekt Blodp\u00f8rveppen utviklet i samarbeid med Sykehuset \u00d8stfold som en av finalistene!\",\"breadcrumb\":{\"@id\":\"https:\\\/\\\/dnvimatis.com\\\/se\\\/aktuelt\\\/nyheter\\\/ehin-awards\\\/#breadcrumb\"},\"inLanguage\":\"sv-SE\",\"potentialAction\":[{\"@type\":\"ReadAction\",\"target\":[\"https:\\\/\\\/dnvimatis.com\\\/se\\\/aktuelt\\\/nyheter\\\/ehin-awards\\\/\"]}]},{\"@type\":\"ImageObject\",\"inLanguage\":\"sv-SE\",\"@id\":\"https:\\\/\\\/dnvimatis.com\\\/se\\\/aktuelt\\\/nyheter\\\/ehin-awards\\\/#primaryimage\",\"url\":\"https:\\\/\\\/dnvimatis.com\\\/se\\\/wp-content\\\/uploads\\\/sites\\\/4\\\/2022\\\/10\\\/front-EHiN-awards-nominasjon.jpg\",\"contentUrl\":\"https:\\\/\\\/dnvimatis.com\\\/se\\\/wp-content\\\/uploads\\\/sites\\\/4\\\/2022\\\/10\\\/front-EHiN-awards-nominasjon.jpg\",\"width\":2048,\"height\":1152,\"caption\":\"EHiN Awards 2022\"},{\"@type\":\"BreadcrumbList\",\"@id\":\"https:\\\/\\\/dnvimatis.com\\\/se\\\/aktuelt\\\/nyheter\\\/ehin-awards\\\/#breadcrumb\",\"itemListElement\":[{\"@type\":\"ListItem\",\"position\":1,\"name\":\"Home\",\"item\":\"https:\\\/\\\/dnvimatis.com\\\/se\\\/\"},{\"@type\":\"ListItem\",\"position\":2,\"name\":\"Aktuelt\",\"item\":\"https:\\\/\\\/dnvimatis.com\\\/se\\\/aktuelt\\\/\"},{\"@type\":\"ListItem\",\"position\":3,\"name\":\"Nyheter\",\"item\":\"https:\\\/\\\/dnvimatis.com\\\/se\\\/aktuelt\\\/nyheter\\\/\"},{\"@type\":\"ListItem\",\"position\":4,\"name\":\"EHiN Awards\"}]},{\"@type\":\"WebSite\",\"@id\":\"https:\\\/\\\/dnvimatis.com\\\/se\\\/#website\",\"url\":\"https:\\\/\\\/dnvimatis.com\\\/se\\\/\",\"name\":\"DNV Imatis.se\",\"description\":\"A game changer in healthcare solutions\",\"publisher\":{\"@id\":\"https:\\\/\\\/dnvimatis.com\\\/se\\\/#organization\"},\"potentialAction\":[{\"@type\":\"SearchAction\",\"target\":{\"@type\":\"EntryPoint\",\"urlTemplate\":\"https:\\\/\\\/dnvimatis.com\\\/se\\\/?s={search_term_string}\"},\"query-input\":{\"@type\":\"PropertyValueSpecification\",\"valueRequired\":true,\"valueName\":\"search_term_string\"}}],\"inLanguage\":\"sv-SE\"},{\"@type\":\"Organization\",\"@id\":\"https:\\\/\\\/dnvimatis.com\\\/se\\\/#organization\",\"name\":\"DNV Imatis.se\",\"url\":\"https:\\\/\\\/dnvimatis.com\\\/se\\\/\",\"logo\":{\"@type\":\"ImageObject\",\"inLanguage\":\"sv-SE\",\"@id\":\"https:\\\/\\\/dnvimatis.com\\\/se\\\/#\\\/schema\\\/logo\\\/image\\\/\",\"url\":\"https:\\\/\\\/dnvimatis.com\\\/se\\\/wp-content\\\/uploads\\\/sites\\\/4\\\/2022\\\/02\\\/DNV-Imatis-logo_color-white_RGB.svg\",\"contentUrl\":\"https:\\\/\\\/dnvimatis.com\\\/se\\\/wp-content\\\/uploads\\\/sites\\\/4\\\/2022\\\/02\\\/DNV-Imatis-logo_color-white_RGB.svg\",\"width\":680,\"height\":100,\"caption\":\"DNV Imatis.se\"},\"image\":{\"@id\":\"https:\\\/\\\/dnvimatis.com\\\/se\\\/#\\\/schema\\\/logo\\\/image\\\/\"}}]}<\/script>\n<!-- \/ Yoast SEO Premium plugin. -->","yoast_head_json":{"title":"EHiN Awards - Blodpr\u00f8veapp nominert","description":"EHiN Awards 2022 har av 27 nominerte prosjekter utpekt Blodp\u00f8rveppen utviklet i samarbeid med Sykehuset \u00d8stfold som en av finalistene!","robots":{"index":"index","follow":"follow","max-snippet":"max-snippet:-1","max-image-preview":"max-image-preview:large","max-video-preview":"max-video-preview:-1"},"canonical":"https:\/\/dnvimatis.com\/se\/aktuelt\/nyheter\/ehin-awards\/","og_locale":"sv_SE","og_type":"article","og_title":"EHiN Awards","og_description":"EHiN Awards 2022 har av 27 nominerte prosjekter utpekt Blodp\u00f8rveppen utviklet i samarbeid med Sykehuset \u00d8stfold som en av finalistene!","og_url":"https:\/\/dnvimatis.com\/se\/aktuelt\/nyheter\/ehin-awards\/","og_site_name":"DNV Imatis.se","article_modified_time":"2022-10-28T05:06:44+00:00","og_image":[{"width":2048,"height":1152,"url":"https:\/\/dnvimatis.com\/se\/wp-content\/uploads\/sites\/4\/2022\/10\/front-EHiN-awards-nominasjon.jpg","type":"image\/jpeg"}],"twitter_card":"summary_large_image","twitter_misc":{"Ber\u00e4knad l\u00e4stid":"2 minuter"},"schema":{"@context":"https:\/\/schema.org","@graph":[{"@type":"WebPage","@id":"https:\/\/dnvimatis.com\/se\/aktuelt\/nyheter\/ehin-awards\/","url":"https:\/\/dnvimatis.com\/se\/aktuelt\/nyheter\/ehin-awards\/","name":"EHiN Awards - Blodpr\u00f8veapp nominert","isPartOf":{"@id":"https:\/\/dnvimatis.com\/se\/#website"},"primaryImageOfPage":{"@id":"https:\/\/dnvimatis.com\/se\/aktuelt\/nyheter\/ehin-awards\/#primaryimage"},"image":{"@id":"https:\/\/dnvimatis.com\/se\/aktuelt\/nyheter\/ehin-awards\/#primaryimage"},"thumbnailUrl":"https:\/\/dnvimatis.com\/se\/wp-content\/uploads\/sites\/4\/2022\/10\/front-EHiN-awards-nominasjon.jpg","datePublished":"2022-10-27T17:23:04+00:00","dateModified":"2022-10-28T05:06:44+00:00","description":"EHiN Awards 2022 har av 27 nominerte prosjekter utpekt Blodp\u00f8rveppen utviklet i samarbeid med Sykehuset \u00d8stfold som en av finalistene!","breadcrumb":{"@id":"https:\/\/dnvimatis.com\/se\/aktuelt\/nyheter\/ehin-awards\/#breadcrumb"},"inLanguage":"sv-SE","potentialAction":[{"@type":"ReadAction","target":["https:\/\/dnvimatis.com\/se\/aktuelt\/nyheter\/ehin-awards\/"]}]},{"@type":"ImageObject","inLanguage":"sv-SE","@id":"https:\/\/dnvimatis.com\/se\/aktuelt\/nyheter\/ehin-awards\/#primaryimage","url":"https:\/\/dnvimatis.com\/se\/wp-content\/uploads\/sites\/4\/2022\/10\/front-EHiN-awards-nominasjon.jpg","contentUrl":"https:\/\/dnvimatis.com\/se\/wp-content\/uploads\/sites\/4\/2022\/10\/front-EHiN-awards-nominasjon.jpg","width":2048,"height":1152,"caption":"EHiN Awards 2022"},{"@type":"BreadcrumbList","@id":"https:\/\/dnvimatis.com\/se\/aktuelt\/nyheter\/ehin-awards\/#breadcrumb","itemListElement":[{"@type":"ListItem","position":1,"name":"Home","item":"https:\/\/dnvimatis.com\/se\/"},{"@type":"ListItem","position":2,"name":"Aktuelt","item":"https:\/\/dnvimatis.com\/se\/aktuelt\/"},{"@type":"ListItem","position":3,"name":"Nyheter","item":"https:\/\/dnvimatis.com\/se\/aktuelt\/nyheter\/"},{"@type":"ListItem","position":4,"name":"EHiN Awards"}]},{"@type":"WebSite","@id":"https:\/\/dnvimatis.com\/se\/#website","url":"https:\/\/dnvimatis.com\/se\/","name":"DNV Imatis.se","description":"A game changer in healthcare solutions","publisher":{"@id":"https:\/\/dnvimatis.com\/se\/#organization"},"potentialAction":[{"@type":"SearchAction","target":{"@type":"EntryPoint","urlTemplate":"https:\/\/dnvimatis.com\/se\/?s={search_term_string}"},"query-input":{"@type":"PropertyValueSpecification","valueRequired":true,"valueName":"search_term_string"}}],"inLanguage":"sv-SE"},{"@type":"Organization","@id":"https:\/\/dnvimatis.com\/se\/#organization","name":"DNV Imatis.se","url":"https:\/\/dnvimatis.com\/se\/","logo":{"@type":"ImageObject","inLanguage":"sv-SE","@id":"https:\/\/dnvimatis.com\/se\/#\/schema\/logo\/image\/","url":"https:\/\/dnvimatis.com\/se\/wp-content\/uploads\/sites\/4\/2022\/02\/DNV-Imatis-logo_color-white_RGB.svg","contentUrl":"https:\/\/dnvimatis.com\/se\/wp-content\/uploads\/sites\/4\/2022\/02\/DNV-Imatis-logo_color-white_RGB.svg","width":680,"height":100,"caption":"DNV Imatis.se"},"image":{"@id":"https:\/\/dnvimatis.com\/se\/#\/schema\/logo\/image\/"}}]}},"publishpress_future_action":{"enabled":false,"date":"2026-05-09 09:13:34","action":"change-status","newStatus":"draft","terms":[],"taxonomy":"","extraData":[]},"publishpress_future_workflow_manual_trigger":{"enabledWorkflows":[]},"_links":{"self":[{"href":"https:\/\/dnvimatis.com\/se\/wp-json\/wp\/v2\/pages\/5709","targetHints":{"allow":["GET"]}}],"collection":[{"href":"https:\/\/dnvimatis.com\/se\/wp-json\/wp\/v2\/pages"}],"about":[{"href":"https:\/\/dnvimatis.com\/se\/wp-json\/wp\/v2\/types\/page"}],"author":[{"embeddable":true,"href":"https:\/\/dnvimatis.com\/se\/wp-json\/wp\/v2\/users\/2"}],"replies":[{"embeddable":true,"href":"https:\/\/dnvimatis.com\/se\/wp-json\/wp\/v2\/comments?post=5709"}],"version-history":[{"count":16,"href":"https:\/\/dnvimatis.com\/se\/wp-json\/wp\/v2\/pages\/5709\/revisions"}],"predecessor-version":[{"id":5748,"href":"https:\/\/dnvimatis.com\/se\/wp-json\/wp\/v2\/pages\/5709\/revisions\/5748"}],"up":[{"embeddable":true,"href":"https:\/\/dnvimatis.com\/se\/wp-json\/wp\/v2\/pages\/423"}],"wp:featuredmedia":[{"embeddable":true,"href":"https:\/\/dnvimatis.com\/se\/wp-json\/wp\/v2\/media\/5710"}],"wp:attachment":[{"href":"https:\/\/dnvimatis.com\/se\/wp-json\/wp\/v2\/media?parent=5709"}],"curies":[{"name":"wp","href":"https:\/\/api.w.org\/{rel}","templated":true}]}}