{"id":5549,"date":"2022-09-26T19:43:09","date_gmt":"2022-09-26T19:43:09","guid":{"rendered":"https:\/\/dnvimatis.com\/se\/?page_id=5549"},"modified":"2022-09-28T07:39:09","modified_gmt":"2022-09-28T07:39:09","slug":"mot-oss-pa-ehin","status":"publish","type":"page","link":"https:\/\/dnvimatis.com\/se\/aktuelt\/eventer\/mot-oss-pa-ehin\/","title":{"rendered":"M\u00f8t oss p\u00e5 EHiN"},"content":{"rendered":"\t\t<div data-elementor-type=\"wp-page\" data-elementor-id=\"5549\" class=\"elementor elementor-5549\" data-elementor-post-type=\"page\">\n\t\t\t\t\t\t<section class=\"elementor-section elementor-top-section elementor-element elementor-element-5d840c49 elementor-section-height-min-height elementor-section-boxed elementor-section-height-default elementor-section-items-middle\" data-id=\"5d840c49\" data-element_type=\"section\" data-e-type=\"section\">\n\t\t\t\t\t\t<div class=\"elementor-container elementor-column-gap-wider\">\n\t\t\t\t\t<div class=\"elementor-column elementor-col-100 elementor-top-column elementor-element elementor-element-7e264d98\" data-id=\"7e264d98\" data-element_type=\"column\" data-e-type=\"column\">\n\t\t\t<div class=\"elementor-widget-wrap elementor-element-populated\">\n\t\t\t\t\t\t<div class=\"elementor-element elementor-element-15f637c6 elementor-widget elementor-widget-heading\" data-id=\"15f637c6\" data-element_type=\"widget\" data-e-type=\"widget\" data-widget_type=\"heading.default\">\n\t\t\t\t<div class=\"elementor-widget-container\">\n\t\t\t\t\t<h4 class=\"elementor-heading-title elementor-size-default\">Har du sp\u00f8rsm\u00e5l til v\u00e5re l\u00f8sninger eller hvordan vi kan hjelpe med \u00e5 forbedre samhandling og arbeidsflyt? Lurer du p\u00e5 hvordan hverdagen kunne sett ut hvis den var mobil -og ikke stasjon\u00e6r? \u00d8nsker du \u00e5 h\u00f8re hvilke grep andre sykehus eller kommuner har tatt og p\u00e5 hvilken m\u00e5te hverdagen har gitt dem bedre oversikt og mindre stress? Har du kanskje bare lyst til \u00e5 sl\u00e5 av en prat?<\/h4>\t\t\t\t<\/div>\n\t\t\t\t<\/div>\n\t\t\t\t<div class=\"elementor-element elementor-element-3120a94 elementor-widget elementor-widget-text-editor\" data-id=\"3120a94\" data-element_type=\"widget\" data-e-type=\"widget\" data-widget_type=\"text-editor.default\">\n\t\t\t\t<div class=\"elementor-widget-container\">\n\t\t\t\t\t\t\t\t\t<p>M\u00f8t oss p\u00e5 EHiN 8-9. november! <a href=\"http:\/\/www.ehin.no\" target=\"_blank\" rel=\"noopener\">ehin.no<\/a><\/p>\t\t\t\t\t\t\t\t<\/div>\n\t\t\t\t<\/div>\n\t\t\t\t\t<\/div>\n\t\t<\/div>\n\t\t\t\t\t<\/div>\n\t\t<\/section>\n\t\t\t\t<section class=\"elementor-section elementor-top-section elementor-element elementor-element-53bde682 elementor-section-boxed elementor-section-height-default elementor-section-height-default\" data-id=\"53bde682\" data-element_type=\"section\" data-e-type=\"section\" data-settings=\"{&quot;background_background&quot;:&quot;classic&quot;}\">\n\t\t\t\t\t\t<div class=\"elementor-container elementor-column-gap-wider\">\n\t\t\t\t\t<div class=\"elementor-column elementor-col-50 elementor-top-column elementor-element elementor-element-60fa5a11\" data-id=\"60fa5a11\" data-element_type=\"column\" data-e-type=\"column\">\n\t\t\t<div class=\"elementor-widget-wrap elementor-element-populated\">\n\t\t\t\t\t\t<div class=\"elementor-element elementor-element-f9c747e elementor-widget elementor-widget-heading\" data-id=\"f9c747e\" data-element_type=\"widget\" data-e-type=\"widget\" data-widget_type=\"heading.default\">\n\t\t\t\t<div class=\"elementor-widget-container\">\n\t\t\t\t\t<h3 class=\"elementor-heading-title elementor-size-default\">Book et m\u00f8te med oss p\u00e5 EHiN <\/h3>\t\t\t\t<\/div>\n\t\t\t\t<\/div>\n\t\t\t\t<div class=\"elementor-element elementor-element-ed880a0 elementor-widget elementor-widget-heading\" data-id=\"ed880a0\" data-element_type=\"widget\" data-e-type=\"widget\" data-widget_type=\"heading.default\">\n\t\t\t\t<div class=\"elementor-widget-container\">\n\t\t\t\t\t<h3 class=\"elementor-heading-title elementor-size-default\">- vi gleder oss til \u00e5 treffe deg!\u200b<\/h3>\t\t\t\t<\/div>\n\t\t\t\t<\/div>\n\t\t\t\t<div class=\"elementor-element elementor-element-e6bb0fb elementor-button-align-stretch elementor-widget elementor-widget-form\" data-id=\"e6bb0fb\" data-element_type=\"widget\" data-e-type=\"widget\" data-settings=\"{&quot;button_width&quot;:&quot;30&quot;,&quot;step_next_label&quot;:&quot;Next&quot;,&quot;step_previous_label&quot;:&quot;Previous&quot;,&quot;step_type&quot;:&quot;number_text&quot;,&quot;step_icon_shape&quot;:&quot;circle&quot;}\" data-widget_type=\"form.default\">\n\t\t\t\t<div class=\"elementor-widget-container\">\n\t\t\t\t\t\t\t<form class=\"elementor-form\" method=\"post\" name=\"M\u00f8tebooking EHiN\" aria-label=\"M\u00f8tebooking EHiN\">\n\t\t\t<input type=\"hidden\" name=\"post_id\" value=\"5549\"\/>\n\t\t\t<input type=\"hidden\" name=\"form_id\" value=\"e6bb0fb\"\/>\n\t\t\t<input type=\"hidden\" name=\"referer_title\" value=\"M\u00f8t oss p\u00e5 EHiN - DNV Imatis.se\" \/>\n\n\t\t\t\t\t\t\t<input type=\"hidden\" name=\"queried_id\" value=\"5549\"\/>\n\t\t\t\n\t\t\t<div class=\"elementor-form-fields-wrapper elementor-labels-above\">\n\t\t\t\t\t\t\t\t<div class=\"elementor-field-type-text elementor-field-group elementor-column elementor-field-group-name elementor-col-100 elementor-field-required\">\n\t\t\t\t\t\t\t\t\t\t\t\t<label for=\"form-field-name\" class=\"elementor-field-label\">\n\t\t\t\t\t\t\t\tNavn\t\t\t\t\t\t\t<\/label>\n\t\t\t\t\t\t\t\t\t\t\t\t\t\t<input size=\"1\" type=\"text\" name=\"form_fields[name]\" id=\"form-field-name\" class=\"elementor-field elementor-size-sm  elementor-field-textual\" placeholder=\"Navn\" required=\"required\">\n\t\t\t\t\t\t\t\t\t\t\t<\/div>\n\t\t\t\t\t\t\t\t<div class=\"elementor-field-type-email elementor-field-group elementor-column elementor-field-group-email elementor-col-100 elementor-field-required\">\n\t\t\t\t\t\t\t\t\t\t\t\t<label for=\"form-field-email\" class=\"elementor-field-label\">\n\t\t\t\t\t\t\t\tE-post\t\t\t\t\t\t\t<\/label>\n\t\t\t\t\t\t\t\t\t\t\t\t\t\t<input size=\"1\" type=\"email\" name=\"form_fields[email]\" id=\"form-field-email\" class=\"elementor-field elementor-size-sm  elementor-field-textual\" placeholder=\"E-post\" required=\"required\">\n\t\t\t\t\t\t\t\t\t\t\t<\/div>\n\t\t\t\t\t\t\t\t<div class=\"elementor-field-type-text elementor-field-group elementor-column elementor-field-group-field_8ccd297 elementor-col-100 elementor-field-required\">\n\t\t\t\t\t\t\t\t\t\t\t\t<label for=\"form-field-field_8ccd297\" class=\"elementor-field-label\">\n\t\t\t\t\t\t\t\tOrganisasjon \/ firma\t\t\t\t\t\t\t<\/label>\n\t\t\t\t\t\t\t\t\t\t\t\t\t\t<input size=\"1\" type=\"text\" name=\"form_fields[field_8ccd297]\" id=\"form-field-field_8ccd297\" class=\"elementor-field elementor-size-sm  elementor-field-textual\" placeholder=\"Organisasjon \/ firma\" required=\"required\">\n\t\t\t\t\t\t\t\t\t\t\t<\/div>\n\t\t\t\t\t\t\t\t<div class=\"elementor-field-type-select elementor-field-group elementor-column elementor-field-group-field_03d4c5f elementor-col-100 elementor-field-required\">\n\t\t\t\t\t\t\t\t\t\t\t\t<label for=\"form-field-field_03d4c5f\" class=\"elementor-field-label\">\n\t\t\t\t\t\t\t\tVelg arbeidsomr\u00e5de\t\t\t\t\t\t\t<\/label>\n\t\t\t\t\t\t\t\t<div class=\"elementor-field elementor-select-wrapper remove-before \">\n\t\t\t<div class=\"select-caret-down-wrapper\">\n\t\t\t\t<i aria-hidden=\"true\" class=\"eicon-caret-down\"><\/i>\t\t\t<\/div>\n\t\t\t<select name=\"form_fields[field_03d4c5f]\" id=\"form-field-field_03d4c5f\" class=\"elementor-field-textual elementor-size-sm\" required=\"required\">\n\t\t\t\t\t\t\t\t\t<option value=\"--Arbeidsomr\u00e5de--\">--Arbeidsomr\u00e5de--<\/option>\n\t\t\t\t\t\t\t\t\t<option value=\"Avdelingsleder\">Avdelingsleder<\/option>\n\t\t\t\t\t\t\t\t\t<option value=\"Direkt\u00f8r\">Direkt\u00f8r<\/option>\n\t\t\t\t\t\t\t\t\t<option value=\"Forsker\">Forsker<\/option>\n\t\t\t\t\t\t\t\t\t<option value=\"IT-administrator\">IT-administrator<\/option>\n\t\t\t\t\t\t\t\t\t<option value=\"Leder offentlig helseforetak\">Leder offentlig helseforetak<\/option>\n\t\t\t\t\t\t\t\t\t<option value=\"Leder privat helseforetak\">Leder privat helseforetak<\/option>\n\t\t\t\t\t\t\t\t\t<option value=\"Lege\">Lege<\/option>\n\t\t\t\t\t\t\t\t\t<option value=\"Sykepleier\">Sykepleier<\/option>\n\t\t\t\t\t\t\t\t\t<option value=\"Kommunehelsetjeneste\">Kommunehelsetjeneste<\/option>\n\t\t\t\t\t\t\t\t\t<option value=\"Annet\">Annet<\/option>\n\t\t\t\t\t\t\t<\/select>\n\t\t<\/div>\n\t\t\t\t\t\t<\/div>\n\t\t\t\t\t\t\t\t<div class=\"elementor-field-type-date elementor-field-group elementor-column elementor-field-group-field_ba4c686 elementor-col-100\">\n\t\t\t\t\t\t\t\t\t\t\t\t<label for=\"form-field-field_ba4c686\" class=\"elementor-field-label\">\n\t\t\t\t\t\t\t\tForetrukken dag\t\t\t\t\t\t\t<\/label>\n\t\t\t\t\t\t\n\t\t<input type=\"date\" name=\"form_fields[field_ba4c686]\" id=\"form-field-field_ba4c686\" class=\"elementor-field elementor-size-sm  elementor-field-textual elementor-date-field\" placeholder=\"Foretrukken dag\" pattern=\"[0-9]{4}-[0-9]{2}-[0-9]{2}\" min=\"2022-11-08\" max=\"2022-11-09\">\n\t\t\t\t\t\t<\/div>\n\t\t\t\t\t\t\t\t<div class=\"elementor-field-type-textarea elementor-field-group elementor-column elementor-field-group-message elementor-col-100\">\n\t\t\t\t\t\t\t\t\t\t\t\t<label for=\"form-field-message\" class=\"elementor-field-label\">\n\t\t\t\t\t\t\t\tEvt kommentar\t\t\t\t\t\t\t<\/label>\n\t\t\t\t\t\t<textarea class=\"elementor-field-textual elementor-field  elementor-size-sm\" name=\"form_fields[message]\" id=\"form-field-message\" rows=\"4\" placeholder=\"Evt kommentar\/beskjed\"><\/textarea>\t\t\t\t<\/div>\n\t\t\t\t\t\t\t\t<div class=\"elementor-field-group elementor-column elementor-field-type-submit elementor-col-30 e-form__buttons\">\n\t\t\t\t\t<button class=\"elementor-button elementor-size-sm\" type=\"submit\">\n\t\t\t\t\t\t<span class=\"elementor-button-content-wrapper\">\n\t\t\t\t\t\t\t\t\t\t\t\t\t\t\t\t\t\t\t\t\t\t<span class=\"elementor-button-text\">Send<\/span>\n\t\t\t\t\t\t\t\t\t\t\t\t\t<\/span>\n\t\t\t\t\t<\/button>\n\t\t\t\t<\/div>\n\t\t\t<\/div>\n\t\t<\/form>\n\t\t\t\t\t\t<\/div>\n\t\t\t\t<\/div>\n\t\t\t\t\t<\/div>\n\t\t<\/div>\n\t\t\t\t<div class=\"elementor-column elementor-col-50 elementor-top-column elementor-element elementor-element-1ca430c4\" data-id=\"1ca430c4\" data-element_type=\"column\" data-e-type=\"column\">\n\t\t\t<div class=\"elementor-widget-wrap\">\n\t\t\t\t\t\t\t<\/div>\n\t\t<\/div>\n\t\t\t\t\t<\/div>\n\t\t<\/section>\n\t\t\t\t<\/div>\n\t\t","protected":false},"excerpt":{"rendered":"<p>Har du sp\u00f8rsm\u00e5l til v\u00e5re l\u00f8sninger eller hvordan vi kan hjelpe med \u00e5 forbedre samhandling og arbeidsflyt? Lurer du p\u00e5 hvordan hverdagen kunne sett ut hvis den var mobil -og ikke stasjon\u00e6r? \u00d8nsker du \u00e5 h\u00f8re hvilke grep andre sykehus eller kommuner har tatt og p\u00e5 hvilken m\u00e5te hverdagen har gitt dem bedre oversikt og [&hellip;]<\/p>\n","protected":false},"author":2,"featured_media":5550,"parent":425,"menu_order":0,"comment_status":"closed","ping_status":"closed","template":"elementor_header_footer","meta":{"_acf_changed":false,"_mo_disable_npp":"","footnotes":""},"class_list":["post-5549","page","type-page","status-publish","has-post-thumbnail","hentry"],"acf":[],"yoast_head":"<!-- This site is optimized with the Yoast SEO Premium plugin v23.9 (Yoast SEO v27.4) - https:\/\/yoast.com\/product\/yoast-seo-premium-wordpress\/ -->\n<title>M\u00f8t oss p\u00e5 EHiN - DNV Imatis.se<\/title>\n<meta name=\"description\" content=\"M\u00f8t oss p\u00e5 EHiN 8-9. november 2022. Du kan allerede n\u00e5 booke m\u00f8te med oss p\u00e5 stand. Du finner oss i hall 2 p\u00e5 X Meeting Point.\" \/>\n<meta name=\"robots\" content=\"index, follow, max-snippet:-1, max-image-preview:large, max-video-preview:-1\" \/>\n<link rel=\"canonical\" href=\"https:\/\/dnvimatis.com\/se\/aktuelt\/eventer\/mot-oss-pa-ehin\/\" \/>\n<meta property=\"og:locale\" content=\"sv_SE\" \/>\n<meta property=\"og:type\" content=\"article\" \/>\n<meta property=\"og:title\" content=\"M\u00f8t oss p\u00e5 EHiN\" \/>\n<meta property=\"og:description\" content=\"M\u00f8t oss p\u00e5 EHiN 8-9. november 2022. Du kan allerede n\u00e5 booke m\u00f8te med oss p\u00e5 stand. Du finner oss i hall 2 p\u00e5 X Meeting Point.\" \/>\n<meta property=\"og:url\" content=\"https:\/\/dnvimatis.com\/se\/aktuelt\/eventer\/mot-oss-pa-ehin\/\" \/>\n<meta property=\"og:site_name\" content=\"DNV Imatis.se\" \/>\n<meta property=\"article:modified_time\" content=\"2022-09-28T07:39:09+00:00\" \/>\n<meta property=\"og:image\" content=\"https:\/\/dnvimatis.com\/se\/wp-content\/uploads\/sites\/4\/2022\/09\/EHiN-Partnerdag_Page_01-scaled.jpg\" \/>\n\t<meta property=\"og:image:width\" content=\"2560\" \/>\n\t<meta property=\"og:image:height\" content=\"1440\" \/>\n\t<meta property=\"og:image:type\" content=\"image\/jpeg\" \/>\n<meta name=\"twitter:card\" content=\"summary_large_image\" \/>\n<meta name=\"twitter:label1\" content=\"Ber\u00e4knad l\u00e4stid\" \/>\n\t<meta name=\"twitter:data1\" content=\"1 minut\" \/>\n<script type=\"application\/ld+json\" class=\"yoast-schema-graph\">{\"@context\":\"https:\\\/\\\/schema.org\",\"@graph\":[{\"@type\":\"WebPage\",\"@id\":\"https:\\\/\\\/dnvimatis.com\\\/se\\\/aktuelt\\\/eventer\\\/mot-oss-pa-ehin\\\/\",\"url\":\"https:\\\/\\\/dnvimatis.com\\\/se\\\/aktuelt\\\/eventer\\\/mot-oss-pa-ehin\\\/\",\"name\":\"M\u00f8t oss p\u00e5 EHiN - DNV Imatis.se\",\"isPartOf\":{\"@id\":\"https:\\\/\\\/dnvimatis.com\\\/se\\\/#website\"},\"primaryImageOfPage\":{\"@id\":\"https:\\\/\\\/dnvimatis.com\\\/se\\\/aktuelt\\\/eventer\\\/mot-oss-pa-ehin\\\/#primaryimage\"},\"image\":{\"@id\":\"https:\\\/\\\/dnvimatis.com\\\/se\\\/aktuelt\\\/eventer\\\/mot-oss-pa-ehin\\\/#primaryimage\"},\"thumbnailUrl\":\"https:\\\/\\\/dnvimatis.com\\\/se\\\/wp-content\\\/uploads\\\/sites\\\/4\\\/2022\\\/09\\\/EHiN-Partnerdag_Page_01-scaled.jpg\",\"datePublished\":\"2022-09-26T19:43:09+00:00\",\"dateModified\":\"2022-09-28T07:39:09+00:00\",\"description\":\"M\u00f8t oss p\u00e5 EHiN 8-9. november 2022. Du kan allerede n\u00e5 booke m\u00f8te med oss p\u00e5 stand. Du finner oss i hall 2 p\u00e5 X Meeting Point.\",\"breadcrumb\":{\"@id\":\"https:\\\/\\\/dnvimatis.com\\\/se\\\/aktuelt\\\/eventer\\\/mot-oss-pa-ehin\\\/#breadcrumb\"},\"inLanguage\":\"sv-SE\",\"potentialAction\":[{\"@type\":\"ReadAction\",\"target\":[\"https:\\\/\\\/dnvimatis.com\\\/se\\\/aktuelt\\\/eventer\\\/mot-oss-pa-ehin\\\/\"]}]},{\"@type\":\"ImageObject\",\"inLanguage\":\"sv-SE\",\"@id\":\"https:\\\/\\\/dnvimatis.com\\\/se\\\/aktuelt\\\/eventer\\\/mot-oss-pa-ehin\\\/#primaryimage\",\"url\":\"https:\\\/\\\/dnvimatis.com\\\/se\\\/wp-content\\\/uploads\\\/sites\\\/4\\\/2022\\\/09\\\/EHiN-Partnerdag_Page_01-scaled.jpg\",\"contentUrl\":\"https:\\\/\\\/dnvimatis.com\\\/se\\\/wp-content\\\/uploads\\\/sites\\\/4\\\/2022\\\/09\\\/EHiN-Partnerdag_Page_01-scaled.jpg\",\"width\":2560,\"height\":1440},{\"@type\":\"BreadcrumbList\",\"@id\":\"https:\\\/\\\/dnvimatis.com\\\/se\\\/aktuelt\\\/eventer\\\/mot-oss-pa-ehin\\\/#breadcrumb\",\"itemListElement\":[{\"@type\":\"ListItem\",\"position\":1,\"name\":\"Home\",\"item\":\"https:\\\/\\\/dnvimatis.com\\\/se\\\/\"},{\"@type\":\"ListItem\",\"position\":2,\"name\":\"Aktuelt\",\"item\":\"https:\\\/\\\/dnvimatis.com\\\/se\\\/aktuelt\\\/\"},{\"@type\":\"ListItem\",\"position\":3,\"name\":\"Eventer\",\"item\":\"https:\\\/\\\/dnvimatis.com\\\/se\\\/aktuelt\\\/eventer\\\/\"},{\"@type\":\"ListItem\",\"position\":4,\"name\":\"M\u00f8t oss p\u00e5 EHiN\"}]},{\"@type\":\"WebSite\",\"@id\":\"https:\\\/\\\/dnvimatis.com\\\/se\\\/#website\",\"url\":\"https:\\\/\\\/dnvimatis.com\\\/se\\\/\",\"name\":\"DNV Imatis.se\",\"description\":\"A game changer in healthcare solutions\",\"publisher\":{\"@id\":\"https:\\\/\\\/dnvimatis.com\\\/se\\\/#organization\"},\"potentialAction\":[{\"@type\":\"SearchAction\",\"target\":{\"@type\":\"EntryPoint\",\"urlTemplate\":\"https:\\\/\\\/dnvimatis.com\\\/se\\\/?s={search_term_string}\"},\"query-input\":{\"@type\":\"PropertyValueSpecification\",\"valueRequired\":true,\"valueName\":\"search_term_string\"}}],\"inLanguage\":\"sv-SE\"},{\"@type\":\"Organization\",\"@id\":\"https:\\\/\\\/dnvimatis.com\\\/se\\\/#organization\",\"name\":\"DNV Imatis.se\",\"url\":\"https:\\\/\\\/dnvimatis.com\\\/se\\\/\",\"logo\":{\"@type\":\"ImageObject\",\"inLanguage\":\"sv-SE\",\"@id\":\"https:\\\/\\\/dnvimatis.com\\\/se\\\/#\\\/schema\\\/logo\\\/image\\\/\",\"url\":\"https:\\\/\\\/dnvimatis.com\\\/se\\\/wp-content\\\/uploads\\\/sites\\\/4\\\/2022\\\/02\\\/DNV-Imatis-logo_color-white_RGB.svg\",\"contentUrl\":\"https:\\\/\\\/dnvimatis.com\\\/se\\\/wp-content\\\/uploads\\\/sites\\\/4\\\/2022\\\/02\\\/DNV-Imatis-logo_color-white_RGB.svg\",\"width\":680,\"height\":100,\"caption\":\"DNV Imatis.se\"},\"image\":{\"@id\":\"https:\\\/\\\/dnvimatis.com\\\/se\\\/#\\\/schema\\\/logo\\\/image\\\/\"}}]}<\/script>\n<!-- \/ Yoast SEO Premium plugin. -->","yoast_head_json":{"title":"M\u00f8t oss p\u00e5 EHiN - DNV Imatis.se","description":"M\u00f8t oss p\u00e5 EHiN 8-9. november 2022. Du kan allerede n\u00e5 booke m\u00f8te med oss p\u00e5 stand. Du finner oss i hall 2 p\u00e5 X Meeting Point.","robots":{"index":"index","follow":"follow","max-snippet":"max-snippet:-1","max-image-preview":"max-image-preview:large","max-video-preview":"max-video-preview:-1"},"canonical":"https:\/\/dnvimatis.com\/se\/aktuelt\/eventer\/mot-oss-pa-ehin\/","og_locale":"sv_SE","og_type":"article","og_title":"M\u00f8t oss p\u00e5 EHiN","og_description":"M\u00f8t oss p\u00e5 EHiN 8-9. november 2022. Du kan allerede n\u00e5 booke m\u00f8te med oss p\u00e5 stand. Du finner oss i hall 2 p\u00e5 X Meeting Point.","og_url":"https:\/\/dnvimatis.com\/se\/aktuelt\/eventer\/mot-oss-pa-ehin\/","og_site_name":"DNV Imatis.se","article_modified_time":"2022-09-28T07:39:09+00:00","og_image":[{"width":2560,"height":1440,"url":"https:\/\/dnvimatis.com\/se\/wp-content\/uploads\/sites\/4\/2022\/09\/EHiN-Partnerdag_Page_01-scaled.jpg","type":"image\/jpeg"}],"twitter_card":"summary_large_image","twitter_misc":{"Ber\u00e4knad l\u00e4stid":"1 minut"},"schema":{"@context":"https:\/\/schema.org","@graph":[{"@type":"WebPage","@id":"https:\/\/dnvimatis.com\/se\/aktuelt\/eventer\/mot-oss-pa-ehin\/","url":"https:\/\/dnvimatis.com\/se\/aktuelt\/eventer\/mot-oss-pa-ehin\/","name":"M\u00f8t oss p\u00e5 EHiN - DNV Imatis.se","isPartOf":{"@id":"https:\/\/dnvimatis.com\/se\/#website"},"primaryImageOfPage":{"@id":"https:\/\/dnvimatis.com\/se\/aktuelt\/eventer\/mot-oss-pa-ehin\/#primaryimage"},"image":{"@id":"https:\/\/dnvimatis.com\/se\/aktuelt\/eventer\/mot-oss-pa-ehin\/#primaryimage"},"thumbnailUrl":"https:\/\/dnvimatis.com\/se\/wp-content\/uploads\/sites\/4\/2022\/09\/EHiN-Partnerdag_Page_01-scaled.jpg","datePublished":"2022-09-26T19:43:09+00:00","dateModified":"2022-09-28T07:39:09+00:00","description":"M\u00f8t oss p\u00e5 EHiN 8-9. november 2022. Du kan allerede n\u00e5 booke m\u00f8te med oss p\u00e5 stand. Du finner oss i hall 2 p\u00e5 X Meeting Point.","breadcrumb":{"@id":"https:\/\/dnvimatis.com\/se\/aktuelt\/eventer\/mot-oss-pa-ehin\/#breadcrumb"},"inLanguage":"sv-SE","potentialAction":[{"@type":"ReadAction","target":["https:\/\/dnvimatis.com\/se\/aktuelt\/eventer\/mot-oss-pa-ehin\/"]}]},{"@type":"ImageObject","inLanguage":"sv-SE","@id":"https:\/\/dnvimatis.com\/se\/aktuelt\/eventer\/mot-oss-pa-ehin\/#primaryimage","url":"https:\/\/dnvimatis.com\/se\/wp-content\/uploads\/sites\/4\/2022\/09\/EHiN-Partnerdag_Page_01-scaled.jpg","contentUrl":"https:\/\/dnvimatis.com\/se\/wp-content\/uploads\/sites\/4\/2022\/09\/EHiN-Partnerdag_Page_01-scaled.jpg","width":2560,"height":1440},{"@type":"BreadcrumbList","@id":"https:\/\/dnvimatis.com\/se\/aktuelt\/eventer\/mot-oss-pa-ehin\/#breadcrumb","itemListElement":[{"@type":"ListItem","position":1,"name":"Home","item":"https:\/\/dnvimatis.com\/se\/"},{"@type":"ListItem","position":2,"name":"Aktuelt","item":"https:\/\/dnvimatis.com\/se\/aktuelt\/"},{"@type":"ListItem","position":3,"name":"Eventer","item":"https:\/\/dnvimatis.com\/se\/aktuelt\/eventer\/"},{"@type":"ListItem","position":4,"name":"M\u00f8t oss p\u00e5 EHiN"}]},{"@type":"WebSite","@id":"https:\/\/dnvimatis.com\/se\/#website","url":"https:\/\/dnvimatis.com\/se\/","name":"DNV Imatis.se","description":"A game changer in healthcare solutions","publisher":{"@id":"https:\/\/dnvimatis.com\/se\/#organization"},"potentialAction":[{"@type":"SearchAction","target":{"@type":"EntryPoint","urlTemplate":"https:\/\/dnvimatis.com\/se\/?s={search_term_string}"},"query-input":{"@type":"PropertyValueSpecification","valueRequired":true,"valueName":"search_term_string"}}],"inLanguage":"sv-SE"},{"@type":"Organization","@id":"https:\/\/dnvimatis.com\/se\/#organization","name":"DNV Imatis.se","url":"https:\/\/dnvimatis.com\/se\/","logo":{"@type":"ImageObject","inLanguage":"sv-SE","@id":"https:\/\/dnvimatis.com\/se\/#\/schema\/logo\/image\/","url":"https:\/\/dnvimatis.com\/se\/wp-content\/uploads\/sites\/4\/2022\/02\/DNV-Imatis-logo_color-white_RGB.svg","contentUrl":"https:\/\/dnvimatis.com\/se\/wp-content\/uploads\/sites\/4\/2022\/02\/DNV-Imatis-logo_color-white_RGB.svg","width":680,"height":100,"caption":"DNV Imatis.se"},"image":{"@id":"https:\/\/dnvimatis.com\/se\/#\/schema\/logo\/image\/"}}]}},"publishpress_future_action":{"enabled":false,"date":"2026-05-08 08:27:57","action":"change-status","newStatus":"draft","terms":[],"taxonomy":"","extraData":[]},"publishpress_future_workflow_manual_trigger":{"enabledWorkflows":[]},"_links":{"self":[{"href":"https:\/\/dnvimatis.com\/se\/wp-json\/wp\/v2\/pages\/5549","targetHints":{"allow":["GET"]}}],"collection":[{"href":"https:\/\/dnvimatis.com\/se\/wp-json\/wp\/v2\/pages"}],"about":[{"href":"https:\/\/dnvimatis.com\/se\/wp-json\/wp\/v2\/types\/page"}],"author":[{"embeddable":true,"href":"https:\/\/dnvimatis.com\/se\/wp-json\/wp\/v2\/users\/2"}],"replies":[{"embeddable":true,"href":"https:\/\/dnvimatis.com\/se\/wp-json\/wp\/v2\/comments?post=5549"}],"version-history":[{"count":46,"href":"https:\/\/dnvimatis.com\/se\/wp-json\/wp\/v2\/pages\/5549\/revisions"}],"predecessor-version":[{"id":5640,"href":"https:\/\/dnvimatis.com\/se\/wp-json\/wp\/v2\/pages\/5549\/revisions\/5640"}],"up":[{"embeddable":true,"href":"https:\/\/dnvimatis.com\/se\/wp-json\/wp\/v2\/pages\/425"}],"wp:featuredmedia":[{"embeddable":true,"href":"https:\/\/dnvimatis.com\/se\/wp-json\/wp\/v2\/media\/5550"}],"wp:attachment":[{"href":"https:\/\/dnvimatis.com\/se\/wp-json\/wp\/v2\/media?parent=5549"}],"curies":[{"name":"wp","href":"https:\/\/api.w.org\/{rel}","templated":true}]}}