{"id":4684,"date":"2022-05-03T10:12:32","date_gmt":"2022-05-03T10:12:32","guid":{"rendered":"https:\/\/dnvimatis.com\/se\/?page_id=4684"},"modified":"2022-05-11T09:39:55","modified_gmt":"2022-05-11T09:39:55","slug":"milepael-for-helse-vest","status":"publish","type":"page","link":"https:\/\/dnvimatis.com\/se\/aktuelt\/nyheter\/milepael-for-helse-vest\/","title":{"rendered":"Milep\u00e6l for Helse Vest"},"content":{"rendered":"\t\t<div data-elementor-type=\"wp-page\" data-elementor-id=\"4684\" class=\"elementor elementor-4684\" data-elementor-post-type=\"page\">\n\t\t\t\t\t\t<section class=\"elementor-section elementor-top-section elementor-element elementor-element-4b536ef4 elementor-section-height-min-height elementor-section-boxed elementor-section-height-default elementor-section-items-middle\" data-id=\"4b536ef4\" data-element_type=\"section\" data-e-type=\"section\">\n\t\t\t\t\t\t<div class=\"elementor-container elementor-column-gap-wider\">\n\t\t\t\t\t<div class=\"elementor-column elementor-col-100 elementor-top-column elementor-element elementor-element-407f0478\" data-id=\"407f0478\" data-element_type=\"column\" data-e-type=\"column\">\n\t\t\t<div class=\"elementor-widget-wrap elementor-element-populated\">\n\t\t\t\t\t\t<div class=\"elementor-element elementor-element-18dc704e elementor-widget elementor-widget-heading\" data-id=\"18dc704e\" data-element_type=\"widget\" data-e-type=\"widget\" data-widget_type=\"heading.default\">\n\t\t\t\t<div class=\"elementor-widget-container\">\n\t\t\t\t\t<h4 class=\"elementor-heading-title elementor-size-default\">I Helse F\u00f8rde markerer innf\u00f8ring av DNV Imatis' mobile l\u00f8sning p\u00e5 den siste sengeposten p\u00e5 F\u00f8rde sykehus en stor milep\u00e6l for Helse Vest. Med dette har alle sengepostene tatt i bruk PC, touchskjerm og mobil. <\/h4>\t\t\t\t<\/div>\n\t\t\t\t<\/div>\n\t\t\t\t<div class=\"elementor-element elementor-element-19768805 elementor-widget elementor-widget-text-editor\" data-id=\"19768805\" data-element_type=\"widget\" data-e-type=\"widget\" data-widget_type=\"text-editor.default\">\n\t\t\t\t<div class=\"elementor-widget-container\">\n\t\t\t\t\t\t\t\t\t<h6>Publisert 11.05.22 kl 11:02\u00a0<\/h6>\t\t\t\t\t\t\t\t<\/div>\n\t\t\t\t<\/div>\n\t\t\t\t<div class=\"elementor-element elementor-element-c1587a8 elementor-widget elementor-widget-text-editor\" data-id=\"c1587a8\" data-element_type=\"widget\" data-e-type=\"widget\" data-widget_type=\"text-editor.default\">\n\t\t\t\t<div class=\"elementor-widget-container\">\n\t\t\t\t\t\t\t\t\t<p><em>&#8221;Det kommer mer, men dette var en stor milep\u00e6l for Helse Vest som vi i fellesskap har klart \u00e5 f\u00e5 til takket v\u00e6re konstruktivt og godt samarbeid mellom alle som har v\u00e6rt involvert<\/em>&#8221;, sier Anders \u00d8vreseth, Spesialkonsulent IKT ved Helse Vest IKT.<\/p>\t\t\t\t\t\t\t\t<\/div>\n\t\t\t\t<\/div>\n\t\t\t\t<section class=\"elementor-section elementor-inner-section elementor-element elementor-element-5907aa79 elementor-section-boxed elementor-section-height-default elementor-section-height-default\" data-id=\"5907aa79\" data-element_type=\"section\" data-e-type=\"section\">\n\t\t\t\t\t\t<div class=\"elementor-container elementor-column-gap-wider\">\n\t\t\t\t\t<div class=\"elementor-column elementor-col-50 elementor-inner-column elementor-element elementor-element-10b8e35e\" data-id=\"10b8e35e\" data-element_type=\"column\" data-e-type=\"column\">\n\t\t\t<div class=\"elementor-widget-wrap elementor-element-populated\">\n\t\t\t\t\t\t<div class=\"elementor-element elementor-element-2ce93ce3 elementor-widget elementor-widget-image\" data-id=\"2ce93ce3\" data-element_type=\"widget\" data-e-type=\"widget\" data-widget_type=\"image.default\">\n\t\t\t\t<div class=\"elementor-widget-container\">\n\t\t\t\t\t\t\t\t\t\t\t\t<figure class=\"wp-caption\">\n\t\t\t\t\t\t\t\t\t\t<img fetchpriority=\"high\" decoding=\"async\" width=\"1024\" height=\"576\" src=\"https:\/\/dnvimatis.com\/se\/wp-content\/uploads\/sites\/4\/2022\/05\/Helse-Forde_milepael-for-helse-vest-1024x576.jpg\" class=\"attachment-large size-large wp-image-4685\" alt=\"Milep\u00e6l for Helse Vest\" srcset=\"https:\/\/dnvimatis.com\/se\/wp-content\/uploads\/sites\/4\/2022\/05\/Helse-Forde_milepael-for-helse-vest-1024x576.jpg 1024w, https:\/\/dnvimatis.com\/se\/wp-content\/uploads\/sites\/4\/2022\/05\/Helse-Forde_milepael-for-helse-vest-300x169.jpg 300w, https:\/\/dnvimatis.com\/se\/wp-content\/uploads\/sites\/4\/2022\/05\/Helse-Forde_milepael-for-helse-vest-768x432.jpg 768w, https:\/\/dnvimatis.com\/se\/wp-content\/uploads\/sites\/4\/2022\/05\/Helse-Forde_milepael-for-helse-vest-1536x864.jpg 1536w, https:\/\/dnvimatis.com\/se\/wp-content\/uploads\/sites\/4\/2022\/05\/Helse-Forde_milepael-for-helse-vest-500x281.jpg 500w, https:\/\/dnvimatis.com\/se\/wp-content\/uploads\/sites\/4\/2022\/05\/Helse-Forde_milepael-for-helse-vest.jpg 2048w\" sizes=\"(max-width: 1024px) 100vw, 1024px\" \/>\t\t\t\t\t\t\t\t\t\t\t<figcaption class=\"widget-image-caption wp-caption-text\">(Foto: Annette Fosse, Helse F\u00f8rde)<\/figcaption>\n\t\t\t\t\t\t\t\t\t\t<\/figure>\n\t\t\t\t\t\t\t\t\t<\/div>\n\t\t\t\t<\/div>\n\t\t\t\t\t<\/div>\n\t\t<\/div>\n\t\t\t\t<div class=\"elementor-column elementor-col-50 elementor-inner-column elementor-element elementor-element-24cfc14d\" data-id=\"24cfc14d\" data-element_type=\"column\" data-e-type=\"column\">\n\t\t\t<div class=\"elementor-widget-wrap elementor-element-populated\">\n\t\t\t\t\t\t<div class=\"elementor-element elementor-element-5faae74f elementor-widget elementor-widget-text-editor\" data-id=\"5faae74f\" data-element_type=\"widget\" data-e-type=\"widget\" data-widget_type=\"text-editor.default\">\n\t\t\t\t<div class=\"elementor-widget-container\">\n\t\t\t\t\t\t\t\t\t<p>Mange har bist\u00e5tt og bidratt i arbeidet, og enkelte har v\u00e6rt helt avgj\u00f8rende n\u00f8kkelpersoner p\u00e5 oppl\u00f8pssiden for \u00e5 dra dette i havn.<\/p>\t\t\t\t\t\t\t\t<\/div>\n\t\t\t\t<\/div>\n\t\t\t\t\t<\/div>\n\t\t<\/div>\n\t\t\t\t\t<\/div>\n\t\t<\/section>\n\t\t\t\t\t<\/div>\n\t\t<\/div>\n\t\t\t\t\t<\/div>\n\t\t<\/section>\n\t\t\t\t<section class=\"elementor-section elementor-top-section elementor-element elementor-element-51b81eb5 elementor-section-boxed elementor-section-height-default elementor-section-height-default\" data-id=\"51b81eb5\" data-element_type=\"section\" data-e-type=\"section\">\n\t\t\t\t\t\t<div class=\"elementor-container elementor-column-gap-wider\">\n\t\t\t\t\t<div class=\"elementor-column elementor-col-100 elementor-top-column elementor-element elementor-element-5de44c82\" data-id=\"5de44c82\" data-element_type=\"column\" data-e-type=\"column\">\n\t\t\t<div class=\"elementor-widget-wrap elementor-element-populated\">\n\t\t\t\t\t\t<div class=\"elementor-element elementor-element-44fd91fe elementor-widget elementor-widget-heading\" data-id=\"44fd91fe\" data-element_type=\"widget\" data-e-type=\"widget\" data-widget_type=\"heading.default\">\n\t\t\t\t<div class=\"elementor-widget-container\">\n\t\t\t\t\t<h3 class=\"elementor-heading-title elementor-size-default\">Helhetlig l\u00f8sning for Helse Stavanger<\/h3>\t\t\t\t<\/div>\n\t\t\t\t<\/div>\n\t\t\t\t<div class=\"elementor-element elementor-element-484f3fe0 elementor-widget elementor-widget-text-editor\" data-id=\"484f3fe0\" data-element_type=\"widget\" data-e-type=\"widget\" data-widget_type=\"text-editor.default\">\n\t\t\t\t<div class=\"elementor-widget-container\">\n\t\t\t\t\t\t\t\t\t<p>Det er samtidig n\u00e5dd en viktig milep\u00e6l i Helse Stavanger. Denne uken ble det markert at de aller fleste sengepostene n\u00e5 har tatt i bruk en helhetlig l\u00f8sning, som ogs\u00e5 inkluderer DNV Imatis\u2019 mobile l\u00f8sning.<\/p>\t\t\t\t\t\t\t\t<\/div>\n\t\t\t\t<\/div>\n\t\t\t\t<div class=\"elementor-element elementor-element-c3c9c7b elementor-widget elementor-widget-text-editor\" data-id=\"c3c9c7b\" data-element_type=\"widget\" data-e-type=\"widget\" data-widget_type=\"text-editor.default\">\n\t\t\t\t<div class=\"elementor-widget-container\">\n\t\t\t\t\t\t\t\t\t<p><em>Det stopper ikke med dette, ogs\u00e5 for Helse Stavanger kommer det mer. Vi har n\u00e5 lagt et solid grunnlag for \u00e5 nytte l\u00f8sningene enda bedre og ta i bruk nye utvidelser av l\u00f8sningen,\u00a0 f<\/em>ortsetter \u00d8vreseth. <em>Vi har brukt mer tid enn vi kunne \u00f8nsket oss, men vi har v\u00e6rt n\u00f8dt til \u00e5 ta hensyn til pandemi og mulig kapasitet for alle som skulle bidra. Vi samarbeidet godt med alle avdelingene, det har v\u00e6rt en glede \u00e5 delta de siste ukene. Vi har f\u00e5tt til et fantastisk samarbeid med Helse Stavanger og dette fellesskapet har bidratt til \u00e5 <\/em><em>f\u00e5 dette til sammen, p\u00e5 hele sykehuset!<\/em><\/p>\t\t\t\t\t\t\t\t<\/div>\n\t\t\t\t<\/div>\n\t\t\t\t<div class=\"elementor-element elementor-element-3e38808 elementor-widget elementor-widget-text-editor\" data-id=\"3e38808\" data-element_type=\"widget\" data-e-type=\"widget\" data-widget_type=\"text-editor.default\">\n\t\t\t\t<div class=\"elementor-widget-container\">\n\t\t\t\t\t\t\t\t\t<p>Dermed sl\u00e5r Helse F\u00f8rde og Helse Stavanger f\u00f8lge med Stord Sjukehus, Haugesund Sjukehus og Haraldsplass, der alle sengeposter n\u00e5 bruker DNV Imatis\u2019 l\u00f8sninger b\u00e5de p\u00e5 touchskjerm, PC og mobil. Dette skal bidra til \u00e5 holde god oversikt og bidra til god st\u00f8tte for arbeidsprosessene p\u00e5 sengepostene.\u00a0<\/p>\t\t\t\t\t\t\t\t<\/div>\n\t\t\t\t<\/div>\n\t\t\t\t\t<\/div>\n\t\t<\/div>\n\t\t\t\t\t<\/div>\n\t\t<\/section>\n\t\t\t\t<section class=\"elementor-section elementor-top-section elementor-element elementor-element-12c9b738 elementor-section-boxed elementor-section-height-default elementor-section-height-default\" data-id=\"12c9b738\" data-element_type=\"section\" data-e-type=\"section\" data-settings=\"{&quot;background_background&quot;:&quot;classic&quot;}\">\n\t\t\t\t\t\t<div class=\"elementor-container elementor-column-gap-default\">\n\t\t\t\t\t<div class=\"elementor-column elementor-col-100 elementor-top-column elementor-element elementor-element-295f333e\" data-id=\"295f333e\" data-element_type=\"column\" data-e-type=\"column\">\n\t\t\t<div class=\"elementor-widget-wrap elementor-element-populated\">\n\t\t\t\t\t\t<div class=\"elementor-element elementor-element-2695d86b elementor-widget elementor-widget-heading\" data-id=\"2695d86b\" data-element_type=\"widget\" data-e-type=\"widget\" data-widget_type=\"heading.default\">\n\t\t\t\t<div class=\"elementor-widget-container\">\n\t\t\t\t\t<h2 class=\"elementor-heading-title elementor-size-default\">Kundehistorier<\/h2>\t\t\t\t<\/div>\n\t\t\t\t<\/div>\n\t\t\t\t\t<\/div>\n\t\t<\/div>\n\t\t\t\t\t<\/div>\n\t\t<\/section>\n\t\t\t\t<\/div>\n\t\t","protected":false},"excerpt":{"rendered":"<p>I Helse F\u00f8rde markerer innf\u00f8ring av DNV Imatis&#8217; mobile l\u00f8sning p\u00e5 den siste sengeposten p\u00e5 F\u00f8rde sykehus en stor milep\u00e6l for Helse Vest. Med dette har alle sengepostene tatt i bruk PC, touchskjerm og mobil. Publisert 11.05.22 kl 11:02\u00a0 &#8221;Det kommer mer, men dette var en stor milep\u00e6l for Helse Vest som vi i fellesskap [&hellip;]<\/p>\n","protected":false},"author":2,"featured_media":4685,"parent":423,"menu_order":0,"comment_status":"closed","ping_status":"closed","template":"elementor_header_footer","meta":{"_acf_changed":false,"_mo_disable_npp":"","footnotes":""},"class_list":["post-4684","page","type-page","status-publish","has-post-thumbnail","hentry"],"acf":[],"yoast_head":"<!-- This site is optimized with the Yoast SEO Premium plugin v23.9 (Yoast SEO v27.4) - https:\/\/yoast.com\/product\/yoast-seo-premium-wordpress\/ -->\n<title>Milep\u00e6l for Helse Vest - DNV Imatis<\/title>\n<meta name=\"description\" content=\"Milep\u00e6l for Helse Vest er n\u00e5dd med innf\u00f8ring av DNV Imatis for pasientfly og ressurser. Alle sengeposter er oppe i Helse F\u00f8rde.\" \/>\n<meta name=\"robots\" content=\"index, follow, max-snippet:-1, max-image-preview:large, max-video-preview:-1\" \/>\n<link rel=\"canonical\" href=\"https:\/\/dnvimatis.com\/se\/aktuelt\/nyheter\/milepael-for-helse-vest\/\" \/>\n<meta property=\"og:locale\" content=\"sv_SE\" \/>\n<meta property=\"og:type\" content=\"article\" \/>\n<meta property=\"og:title\" content=\"Milep\u00e6l for Helse Vest\" \/>\n<meta property=\"og:description\" content=\"Milep\u00e6l for Helse Vest er n\u00e5dd med innf\u00f8ring av DNV Imatis for pasientfly og ressurser. Alle sengeposter er oppe i Helse F\u00f8rde.\" \/>\n<meta property=\"og:url\" content=\"https:\/\/dnvimatis.com\/se\/aktuelt\/nyheter\/milepael-for-helse-vest\/\" \/>\n<meta property=\"og:site_name\" content=\"DNV Imatis.se\" \/>\n<meta property=\"article:modified_time\" content=\"2022-05-11T09:39:55+00:00\" \/>\n<meta property=\"og:image\" content=\"https:\/\/dnvimatis.com\/se\/wp-content\/uploads\/sites\/4\/2022\/05\/Helse-Forde_milepael-for-helse-vest.jpg\" \/>\n\t<meta property=\"og:image:width\" content=\"2048\" \/>\n\t<meta property=\"og:image:height\" content=\"1152\" \/>\n\t<meta property=\"og:image:type\" content=\"image\/jpeg\" \/>\n<meta name=\"twitter:card\" content=\"summary_large_image\" \/>\n<meta name=\"twitter:label1\" content=\"Ber\u00e4knad l\u00e4stid\" \/>\n\t<meta name=\"twitter:data1\" content=\"3 minuter\" \/>\n<script type=\"application\/ld+json\" class=\"yoast-schema-graph\">{\"@context\":\"https:\\\/\\\/schema.org\",\"@graph\":[{\"@type\":\"WebPage\",\"@id\":\"https:\\\/\\\/dnvimatis.com\\\/se\\\/aktuelt\\\/nyheter\\\/milepael-for-helse-vest\\\/\",\"url\":\"https:\\\/\\\/dnvimatis.com\\\/se\\\/aktuelt\\\/nyheter\\\/milepael-for-helse-vest\\\/\",\"name\":\"Milep\u00e6l for Helse Vest - DNV Imatis\",\"isPartOf\":{\"@id\":\"https:\\\/\\\/dnvimatis.com\\\/se\\\/#website\"},\"primaryImageOfPage\":{\"@id\":\"https:\\\/\\\/dnvimatis.com\\\/se\\\/aktuelt\\\/nyheter\\\/milepael-for-helse-vest\\\/#primaryimage\"},\"image\":{\"@id\":\"https:\\\/\\\/dnvimatis.com\\\/se\\\/aktuelt\\\/nyheter\\\/milepael-for-helse-vest\\\/#primaryimage\"},\"thumbnailUrl\":\"https:\\\/\\\/dnvimatis.com\\\/se\\\/wp-content\\\/uploads\\\/sites\\\/4\\\/2022\\\/05\\\/Helse-Forde_milepael-for-helse-vest.jpg\",\"datePublished\":\"2022-05-03T10:12:32+00:00\",\"dateModified\":\"2022-05-11T09:39:55+00:00\",\"description\":\"Milep\u00e6l for Helse Vest er n\u00e5dd med innf\u00f8ring av DNV Imatis for pasientfly og ressurser. Alle sengeposter er oppe i Helse F\u00f8rde.\",\"breadcrumb\":{\"@id\":\"https:\\\/\\\/dnvimatis.com\\\/se\\\/aktuelt\\\/nyheter\\\/milepael-for-helse-vest\\\/#breadcrumb\"},\"inLanguage\":\"sv-SE\",\"potentialAction\":[{\"@type\":\"ReadAction\",\"target\":[\"https:\\\/\\\/dnvimatis.com\\\/se\\\/aktuelt\\\/nyheter\\\/milepael-for-helse-vest\\\/\"]}]},{\"@type\":\"ImageObject\",\"inLanguage\":\"sv-SE\",\"@id\":\"https:\\\/\\\/dnvimatis.com\\\/se\\\/aktuelt\\\/nyheter\\\/milepael-for-helse-vest\\\/#primaryimage\",\"url\":\"https:\\\/\\\/dnvimatis.com\\\/se\\\/wp-content\\\/uploads\\\/sites\\\/4\\\/2022\\\/05\\\/Helse-Forde_milepael-for-helse-vest.jpg\",\"contentUrl\":\"https:\\\/\\\/dnvimatis.com\\\/se\\\/wp-content\\\/uploads\\\/sites\\\/4\\\/2022\\\/05\\\/Helse-Forde_milepael-for-helse-vest.jpg\",\"width\":2048,\"height\":1152,\"caption\":\"Milep\u00e6l for Helse Vest\"},{\"@type\":\"BreadcrumbList\",\"@id\":\"https:\\\/\\\/dnvimatis.com\\\/se\\\/aktuelt\\\/nyheter\\\/milepael-for-helse-vest\\\/#breadcrumb\",\"itemListElement\":[{\"@type\":\"ListItem\",\"position\":1,\"name\":\"Home\",\"item\":\"https:\\\/\\\/dnvimatis.com\\\/se\\\/\"},{\"@type\":\"ListItem\",\"position\":2,\"name\":\"Aktuelt\",\"item\":\"https:\\\/\\\/dnvimatis.com\\\/se\\\/aktuelt\\\/\"},{\"@type\":\"ListItem\",\"position\":3,\"name\":\"Nyheter\",\"item\":\"https:\\\/\\\/dnvimatis.com\\\/se\\\/aktuelt\\\/nyheter\\\/\"},{\"@type\":\"ListItem\",\"position\":4,\"name\":\"Milep\u00e6l for Helse Vest\"}]},{\"@type\":\"WebSite\",\"@id\":\"https:\\\/\\\/dnvimatis.com\\\/se\\\/#website\",\"url\":\"https:\\\/\\\/dnvimatis.com\\\/se\\\/\",\"name\":\"DNV Imatis.se\",\"description\":\"A game changer in healthcare solutions\",\"publisher\":{\"@id\":\"https:\\\/\\\/dnvimatis.com\\\/se\\\/#organization\"},\"potentialAction\":[{\"@type\":\"SearchAction\",\"target\":{\"@type\":\"EntryPoint\",\"urlTemplate\":\"https:\\\/\\\/dnvimatis.com\\\/se\\\/?s={search_term_string}\"},\"query-input\":{\"@type\":\"PropertyValueSpecification\",\"valueRequired\":true,\"valueName\":\"search_term_string\"}}],\"inLanguage\":\"sv-SE\"},{\"@type\":\"Organization\",\"@id\":\"https:\\\/\\\/dnvimatis.com\\\/se\\\/#organization\",\"name\":\"DNV Imatis.se\",\"url\":\"https:\\\/\\\/dnvimatis.com\\\/se\\\/\",\"logo\":{\"@type\":\"ImageObject\",\"inLanguage\":\"sv-SE\",\"@id\":\"https:\\\/\\\/dnvimatis.com\\\/se\\\/#\\\/schema\\\/logo\\\/image\\\/\",\"url\":\"https:\\\/\\\/dnvimatis.com\\\/se\\\/wp-content\\\/uploads\\\/sites\\\/4\\\/2022\\\/02\\\/DNV-Imatis-logo_color-white_RGB.svg\",\"contentUrl\":\"https:\\\/\\\/dnvimatis.com\\\/se\\\/wp-content\\\/uploads\\\/sites\\\/4\\\/2022\\\/02\\\/DNV-Imatis-logo_color-white_RGB.svg\",\"width\":680,\"height\":100,\"caption\":\"DNV Imatis.se\"},\"image\":{\"@id\":\"https:\\\/\\\/dnvimatis.com\\\/se\\\/#\\\/schema\\\/logo\\\/image\\\/\"}}]}<\/script>\n<!-- \/ Yoast SEO Premium plugin. -->","yoast_head_json":{"title":"Milep\u00e6l for Helse Vest - DNV Imatis","description":"Milep\u00e6l for Helse Vest er n\u00e5dd med innf\u00f8ring av DNV Imatis for pasientfly og ressurser. Alle sengeposter er oppe i Helse F\u00f8rde.","robots":{"index":"index","follow":"follow","max-snippet":"max-snippet:-1","max-image-preview":"max-image-preview:large","max-video-preview":"max-video-preview:-1"},"canonical":"https:\/\/dnvimatis.com\/se\/aktuelt\/nyheter\/milepael-for-helse-vest\/","og_locale":"sv_SE","og_type":"article","og_title":"Milep\u00e6l for Helse Vest","og_description":"Milep\u00e6l for Helse Vest er n\u00e5dd med innf\u00f8ring av DNV Imatis for pasientfly og ressurser. Alle sengeposter er oppe i Helse F\u00f8rde.","og_url":"https:\/\/dnvimatis.com\/se\/aktuelt\/nyheter\/milepael-for-helse-vest\/","og_site_name":"DNV Imatis.se","article_modified_time":"2022-05-11T09:39:55+00:00","og_image":[{"width":2048,"height":1152,"url":"https:\/\/dnvimatis.com\/se\/wp-content\/uploads\/sites\/4\/2022\/05\/Helse-Forde_milepael-for-helse-vest.jpg","type":"image\/jpeg"}],"twitter_card":"summary_large_image","twitter_misc":{"Ber\u00e4knad l\u00e4stid":"3 minuter"},"schema":{"@context":"https:\/\/schema.org","@graph":[{"@type":"WebPage","@id":"https:\/\/dnvimatis.com\/se\/aktuelt\/nyheter\/milepael-for-helse-vest\/","url":"https:\/\/dnvimatis.com\/se\/aktuelt\/nyheter\/milepael-for-helse-vest\/","name":"Milep\u00e6l for Helse Vest - DNV Imatis","isPartOf":{"@id":"https:\/\/dnvimatis.com\/se\/#website"},"primaryImageOfPage":{"@id":"https:\/\/dnvimatis.com\/se\/aktuelt\/nyheter\/milepael-for-helse-vest\/#primaryimage"},"image":{"@id":"https:\/\/dnvimatis.com\/se\/aktuelt\/nyheter\/milepael-for-helse-vest\/#primaryimage"},"thumbnailUrl":"https:\/\/dnvimatis.com\/se\/wp-content\/uploads\/sites\/4\/2022\/05\/Helse-Forde_milepael-for-helse-vest.jpg","datePublished":"2022-05-03T10:12:32+00:00","dateModified":"2022-05-11T09:39:55+00:00","description":"Milep\u00e6l for Helse Vest er n\u00e5dd med innf\u00f8ring av DNV Imatis for pasientfly og ressurser. Alle sengeposter er oppe i Helse F\u00f8rde.","breadcrumb":{"@id":"https:\/\/dnvimatis.com\/se\/aktuelt\/nyheter\/milepael-for-helse-vest\/#breadcrumb"},"inLanguage":"sv-SE","potentialAction":[{"@type":"ReadAction","target":["https:\/\/dnvimatis.com\/se\/aktuelt\/nyheter\/milepael-for-helse-vest\/"]}]},{"@type":"ImageObject","inLanguage":"sv-SE","@id":"https:\/\/dnvimatis.com\/se\/aktuelt\/nyheter\/milepael-for-helse-vest\/#primaryimage","url":"https:\/\/dnvimatis.com\/se\/wp-content\/uploads\/sites\/4\/2022\/05\/Helse-Forde_milepael-for-helse-vest.jpg","contentUrl":"https:\/\/dnvimatis.com\/se\/wp-content\/uploads\/sites\/4\/2022\/05\/Helse-Forde_milepael-for-helse-vest.jpg","width":2048,"height":1152,"caption":"Milep\u00e6l for Helse Vest"},{"@type":"BreadcrumbList","@id":"https:\/\/dnvimatis.com\/se\/aktuelt\/nyheter\/milepael-for-helse-vest\/#breadcrumb","itemListElement":[{"@type":"ListItem","position":1,"name":"Home","item":"https:\/\/dnvimatis.com\/se\/"},{"@type":"ListItem","position":2,"name":"Aktuelt","item":"https:\/\/dnvimatis.com\/se\/aktuelt\/"},{"@type":"ListItem","position":3,"name":"Nyheter","item":"https:\/\/dnvimatis.com\/se\/aktuelt\/nyheter\/"},{"@type":"ListItem","position":4,"name":"Milep\u00e6l for Helse Vest"}]},{"@type":"WebSite","@id":"https:\/\/dnvimatis.com\/se\/#website","url":"https:\/\/dnvimatis.com\/se\/","name":"DNV Imatis.se","description":"A game changer in healthcare solutions","publisher":{"@id":"https:\/\/dnvimatis.com\/se\/#organization"},"potentialAction":[{"@type":"SearchAction","target":{"@type":"EntryPoint","urlTemplate":"https:\/\/dnvimatis.com\/se\/?s={search_term_string}"},"query-input":{"@type":"PropertyValueSpecification","valueRequired":true,"valueName":"search_term_string"}}],"inLanguage":"sv-SE"},{"@type":"Organization","@id":"https:\/\/dnvimatis.com\/se\/#organization","name":"DNV Imatis.se","url":"https:\/\/dnvimatis.com\/se\/","logo":{"@type":"ImageObject","inLanguage":"sv-SE","@id":"https:\/\/dnvimatis.com\/se\/#\/schema\/logo\/image\/","url":"https:\/\/dnvimatis.com\/se\/wp-content\/uploads\/sites\/4\/2022\/02\/DNV-Imatis-logo_color-white_RGB.svg","contentUrl":"https:\/\/dnvimatis.com\/se\/wp-content\/uploads\/sites\/4\/2022\/02\/DNV-Imatis-logo_color-white_RGB.svg","width":680,"height":100,"caption":"DNV Imatis.se"},"image":{"@id":"https:\/\/dnvimatis.com\/se\/#\/schema\/logo\/image\/"}}]}},"publishpress_future_action":{"enabled":false,"date":"2026-05-08 23:15:23","action":"change-status","newStatus":"draft","terms":[],"taxonomy":"","extraData":[]},"publishpress_future_workflow_manual_trigger":{"enabledWorkflows":[]},"_links":{"self":[{"href":"https:\/\/dnvimatis.com\/se\/wp-json\/wp\/v2\/pages\/4684","targetHints":{"allow":["GET"]}}],"collection":[{"href":"https:\/\/dnvimatis.com\/se\/wp-json\/wp\/v2\/pages"}],"about":[{"href":"https:\/\/dnvimatis.com\/se\/wp-json\/wp\/v2\/types\/page"}],"author":[{"embeddable":true,"href":"https:\/\/dnvimatis.com\/se\/wp-json\/wp\/v2\/users\/2"}],"replies":[{"embeddable":true,"href":"https:\/\/dnvimatis.com\/se\/wp-json\/wp\/v2\/comments?post=4684"}],"version-history":[{"count":27,"href":"https:\/\/dnvimatis.com\/se\/wp-json\/wp\/v2\/pages\/4684\/revisions"}],"predecessor-version":[{"id":4933,"href":"https:\/\/dnvimatis.com\/se\/wp-json\/wp\/v2\/pages\/4684\/revisions\/4933"}],"up":[{"embeddable":true,"href":"https:\/\/dnvimatis.com\/se\/wp-json\/wp\/v2\/pages\/423"}],"wp:featuredmedia":[{"embeddable":true,"href":"https:\/\/dnvimatis.com\/se\/wp-json\/wp\/v2\/media\/4685"}],"wp:attachment":[{"href":"https:\/\/dnvimatis.com\/se\/wp-json\/wp\/v2\/media?parent=4684"}],"curies":[{"name":"wp","href":"https:\/\/api.w.org\/{rel}","templated":true}]}}