{"id":412,"date":"2022-01-11T21:17:01","date_gmt":"2022-01-11T21:17:01","guid":{"rendered":"https:\/\/38l18x8fiqnctlje.prev.site\/no\/?page_id=412"},"modified":"2023-10-09T15:20:22","modified_gmt":"2023-10-09T13:20:22","slug":"kundberattelser","status":"publish","type":"page","link":"https:\/\/dnvimatis.com\/se\/kundberattelser\/","title":{"rendered":"Kundber\u00e4ttelser"},"content":{"rendered":"\t\t<div data-elementor-type=\"wp-page\" data-elementor-id=\"412\" class=\"elementor elementor-412\" data-elementor-post-type=\"page\">\n\t\t\t\t\t\t<section class=\"elementor-section elementor-top-section elementor-element elementor-element-62926b17 elementor-section-height-min-height elementor-section-boxed elementor-section-height-default elementor-section-items-middle\" data-id=\"62926b17\" data-element_type=\"section\" data-e-type=\"section\" data-settings=\"{&quot;background_background&quot;:&quot;classic&quot;}\">\n\t\t\t\t\t\t\t<div class=\"elementor-background-overlay\"><\/div>\n\t\t\t\t\t\t\t<div class=\"elementor-container elementor-column-gap-no\">\n\t\t\t\t\t<div class=\"elementor-column elementor-col-100 elementor-top-column elementor-element elementor-element-c53416b\" data-id=\"c53416b\" data-element_type=\"column\" data-e-type=\"column\">\n\t\t\t<div class=\"elementor-widget-wrap elementor-element-populated\">\n\t\t\t\t\t\t<div class=\"elementor-element elementor-element-6de21aa9 elementor-widget elementor-widget-heading\" data-id=\"6de21aa9\" data-element_type=\"widget\" data-e-type=\"widget\" data-widget_type=\"heading.default\">\n\t\t\t\t<div class=\"elementor-widget-container\">\n\t\t\t\t\t<h1 class=\"elementor-heading-title elementor-size-default\">Kundber\u00e4ttelser<\/h1>\t\t\t\t<\/div>\n\t\t\t\t<\/div>\n\t\t\t\t<div class=\"elementor-element elementor-element-1c8ab1a elementor-widget elementor-widget-heading\" data-id=\"1c8ab1a\" data-element_type=\"widget\" data-e-type=\"widget\" data-widget_type=\"heading.default\">\n\t\t\t\t<div class=\"elementor-widget-container\">\n\t\t\t\t\t<h3 class=\"elementor-heading-title elementor-size-default\">F\u00e5 en inblick i hur n\u00e5gra av v\u00e5ra kunder har anammat <br>digitala\nl\u00f6sningar och hur detta har underl\u00e4ttat vardagen.<\/h3>\t\t\t\t<\/div>\n\t\t\t\t<\/div>\n\t\t\t\t\t<\/div>\n\t\t<\/div>\n\t\t\t\t\t<\/div>\n\t\t<\/section>\n\t\t\t\t<section class=\"elementor-section elementor-top-section elementor-element elementor-element-753694de elementor-section-boxed elementor-section-height-default elementor-section-height-default\" data-id=\"753694de\" data-element_type=\"section\" data-e-type=\"section\">\n\t\t\t\t\t\t<div class=\"elementor-container elementor-column-gap-default\">\n\t\t\t\t\t<div class=\"elementor-column elementor-col-100 elementor-top-column elementor-element elementor-element-50593bbb\" data-id=\"50593bbb\" data-element_type=\"column\" data-e-type=\"column\">\n\t\t\t<div class=\"elementor-widget-wrap\">\n\t\t\t\t\t\t\t<\/div>\n\t\t<\/div>\n\t\t\t\t\t<\/div>\n\t\t<\/section>\n\t\t\t\t<\/div>\n\t\t","protected":false},"excerpt":{"rendered":"<p>Kundber\u00e4ttelser F\u00e5 en inblick i hur n\u00e5gra av v\u00e5ra kunder har anammat digitala l\u00f6sningar och hur detta har underl\u00e4ttat vardagen. Distrikt Gamla Oslo Se solskenshistorien om hur Distrikt Gamle Oslo har uppn\u00e5tt f\u00f6rb\u00e4ttrad interaktion, arbetsfl\u00f6de och \u00f6verblick genom att ers\u00e4tta papper med digitala&hellip;L\u00e4s mer Kinn kommun L\u00e4r dig hur Kinn blev en av Norges mest [&hellip;]<\/p>\n","protected":false},"author":1,"featured_media":6198,"parent":0,"menu_order":0,"comment_status":"closed","ping_status":"closed","template":"elementor_header_footer","meta":{"_acf_changed":false,"_mo_disable_npp":"","footnotes":""},"class_list":["post-412","page","type-page","status-publish","has-post-thumbnail","hentry"],"acf":[],"yoast_head":"<!-- This site is optimized with the Yoast SEO Premium plugin v23.9 (Yoast SEO v27.4) - https:\/\/yoast.com\/product\/yoast-seo-premium-wordpress\/ -->\n<title>Kundber\u00e4ttelser - DNV Imatis.se<\/title>\n<meta name=\"description\" content=\"Kundber\u00e4ttelser, f\u00e5 en inblick i hur andra har anammat digitaltl\u00f6sningar och hur detta har underl\u00e4ttat vardagen.\" \/>\n<meta name=\"robots\" content=\"index, follow, max-snippet:-1, max-image-preview:large, max-video-preview:-1\" \/>\n<link rel=\"canonical\" href=\"https:\/\/dnvimatis.com\/se\/kundberattelser\/\" \/>\n<meta property=\"og:locale\" content=\"sv_SE\" \/>\n<meta property=\"og:type\" content=\"article\" \/>\n<meta property=\"og:title\" content=\"Kundber\u00e4ttelser\" \/>\n<meta property=\"og:description\" content=\"Kundber\u00e4ttelser, f\u00e5 en inblick i hur andra har anammat digitaltl\u00f6sningar och hur detta har underl\u00e4ttat vardagen.\" \/>\n<meta property=\"og:url\" content=\"https:\/\/dnvimatis.com\/se\/kundberattelser\/\" \/>\n<meta property=\"og:site_name\" content=\"DNV Imatis.se\" \/>\n<meta property=\"article:modified_time\" content=\"2023-10-09T13:20:22+00:00\" \/>\n<meta property=\"og:image\" content=\"https:\/\/dnvimatis.com\/se\/wp-content\/uploads\/sites\/4\/2022\/12\/Kinn-kommune.jpg\" \/>\n\t<meta property=\"og:image:width\" content=\"2048\" \/>\n\t<meta property=\"og:image:height\" content=\"1152\" \/>\n\t<meta property=\"og:image:type\" content=\"image\/jpeg\" \/>\n<meta name=\"twitter:card\" content=\"summary_large_image\" \/>\n<meta name=\"twitter:label1\" content=\"Ber\u00e4knad l\u00e4stid\" \/>\n\t<meta name=\"twitter:data1\" content=\"2 minuter\" \/>\n<script type=\"application\/ld+json\" class=\"yoast-schema-graph\">{\"@context\":\"https:\\\/\\\/schema.org\",\"@graph\":[{\"@type\":\"WebPage\",\"@id\":\"https:\\\/\\\/dnvimatis.com\\\/se\\\/kundberattelser\\\/\",\"url\":\"https:\\\/\\\/dnvimatis.com\\\/se\\\/kundberattelser\\\/\",\"name\":\"Kundber\u00e4ttelser - DNV Imatis.se\",\"isPartOf\":{\"@id\":\"https:\\\/\\\/dnvimatis.com\\\/se\\\/#website\"},\"primaryImageOfPage\":{\"@id\":\"https:\\\/\\\/dnvimatis.com\\\/se\\\/kundberattelser\\\/#primaryimage\"},\"image\":{\"@id\":\"https:\\\/\\\/dnvimatis.com\\\/se\\\/kundberattelser\\\/#primaryimage\"},\"thumbnailUrl\":\"https:\\\/\\\/dnvimatis.com\\\/se\\\/wp-content\\\/uploads\\\/sites\\\/4\\\/2022\\\/12\\\/Kinn-kommune.jpg\",\"datePublished\":\"2022-01-11T21:17:01+00:00\",\"dateModified\":\"2023-10-09T13:20:22+00:00\",\"description\":\"Kundber\u00e4ttelser, f\u00e5 en inblick i hur andra har anammat digitaltl\u00f6sningar och hur detta har underl\u00e4ttat vardagen.\",\"breadcrumb\":{\"@id\":\"https:\\\/\\\/dnvimatis.com\\\/se\\\/kundberattelser\\\/#breadcrumb\"},\"inLanguage\":\"sv-SE\",\"potentialAction\":[{\"@type\":\"ReadAction\",\"target\":[\"https:\\\/\\\/dnvimatis.com\\\/se\\\/kundberattelser\\\/\"]}]},{\"@type\":\"ImageObject\",\"inLanguage\":\"sv-SE\",\"@id\":\"https:\\\/\\\/dnvimatis.com\\\/se\\\/kundberattelser\\\/#primaryimage\",\"url\":\"https:\\\/\\\/dnvimatis.com\\\/se\\\/wp-content\\\/uploads\\\/sites\\\/4\\\/2022\\\/12\\\/Kinn-kommune.jpg\",\"contentUrl\":\"https:\\\/\\\/dnvimatis.com\\\/se\\\/wp-content\\\/uploads\\\/sites\\\/4\\\/2022\\\/12\\\/Kinn-kommune.jpg\",\"width\":2048,\"height\":1152,\"caption\":\"Kinn kommune\"},{\"@type\":\"BreadcrumbList\",\"@id\":\"https:\\\/\\\/dnvimatis.com\\\/se\\\/kundberattelser\\\/#breadcrumb\",\"itemListElement\":[{\"@type\":\"ListItem\",\"position\":1,\"name\":\"Home\",\"item\":\"https:\\\/\\\/dnvimatis.com\\\/se\\\/\"},{\"@type\":\"ListItem\",\"position\":2,\"name\":\"Kundber\u00e4ttelser\"}]},{\"@type\":\"WebSite\",\"@id\":\"https:\\\/\\\/dnvimatis.com\\\/se\\\/#website\",\"url\":\"https:\\\/\\\/dnvimatis.com\\\/se\\\/\",\"name\":\"DNV Imatis.se\",\"description\":\"A game changer in healthcare solutions\",\"publisher\":{\"@id\":\"https:\\\/\\\/dnvimatis.com\\\/se\\\/#organization\"},\"potentialAction\":[{\"@type\":\"SearchAction\",\"target\":{\"@type\":\"EntryPoint\",\"urlTemplate\":\"https:\\\/\\\/dnvimatis.com\\\/se\\\/?s={search_term_string}\"},\"query-input\":{\"@type\":\"PropertyValueSpecification\",\"valueRequired\":true,\"valueName\":\"search_term_string\"}}],\"inLanguage\":\"sv-SE\"},{\"@type\":\"Organization\",\"@id\":\"https:\\\/\\\/dnvimatis.com\\\/se\\\/#organization\",\"name\":\"DNV Imatis.se\",\"url\":\"https:\\\/\\\/dnvimatis.com\\\/se\\\/\",\"logo\":{\"@type\":\"ImageObject\",\"inLanguage\":\"sv-SE\",\"@id\":\"https:\\\/\\\/dnvimatis.com\\\/se\\\/#\\\/schema\\\/logo\\\/image\\\/\",\"url\":\"https:\\\/\\\/dnvimatis.com\\\/se\\\/wp-content\\\/uploads\\\/sites\\\/4\\\/2022\\\/02\\\/DNV-Imatis-logo_color-white_RGB.svg\",\"contentUrl\":\"https:\\\/\\\/dnvimatis.com\\\/se\\\/wp-content\\\/uploads\\\/sites\\\/4\\\/2022\\\/02\\\/DNV-Imatis-logo_color-white_RGB.svg\",\"width\":680,\"height\":100,\"caption\":\"DNV Imatis.se\"},\"image\":{\"@id\":\"https:\\\/\\\/dnvimatis.com\\\/se\\\/#\\\/schema\\\/logo\\\/image\\\/\"}}]}<\/script>\n<!-- \/ Yoast SEO Premium plugin. -->","yoast_head_json":{"title":"Kundber\u00e4ttelser - DNV Imatis.se","description":"Kundber\u00e4ttelser, f\u00e5 en inblick i hur andra har anammat digitaltl\u00f6sningar och hur detta har underl\u00e4ttat vardagen.","robots":{"index":"index","follow":"follow","max-snippet":"max-snippet:-1","max-image-preview":"max-image-preview:large","max-video-preview":"max-video-preview:-1"},"canonical":"https:\/\/dnvimatis.com\/se\/kundberattelser\/","og_locale":"sv_SE","og_type":"article","og_title":"Kundber\u00e4ttelser","og_description":"Kundber\u00e4ttelser, f\u00e5 en inblick i hur andra har anammat digitaltl\u00f6sningar och hur detta har underl\u00e4ttat vardagen.","og_url":"https:\/\/dnvimatis.com\/se\/kundberattelser\/","og_site_name":"DNV Imatis.se","article_modified_time":"2023-10-09T13:20:22+00:00","og_image":[{"width":2048,"height":1152,"url":"https:\/\/dnvimatis.com\/se\/wp-content\/uploads\/sites\/4\/2022\/12\/Kinn-kommune.jpg","type":"image\/jpeg"}],"twitter_card":"summary_large_image","twitter_misc":{"Ber\u00e4knad l\u00e4stid":"2 minuter"},"schema":{"@context":"https:\/\/schema.org","@graph":[{"@type":"WebPage","@id":"https:\/\/dnvimatis.com\/se\/kundberattelser\/","url":"https:\/\/dnvimatis.com\/se\/kundberattelser\/","name":"Kundber\u00e4ttelser - DNV Imatis.se","isPartOf":{"@id":"https:\/\/dnvimatis.com\/se\/#website"},"primaryImageOfPage":{"@id":"https:\/\/dnvimatis.com\/se\/kundberattelser\/#primaryimage"},"image":{"@id":"https:\/\/dnvimatis.com\/se\/kundberattelser\/#primaryimage"},"thumbnailUrl":"https:\/\/dnvimatis.com\/se\/wp-content\/uploads\/sites\/4\/2022\/12\/Kinn-kommune.jpg","datePublished":"2022-01-11T21:17:01+00:00","dateModified":"2023-10-09T13:20:22+00:00","description":"Kundber\u00e4ttelser, f\u00e5 en inblick i hur andra har anammat digitaltl\u00f6sningar och hur detta har underl\u00e4ttat vardagen.","breadcrumb":{"@id":"https:\/\/dnvimatis.com\/se\/kundberattelser\/#breadcrumb"},"inLanguage":"sv-SE","potentialAction":[{"@type":"ReadAction","target":["https:\/\/dnvimatis.com\/se\/kundberattelser\/"]}]},{"@type":"ImageObject","inLanguage":"sv-SE","@id":"https:\/\/dnvimatis.com\/se\/kundberattelser\/#primaryimage","url":"https:\/\/dnvimatis.com\/se\/wp-content\/uploads\/sites\/4\/2022\/12\/Kinn-kommune.jpg","contentUrl":"https:\/\/dnvimatis.com\/se\/wp-content\/uploads\/sites\/4\/2022\/12\/Kinn-kommune.jpg","width":2048,"height":1152,"caption":"Kinn kommune"},{"@type":"BreadcrumbList","@id":"https:\/\/dnvimatis.com\/se\/kundberattelser\/#breadcrumb","itemListElement":[{"@type":"ListItem","position":1,"name":"Home","item":"https:\/\/dnvimatis.com\/se\/"},{"@type":"ListItem","position":2,"name":"Kundber\u00e4ttelser"}]},{"@type":"WebSite","@id":"https:\/\/dnvimatis.com\/se\/#website","url":"https:\/\/dnvimatis.com\/se\/","name":"DNV Imatis.se","description":"A game changer in healthcare solutions","publisher":{"@id":"https:\/\/dnvimatis.com\/se\/#organization"},"potentialAction":[{"@type":"SearchAction","target":{"@type":"EntryPoint","urlTemplate":"https:\/\/dnvimatis.com\/se\/?s={search_term_string}"},"query-input":{"@type":"PropertyValueSpecification","valueRequired":true,"valueName":"search_term_string"}}],"inLanguage":"sv-SE"},{"@type":"Organization","@id":"https:\/\/dnvimatis.com\/se\/#organization","name":"DNV Imatis.se","url":"https:\/\/dnvimatis.com\/se\/","logo":{"@type":"ImageObject","inLanguage":"sv-SE","@id":"https:\/\/dnvimatis.com\/se\/#\/schema\/logo\/image\/","url":"https:\/\/dnvimatis.com\/se\/wp-content\/uploads\/sites\/4\/2022\/02\/DNV-Imatis-logo_color-white_RGB.svg","contentUrl":"https:\/\/dnvimatis.com\/se\/wp-content\/uploads\/sites\/4\/2022\/02\/DNV-Imatis-logo_color-white_RGB.svg","width":680,"height":100,"caption":"DNV Imatis.se"},"image":{"@id":"https:\/\/dnvimatis.com\/se\/#\/schema\/logo\/image\/"}}]}},"publishpress_future_action":{"enabled":false,"date":"2026-05-12 16:59:02","action":"change-status","newStatus":"draft","terms":[],"taxonomy":"","extraData":[]},"publishpress_future_workflow_manual_trigger":{"enabledWorkflows":[]},"_links":{"self":[{"href":"https:\/\/dnvimatis.com\/se\/wp-json\/wp\/v2\/pages\/412","targetHints":{"allow":["GET"]}}],"collection":[{"href":"https:\/\/dnvimatis.com\/se\/wp-json\/wp\/v2\/pages"}],"about":[{"href":"https:\/\/dnvimatis.com\/se\/wp-json\/wp\/v2\/types\/page"}],"author":[{"embeddable":true,"href":"https:\/\/dnvimatis.com\/se\/wp-json\/wp\/v2\/users\/1"}],"replies":[{"embeddable":true,"href":"https:\/\/dnvimatis.com\/se\/wp-json\/wp\/v2\/comments?post=412"}],"version-history":[{"count":75,"href":"https:\/\/dnvimatis.com\/se\/wp-json\/wp\/v2\/pages\/412\/revisions"}],"predecessor-version":[{"id":9019,"href":"https:\/\/dnvimatis.com\/se\/wp-json\/wp\/v2\/pages\/412\/revisions\/9019"}],"wp:featuredmedia":[{"embeddable":true,"href":"https:\/\/dnvimatis.com\/se\/wp-json\/wp\/v2\/media\/6198"}],"wp:attachment":[{"href":"https:\/\/dnvimatis.com\/se\/wp-json\/wp\/v2\/media?parent=412"}],"curies":[{"name":"wp","href":"https:\/\/api.w.org\/{rel}","templated":true}]}}