{"id":8846,"date":"2023-11-06T12:31:21","date_gmt":"2023-11-06T12:31:21","guid":{"rendered":"https:\/\/dnvimatis.com\/no\/?page_id=8846"},"modified":"2025-06-23T07:59:11","modified_gmt":"2025-06-23T06:59:11","slug":"personvern-og-informasjonssikkerhet","status":"publish","type":"page","link":"https:\/\/dnvimatis.com\/no\/om-oss\/personvern-og-informasjonssikkerhet\/","title":{"rendered":"Etterlevelse av etikk, personvern og informasjonssikkerhet"},"content":{"rendered":"\t\t<div data-elementor-type=\"wp-page\" data-elementor-id=\"8846\" class=\"elementor elementor-8846\" data-elementor-post-type=\"page\">\n\t\t\t\t\t\t<section class=\"elementor-section elementor-top-section elementor-element elementor-element-6b468808 elementor-section-height-min-height elementor-section-boxed elementor-section-height-default elementor-section-items-middle\" data-id=\"6b468808\" data-element_type=\"section\" data-e-type=\"section\">\n\t\t\t\t\t\t<div class=\"elementor-container elementor-column-gap-wider\">\n\t\t\t\t\t<div class=\"elementor-column elementor-col-100 elementor-top-column elementor-element elementor-element-f4faca8\" data-id=\"f4faca8\" data-element_type=\"column\" data-e-type=\"column\">\n\t\t\t<div class=\"elementor-widget-wrap elementor-element-populated\">\n\t\t\t\t\t\t<div class=\"elementor-element elementor-element-6cabe69a elementor-widget elementor-widget-heading\" data-id=\"6cabe69a\" data-element_type=\"widget\" data-e-type=\"widget\" data-widget_type=\"heading.default\">\n\t\t\t\t<div class=\"elementor-widget-container\">\n\t\t\t\t\t<h4 class=\"elementor-heading-title elementor-size-default\">DNV Imatis har alltid anerkjent etikk, personvern og informasjonssikkerhet som viktige hj\u00f8rnesteiner i v\u00e5re tjenester. Disse prinsippene ligger til grunn for alt vi gj\u00f8r, fra utforming av nye funksjoner til valg av leverand\u00f8rer. \u00c5 opprettholde en solid og kontinuerlig oppdatert informasjonssikkerhet er en forutsetning for at vi skal kunne levere v\u00e5re tjenester til prim\u00e6r- og sekund\u00e6rhelsetjenesten og deres pasienter.<\/h4>\t\t\t\t<\/div>\n\t\t\t\t<\/div>\n\t\t\t\t<div class=\"elementor-element elementor-element-22b8649 elementor-widget elementor-widget-heading\" data-id=\"22b8649\" data-element_type=\"widget\" data-e-type=\"widget\" data-widget_type=\"heading.default\">\n\t\t\t\t<div class=\"elementor-widget-container\">\n\t\t\t\t\t<h4 class=\"elementor-heading-title elementor-size-default\">Normen<\/h4>\t\t\t\t<\/div>\n\t\t\t\t<\/div>\n\t\t\t\t<div class=\"elementor-element elementor-element-370030cb elementor-widget elementor-widget-text-editor\" data-id=\"370030cb\" data-element_type=\"widget\" data-e-type=\"widget\" data-widget_type=\"text-editor.default\">\n\t\t\t\t<div class=\"elementor-widget-container\">\n\t\t\t\t\t\t\t\t\t<p>Direktoratet for e-helse fungerer som en underordnet enhet under Helse- og omsorgsdepartementet. De har utviklet en spesifikk bransjestandard for personvern og informasjonssikkerhet, som gjelder for alle organisasjoner og virksomheter innen helsesektoren. V\u00e5r etterlevelse av disse standardene kan bli underlagt revisjon av Norsk Helsenett.<\/p>\t\t\t\t\t\t\t\t<\/div>\n\t\t\t\t<\/div>\n\t\t\t\t<section class=\"elementor-section elementor-inner-section elementor-element elementor-element-51342bfc elementor-section-boxed elementor-section-height-default elementor-section-height-default\" data-id=\"51342bfc\" data-element_type=\"section\" data-e-type=\"section\">\n\t\t\t\t\t\t<div class=\"elementor-container elementor-column-gap-wider\">\n\t\t\t\t\t<div class=\"elementor-column elementor-col-50 elementor-inner-column elementor-element elementor-element-595428\" data-id=\"595428\" data-element_type=\"column\" data-e-type=\"column\">\n\t\t\t<div class=\"elementor-widget-wrap elementor-element-populated\">\n\t\t\t\t\t\t<div class=\"elementor-element elementor-element-79b3ded4 elementor-widget elementor-widget-image\" data-id=\"79b3ded4\" data-element_type=\"widget\" data-e-type=\"widget\" data-widget_type=\"image.default\">\n\t\t\t\t<div class=\"elementor-widget-container\">\n\t\t\t\t\t\t\t\t\t\t\t\t\t\t\t<img fetchpriority=\"high\" decoding=\"async\" width=\"600\" height=\"700\" src=\"https:\/\/dnvimatis.com\/no\/wp-content\/uploads\/sites\/2\/2023\/11\/Compliance-600x700-1.jpg\" class=\"attachment-large size-large wp-image-8849\" alt=\"Personvern og informasjonssikkerhet\" srcset=\"https:\/\/dnvimatis.com\/no\/wp-content\/uploads\/sites\/2\/2023\/11\/Compliance-600x700-1.jpg 600w, https:\/\/dnvimatis.com\/no\/wp-content\/uploads\/sites\/2\/2023\/11\/Compliance-600x700-1-257x300.jpg 257w\" sizes=\"(max-width: 600px) 100vw, 600px\" \/>\t\t\t\t\t\t\t\t\t\t\t\t\t\t\t<\/div>\n\t\t\t\t<\/div>\n\t\t\t\t\t<\/div>\n\t\t<\/div>\n\t\t\t\t<div class=\"elementor-column elementor-col-50 elementor-inner-column elementor-element elementor-element-11f8da14\" data-id=\"11f8da14\" data-element_type=\"column\" data-e-type=\"column\">\n\t\t\t<div class=\"elementor-widget-wrap elementor-element-populated\">\n\t\t\t\t\t\t<div class=\"elementor-element elementor-element-13bb322 elementor-widget elementor-widget-heading\" data-id=\"13bb322\" data-element_type=\"widget\" data-e-type=\"widget\" data-widget_type=\"heading.default\">\n\t\t\t\t<div class=\"elementor-widget-container\">\n\t\t\t\t\t<h4 class=\"elementor-heading-title elementor-size-default\">Informasjonssikkerhet<\/h4>\t\t\t\t<\/div>\n\t\t\t\t<\/div>\n\t\t\t\t<div class=\"elementor-element elementor-element-1356526c elementor-widget elementor-widget-text-editor\" data-id=\"1356526c\" data-element_type=\"widget\" data-e-type=\"widget\" data-widget_type=\"text-editor.default\">\n\t\t\t\t<div class=\"elementor-widget-container\">\n\t\t\t\t\t\t\t\t\t<p>Som en del av v\u00e5rt forpliktelse til informasjonssikkerhet, er vi ISO 27001:2022-sertifisert, tildelt av Kiwa AS, med p\u00e5krevd resertifisering hvert tredje \u00e5r og \u00e5rlige oppf\u00f8lgingsrevisjoner.<\/p><p>V\u00e5rt helhetlige system for styring av informasjonssikkerhet er konstruert for \u00e5 samsvare med flere standarder, inkludert ISO 27001:2022 (Krav til styringssystem for informasjonssikkerhet), retningslinjer i ISO 27017:2021 (Anbefalinger for informasjonssikkerhetskontroller for skytjenester), ISO 27018:2019 (Beskyttelse av personlig identifiserbar informasjon i offentlige skytjenester som fungerer som PII-behandlere), samt Normen.<\/p><p>Ved \u00e5 tilpasse oss disse omfattende perspektivene, rustes vi med en rekke verkt\u00f8y og tiltak for kontinuerlig forbedring og oppdatering av v\u00e5rt sikkerhetsniv\u00e5.<\/p>\t\t\t\t\t\t\t\t<\/div>\n\t\t\t\t<\/div>\n\t\t\t\t\t<\/div>\n\t\t<\/div>\n\t\t\t\t\t<\/div>\n\t\t<\/section>\n\t\t\t\t<div class=\"elementor-element elementor-element-8437751 elementor-widget elementor-widget-text-editor\" data-id=\"8437751\" data-element_type=\"widget\" data-e-type=\"widget\" data-widget_type=\"text-editor.default\">\n\t\t\t\t<div class=\"elementor-widget-container\">\n\t\t\t\t\t\t\t\t\t<p>V\u00e5re m\u00e5l for informasjonssikkerhet omfatter:<br \/>1. \u00c5 unng\u00e5 vesentlige brudd som kan eksponere personverndata fra v\u00e5re systemer. <br \/>2. \u00c5 s\u00f8rge for at minimum 95% av v\u00e5re ansatte gjennomf\u00f8rer \u00e5rlig oppl\u00e6ring i cybersikkerhet og informasjonssikkerhet.<\/p>\t\t\t\t\t\t\t\t<\/div>\n\t\t\t\t<\/div>\n\t\t\t\t<div class=\"elementor-element elementor-element-8efcaa7 elementor-widget elementor-widget-heading\" data-id=\"8efcaa7\" data-element_type=\"widget\" data-e-type=\"widget\" data-widget_type=\"heading.default\">\n\t\t\t\t<div class=\"elementor-widget-container\">\n\t\t\t\t\t<h4 class=\"elementor-heading-title elementor-size-default\">\u00c5penhetsloven<\/h4>\t\t\t\t<\/div>\n\t\t\t\t<\/div>\n\t\t\t\t<div class=\"elementor-element elementor-element-be7ef3e elementor-widget elementor-widget-text-editor\" data-id=\"be7ef3e\" data-element_type=\"widget\" data-e-type=\"widget\" data-widget_type=\"text-editor.default\">\n\t\t\t\t<div class=\"elementor-widget-container\">\n\t\t\t\t\t\t\t\t\t<p>\u00c5penhetsloven p\u00e5virker v\u00e5rt samspill med leverand\u00f8rer og samarbeidspartnere. For mer innsikt i hvordan vi h\u00e5ndterer dette temaet og for \u00e5 lese v\u00e5re redegj\u00f8relser, kan du bes\u00f8ke lese mer her: <a href=\"https:\/\/dnvimatis.com\/no\/om-oss\/vart-samfunnsansvar\/\">V\u00e5rt samfunnsansvar<\/a><\/p>\t\t\t\t\t\t\t\t<\/div>\n\t\t\t\t<\/div>\n\t\t\t\t<div class=\"elementor-element elementor-element-e040062 elementor-widget elementor-widget-heading\" data-id=\"e040062\" data-element_type=\"widget\" data-e-type=\"widget\" data-widget_type=\"heading.default\">\n\t\t\t\t<div class=\"elementor-widget-container\">\n\t\t\t\t\t<h4 class=\"elementor-heading-title elementor-size-default\">Kvalitet<\/h4>\t\t\t\t<\/div>\n\t\t\t\t<\/div>\n\t\t\t\t<div class=\"elementor-element elementor-element-d61ad0a elementor-widget elementor-widget-text-editor\" data-id=\"d61ad0a\" data-element_type=\"widget\" data-e-type=\"widget\" data-widget_type=\"text-editor.default\">\n\t\t\t\t<div class=\"elementor-widget-container\">\n\t\t\t\t\t\t\t\t\t<p>Hos DNV Imatis er vi forpliktet til \u00e5 levere h\u00f8ykvalitets programvarel\u00f8sninger som m\u00f8ter v\u00e5re kunders behov og bidrar til forbedrede helsetjenester. <span data-olk-copy-source=\"MessageBody\">V\u00e5r kvalitetspolicy beskriver v\u00e5r etterlevelse av kvalitet, kontinuerlig forbedring og samsvar med kravene i kvalitetsstyringsstandarden ISO 9001:2015.<\/span><\/p><p>V\u00e5re prim\u00e6re kvalitetsm\u00e5l inkluderer:<\/p><ul><li><strong>Kundetilfredshet<\/strong> <br \/><span data-olk-copy-source=\"MessageBody\">Sikre at v\u00e5re programvarel\u00f8sninger oppfyller kundenes forventninger ved \u00e5 tilby p\u00e5litelige, effektive og brukervennlige l\u00f8sninger. I tillegg s\u00f8rge for at v\u00e5re hovedprosesser leveres med forventet kvalitet og effektivitet.<\/span><\/li><li><strong>Proseseffektivitet<\/strong> <br \/><span data-olk-copy-source=\"MessageBody\">Kontinuerlig forbedre v\u00e5re hovedprosesser for \u00e5 forbedre effektiviteten og redusere feil.<\/span><\/li><li><strong>Etterlevelse<\/strong><br \/><span data-olk-copy-source=\"MessageBody\">Overholde ISO 9001:2015 krav og alle andre relevante forskrifter og sertifiseringer vi er p\u00e5budt.<\/span><\/li><\/ul>\t\t\t\t\t\t\t\t<\/div>\n\t\t\t\t<\/div>\n\t\t\t\t<div class=\"elementor-element elementor-element-10f7e6c2 elementor-widget elementor-widget-text-editor\" data-id=\"10f7e6c2\" data-element_type=\"widget\" data-e-type=\"widget\" data-widget_type=\"text-editor.default\">\n\t\t\t\t<div class=\"elementor-widget-container\">\n\t\t\t\t\t\t\t\t\t<p>Ikke n\u00f8l med \u00e5 kontakte oss p\u00e5 <a href=\"mailto:compliance@dnvimatis.com\">compliance@dnvimatis.com <\/a>dersom du har sp\u00f8rsm\u00e5l eller beh\u00f8ver ytterligere informasjon.<\/p>\t\t\t\t\t\t\t\t<\/div>\n\t\t\t\t<\/div>\n\t\t\t\t\t<\/div>\n\t\t<\/div>\n\t\t\t\t\t<\/div>\n\t\t<\/section>\n\t\t\t\t<\/div>\n\t\t","protected":false},"excerpt":{"rendered":"<p>DNV Imatis har alltid anerkjent etikk, personvern og informasjonssikkerhet som viktige hj\u00f8rnesteiner i v\u00e5re tjenester. Disse prinsippene ligger til grunn for alt vi gj\u00f8r, fra utforming av nye funksjoner til valg av leverand\u00f8rer. \u00c5 opprettholde en solid og kontinuerlig oppdatert informasjonssikkerhet er en forutsetning for at vi skal kunne levere v\u00e5re tjenester til prim\u00e6r- og [&hellip;]<\/p>\n","protected":false},"author":2,"featured_media":8847,"parent":447,"menu_order":0,"comment_status":"closed","ping_status":"closed","template":"elementor_header_footer","meta":{"_acf_changed":false,"_mo_disable_npp":"","footnotes":""},"class_list":["post-8846","page","type-page","status-publish","has-post-thumbnail","hentry"],"acf":[],"yoast_head":"<!-- This site is optimized with the Yoast SEO Premium plugin v23.9 (Yoast SEO v27.4) - https:\/\/yoast.com\/product\/yoast-seo-premium-wordpress\/ -->\n<title>Etterlevelse av etikk, personvern og informasjonssikkerhet<\/title>\n<meta name=\"description\" content=\"Personvern og informasjonssikkerhet ligger til grunn for alt vi gj\u00f8r, fra utforming av nye funksjoner til valg av leverand\u00f8rer.\" \/>\n<meta name=\"robots\" content=\"index, follow, max-snippet:-1, max-image-preview:large, max-video-preview:-1\" \/>\n<link rel=\"canonical\" href=\"https:\/\/dnvimatis.com\/no\/om-oss\/personvern-og-informasjonssikkerhet\/\" \/>\n<meta property=\"og:locale\" content=\"nb_NO\" \/>\n<meta property=\"og:type\" content=\"article\" \/>\n<meta property=\"og:title\" content=\"Etterlevelse av etikk, personvern og informasjonssikkerhet\" \/>\n<meta property=\"og:description\" content=\"Personvern og informasjonssikkerhet ligger til grunn for alt vi gj\u00f8r, fra utforming av nye funksjoner til valg av leverand\u00f8rer.\" \/>\n<meta property=\"og:url\" content=\"https:\/\/dnvimatis.com\/no\/om-oss\/personvern-og-informasjonssikkerhet\/\" \/>\n<meta property=\"og:site_name\" content=\"DNV Imatis.no\" \/>\n<meta property=\"article:modified_time\" content=\"2025-06-23T06:59:11+00:00\" \/>\n<meta property=\"og:image\" content=\"https:\/\/dnvimatis.com\/no\/wp-content\/uploads\/sites\/2\/2023\/11\/Compliance.jpg\" \/>\n\t<meta property=\"og:image:width\" content=\"2048\" \/>\n\t<meta property=\"og:image:height\" content=\"1152\" \/>\n\t<meta property=\"og:image:type\" content=\"image\/jpeg\" \/>\n<meta name=\"twitter:card\" content=\"summary_large_image\" \/>\n<meta name=\"twitter:label1\" content=\"Ansl. lesetid\" \/>\n\t<meta name=\"twitter:data1\" content=\"3 minutter\" \/>\n<script type=\"application\/ld+json\" class=\"yoast-schema-graph\">{\"@context\":\"https:\\\/\\\/schema.org\",\"@graph\":[{\"@type\":\"WebPage\",\"@id\":\"https:\\\/\\\/dnvimatis.com\\\/no\\\/om-oss\\\/personvern-og-informasjonssikkerhet\\\/\",\"url\":\"https:\\\/\\\/dnvimatis.com\\\/no\\\/om-oss\\\/personvern-og-informasjonssikkerhet\\\/\",\"name\":\"Etterlevelse av etikk, personvern og informasjonssikkerhet\",\"isPartOf\":{\"@id\":\"https:\\\/\\\/dnvimatis.com\\\/no\\\/#website\"},\"primaryImageOfPage\":{\"@id\":\"https:\\\/\\\/dnvimatis.com\\\/no\\\/om-oss\\\/personvern-og-informasjonssikkerhet\\\/#primaryimage\"},\"image\":{\"@id\":\"https:\\\/\\\/dnvimatis.com\\\/no\\\/om-oss\\\/personvern-og-informasjonssikkerhet\\\/#primaryimage\"},\"thumbnailUrl\":\"https:\\\/\\\/dnvimatis.com\\\/no\\\/wp-content\\\/uploads\\\/sites\\\/2\\\/2023\\\/11\\\/Compliance.jpg\",\"datePublished\":\"2023-11-06T12:31:21+00:00\",\"dateModified\":\"2025-06-23T06:59:11+00:00\",\"description\":\"Personvern og informasjonssikkerhet ligger til grunn for alt vi gj\u00f8r, fra utforming av nye funksjoner til valg av leverand\u00f8rer.\",\"breadcrumb\":{\"@id\":\"https:\\\/\\\/dnvimatis.com\\\/no\\\/om-oss\\\/personvern-og-informasjonssikkerhet\\\/#breadcrumb\"},\"inLanguage\":\"nb-NO\",\"potentialAction\":[{\"@type\":\"ReadAction\",\"target\":[\"https:\\\/\\\/dnvimatis.com\\\/no\\\/om-oss\\\/personvern-og-informasjonssikkerhet\\\/\"]}]},{\"@type\":\"ImageObject\",\"inLanguage\":\"nb-NO\",\"@id\":\"https:\\\/\\\/dnvimatis.com\\\/no\\\/om-oss\\\/personvern-og-informasjonssikkerhet\\\/#primaryimage\",\"url\":\"https:\\\/\\\/dnvimatis.com\\\/no\\\/wp-content\\\/uploads\\\/sites\\\/2\\\/2023\\\/11\\\/Compliance.jpg\",\"contentUrl\":\"https:\\\/\\\/dnvimatis.com\\\/no\\\/wp-content\\\/uploads\\\/sites\\\/2\\\/2023\\\/11\\\/Compliance.jpg\",\"width\":2048,\"height\":1152,\"caption\":\"Personvern og informasjonssikkerhet\"},{\"@type\":\"BreadcrumbList\",\"@id\":\"https:\\\/\\\/dnvimatis.com\\\/no\\\/om-oss\\\/personvern-og-informasjonssikkerhet\\\/#breadcrumb\",\"itemListElement\":[{\"@type\":\"ListItem\",\"position\":1,\"name\":\"Home\",\"item\":\"https:\\\/\\\/dnvimatis.com\\\/no\\\/\"},{\"@type\":\"ListItem\",\"position\":2,\"name\":\"Om oss\",\"item\":\"https:\\\/\\\/dnvimatis.com\\\/no\\\/om-oss\\\/\"},{\"@type\":\"ListItem\",\"position\":3,\"name\":\"Etterlevelse av etikk, personvern og informasjonssikkerhet\"}]},{\"@type\":\"WebSite\",\"@id\":\"https:\\\/\\\/dnvimatis.com\\\/no\\\/#website\",\"url\":\"https:\\\/\\\/dnvimatis.com\\\/no\\\/\",\"name\":\"DNV Imatis.no\",\"description\":\"A game changer in healthcare solutions\",\"publisher\":{\"@id\":\"https:\\\/\\\/dnvimatis.com\\\/no\\\/#organization\"},\"potentialAction\":[{\"@type\":\"SearchAction\",\"target\":{\"@type\":\"EntryPoint\",\"urlTemplate\":\"https:\\\/\\\/dnvimatis.com\\\/no\\\/?s={search_term_string}\"},\"query-input\":{\"@type\":\"PropertyValueSpecification\",\"valueRequired\":true,\"valueName\":\"search_term_string\"}}],\"inLanguage\":\"nb-NO\"},{\"@type\":\"Organization\",\"@id\":\"https:\\\/\\\/dnvimatis.com\\\/no\\\/#organization\",\"name\":\"DNV Imatis.no\",\"url\":\"https:\\\/\\\/dnvimatis.com\\\/no\\\/\",\"logo\":{\"@type\":\"ImageObject\",\"inLanguage\":\"nb-NO\",\"@id\":\"https:\\\/\\\/dnvimatis.com\\\/no\\\/#\\\/schema\\\/logo\\\/image\\\/\",\"url\":\"https:\\\/\\\/dnvimatis.com\\\/no\\\/wp-content\\\/uploads\\\/sites\\\/2\\\/2022\\\/02\\\/DNV-Imatis-logo_color-white_RGB.svg\",\"contentUrl\":\"https:\\\/\\\/dnvimatis.com\\\/no\\\/wp-content\\\/uploads\\\/sites\\\/2\\\/2022\\\/02\\\/DNV-Imatis-logo_color-white_RGB.svg\",\"width\":680,\"height\":100,\"caption\":\"DNV Imatis.no\"},\"image\":{\"@id\":\"https:\\\/\\\/dnvimatis.com\\\/no\\\/#\\\/schema\\\/logo\\\/image\\\/\"}}]}<\/script>\n<!-- \/ Yoast SEO Premium plugin. -->","yoast_head_json":{"title":"Etterlevelse av etikk, personvern og informasjonssikkerhet","description":"Personvern og informasjonssikkerhet ligger til grunn for alt vi gj\u00f8r, fra utforming av nye funksjoner til valg av leverand\u00f8rer.","robots":{"index":"index","follow":"follow","max-snippet":"max-snippet:-1","max-image-preview":"max-image-preview:large","max-video-preview":"max-video-preview:-1"},"canonical":"https:\/\/dnvimatis.com\/no\/om-oss\/personvern-og-informasjonssikkerhet\/","og_locale":"nb_NO","og_type":"article","og_title":"Etterlevelse av etikk, personvern og informasjonssikkerhet","og_description":"Personvern og informasjonssikkerhet ligger til grunn for alt vi gj\u00f8r, fra utforming av nye funksjoner til valg av leverand\u00f8rer.","og_url":"https:\/\/dnvimatis.com\/no\/om-oss\/personvern-og-informasjonssikkerhet\/","og_site_name":"DNV Imatis.no","article_modified_time":"2025-06-23T06:59:11+00:00","og_image":[{"width":2048,"height":1152,"url":"https:\/\/dnvimatis.com\/no\/wp-content\/uploads\/sites\/2\/2023\/11\/Compliance.jpg","type":"image\/jpeg"}],"twitter_card":"summary_large_image","twitter_misc":{"Ansl. lesetid":"3 minutter"},"schema":{"@context":"https:\/\/schema.org","@graph":[{"@type":"WebPage","@id":"https:\/\/dnvimatis.com\/no\/om-oss\/personvern-og-informasjonssikkerhet\/","url":"https:\/\/dnvimatis.com\/no\/om-oss\/personvern-og-informasjonssikkerhet\/","name":"Etterlevelse av etikk, personvern og informasjonssikkerhet","isPartOf":{"@id":"https:\/\/dnvimatis.com\/no\/#website"},"primaryImageOfPage":{"@id":"https:\/\/dnvimatis.com\/no\/om-oss\/personvern-og-informasjonssikkerhet\/#primaryimage"},"image":{"@id":"https:\/\/dnvimatis.com\/no\/om-oss\/personvern-og-informasjonssikkerhet\/#primaryimage"},"thumbnailUrl":"https:\/\/dnvimatis.com\/no\/wp-content\/uploads\/sites\/2\/2023\/11\/Compliance.jpg","datePublished":"2023-11-06T12:31:21+00:00","dateModified":"2025-06-23T06:59:11+00:00","description":"Personvern og informasjonssikkerhet ligger til grunn for alt vi gj\u00f8r, fra utforming av nye funksjoner til valg av leverand\u00f8rer.","breadcrumb":{"@id":"https:\/\/dnvimatis.com\/no\/om-oss\/personvern-og-informasjonssikkerhet\/#breadcrumb"},"inLanguage":"nb-NO","potentialAction":[{"@type":"ReadAction","target":["https:\/\/dnvimatis.com\/no\/om-oss\/personvern-og-informasjonssikkerhet\/"]}]},{"@type":"ImageObject","inLanguage":"nb-NO","@id":"https:\/\/dnvimatis.com\/no\/om-oss\/personvern-og-informasjonssikkerhet\/#primaryimage","url":"https:\/\/dnvimatis.com\/no\/wp-content\/uploads\/sites\/2\/2023\/11\/Compliance.jpg","contentUrl":"https:\/\/dnvimatis.com\/no\/wp-content\/uploads\/sites\/2\/2023\/11\/Compliance.jpg","width":2048,"height":1152,"caption":"Personvern og informasjonssikkerhet"},{"@type":"BreadcrumbList","@id":"https:\/\/dnvimatis.com\/no\/om-oss\/personvern-og-informasjonssikkerhet\/#breadcrumb","itemListElement":[{"@type":"ListItem","position":1,"name":"Home","item":"https:\/\/dnvimatis.com\/no\/"},{"@type":"ListItem","position":2,"name":"Om oss","item":"https:\/\/dnvimatis.com\/no\/om-oss\/"},{"@type":"ListItem","position":3,"name":"Etterlevelse av etikk, personvern og informasjonssikkerhet"}]},{"@type":"WebSite","@id":"https:\/\/dnvimatis.com\/no\/#website","url":"https:\/\/dnvimatis.com\/no\/","name":"DNV Imatis.no","description":"A game changer in healthcare solutions","publisher":{"@id":"https:\/\/dnvimatis.com\/no\/#organization"},"potentialAction":[{"@type":"SearchAction","target":{"@type":"EntryPoint","urlTemplate":"https:\/\/dnvimatis.com\/no\/?s={search_term_string}"},"query-input":{"@type":"PropertyValueSpecification","valueRequired":true,"valueName":"search_term_string"}}],"inLanguage":"nb-NO"},{"@type":"Organization","@id":"https:\/\/dnvimatis.com\/no\/#organization","name":"DNV Imatis.no","url":"https:\/\/dnvimatis.com\/no\/","logo":{"@type":"ImageObject","inLanguage":"nb-NO","@id":"https:\/\/dnvimatis.com\/no\/#\/schema\/logo\/image\/","url":"https:\/\/dnvimatis.com\/no\/wp-content\/uploads\/sites\/2\/2022\/02\/DNV-Imatis-logo_color-white_RGB.svg","contentUrl":"https:\/\/dnvimatis.com\/no\/wp-content\/uploads\/sites\/2\/2022\/02\/DNV-Imatis-logo_color-white_RGB.svg","width":680,"height":100,"caption":"DNV Imatis.no"},"image":{"@id":"https:\/\/dnvimatis.com\/no\/#\/schema\/logo\/image\/"}}]}},"publishpress_future_action":{"enabled":false,"date":"2026-04-30 19:38:48","action":"change-status","newStatus":"draft","terms":[],"taxonomy":"","extraData":[]},"publishpress_future_workflow_manual_trigger":{"enabledWorkflows":[]},"_links":{"self":[{"href":"https:\/\/dnvimatis.com\/no\/wp-json\/wp\/v2\/pages\/8846","targetHints":{"allow":["GET"]}}],"collection":[{"href":"https:\/\/dnvimatis.com\/no\/wp-json\/wp\/v2\/pages"}],"about":[{"href":"https:\/\/dnvimatis.com\/no\/wp-json\/wp\/v2\/types\/page"}],"author":[{"embeddable":true,"href":"https:\/\/dnvimatis.com\/no\/wp-json\/wp\/v2\/users\/2"}],"replies":[{"embeddable":true,"href":"https:\/\/dnvimatis.com\/no\/wp-json\/wp\/v2\/comments?post=8846"}],"version-history":[{"count":20,"href":"https:\/\/dnvimatis.com\/no\/wp-json\/wp\/v2\/pages\/8846\/revisions"}],"predecessor-version":[{"id":13536,"href":"https:\/\/dnvimatis.com\/no\/wp-json\/wp\/v2\/pages\/8846\/revisions\/13536"}],"up":[{"embeddable":true,"href":"https:\/\/dnvimatis.com\/no\/wp-json\/wp\/v2\/pages\/447"}],"wp:featuredmedia":[{"embeddable":true,"href":"https:\/\/dnvimatis.com\/no\/wp-json\/wp\/v2\/media\/8847"}],"wp:attachment":[{"href":"https:\/\/dnvimatis.com\/no\/wp-json\/wp\/v2\/media?parent=8846"}],"curies":[{"name":"wp","href":"https:\/\/api.w.org\/{rel}","templated":true}]}}