{"id":8442,"date":"2023-06-23T12:57:45","date_gmt":"2023-06-23T12:57:45","guid":{"rendered":"https:\/\/dnvimatis.com\/no\/?page_id=8442"},"modified":"2025-07-28T16:49:15","modified_gmt":"2025-07-28T15:49:15","slug":"vart-samfunnsansvar","status":"publish","type":"page","link":"https:\/\/dnvimatis.com\/no\/om-oss\/vart-samfunnsansvar\/","title":{"rendered":"V\u00e5rt samfunnsansvar"},"content":{"rendered":"\t\t<div data-elementor-type=\"wp-page\" data-elementor-id=\"8442\" class=\"elementor elementor-8442\" data-elementor-post-type=\"page\">\n\t\t\t\t\t\t<section class=\"elementor-section elementor-top-section elementor-element elementor-element-6b468808 elementor-section-height-min-height elementor-section-boxed elementor-section-height-default elementor-section-items-middle\" data-id=\"6b468808\" data-element_type=\"section\" data-e-type=\"section\">\n\t\t\t\t\t\t<div class=\"elementor-container elementor-column-gap-wider\">\n\t\t\t\t\t<div class=\"elementor-column elementor-col-100 elementor-top-column elementor-element elementor-element-f4faca8\" data-id=\"f4faca8\" data-element_type=\"column\" data-e-type=\"column\">\n\t\t\t<div class=\"elementor-widget-wrap elementor-element-populated\">\n\t\t\t\t\t\t<div class=\"elementor-element elementor-element-6cabe69a elementor-widget elementor-widget-heading\" data-id=\"6cabe69a\" data-element_type=\"widget\" data-e-type=\"widget\" data-widget_type=\"heading.default\">\n\t\t\t\t<div class=\"elementor-widget-container\">\n\t\t\t\t\t<h4 class=\"elementor-heading-title elementor-size-default\">DNV Imatis med sine datterselskaper stiller krav til at v\u00e5re leverand\u00f8rer og partnere skal etterleve menneskerettigheter og redusere eget klimafotavtrykk. Vi utf\u00f8rer aktsomhetsvurderinger i tr\u00e5d med OECDs retningslinjer b\u00e5de for egen virksomhet og v\u00e5re samarbeidspartnere og leverand\u00f8rer. Vi har samtidig en tydelig forventning om at alle vi samarbeider med gj\u00f8r det samme for sine underleverand\u00f8rer.<\/h4>\t\t\t\t<\/div>\n\t\t\t\t<\/div>\n\t\t\t\t<div class=\"elementor-element elementor-element-370030cb elementor-widget elementor-widget-text-editor\" data-id=\"370030cb\" data-element_type=\"widget\" data-e-type=\"widget\" data-widget_type=\"text-editor.default\">\n\t\t\t\t<div class=\"elementor-widget-container\">\n\t\t\t\t\t\t\t\t\t<p>Som en del av v\u00e5rt samfunnsansvar skal aktsomhetsvurderingene sette oss i stand til \u00e5 identifisere, prioritere og h\u00e5ndtere negative virkninger p\u00e5 mennesker i v\u00e5re verdikjeder, enten de oppst\u00e5r direkte i v\u00e5re egne virksomheter eller indirekte gjennom v\u00e5re leverand\u00f8rer eller forretningspartnere. Vi har etablert en metodikk for risikovurdering rundt menneskerettigheter og arbeidstakerrettigheter, og i kartleggingen benyttes blant annet anskaffelser.no og unepfi.org for \u00e5 klassifisere leverand\u00f8rer innenfor geografisk omr\u00e5de og innkj\u00f8pskategori.<\/p>\t\t\t\t\t\t\t\t<\/div>\n\t\t\t\t<\/div>\n\t\t\t\t<section class=\"elementor-section elementor-inner-section elementor-element elementor-element-51342bfc elementor-section-boxed elementor-section-height-default elementor-section-height-default\" data-id=\"51342bfc\" data-element_type=\"section\" data-e-type=\"section\">\n\t\t\t\t\t\t<div class=\"elementor-container elementor-column-gap-wider\">\n\t\t\t\t\t<div class=\"elementor-column elementor-col-50 elementor-inner-column elementor-element elementor-element-595428\" data-id=\"595428\" data-element_type=\"column\" data-e-type=\"column\">\n\t\t\t<div class=\"elementor-widget-wrap elementor-element-populated\">\n\t\t\t\t\t\t<div class=\"elementor-element elementor-element-79b3ded4 elementor-widget elementor-widget-image\" data-id=\"79b3ded4\" data-element_type=\"widget\" data-e-type=\"widget\" data-widget_type=\"image.default\">\n\t\t\t\t<div class=\"elementor-widget-container\">\n\t\t\t\t\t\t\t\t\t\t\t\t\t\t\t<img fetchpriority=\"high\" decoding=\"async\" width=\"600\" height=\"700\" src=\"https:\/\/dnvimatis.com\/no\/wp-content\/uploads\/sites\/2\/2023\/06\/Vart-samfunnsansvar.jpg\" class=\"attachment-large size-large wp-image-8445\" alt=\"V\u00e5rt samfunnsansvar\" srcset=\"https:\/\/dnvimatis.com\/no\/wp-content\/uploads\/sites\/2\/2023\/06\/Vart-samfunnsansvar.jpg 600w, https:\/\/dnvimatis.com\/no\/wp-content\/uploads\/sites\/2\/2023\/06\/Vart-samfunnsansvar-257x300.jpg 257w\" sizes=\"(max-width: 600px) 100vw, 600px\" \/>\t\t\t\t\t\t\t\t\t\t\t\t\t\t\t<\/div>\n\t\t\t\t<\/div>\n\t\t\t\t\t<\/div>\n\t\t<\/div>\n\t\t\t\t<div class=\"elementor-column elementor-col-50 elementor-inner-column elementor-element elementor-element-11f8da14\" data-id=\"11f8da14\" data-element_type=\"column\" data-e-type=\"column\">\n\t\t\t<div class=\"elementor-widget-wrap elementor-element-populated\">\n\t\t\t\t\t\t<div class=\"elementor-element elementor-element-13bb322 elementor-widget elementor-widget-heading\" data-id=\"13bb322\" data-element_type=\"widget\" data-e-type=\"widget\" data-widget_type=\"heading.default\">\n\t\t\t\t<div class=\"elementor-widget-container\">\n\t\t\t\t\t<h4 class=\"elementor-heading-title elementor-size-default\">Milj\u00f8sertifisering<\/h4>\t\t\t\t<\/div>\n\t\t\t\t<\/div>\n\t\t\t\t<div class=\"elementor-element elementor-element-1356526c elementor-widget elementor-widget-text-editor\" data-id=\"1356526c\" data-element_type=\"widget\" data-e-type=\"widget\" data-widget_type=\"text-editor.default\">\n\t\t\t\t<div class=\"elementor-widget-container\">\n\t\t\t\t\t\t\t\t\t<p>DNV Imatis har v\u00e6rt milj\u00f8fyrt\u00e5rn-sertifisert siden 2014, med obligatorisk resertifisering hvert tredje \u00e5r og \u00e5rlige overv\u00e5kingsrevisjoner. Den norske milj\u00f8sertifiseringsordningen ble innf\u00f8rt i tr\u00e5d med EUs anskaffelsesdirektiv og er <a href=\"https:\/\/eur-lex.europa.eu\/eli\/dec_impl\/2017\/2286\/oj\" target=\"_blank\" rel=\"noopener\">offisielt anerkjent av EU<\/a>. Denne anerkjennelsen vitner om at ordningen holder standarder og kvalitet p\u00e5 h\u00f8yde med internasjonale merkeordninger som EMAS og ISO 14001.<\/p><p>V\u00e5re datterselskaper er forpliktet til \u00e5 f\u00f8lge DNV Imatis-konsernets beslutninger og prosedyrer innen helse, milj\u00f8 og sikkerhet (HMS) og anskaffelser, med mindre deres nasjonale reguleringer krever ytterligere tiltak.<\/p><p><br \/><a href=\"https:\/\/rapportering.miljofyrtarn.no\/stats\/173866\" target=\"_blank\" rel=\"noopener\">2024 rapport<\/a><br \/><a href=\"https:\/\/rapportering.miljofyrtarn.no\/stats\/159499\" target=\"_blank\" rel=\"noopener\">2023 rapport<\/a><br \/><a href=\"https:\/\/rapportering.miljofyrtarn.no\/stats\/148707\" target=\"_blank\" rel=\"noopener\">2022 rapport<\/a>\u00a0<\/p>\t\t\t\t\t\t\t\t<\/div>\n\t\t\t\t<\/div>\n\t\t\t\t<div class=\"elementor-element elementor-element-2a7060b elementor-widget elementor-widget-button\" data-id=\"2a7060b\" data-element_type=\"widget\" data-e-type=\"widget\" data-widget_type=\"button.default\">\n\t\t\t\t<div class=\"elementor-widget-container\">\n\t\t\t\t\t\t\t\t\t<div class=\"elementor-button-wrapper\">\n\t\t\t\t\t<a class=\"elementor-button elementor-button-link elementor-size-sm\" href=\"https:\/\/dnvimatis.com\/no\/wp-content\/uploads\/sites\/2\/2025\/06\/2024-Climate-Account.png\" target=\"_blank\">\n\t\t\t\t\t\t<span class=\"elementor-button-content-wrapper\">\n\t\t\t\t\t\t\t\t\t<span class=\"elementor-button-text\">Klimaregnskap 2024 &gt;<\/span>\n\t\t\t\t\t<\/span>\n\t\t\t\t\t<\/a>\n\t\t\t\t<\/div>\n\t\t\t\t\t\t\t\t<\/div>\n\t\t\t\t<\/div>\n\t\t\t\t\t<\/div>\n\t\t<\/div>\n\t\t\t\t\t<\/div>\n\t\t<\/section>\n\t\t\t\t<div class=\"elementor-element elementor-element-ad4a0d2 elementor-widget elementor-widget-heading\" data-id=\"ad4a0d2\" data-element_type=\"widget\" data-e-type=\"widget\" data-widget_type=\"heading.default\">\n\t\t\t\t<div class=\"elementor-widget-container\">\n\t\t\t\t\t<h4 class=\"elementor-heading-title elementor-size-default\">Ansatt-, samarbeidspartner- og leverand\u00f8rkrav<\/h4>\t\t\t\t<\/div>\n\t\t\t\t<\/div>\n\t\t\t\t<div class=\"elementor-element elementor-element-8437751 elementor-widget elementor-widget-text-editor\" data-id=\"8437751\" data-element_type=\"widget\" data-e-type=\"widget\" data-widget_type=\"text-editor.default\">\n\t\t\t\t<div class=\"elementor-widget-container\">\n\t\t\t\t\t\t\t\t\t<p>DNV Imatis har tydelige etiske retningslinjer for v\u00e5re ansatte som beskriver hvordan vi skal opptre internt og i kontakten med forretningsforbindelser. Tilsvarende stiller vi krav til etterlevelse av etiske retningslinjer for samarbeidspartnere og leverand\u00f8rer. Herunder respekt for menneskerettigheter og \u00e5 sikre anstendige arbeidsforhold internt i den enkeltes virksomhet samt tilh\u00f8rende leverand\u00f8rkjede. Retningslinjene legger grunnlaget for v\u00e5r oppf\u00f8lgning og v\u00e5rt samarbeid med samarbeidspartnere og leverand\u00f8rer.<\/p>\t\t\t\t\t\t\t\t<\/div>\n\t\t\t\t<\/div>\n\t\t\t\t<div class=\"elementor-element elementor-element-8efcaa7 elementor-widget elementor-widget-heading\" data-id=\"8efcaa7\" data-element_type=\"widget\" data-e-type=\"widget\" data-widget_type=\"heading.default\">\n\t\t\t\t<div class=\"elementor-widget-container\">\n\t\t\t\t\t<h4 class=\"elementor-heading-title elementor-size-default\">Omfanget av v\u00e5rt samfunnsansvar<\/h4>\t\t\t\t<\/div>\n\t\t\t\t<\/div>\n\t\t\t\t<div class=\"elementor-element elementor-element-be7ef3e elementor-widget elementor-widget-text-editor\" data-id=\"be7ef3e\" data-element_type=\"widget\" data-e-type=\"widget\" data-widget_type=\"text-editor.default\">\n\t\t\t\t<div class=\"elementor-widget-container\">\n\t\t\t\t\t\t\t\t\t<p>DNV Imatis har vurdert risikoen for brudd p\u00e5 menneskerettigheter og arbeidstakerrettigheter i egen virksomhet. Etter \u00e5 ha vurdert den samlede risikoen, har vi identifisert risikoen til \u00e5 v\u00e6re h\u00f8yest i kategorier tilknyttet v\u00e5r leverand\u00f8rkjede. Alle identifiserte risikoer ivaretas i dag i eget system.<\/p>\t\t\t\t\t\t\t\t<\/div>\n\t\t\t\t<\/div>\n\t\t\t\t<div class=\"elementor-element elementor-element-d7390b5 elementor-widget elementor-widget-text-editor\" data-id=\"d7390b5\" data-element_type=\"widget\" data-e-type=\"widget\" data-widget_type=\"text-editor.default\">\n\t\t\t\t<div class=\"elementor-widget-container\">\n\t\t\t\t\t\t\t\t\t<p>Det \u00e5 vurdere risikoen for faktiske og mulige brudd p\u00e5 menneskerettigheter og arbeidstakerrettigheter er en kontinuerlig prosess. Alle v\u00e5re nye og eksisterende samarbeidspartnere og leverand\u00f8rer skal gjennomg\u00e5 en aktsomhetsvurdering, og dette er en betingelse for inng\u00e5else av kontrakt med DNV Imatis og sine datterselskaper.<\/p>\t\t\t\t\t\t\t\t<\/div>\n\t\t\t\t<\/div>\n\t\t\t\t<div class=\"elementor-element elementor-element-12eab2c elementor-widget elementor-widget-heading\" data-id=\"12eab2c\" data-element_type=\"widget\" data-e-type=\"widget\" data-widget_type=\"heading.default\">\n\t\t\t\t<div class=\"elementor-widget-container\">\n\t\t\t\t\t<h4 class=\"elementor-heading-title elementor-size-default\">V\u00e5r leverand\u00f8rbase<\/h4>\t\t\t\t<\/div>\n\t\t\t\t<\/div>\n\t\t\t\t<div class=\"elementor-element elementor-element-c64b885 elementor-widget elementor-widget-text-editor\" data-id=\"c64b885\" data-element_type=\"widget\" data-e-type=\"widget\" data-widget_type=\"text-editor.default\">\n\t\t\t\t<div class=\"elementor-widget-container\">\n\t\t\t\t\t\t\t\t\t<p>Hovedaktivitetene i DNV Imatis omfatter utviklingsprosjekter, markedsf\u00f8ring og kommunikasjon, programmering, salg, kundeleveranser \u2013 inkludert tilpasning av programvaren til kundenes behov, kundesupport, IKT-drift og administrasjon av ansatte. Vi produserer ingen varer. <span data-olk-copy-source=\"MessageBody\">St\u00f8rstedelen av v\u00e5r hovedleverand\u00f8rbase av aktive samarbeidspartnere og leverand\u00f8rer best\u00e5r av tjenesteleverand\u00f8rer (ikke fysiske varer), derfor er forsyningskjeden kort og risikoen vurderes derfor som lav. Selv om det ogs\u00e5 finnes en risiko med tjenesteleverand\u00f8rer, for eksempel n\u00e5r det gjelder arbeidsrettigheter, er flertallet av tjenesteleverand\u00f8rene v\u00e5re lokalisert i Europa med en gjennomsnittlig risiko p\u00e5 2,73 i ITUC GRI-landsrisikoskalaen.<\/span><\/p>\t\t\t\t\t\t\t\t<\/div>\n\t\t\t\t<\/div>\n\t\t\t\t<div class=\"elementor-element elementor-element-4525a9d elementor-widget elementor-widget-heading\" data-id=\"4525a9d\" data-element_type=\"widget\" data-e-type=\"widget\" data-widget_type=\"heading.default\">\n\t\t\t\t<div class=\"elementor-widget-container\">\n\t\t\t\t\t<h4 class=\"elementor-heading-title elementor-size-default\">Redegj\u00f8relse for aktsomhetsvurdering<\/h4>\t\t\t\t<\/div>\n\t\t\t\t<\/div>\n\t\t\t\t<div class=\"elementor-element elementor-element-85121c3 elementor-widget elementor-widget-button\" data-id=\"85121c3\" data-element_type=\"widget\" data-e-type=\"widget\" data-widget_type=\"button.default\">\n\t\t\t\t<div class=\"elementor-widget-container\">\n\t\t\t\t\t\t\t\t\t<div class=\"elementor-button-wrapper\">\n\t\t\t\t\t<a class=\"elementor-button elementor-button-link elementor-size-sm\" href=\"https:\/\/dnvimatis.com\/no\/wp-content\/uploads\/sites\/2\/2025\/06\/DNV-Imatis-Redegjorelse-for-Aktsomhetsvurdering-2025-signert.pdf\" target=\"_blank\">\n\t\t\t\t\t\t<span class=\"elementor-button-content-wrapper\">\n\t\t\t\t\t\t<span class=\"elementor-button-icon\">\n\t\t\t\t<i aria-hidden=\"true\" class=\"fas fa-file-download\"><\/i>\t\t\t<\/span>\n\t\t\t\t\t\t\t\t\t<span class=\"elementor-button-text\">Les dokument<\/span>\n\t\t\t\t\t<\/span>\n\t\t\t\t\t<\/a>\n\t\t\t\t<\/div>\n\t\t\t\t\t\t\t\t<\/div>\n\t\t\t\t<\/div>\n\t\t\t\t<div class=\"elementor-element elementor-element-10f7e6c2 elementor-widget elementor-widget-text-editor\" data-id=\"10f7e6c2\" data-element_type=\"widget\" data-e-type=\"widget\" data-widget_type=\"text-editor.default\">\n\t\t\t\t<div class=\"elementor-widget-container\">\n\t\t\t\t\t\t\t\t\t<p>Vi gir gjerne mer informasjon til den som \u00f8nsker \u00e5 vite mer ang\u00e5ende v\u00e5r aktsomhetsvurderingen eller dersom du har innspill til v\u00e5rt milj\u00f8arbeid. Henvendelser sendes til <a href=\"mailto:compliance@dnvimatis.com\">compliance@dnvimatis.com <\/a>Vi svarer normalt innen tre uker.<\/p>\t\t\t\t\t\t\t\t<\/div>\n\t\t\t\t<\/div>\n\t\t\t\t<div class=\"elementor-element elementor-element-23fac15e elementor-widget elementor-widget-heading\" data-id=\"23fac15e\" data-element_type=\"widget\" data-e-type=\"widget\" data-widget_type=\"heading.default\">\n\t\t\t\t<div class=\"elementor-widget-container\">\n\t\t\t\t\t<h4 class=\"elementor-heading-title elementor-size-default\">Varsling<\/h4>\t\t\t\t<\/div>\n\t\t\t\t<\/div>\n\t\t\t\t<div class=\"elementor-element elementor-element-2c2a36b elementor-widget elementor-widget-text-editor\" data-id=\"2c2a36b\" data-element_type=\"widget\" data-e-type=\"widget\" data-widget_type=\"text-editor.default\">\n\t\t\t\t<div class=\"elementor-widget-container\">\n\t\t\t\t\t\t\t\t\t<p>Eventuelle varslinger skal sendes skriftlig til <span data-olk-copy-source=\"MessageBody\">HR Leader and Safety Representative<\/span> via e-post eller som et dokument i en lukket konvolutt merket \u00abKonfidensielt varsel\u00bb. Saken behandles i ledergruppen innen 7 dager, og varsleren mottar skriftlig tilbakemelding samtidig som tiltak iverksettes. Varsling kan skje anonymt, men det er en fare for at saken avsluttes dersom ytterligere informasjon ikke kan innhentes i saker hvor dette kreves.<\/p>\t\t\t\t\t\t\t\t<\/div>\n\t\t\t\t<\/div>\n\t\t\t\t\t<\/div>\n\t\t<\/div>\n\t\t\t\t\t<\/div>\n\t\t<\/section>\n\t\t\t\t<\/div>\n\t\t","protected":false},"excerpt":{"rendered":"<p>DNV Imatis med sine datterselskaper stiller krav til at v\u00e5re leverand\u00f8rer og partnere skal etterleve menneskerettigheter og redusere eget klimafotavtrykk. Vi utf\u00f8rer aktsomhetsvurderinger i tr\u00e5d med OECDs retningslinjer b\u00e5de for egen virksomhet og v\u00e5re samarbeidspartnere og leverand\u00f8rer. Vi har samtidig en tydelig forventning om at alle vi samarbeider med gj\u00f8r det samme for sine underleverand\u00f8rer. [&hellip;]<\/p>\n","protected":false},"author":2,"featured_media":8443,"parent":447,"menu_order":0,"comment_status":"closed","ping_status":"closed","template":"elementor_header_footer","meta":{"_acf_changed":false,"_mo_disable_npp":"","footnotes":""},"class_list":["post-8442","page","type-page","status-publish","has-post-thumbnail","hentry"],"acf":[],"yoast_head":"<!-- This site is optimized with the Yoast SEO Premium plugin v23.9 (Yoast SEO v27.4) - https:\/\/yoast.com\/product\/yoast-seo-premium-wordpress\/ -->\n<title>V\u00e5rt samfunnsansvar - DNV Imatis<\/title>\n<meta name=\"description\" content=\"V\u00e5rt samfunnsansvar innb\u00e6rer blant annet aktsomhetsvurderinger av egen bedrift, leverand\u00f8rer og samarbeidspartenere.\" \/>\n<meta name=\"robots\" content=\"index, follow, max-snippet:-1, max-image-preview:large, max-video-preview:-1\" \/>\n<link rel=\"canonical\" href=\"https:\/\/dnvimatis.com\/no\/om-oss\/vart-samfunnsansvar\/\" \/>\n<meta property=\"og:locale\" content=\"nb_NO\" \/>\n<meta property=\"og:type\" content=\"article\" \/>\n<meta property=\"og:title\" content=\"V\u00e5rt samfunnsansvar\" \/>\n<meta property=\"og:description\" content=\"V\u00e5rt samfunnsansvar innb\u00e6rer blant annet aktsomhetsvurderinger av egen bedrift, leverand\u00f8rer og samarbeidspartenere.\" \/>\n<meta property=\"og:url\" content=\"https:\/\/dnvimatis.com\/no\/om-oss\/vart-samfunnsansvar\/\" \/>\n<meta property=\"og:site_name\" content=\"DNV Imatis.no\" \/>\n<meta property=\"article:modified_time\" content=\"2025-07-28T15:49:15+00:00\" \/>\n<meta property=\"og:image\" content=\"https:\/\/dnvimatis.com\/no\/wp-content\/uploads\/sites\/2\/2023\/06\/Samfunnsansvar.jpg\" \/>\n\t<meta property=\"og:image:width\" content=\"2048\" \/>\n\t<meta property=\"og:image:height\" content=\"1152\" \/>\n\t<meta property=\"og:image:type\" content=\"image\/jpeg\" \/>\n<meta name=\"twitter:card\" content=\"summary_large_image\" \/>\n<meta name=\"twitter:label1\" content=\"Ansl. lesetid\" \/>\n\t<meta name=\"twitter:data1\" content=\"4 minutter\" \/>\n<script type=\"application\/ld+json\" class=\"yoast-schema-graph\">{\"@context\":\"https:\\\/\\\/schema.org\",\"@graph\":[{\"@type\":\"WebPage\",\"@id\":\"https:\\\/\\\/dnvimatis.com\\\/no\\\/om-oss\\\/vart-samfunnsansvar\\\/\",\"url\":\"https:\\\/\\\/dnvimatis.com\\\/no\\\/om-oss\\\/vart-samfunnsansvar\\\/\",\"name\":\"V\u00e5rt samfunnsansvar - DNV Imatis\",\"isPartOf\":{\"@id\":\"https:\\\/\\\/dnvimatis.com\\\/no\\\/#website\"},\"primaryImageOfPage\":{\"@id\":\"https:\\\/\\\/dnvimatis.com\\\/no\\\/om-oss\\\/vart-samfunnsansvar\\\/#primaryimage\"},\"image\":{\"@id\":\"https:\\\/\\\/dnvimatis.com\\\/no\\\/om-oss\\\/vart-samfunnsansvar\\\/#primaryimage\"},\"thumbnailUrl\":\"https:\\\/\\\/dnvimatis.com\\\/no\\\/wp-content\\\/uploads\\\/sites\\\/2\\\/2023\\\/06\\\/Samfunnsansvar.jpg\",\"datePublished\":\"2023-06-23T12:57:45+00:00\",\"dateModified\":\"2025-07-28T15:49:15+00:00\",\"description\":\"V\u00e5rt samfunnsansvar innb\u00e6rer blant annet aktsomhetsvurderinger av egen bedrift, leverand\u00f8rer og samarbeidspartenere.\",\"breadcrumb\":{\"@id\":\"https:\\\/\\\/dnvimatis.com\\\/no\\\/om-oss\\\/vart-samfunnsansvar\\\/#breadcrumb\"},\"inLanguage\":\"nb-NO\",\"potentialAction\":[{\"@type\":\"ReadAction\",\"target\":[\"https:\\\/\\\/dnvimatis.com\\\/no\\\/om-oss\\\/vart-samfunnsansvar\\\/\"]}]},{\"@type\":\"ImageObject\",\"inLanguage\":\"nb-NO\",\"@id\":\"https:\\\/\\\/dnvimatis.com\\\/no\\\/om-oss\\\/vart-samfunnsansvar\\\/#primaryimage\",\"url\":\"https:\\\/\\\/dnvimatis.com\\\/no\\\/wp-content\\\/uploads\\\/sites\\\/2\\\/2023\\\/06\\\/Samfunnsansvar.jpg\",\"contentUrl\":\"https:\\\/\\\/dnvimatis.com\\\/no\\\/wp-content\\\/uploads\\\/sites\\\/2\\\/2023\\\/06\\\/Samfunnsansvar.jpg\",\"width\":2048,\"height\":1152,\"caption\":\"V\u00e5rt samfunnsansvar\"},{\"@type\":\"BreadcrumbList\",\"@id\":\"https:\\\/\\\/dnvimatis.com\\\/no\\\/om-oss\\\/vart-samfunnsansvar\\\/#breadcrumb\",\"itemListElement\":[{\"@type\":\"ListItem\",\"position\":1,\"name\":\"Home\",\"item\":\"https:\\\/\\\/dnvimatis.com\\\/no\\\/\"},{\"@type\":\"ListItem\",\"position\":2,\"name\":\"Om oss\",\"item\":\"https:\\\/\\\/dnvimatis.com\\\/no\\\/om-oss\\\/\"},{\"@type\":\"ListItem\",\"position\":3,\"name\":\"V\u00e5rt samfunnsansvar\"}]},{\"@type\":\"WebSite\",\"@id\":\"https:\\\/\\\/dnvimatis.com\\\/no\\\/#website\",\"url\":\"https:\\\/\\\/dnvimatis.com\\\/no\\\/\",\"name\":\"DNV Imatis.no\",\"description\":\"A game changer in healthcare solutions\",\"publisher\":{\"@id\":\"https:\\\/\\\/dnvimatis.com\\\/no\\\/#organization\"},\"potentialAction\":[{\"@type\":\"SearchAction\",\"target\":{\"@type\":\"EntryPoint\",\"urlTemplate\":\"https:\\\/\\\/dnvimatis.com\\\/no\\\/?s={search_term_string}\"},\"query-input\":{\"@type\":\"PropertyValueSpecification\",\"valueRequired\":true,\"valueName\":\"search_term_string\"}}],\"inLanguage\":\"nb-NO\"},{\"@type\":\"Organization\",\"@id\":\"https:\\\/\\\/dnvimatis.com\\\/no\\\/#organization\",\"name\":\"DNV Imatis.no\",\"url\":\"https:\\\/\\\/dnvimatis.com\\\/no\\\/\",\"logo\":{\"@type\":\"ImageObject\",\"inLanguage\":\"nb-NO\",\"@id\":\"https:\\\/\\\/dnvimatis.com\\\/no\\\/#\\\/schema\\\/logo\\\/image\\\/\",\"url\":\"https:\\\/\\\/dnvimatis.com\\\/no\\\/wp-content\\\/uploads\\\/sites\\\/2\\\/2022\\\/02\\\/DNV-Imatis-logo_color-white_RGB.svg\",\"contentUrl\":\"https:\\\/\\\/dnvimatis.com\\\/no\\\/wp-content\\\/uploads\\\/sites\\\/2\\\/2022\\\/02\\\/DNV-Imatis-logo_color-white_RGB.svg\",\"width\":680,\"height\":100,\"caption\":\"DNV Imatis.no\"},\"image\":{\"@id\":\"https:\\\/\\\/dnvimatis.com\\\/no\\\/#\\\/schema\\\/logo\\\/image\\\/\"}}]}<\/script>\n<!-- \/ Yoast SEO Premium plugin. -->","yoast_head_json":{"title":"V\u00e5rt samfunnsansvar - DNV Imatis","description":"V\u00e5rt samfunnsansvar innb\u00e6rer blant annet aktsomhetsvurderinger av egen bedrift, leverand\u00f8rer og samarbeidspartenere.","robots":{"index":"index","follow":"follow","max-snippet":"max-snippet:-1","max-image-preview":"max-image-preview:large","max-video-preview":"max-video-preview:-1"},"canonical":"https:\/\/dnvimatis.com\/no\/om-oss\/vart-samfunnsansvar\/","og_locale":"nb_NO","og_type":"article","og_title":"V\u00e5rt samfunnsansvar","og_description":"V\u00e5rt samfunnsansvar innb\u00e6rer blant annet aktsomhetsvurderinger av egen bedrift, leverand\u00f8rer og samarbeidspartenere.","og_url":"https:\/\/dnvimatis.com\/no\/om-oss\/vart-samfunnsansvar\/","og_site_name":"DNV Imatis.no","article_modified_time":"2025-07-28T15:49:15+00:00","og_image":[{"width":2048,"height":1152,"url":"https:\/\/dnvimatis.com\/no\/wp-content\/uploads\/sites\/2\/2023\/06\/Samfunnsansvar.jpg","type":"image\/jpeg"}],"twitter_card":"summary_large_image","twitter_misc":{"Ansl. lesetid":"4 minutter"},"schema":{"@context":"https:\/\/schema.org","@graph":[{"@type":"WebPage","@id":"https:\/\/dnvimatis.com\/no\/om-oss\/vart-samfunnsansvar\/","url":"https:\/\/dnvimatis.com\/no\/om-oss\/vart-samfunnsansvar\/","name":"V\u00e5rt samfunnsansvar - DNV Imatis","isPartOf":{"@id":"https:\/\/dnvimatis.com\/no\/#website"},"primaryImageOfPage":{"@id":"https:\/\/dnvimatis.com\/no\/om-oss\/vart-samfunnsansvar\/#primaryimage"},"image":{"@id":"https:\/\/dnvimatis.com\/no\/om-oss\/vart-samfunnsansvar\/#primaryimage"},"thumbnailUrl":"https:\/\/dnvimatis.com\/no\/wp-content\/uploads\/sites\/2\/2023\/06\/Samfunnsansvar.jpg","datePublished":"2023-06-23T12:57:45+00:00","dateModified":"2025-07-28T15:49:15+00:00","description":"V\u00e5rt samfunnsansvar innb\u00e6rer blant annet aktsomhetsvurderinger av egen bedrift, leverand\u00f8rer og samarbeidspartenere.","breadcrumb":{"@id":"https:\/\/dnvimatis.com\/no\/om-oss\/vart-samfunnsansvar\/#breadcrumb"},"inLanguage":"nb-NO","potentialAction":[{"@type":"ReadAction","target":["https:\/\/dnvimatis.com\/no\/om-oss\/vart-samfunnsansvar\/"]}]},{"@type":"ImageObject","inLanguage":"nb-NO","@id":"https:\/\/dnvimatis.com\/no\/om-oss\/vart-samfunnsansvar\/#primaryimage","url":"https:\/\/dnvimatis.com\/no\/wp-content\/uploads\/sites\/2\/2023\/06\/Samfunnsansvar.jpg","contentUrl":"https:\/\/dnvimatis.com\/no\/wp-content\/uploads\/sites\/2\/2023\/06\/Samfunnsansvar.jpg","width":2048,"height":1152,"caption":"V\u00e5rt samfunnsansvar"},{"@type":"BreadcrumbList","@id":"https:\/\/dnvimatis.com\/no\/om-oss\/vart-samfunnsansvar\/#breadcrumb","itemListElement":[{"@type":"ListItem","position":1,"name":"Home","item":"https:\/\/dnvimatis.com\/no\/"},{"@type":"ListItem","position":2,"name":"Om oss","item":"https:\/\/dnvimatis.com\/no\/om-oss\/"},{"@type":"ListItem","position":3,"name":"V\u00e5rt samfunnsansvar"}]},{"@type":"WebSite","@id":"https:\/\/dnvimatis.com\/no\/#website","url":"https:\/\/dnvimatis.com\/no\/","name":"DNV Imatis.no","description":"A game changer in healthcare solutions","publisher":{"@id":"https:\/\/dnvimatis.com\/no\/#organization"},"potentialAction":[{"@type":"SearchAction","target":{"@type":"EntryPoint","urlTemplate":"https:\/\/dnvimatis.com\/no\/?s={search_term_string}"},"query-input":{"@type":"PropertyValueSpecification","valueRequired":true,"valueName":"search_term_string"}}],"inLanguage":"nb-NO"},{"@type":"Organization","@id":"https:\/\/dnvimatis.com\/no\/#organization","name":"DNV Imatis.no","url":"https:\/\/dnvimatis.com\/no\/","logo":{"@type":"ImageObject","inLanguage":"nb-NO","@id":"https:\/\/dnvimatis.com\/no\/#\/schema\/logo\/image\/","url":"https:\/\/dnvimatis.com\/no\/wp-content\/uploads\/sites\/2\/2022\/02\/DNV-Imatis-logo_color-white_RGB.svg","contentUrl":"https:\/\/dnvimatis.com\/no\/wp-content\/uploads\/sites\/2\/2022\/02\/DNV-Imatis-logo_color-white_RGB.svg","width":680,"height":100,"caption":"DNV Imatis.no"},"image":{"@id":"https:\/\/dnvimatis.com\/no\/#\/schema\/logo\/image\/"}}]}},"publishpress_future_action":{"enabled":false,"date":"2026-04-30 18:05:36","action":"change-status","newStatus":"draft","terms":[],"taxonomy":"","extraData":[]},"publishpress_future_workflow_manual_trigger":{"enabledWorkflows":[]},"_links":{"self":[{"href":"https:\/\/dnvimatis.com\/no\/wp-json\/wp\/v2\/pages\/8442","targetHints":{"allow":["GET"]}}],"collection":[{"href":"https:\/\/dnvimatis.com\/no\/wp-json\/wp\/v2\/pages"}],"about":[{"href":"https:\/\/dnvimatis.com\/no\/wp-json\/wp\/v2\/types\/page"}],"author":[{"embeddable":true,"href":"https:\/\/dnvimatis.com\/no\/wp-json\/wp\/v2\/users\/2"}],"replies":[{"embeddable":true,"href":"https:\/\/dnvimatis.com\/no\/wp-json\/wp\/v2\/comments?post=8442"}],"version-history":[{"count":92,"href":"https:\/\/dnvimatis.com\/no\/wp-json\/wp\/v2\/pages\/8442\/revisions"}],"predecessor-version":[{"id":13544,"href":"https:\/\/dnvimatis.com\/no\/wp-json\/wp\/v2\/pages\/8442\/revisions\/13544"}],"up":[{"embeddable":true,"href":"https:\/\/dnvimatis.com\/no\/wp-json\/wp\/v2\/pages\/447"}],"wp:featuredmedia":[{"embeddable":true,"href":"https:\/\/dnvimatis.com\/no\/wp-json\/wp\/v2\/media\/8443"}],"wp:attachment":[{"href":"https:\/\/dnvimatis.com\/no\/wp-json\/wp\/v2\/media?parent=8442"}],"curies":[{"name":"wp","href":"https:\/\/api.w.org\/{rel}","templated":true}]}}