{"id":5476,"date":"2022-09-26T07:30:12","date_gmt":"2022-09-26T07:30:12","guid":{"rendered":"https:\/\/dnvimatis.com\/no\/?page_id=5476"},"modified":"2022-09-29T13:13:12","modified_gmt":"2022-09-29T13:13:12","slug":"cotech","status":"publish","type":"page","link":"https:\/\/dnvimatis.com\/no\/aktuelt\/nyheter\/cotech\/","title":{"rendered":"CoTecH"},"content":{"rendered":"\t\t<div data-elementor-type=\"wp-page\" data-elementor-id=\"5476\" class=\"elementor elementor-5476\" data-elementor-post-type=\"page\">\n\t\t\t\t\t\t<section class=\"elementor-section elementor-top-section elementor-element elementor-element-8d5b66f elementor-section-height-min-height elementor-section-boxed elementor-section-height-default elementor-section-items-middle\" data-id=\"8d5b66f\" data-element_type=\"section\" data-e-type=\"section\">\n\t\t\t\t\t\t<div class=\"elementor-container elementor-column-gap-wider\">\n\t\t\t\t\t<div class=\"elementor-column elementor-col-100 elementor-top-column elementor-element elementor-element-6d184e4b\" data-id=\"6d184e4b\" data-element_type=\"column\" data-e-type=\"column\">\n\t\t\t<div class=\"elementor-widget-wrap elementor-element-populated\">\n\t\t\t\t\t\t<div class=\"elementor-element elementor-element-eb45d24 elementor-widget elementor-widget-heading\" data-id=\"eb45d24\" data-element_type=\"widget\" data-e-type=\"widget\" data-widget_type=\"heading.default\">\n\t\t\t\t<div class=\"elementor-widget-container\">\n\t\t\t\t\t<h6 class=\"elementor-heading-title elementor-size-default\">Publisert 26.09.2022 kl 10:11<\/h6>\t\t\t\t<\/div>\n\t\t\t\t<\/div>\n\t\t\t\t<div class=\"elementor-element elementor-element-620f87e8 elementor-widget elementor-widget-heading\" data-id=\"620f87e8\" data-element_type=\"widget\" data-e-type=\"widget\" data-widget_type=\"heading.default\">\n\t\t\t\t<div class=\"elementor-widget-container\">\n\t\t\t\t\t<h4 class=\"elementor-heading-title elementor-size-default\">CoTecH er et samarbeid mellom flere akt\u00f8rer, og har som m\u00e5l \u00e5 \u00f8ke regional og nasjonal n\u00e6ringsutvikling rettet mot et nasjonalt og internasjonalt marked. Like viktig skal samarbeidet bidra til en b\u00e6rekraftig digital omstilling i offentlige og private helsetjenester. CoTecH vil samtidig heve kompetanse og kunnskap som kommer b\u00e5de helsen\u00e6ringen, befolkningen, politikere, pasienter, p\u00e5r\u00f8rende, helsepersonell og studenter til gode. DNV Imatis som samarbeidspartner spiller en viktig rolle for Universtitet i S\u00f8r\u00f8st-Norge (USN) i dette kompetanseprosjektet. <\/h4>\t\t\t\t<\/div>\n\t\t\t\t<\/div>\n\t\t\t\t<div class=\"elementor-element elementor-element-3bc15b6c elementor-widget elementor-widget-text-editor\" data-id=\"3bc15b6c\" data-element_type=\"widget\" data-e-type=\"widget\" data-widget_type=\"text-editor.default\">\n\t\t\t\t<div class=\"elementor-widget-container\">\n\t\t\t\t\t\t\t\t\t<p>CoTecH (Co-created Health Technology) skal kartlegge behov, utvikle, teste og implementere digitale helsetjenester og helseteknologi. Det overordnede m\u00e5let er \u00e5 bygge et regionalt, ledende tverrfaglig og tverrsektorielt samarbeid innen digital helse og teknologi mellom helsen\u00e6ringen, helsetjenestene og USN, som f\u00e5r nasjonal betydning og internasjonal anerkjennelse.<\/p>\t\t\t\t\t\t\t\t<\/div>\n\t\t\t\t<\/div>\n\t\t\t\t\t<\/div>\n\t\t<\/div>\n\t\t\t\t\t<\/div>\n\t\t<\/section>\n\t\t\t\t<section class=\"elementor-section elementor-top-section elementor-element elementor-element-45fa84fd elementor-section-boxed elementor-section-height-default elementor-section-height-default\" data-id=\"45fa84fd\" data-element_type=\"section\" data-e-type=\"section\">\n\t\t\t\t\t\t<div class=\"elementor-container elementor-column-gap-wider\">\n\t\t\t\t\t<div class=\"elementor-column elementor-col-50 elementor-top-column elementor-element elementor-element-75cb5aa\" data-id=\"75cb5aa\" data-element_type=\"column\" data-e-type=\"column\" data-settings=\"{&quot;background_background&quot;:&quot;classic&quot;}\">\n\t\t\t<div class=\"elementor-widget-wrap elementor-element-populated\">\n\t\t\t\t\t\t<div class=\"elementor-element elementor-element-1da804cb elementor-widget elementor-widget-image\" data-id=\"1da804cb\" data-element_type=\"widget\" data-e-type=\"widget\" data-widget_type=\"image.default\">\n\t\t\t\t<div class=\"elementor-widget-container\">\n\t\t\t\t\t\t\t\t\t\t\t\t<figure class=\"wp-caption\">\n\t\t\t\t\t\t\t\t\t\t<img fetchpriority=\"high\" decoding=\"async\" width=\"610\" height=\"610\" src=\"https:\/\/dnvimatis.com\/no\/wp-content\/uploads\/sites\/2\/2022\/09\/CoTech-610x610-1.jpg\" class=\"attachment-large size-large wp-image-5479\" alt=\"\" srcset=\"https:\/\/dnvimatis.com\/no\/wp-content\/uploads\/sites\/2\/2022\/09\/CoTech-610x610-1.jpg 610w, https:\/\/dnvimatis.com\/no\/wp-content\/uploads\/sites\/2\/2022\/09\/CoTech-610x610-1-300x300.jpg 300w, https:\/\/dnvimatis.com\/no\/wp-content\/uploads\/sites\/2\/2022\/09\/CoTech-610x610-1-150x150.jpg 150w, https:\/\/dnvimatis.com\/no\/wp-content\/uploads\/sites\/2\/2022\/09\/CoTech-610x610-1-500x500.jpg 500w\" sizes=\"(max-width: 610px) 100vw, 610px\" \/>\t\t\t\t\t\t\t\t\t\t\t<figcaption class=\"widget-image-caption wp-caption-text\"><\/figcaption>\n\t\t\t\t\t\t\t\t\t\t<\/figure>\n\t\t\t\t\t\t\t\t\t<\/div>\n\t\t\t\t<\/div>\n\t\t\t\t<div class=\"elementor-element elementor-element-154102a elementor-widget elementor-widget-text-editor\" data-id=\"154102a\" data-element_type=\"widget\" data-e-type=\"widget\" data-widget_type=\"text-editor.default\">\n\t\t\t\t<div class=\"elementor-widget-container\">\n\t\t\t\t\t\t\t\t\t<p><span style=\"font-size: small\"> Bak fra venstre: Dag Ausen \/ DNV Imatis, Michael Fjeldstad \/ DNV Imatis, Bent-H\u00e5kon Lauritzen \/ Norway HealtTech, Viken FK Foran fra venstre: Heidi Udnesseter \/ DNV Imatis, Elin Skarvang-Hamnefors \/ DNV Imatis, Janne Dugstad \/ prosjektleder USN, Cecilie Varsi \/ leder styringsgruppen USN<\/span><\/p>\t\t\t\t\t\t\t\t<\/div>\n\t\t\t\t<\/div>\n\t\t\t\t\t<\/div>\n\t\t<\/div>\n\t\t\t\t<div class=\"elementor-column elementor-col-50 elementor-top-column elementor-element elementor-element-7c39d6f6\" data-id=\"7c39d6f6\" data-element_type=\"column\" data-e-type=\"column\">\n\t\t\t<div class=\"elementor-widget-wrap elementor-element-populated\">\n\t\t\t\t\t\t<div class=\"elementor-element elementor-element-564687b elementor-widget elementor-widget-heading\" data-id=\"564687b\" data-element_type=\"widget\" data-e-type=\"widget\" data-widget_type=\"heading.default\">\n\t\t\t\t<div class=\"elementor-widget-container\">\n\t\t\t\t\t<h4 class=\"elementor-heading-title elementor-size-default\">Samarbeidet<\/h4>\t\t\t\t<\/div>\n\t\t\t\t<\/div>\n\t\t\t\t<div class=\"elementor-element elementor-element-790c23e8 elementor-widget elementor-widget-text-editor\" data-id=\"790c23e8\" data-element_type=\"widget\" data-e-type=\"widget\" data-widget_type=\"text-editor.default\">\n\t\t\t\t<div class=\"elementor-widget-container\">\n\t\t\t\t\t\t\t\t\t<p>Prosjektet er et kapasitetsl\u00f8ft for et forsknings- og innovasjonspartnerskap.\u00a0<\/p><p>CoTecH -prosjektet koordineres og ledes av USN, og har totalt 28 partnere fra helsen\u00e6ringen, helsetjenestene, brukere og forskningsakt\u00f8rer i Viken og Vestfold og Telemark fylker, samt fra andre deler av landet, Sverige og Irland.<\/p><p>Samarbeidspartnerne best\u00e5r blandt annet av alle helseforetakene i regionen, utvalgte kommuner, brukerorganisasjoner, n\u00e6ringslivsklynger og bedrifter -hvor DNV Imatis spiller en sentral rolle. Som industripartner er DNV Imatis representert i prosjektets styringsgruppe.\u00a0<\/p>\t\t\t\t\t\t\t\t<\/div>\n\t\t\t\t<\/div>\n\t\t\t\t<div class=\"elementor-element elementor-element-801a3b7 elementor-widget elementor-widget-text-editor\" data-id=\"801a3b7\" data-element_type=\"widget\" data-e-type=\"widget\" data-widget_type=\"text-editor.default\">\n\t\t\t\t<div class=\"elementor-widget-container\">\n\t\t\t\t\t\t\t\t\t<p>CoTecH -prosjektet er innvilget 28 millioner kroner fra Forskningsr\u00e5det. I seks \u00e5r framover skal prosjektet utvikle, teste og implementere ny helseteknologi i regionen.<\/p>\t\t\t\t\t\t\t\t<\/div>\n\t\t\t\t<\/div>\n\t\t\t\t<div class=\"elementor-element elementor-element-cee46ad elementor-widget__width-auto elementor-widget elementor-widget-button\" data-id=\"cee46ad\" data-element_type=\"widget\" data-e-type=\"widget\" data-widget_type=\"button.default\">\n\t\t\t\t<div class=\"elementor-widget-container\">\n\t\t\t\t\t\t\t\t\t<div class=\"elementor-button-wrapper\">\n\t\t\t\t\t<a class=\"elementor-button elementor-button-link elementor-size-sm\" href=\"https:\/\/www.usn.no\/forskning\/forskningsnytt\/28-millioner-til-storprosjekt-ved-usn\" target=\"_blank\">\n\t\t\t\t\t\t<span class=\"elementor-button-content-wrapper\">\n\t\t\t\t\t\t<span class=\"elementor-button-icon\">\n\t\t\t\t<i aria-hidden=\"true\" class=\"fas fa-external-link-alt\"><\/i>\t\t\t<\/span>\n\t\t\t\t\t\t\t\t\t<span class=\"elementor-button-text\">Les mer p\u00e5 usn.no<\/span>\n\t\t\t\t\t<\/span>\n\t\t\t\t\t<\/a>\n\t\t\t\t<\/div>\n\t\t\t\t\t\t\t\t<\/div>\n\t\t\t\t<\/div>\n\t\t\t\t\t<\/div>\n\t\t<\/div>\n\t\t\t\t\t<\/div>\n\t\t<\/section>\n\t\t\t\t<section class=\"elementor-section elementor-top-section elementor-element elementor-element-7387a7e5 elementor-section-boxed elementor-section-height-default elementor-section-height-default\" data-id=\"7387a7e5\" data-element_type=\"section\" data-e-type=\"section\" data-settings=\"{&quot;background_background&quot;:&quot;classic&quot;}\">\n\t\t\t\t\t\t<div class=\"elementor-container elementor-column-gap-default\">\n\t\t\t\t\t<div class=\"elementor-column elementor-col-100 elementor-top-column elementor-element elementor-element-4be90221\" data-id=\"4be90221\" data-element_type=\"column\" data-e-type=\"column\">\n\t\t\t<div class=\"elementor-widget-wrap elementor-element-populated\">\n\t\t\t\t\t\t<div class=\"elementor-element elementor-element-5a29bbcb elementor-widget elementor-widget-heading\" data-id=\"5a29bbcb\" data-element_type=\"widget\" data-e-type=\"widget\" data-widget_type=\"heading.default\">\n\t\t\t\t<div class=\"elementor-widget-container\">\n\t\t\t\t\t<h2 class=\"elementor-heading-title elementor-size-default\">Kundehistorier<\/h2>\t\t\t\t<\/div>\n\t\t\t\t<\/div>\n\t\t\t\t\t<\/div>\n\t\t<\/div>\n\t\t\t\t\t<\/div>\n\t\t<\/section>\n\t\t\t\t<\/div>\n\t\t","protected":false},"excerpt":{"rendered":"<p>Publisert 26.09.2022 kl 10:11 CoTecH er et samarbeid mellom flere akt\u00f8rer, og har som m\u00e5l \u00e5 \u00f8ke regional og nasjonal n\u00e6ringsutvikling rettet mot et nasjonalt og internasjonalt marked. Like viktig skal samarbeidet bidra til en b\u00e6rekraftig digital omstilling i offentlige og private helsetjenester. CoTecH vil samtidig heve kompetanse og kunnskap som kommer b\u00e5de helsen\u00e6ringen, befolkningen, [&hellip;]<\/p>\n","protected":false},"author":2,"featured_media":5478,"parent":423,"menu_order":0,"comment_status":"closed","ping_status":"closed","template":"elementor_header_footer","meta":{"_acf_changed":false,"_mo_disable_npp":"","footnotes":""},"class_list":["post-5476","page","type-page","status-publish","has-post-thumbnail","hentry"],"acf":[],"yoast_head":"<!-- This site is optimized with the Yoast SEO Premium plugin v23.9 (Yoast SEO v27.4) - https:\/\/yoast.com\/product\/yoast-seo-premium-wordpress\/ -->\n<title>CoTecH - DNV Imatis<\/title>\n<meta name=\"description\" content=\"CoTecH skal \u00f8ke n\u00e6ringsutvikling, sikre b\u00e6rekraftig digital omtilling og bidra til kunnskap som kommer n\u00e6ringen og befolkningen til gode.\" \/>\n<meta name=\"robots\" content=\"index, follow, max-snippet:-1, max-image-preview:large, max-video-preview:-1\" \/>\n<link rel=\"canonical\" href=\"https:\/\/dnvimatis.com\/no\/aktuelt\/nyheter\/cotech\/\" \/>\n<meta property=\"og:locale\" content=\"nb_NO\" \/>\n<meta property=\"og:type\" content=\"article\" \/>\n<meta property=\"og:title\" content=\"CoTecH\" \/>\n<meta property=\"og:description\" content=\"CoTecH skal \u00f8ke n\u00e6ringsutvikling, sikre b\u00e6rekraftig digital omtilling og bidra til kunnskap som kommer n\u00e6ringen og befolkningen til gode.\" \/>\n<meta property=\"og:url\" content=\"https:\/\/dnvimatis.com\/no\/aktuelt\/nyheter\/cotech\/\" \/>\n<meta property=\"og:site_name\" content=\"DNV Imatis.no\" \/>\n<meta property=\"article:modified_time\" content=\"2022-09-29T13:13:12+00:00\" \/>\n<meta property=\"og:image\" content=\"https:\/\/dnvimatis.com\/no\/wp-content\/uploads\/sites\/2\/2022\/09\/CoTech-prosjektgruppe.jpg\" \/>\n\t<meta property=\"og:image:width\" content=\"1500\" \/>\n\t<meta property=\"og:image:height\" content=\"844\" \/>\n\t<meta property=\"og:image:type\" content=\"image\/jpeg\" \/>\n<meta name=\"twitter:card\" content=\"summary_large_image\" \/>\n<meta name=\"twitter:label1\" content=\"Ansl. lesetid\" \/>\n\t<meta name=\"twitter:data1\" content=\"3 minutter\" \/>\n<script type=\"application\/ld+json\" class=\"yoast-schema-graph\">{\"@context\":\"https:\\\/\\\/schema.org\",\"@graph\":[{\"@type\":\"WebPage\",\"@id\":\"https:\\\/\\\/dnvimatis.com\\\/no\\\/aktuelt\\\/nyheter\\\/cotech\\\/\",\"url\":\"https:\\\/\\\/dnvimatis.com\\\/no\\\/aktuelt\\\/nyheter\\\/cotech\\\/\",\"name\":\"CoTecH - DNV Imatis\",\"isPartOf\":{\"@id\":\"https:\\\/\\\/dnvimatis.com\\\/no\\\/#website\"},\"primaryImageOfPage\":{\"@id\":\"https:\\\/\\\/dnvimatis.com\\\/no\\\/aktuelt\\\/nyheter\\\/cotech\\\/#primaryimage\"},\"image\":{\"@id\":\"https:\\\/\\\/dnvimatis.com\\\/no\\\/aktuelt\\\/nyheter\\\/cotech\\\/#primaryimage\"},\"thumbnailUrl\":\"https:\\\/\\\/dnvimatis.com\\\/no\\\/wp-content\\\/uploads\\\/sites\\\/2\\\/2022\\\/09\\\/CoTech-prosjektgruppe.jpg\",\"datePublished\":\"2022-09-26T07:30:12+00:00\",\"dateModified\":\"2022-09-29T13:13:12+00:00\",\"description\":\"CoTecH skal \u00f8ke n\u00e6ringsutvikling, sikre b\u00e6rekraftig digital omtilling og bidra til kunnskap som kommer n\u00e6ringen og befolkningen til gode.\",\"breadcrumb\":{\"@id\":\"https:\\\/\\\/dnvimatis.com\\\/no\\\/aktuelt\\\/nyheter\\\/cotech\\\/#breadcrumb\"},\"inLanguage\":\"nb-NO\",\"potentialAction\":[{\"@type\":\"ReadAction\",\"target\":[\"https:\\\/\\\/dnvimatis.com\\\/no\\\/aktuelt\\\/nyheter\\\/cotech\\\/\"]}]},{\"@type\":\"ImageObject\",\"inLanguage\":\"nb-NO\",\"@id\":\"https:\\\/\\\/dnvimatis.com\\\/no\\\/aktuelt\\\/nyheter\\\/cotech\\\/#primaryimage\",\"url\":\"https:\\\/\\\/dnvimatis.com\\\/no\\\/wp-content\\\/uploads\\\/sites\\\/2\\\/2022\\\/09\\\/CoTech-prosjektgruppe.jpg\",\"contentUrl\":\"https:\\\/\\\/dnvimatis.com\\\/no\\\/wp-content\\\/uploads\\\/sites\\\/2\\\/2022\\\/09\\\/CoTech-prosjektgruppe.jpg\",\"width\":1500,\"height\":844,\"caption\":\"CoTech prosjektgruppe\"},{\"@type\":\"BreadcrumbList\",\"@id\":\"https:\\\/\\\/dnvimatis.com\\\/no\\\/aktuelt\\\/nyheter\\\/cotech\\\/#breadcrumb\",\"itemListElement\":[{\"@type\":\"ListItem\",\"position\":1,\"name\":\"Home\",\"item\":\"https:\\\/\\\/dnvimatis.com\\\/no\\\/\"},{\"@type\":\"ListItem\",\"position\":2,\"name\":\"Aktuelt\",\"item\":\"https:\\\/\\\/dnvimatis.com\\\/no\\\/aktuelt\\\/\"},{\"@type\":\"ListItem\",\"position\":3,\"name\":\"Nyheter\",\"item\":\"https:\\\/\\\/dnvimatis.com\\\/no\\\/aktuelt\\\/nyheter\\\/\"},{\"@type\":\"ListItem\",\"position\":4,\"name\":\"CoTecH\"}]},{\"@type\":\"WebSite\",\"@id\":\"https:\\\/\\\/dnvimatis.com\\\/no\\\/#website\",\"url\":\"https:\\\/\\\/dnvimatis.com\\\/no\\\/\",\"name\":\"DNV Imatis.no\",\"description\":\"A game changer in healthcare solutions\",\"publisher\":{\"@id\":\"https:\\\/\\\/dnvimatis.com\\\/no\\\/#organization\"},\"potentialAction\":[{\"@type\":\"SearchAction\",\"target\":{\"@type\":\"EntryPoint\",\"urlTemplate\":\"https:\\\/\\\/dnvimatis.com\\\/no\\\/?s={search_term_string}\"},\"query-input\":{\"@type\":\"PropertyValueSpecification\",\"valueRequired\":true,\"valueName\":\"search_term_string\"}}],\"inLanguage\":\"nb-NO\"},{\"@type\":\"Organization\",\"@id\":\"https:\\\/\\\/dnvimatis.com\\\/no\\\/#organization\",\"name\":\"DNV Imatis.no\",\"url\":\"https:\\\/\\\/dnvimatis.com\\\/no\\\/\",\"logo\":{\"@type\":\"ImageObject\",\"inLanguage\":\"nb-NO\",\"@id\":\"https:\\\/\\\/dnvimatis.com\\\/no\\\/#\\\/schema\\\/logo\\\/image\\\/\",\"url\":\"https:\\\/\\\/dnvimatis.com\\\/no\\\/wp-content\\\/uploads\\\/sites\\\/2\\\/2022\\\/02\\\/DNV-Imatis-logo_color-white_RGB.svg\",\"contentUrl\":\"https:\\\/\\\/dnvimatis.com\\\/no\\\/wp-content\\\/uploads\\\/sites\\\/2\\\/2022\\\/02\\\/DNV-Imatis-logo_color-white_RGB.svg\",\"width\":680,\"height\":100,\"caption\":\"DNV Imatis.no\"},\"image\":{\"@id\":\"https:\\\/\\\/dnvimatis.com\\\/no\\\/#\\\/schema\\\/logo\\\/image\\\/\"}}]}<\/script>\n<!-- \/ Yoast SEO Premium plugin. -->","yoast_head_json":{"title":"CoTecH - DNV Imatis","description":"CoTecH skal \u00f8ke n\u00e6ringsutvikling, sikre b\u00e6rekraftig digital omtilling og bidra til kunnskap som kommer n\u00e6ringen og befolkningen til gode.","robots":{"index":"index","follow":"follow","max-snippet":"max-snippet:-1","max-image-preview":"max-image-preview:large","max-video-preview":"max-video-preview:-1"},"canonical":"https:\/\/dnvimatis.com\/no\/aktuelt\/nyheter\/cotech\/","og_locale":"nb_NO","og_type":"article","og_title":"CoTecH","og_description":"CoTecH skal \u00f8ke n\u00e6ringsutvikling, sikre b\u00e6rekraftig digital omtilling og bidra til kunnskap som kommer n\u00e6ringen og befolkningen til gode.","og_url":"https:\/\/dnvimatis.com\/no\/aktuelt\/nyheter\/cotech\/","og_site_name":"DNV Imatis.no","article_modified_time":"2022-09-29T13:13:12+00:00","og_image":[{"width":1500,"height":844,"url":"https:\/\/dnvimatis.com\/no\/wp-content\/uploads\/sites\/2\/2022\/09\/CoTech-prosjektgruppe.jpg","type":"image\/jpeg"}],"twitter_card":"summary_large_image","twitter_misc":{"Ansl. lesetid":"3 minutter"},"schema":{"@context":"https:\/\/schema.org","@graph":[{"@type":"WebPage","@id":"https:\/\/dnvimatis.com\/no\/aktuelt\/nyheter\/cotech\/","url":"https:\/\/dnvimatis.com\/no\/aktuelt\/nyheter\/cotech\/","name":"CoTecH - DNV Imatis","isPartOf":{"@id":"https:\/\/dnvimatis.com\/no\/#website"},"primaryImageOfPage":{"@id":"https:\/\/dnvimatis.com\/no\/aktuelt\/nyheter\/cotech\/#primaryimage"},"image":{"@id":"https:\/\/dnvimatis.com\/no\/aktuelt\/nyheter\/cotech\/#primaryimage"},"thumbnailUrl":"https:\/\/dnvimatis.com\/no\/wp-content\/uploads\/sites\/2\/2022\/09\/CoTech-prosjektgruppe.jpg","datePublished":"2022-09-26T07:30:12+00:00","dateModified":"2022-09-29T13:13:12+00:00","description":"CoTecH skal \u00f8ke n\u00e6ringsutvikling, sikre b\u00e6rekraftig digital omtilling og bidra til kunnskap som kommer n\u00e6ringen og befolkningen til gode.","breadcrumb":{"@id":"https:\/\/dnvimatis.com\/no\/aktuelt\/nyheter\/cotech\/#breadcrumb"},"inLanguage":"nb-NO","potentialAction":[{"@type":"ReadAction","target":["https:\/\/dnvimatis.com\/no\/aktuelt\/nyheter\/cotech\/"]}]},{"@type":"ImageObject","inLanguage":"nb-NO","@id":"https:\/\/dnvimatis.com\/no\/aktuelt\/nyheter\/cotech\/#primaryimage","url":"https:\/\/dnvimatis.com\/no\/wp-content\/uploads\/sites\/2\/2022\/09\/CoTech-prosjektgruppe.jpg","contentUrl":"https:\/\/dnvimatis.com\/no\/wp-content\/uploads\/sites\/2\/2022\/09\/CoTech-prosjektgruppe.jpg","width":1500,"height":844,"caption":"CoTech prosjektgruppe"},{"@type":"BreadcrumbList","@id":"https:\/\/dnvimatis.com\/no\/aktuelt\/nyheter\/cotech\/#breadcrumb","itemListElement":[{"@type":"ListItem","position":1,"name":"Home","item":"https:\/\/dnvimatis.com\/no\/"},{"@type":"ListItem","position":2,"name":"Aktuelt","item":"https:\/\/dnvimatis.com\/no\/aktuelt\/"},{"@type":"ListItem","position":3,"name":"Nyheter","item":"https:\/\/dnvimatis.com\/no\/aktuelt\/nyheter\/"},{"@type":"ListItem","position":4,"name":"CoTecH"}]},{"@type":"WebSite","@id":"https:\/\/dnvimatis.com\/no\/#website","url":"https:\/\/dnvimatis.com\/no\/","name":"DNV Imatis.no","description":"A game changer in healthcare solutions","publisher":{"@id":"https:\/\/dnvimatis.com\/no\/#organization"},"potentialAction":[{"@type":"SearchAction","target":{"@type":"EntryPoint","urlTemplate":"https:\/\/dnvimatis.com\/no\/?s={search_term_string}"},"query-input":{"@type":"PropertyValueSpecification","valueRequired":true,"valueName":"search_term_string"}}],"inLanguage":"nb-NO"},{"@type":"Organization","@id":"https:\/\/dnvimatis.com\/no\/#organization","name":"DNV Imatis.no","url":"https:\/\/dnvimatis.com\/no\/","logo":{"@type":"ImageObject","inLanguage":"nb-NO","@id":"https:\/\/dnvimatis.com\/no\/#\/schema\/logo\/image\/","url":"https:\/\/dnvimatis.com\/no\/wp-content\/uploads\/sites\/2\/2022\/02\/DNV-Imatis-logo_color-white_RGB.svg","contentUrl":"https:\/\/dnvimatis.com\/no\/wp-content\/uploads\/sites\/2\/2022\/02\/DNV-Imatis-logo_color-white_RGB.svg","width":680,"height":100,"caption":"DNV Imatis.no"},"image":{"@id":"https:\/\/dnvimatis.com\/no\/#\/schema\/logo\/image\/"}}]}},"publishpress_future_action":{"enabled":false,"date":"2026-05-08 20:18:49","action":"change-status","newStatus":"draft","terms":[],"taxonomy":"","extraData":[]},"publishpress_future_workflow_manual_trigger":{"enabledWorkflows":[]},"_links":{"self":[{"href":"https:\/\/dnvimatis.com\/no\/wp-json\/wp\/v2\/pages\/5476","targetHints":{"allow":["GET"]}}],"collection":[{"href":"https:\/\/dnvimatis.com\/no\/wp-json\/wp\/v2\/pages"}],"about":[{"href":"https:\/\/dnvimatis.com\/no\/wp-json\/wp\/v2\/types\/page"}],"author":[{"embeddable":true,"href":"https:\/\/dnvimatis.com\/no\/wp-json\/wp\/v2\/users\/2"}],"replies":[{"embeddable":true,"href":"https:\/\/dnvimatis.com\/no\/wp-json\/wp\/v2\/comments?post=5476"}],"version-history":[{"count":27,"href":"https:\/\/dnvimatis.com\/no\/wp-json\/wp\/v2\/pages\/5476\/revisions"}],"predecessor-version":[{"id":5654,"href":"https:\/\/dnvimatis.com\/no\/wp-json\/wp\/v2\/pages\/5476\/revisions\/5654"}],"up":[{"embeddable":true,"href":"https:\/\/dnvimatis.com\/no\/wp-json\/wp\/v2\/pages\/423"}],"wp:featuredmedia":[{"embeddable":true,"href":"https:\/\/dnvimatis.com\/no\/wp-json\/wp\/v2\/media\/5478"}],"wp:attachment":[{"href":"https:\/\/dnvimatis.com\/no\/wp-json\/wp\/v2\/media?parent=5476"}],"curies":[{"name":"wp","href":"https:\/\/api.w.org\/{rel}","templated":true}]}}