{"id":5136,"date":"2022-08-15T11:52:44","date_gmt":"2022-08-15T11:52:44","guid":{"rendered":"https:\/\/dnvimatis.com\/no\/?page_id=5136"},"modified":"2022-08-24T07:00:23","modified_gmt":"2022-08-24T07:00:23","slug":"studentintervju","status":"publish","type":"page","link":"https:\/\/dnvimatis.com\/no\/aktuelt\/nyheter\/studentintervju\/","title":{"rendered":"Studentintervju"},"content":{"rendered":"\t\t<div data-elementor-type=\"wp-page\" data-elementor-id=\"5136\" class=\"elementor elementor-5136\" data-elementor-post-type=\"page\">\n\t\t\t\t\t\t<section class=\"elementor-section elementor-top-section elementor-element elementor-element-8d5b66f elementor-section-height-min-height elementor-section-boxed elementor-section-height-default elementor-section-items-middle\" data-id=\"8d5b66f\" data-element_type=\"section\" data-e-type=\"section\">\n\t\t\t\t\t\t<div class=\"elementor-container elementor-column-gap-wider\">\n\t\t\t\t\t<div class=\"elementor-column elementor-col-100 elementor-top-column elementor-element elementor-element-6d184e4b\" data-id=\"6d184e4b\" data-element_type=\"column\" data-e-type=\"column\">\n\t\t\t<div class=\"elementor-widget-wrap elementor-element-populated\">\n\t\t\t\t\t\t<div class=\"elementor-element elementor-element-eb45d24 elementor-widget elementor-widget-heading\" data-id=\"eb45d24\" data-element_type=\"widget\" data-e-type=\"widget\" data-widget_type=\"heading.default\">\n\t\t\t\t<div class=\"elementor-widget-container\">\n\t\t\t\t\t<h6 class=\"elementor-heading-title elementor-size-default\">Publisert 15.08.2022 kl 14:40<\/h6>\t\t\t\t<\/div>\n\t\t\t\t<\/div>\n\t\t\t\t<div class=\"elementor-element elementor-element-620f87e8 elementor-widget elementor-widget-heading\" data-id=\"620f87e8\" data-element_type=\"widget\" data-e-type=\"widget\" data-widget_type=\"heading.default\">\n\t\t\t\t<div class=\"elementor-widget-container\">\n\t\t\t\t\t<h4 class=\"elementor-heading-title elementor-size-default\">M\u00f8t studentene Eirik Berg Wang og Olav Heggelund. De har tilbragt sommeren p\u00e5 jobb hos DNV Imatis. Les hva slags tanker og planer de har for fremtiden og hva de mener ville v\u00e6re dr\u00f8mmejobben.<\/h4>\t\t\t\t<\/div>\n\t\t\t\t<\/div>\n\t\t\t\t\t<\/div>\n\t\t<\/div>\n\t\t\t\t\t<\/div>\n\t\t<\/section>\n\t\t\t\t<section class=\"elementor-section elementor-top-section elementor-element elementor-element-3826818a elementor-section-boxed elementor-section-height-default elementor-section-height-default\" data-id=\"3826818a\" data-element_type=\"section\" data-e-type=\"section\">\n\t\t\t\t\t\t<div class=\"elementor-container elementor-column-gap-wider\">\n\t\t\t\t\t<div class=\"elementor-column elementor-col-50 elementor-top-column elementor-element elementor-element-65d03ef0\" data-id=\"65d03ef0\" data-element_type=\"column\" data-e-type=\"column\">\n\t\t\t<div class=\"elementor-widget-wrap elementor-element-populated\">\n\t\t\t\t\t\t<div class=\"elementor-element elementor-element-2c43d2f elementor-widget elementor-widget-image\" data-id=\"2c43d2f\" data-element_type=\"widget\" data-e-type=\"widget\" data-widget_type=\"image.default\">\n\t\t\t\t<div class=\"elementor-widget-container\">\n\t\t\t\t\t\t\t\t\t\t\t\t<figure class=\"wp-caption\">\n\t\t\t\t\t\t\t\t\t\t<img fetchpriority=\"high\" decoding=\"async\" width=\"610\" height=\"610\" src=\"https:\/\/dnvimatis.com\/no\/wp-content\/uploads\/sites\/2\/2022\/08\/Studentintervju-610x610-1.jpg\" class=\"attachment-large size-large wp-image-5140\" alt=\"Studentintervju\" srcset=\"https:\/\/dnvimatis.com\/no\/wp-content\/uploads\/sites\/2\/2022\/08\/Studentintervju-610x610-1.jpg 610w, https:\/\/dnvimatis.com\/no\/wp-content\/uploads\/sites\/2\/2022\/08\/Studentintervju-610x610-1-300x300.jpg 300w, https:\/\/dnvimatis.com\/no\/wp-content\/uploads\/sites\/2\/2022\/08\/Studentintervju-610x610-1-150x150.jpg 150w, https:\/\/dnvimatis.com\/no\/wp-content\/uploads\/sites\/2\/2022\/08\/Studentintervju-610x610-1-500x500.jpg 500w\" sizes=\"(max-width: 610px) 100vw, 610px\" \/>\t\t\t\t\t\t\t\t\t\t\t<figcaption class=\"widget-image-caption wp-caption-text\">F.v.: Eirik Berg Wang og Olav Heggelund<\/figcaption>\n\t\t\t\t\t\t\t\t\t\t<\/figure>\n\t\t\t\t\t\t\t\t\t<\/div>\n\t\t\t\t<\/div>\n\t\t\t\t\t<\/div>\n\t\t<\/div>\n\t\t\t\t<div class=\"elementor-column elementor-col-50 elementor-top-column elementor-element elementor-element-c16fccd\" data-id=\"c16fccd\" data-element_type=\"column\" data-e-type=\"column\">\n\t\t\t<div class=\"elementor-widget-wrap elementor-element-populated\">\n\t\t\t\t\t\t<div class=\"elementor-element elementor-element-4da0ee3 elementor-widget elementor-widget-text-editor\" data-id=\"4da0ee3\" data-element_type=\"widget\" data-e-type=\"widget\" data-widget_type=\"text-editor.default\">\n\t\t\t\t<div class=\"elementor-widget-container\">\n\t\t\t\t\t\t\t\t\t<p>I sommer har de\u00a0 lyst opp kontorene i Porsgrunn med sin nysgjerrige og kunnskapss\u00f8kende tiln\u00e6rming. Eirik og Olav har jobbet p\u00e5 spreng med test og integrasjon av <a href=\"https:\/\/somnofy.no\/\" target=\"_blank\" rel=\"noopener\">Somnofy<\/a> til v\u00e5re digitale samhandlingstavler, og har etter endt oppgave reist hjem for \u00e5 pakke kofferten. F\u00f8r de n\u00e5 skal ut i verden for \u00e5 s\u00f8ke lykken, benyttet vi sjansen til \u00e5 stille dem noen sp\u00f8rsm\u00e5l om fortid, n\u00e5tid og fremtid.\u00a0<\/p>\t\t\t\t\t\t\t\t<\/div>\n\t\t\t\t<\/div>\n\t\t\t\t<div class=\"elementor-element elementor-element-26b01fb elementor-widget__width-auto elementor-widget elementor-widget-button\" data-id=\"26b01fb\" data-element_type=\"widget\" data-e-type=\"widget\" data-widget_type=\"button.default\">\n\t\t\t\t<div class=\"elementor-widget-container\">\n\t\t\t\t\t\t\t\t\t<div class=\"elementor-button-wrapper\">\n\t\t\t\t\t<a class=\"elementor-button elementor-button-link elementor-size-sm\" href=\"https:\/\/dnvimatis.com\/no\/aktuelt\/nyheter\/somnofy-sovnmonitor\/\" target=\"_blank\">\n\t\t\t\t\t\t<span class=\"elementor-button-content-wrapper\">\n\t\t\t\t\t\t<span class=\"elementor-button-icon\">\n\t\t\t\t<i aria-hidden=\"true\" class=\"fas fa-arrow-circle-right\"><\/i>\t\t\t<\/span>\n\t\t\t\t\t\t\t\t\t<span class=\"elementor-button-text\">Les mer om Somnofy-integrasjonen<\/span>\n\t\t\t\t\t<\/span>\n\t\t\t\t\t<\/a>\n\t\t\t\t<\/div>\n\t\t\t\t\t\t\t\t<\/div>\n\t\t\t\t<\/div>\n\t\t\t\t\t<\/div>\n\t\t<\/div>\n\t\t\t\t\t<\/div>\n\t\t<\/section>\n\t\t\t\t<section class=\"elementor-section elementor-top-section elementor-element elementor-element-bdbe505 elementor-section-boxed elementor-section-height-default elementor-section-height-default\" data-id=\"bdbe505\" data-element_type=\"section\" data-e-type=\"section\">\n\t\t\t\t\t\t<div class=\"elementor-container elementor-column-gap-default\">\n\t\t\t\t\t<div class=\"elementor-column elementor-col-50 elementor-top-column elementor-element elementor-element-711903a\" data-id=\"711903a\" data-element_type=\"column\" data-e-type=\"column\">\n\t\t\t<div class=\"elementor-widget-wrap elementor-element-populated\">\n\t\t\t\t\t\t<div class=\"elementor-element elementor-element-d052938 elementor-widget elementor-widget-heading\" data-id=\"d052938\" data-element_type=\"widget\" data-e-type=\"widget\" data-widget_type=\"heading.default\">\n\t\t\t\t<div class=\"elementor-widget-container\">\n\t\t\t\t\t<h3 class=\"elementor-heading-title elementor-size-default\">Eirik Berg Wang<\/h3>\t\t\t\t<\/div>\n\t\t\t\t<\/div>\n\t\t\t\t<div class=\"elementor-element elementor-element-eb71e09 elementor-widget elementor-widget-text-editor\" data-id=\"eb71e09\" data-element_type=\"widget\" data-e-type=\"widget\" data-widget_type=\"text-editor.default\">\n\t\t\t\t<div class=\"elementor-widget-container\">\n\t\t\t\t\t\t\t\t\t<p><strong>Alder<\/strong>: 23<\/p><p><strong>Hvilken bakgrunn har du? <\/strong>Jeg har studert 3 \u00e5r ved NTNU, Kybernetikk og robotikk.<\/p><p><strong>Hva ledet deg til DNV Imatis? <\/strong>Jeg kjenner Olav godt fra studiet, og ble videre kjent med DNV Imatis gjennom han. Det var Olav som satte meg i kontakt med dere.<\/p><p><strong>Hva gj\u00f8r du p\u00e5 fritiden <\/strong>Jeg bruker mye tid p\u00e5 golf, og ser ogs\u00e5 en del fotball.<\/p><p><strong>Hvor g\u00e5r ferden videre n\u00e5 etter sommeren? <\/strong>N\u00e5 skal jeg p\u00e5 utveksling til Milano. Der blir jeg frem til jul, f\u00f8r jeg videre tar v\u00e5rsemesteret i Lisboa.<\/p><p><strong>Hva var det beste med \u00e5 tilbringe sommeren hos DNV Imatis? <\/strong>Fleksible arbeidsdager (Porsgrunn\/hjemmekontor) og med mange spennende og utfordrende arbeidsoppgaver. Veldig godt kontormilj\u00f8!<\/p><p><strong>Dine fremtidsutsikter og ambisjoner? <\/strong>Fullf\u00f8re masteren i Trondheim og flytte s\u00f8rover for \u00e5 finne meg en jobb jeg trives i! \ud83d\ude0a<\/p><p><strong>Hvor aktuelt tror du det er at du kommer til \u00e5 jobbe med e-helse i fremtiden? <\/strong>Ganske aktuelt. Fordypningsretningen min p\u00e5 studiet for 4. og 5. klasse heter Biomedisinsk Kybernetikk, s\u00e5 m\u00e5let er \u00e5 jobbe med noe teknisk innenfor helse.<\/p><p><strong>Norge eller \u2018utlandet\u2019? <\/strong>Jeg vil helst bosette meg i Norge i fremtiden.<\/p><p><strong>Dr\u00f8mmejobben? <\/strong>Dr\u00f8mmejobben er \u00e5 kunne jobbe med h\u00f8yteknologiske proteser, men alt innenfor helseteknologi virker ogs\u00e5 veldig spennende.<\/p>\t\t\t\t\t\t\t\t<\/div>\n\t\t\t\t<\/div>\n\t\t\t\t\t<\/div>\n\t\t<\/div>\n\t\t\t\t<div class=\"elementor-column elementor-col-50 elementor-top-column elementor-element elementor-element-a74f2a3\" data-id=\"a74f2a3\" data-element_type=\"column\" data-e-type=\"column\">\n\t\t\t<div class=\"elementor-widget-wrap elementor-element-populated\">\n\t\t\t\t\t\t<div class=\"elementor-element elementor-element-96a3b0d elementor-widget elementor-widget-heading\" data-id=\"96a3b0d\" data-element_type=\"widget\" data-e-type=\"widget\" data-widget_type=\"heading.default\">\n\t\t\t\t<div class=\"elementor-widget-container\">\n\t\t\t\t\t<h3 class=\"elementor-heading-title elementor-size-default\">Olav Heggelund<\/h3>\t\t\t\t<\/div>\n\t\t\t\t<\/div>\n\t\t\t\t<div class=\"elementor-element elementor-element-be348b1 elementor-widget elementor-widget-text-editor\" data-id=\"be348b1\" data-element_type=\"widget\" data-e-type=\"widget\" data-widget_type=\"text-editor.default\">\n\t\t\t\t<div class=\"elementor-widget-container\">\n\t\t\t\t\t\t\t\t\t<p><strong>Alder<\/strong>: 24<\/p><p><strong>Hvilken bakgrunn har du? <\/strong>Skolevikar p\u00e5 barneskole, lagerarbeider p\u00e5 DB Schenker, og n\u00e5 studert Kybernetikk og robotikk i Trondheim.<\/p><p><strong>Hva ledet deg til DNV Imatis? <\/strong>Jeg kjenner Dag Ausen som jobber som Vice President for forretningsutvikling og marked i DNV Imatis.<\/p><p><strong>Hva gj\u00f8r du p\u00e5 fritiden <\/strong>Jeg spiller volleyball, l\u00f8per en del og ellers liker jeg en god kveld p\u00e5 byen \ud83d\ude0a<\/p><p><strong>Hvor g\u00e5r ferden videre n\u00e5 etter sommeren? <\/strong>Til Milano n\u00e5 frem til jul med Eirik, deretter Barcelona et halv\u00e5r!<\/p><p><strong>Hva var det beste med \u00e5 tilbringe sommeren hos DNV Imatis? <\/strong>Hyggelige kollegaer! Ellers synes jeg det har v\u00e6rt spennende \u00e5 se hvordan et prosjekt g\u00e5r fra plan til realitet med alt som f\u00f8lger med. Det har v\u00e6rt interessant.<\/p><p><strong>Dine fremtidsutsikter og ambisjoner? <\/strong>Akkurat n\u00e5 er det vel et \u00e5r i utlandet som ligger fremst i hodet. Ellers hadde det v\u00e6rt g\u00f8y \u00e5 t\u00f8rre og pr\u00f8ve \u00e5 starte noe eget p\u00e5 et eller annet tidspunkt, men ikke til \u00e5 starte med.<\/p><p><strong>Hvor aktuelt tror du det er at du kommer til \u00e5 jobbe med e-helse i fremtiden? <\/strong>Jeg vet jeg i hvert fall kommer til \u00e5 jobbe med teknologi i fremtiden, og e-helse er p\u00e5 vei opp og frem, s\u00e5 det er slettes ikke usannsynlig.<\/p><p><strong>Norge eller \u2018utlandet\u2019? <\/strong>Vi f\u00e5r n\u00e5 kanskje testet \u00e5 f\u00e5 jobbet litt n\u00e5 i utlandet allerede n\u00e5 i h\u00f8st i Milano, s\u00e5 den vurderingen f\u00e5r jeg nesten ta etter det.<\/p><p><strong>Dr\u00f8mmejobben? <\/strong>Et sted med godt sosialt milj\u00f8, utfordrende og varierte oppgaver. Ha det moro p\u00e5 jobben.<\/p>\t\t\t\t\t\t\t\t<\/div>\n\t\t\t\t<\/div>\n\t\t\t\t\t<\/div>\n\t\t<\/div>\n\t\t\t\t\t<\/div>\n\t\t<\/section>\n\t\t\t\t<section class=\"elementor-section elementor-top-section elementor-element elementor-element-7387a7e5 elementor-section-boxed elementor-section-height-default elementor-section-height-default\" data-id=\"7387a7e5\" data-element_type=\"section\" data-e-type=\"section\" data-settings=\"{&quot;background_background&quot;:&quot;classic&quot;}\">\n\t\t\t\t\t\t<div class=\"elementor-container elementor-column-gap-default\">\n\t\t\t\t\t<div class=\"elementor-column elementor-col-100 elementor-top-column elementor-element elementor-element-4be90221\" data-id=\"4be90221\" data-element_type=\"column\" data-e-type=\"column\">\n\t\t\t<div class=\"elementor-widget-wrap elementor-element-populated\">\n\t\t\t\t\t\t<div class=\"elementor-element elementor-element-5a29bbcb elementor-widget elementor-widget-heading\" data-id=\"5a29bbcb\" data-element_type=\"widget\" data-e-type=\"widget\" data-widget_type=\"heading.default\">\n\t\t\t\t<div class=\"elementor-widget-container\">\n\t\t\t\t\t<h2 class=\"elementor-heading-title elementor-size-default\">Kundehistorier<\/h2>\t\t\t\t<\/div>\n\t\t\t\t<\/div>\n\t\t\t\t\t<\/div>\n\t\t<\/div>\n\t\t\t\t\t<\/div>\n\t\t<\/section>\n\t\t\t\t<\/div>\n\t\t","protected":false},"excerpt":{"rendered":"<p>Publisert 15.08.2022 kl 14:40 M\u00f8t studentene Eirik Berg Wang og Olav Heggelund. De har tilbragt sommeren p\u00e5 jobb hos DNV Imatis. Les hva slags tanker og planer de har for fremtiden og hva de mener ville v\u00e6re dr\u00f8mmejobben. F.v.: Eirik Berg Wang og Olav Heggelund I sommer har de\u00a0 lyst opp kontorene i Porsgrunn med [&hellip;]<\/p>\n","protected":false},"author":2,"featured_media":5137,"parent":423,"menu_order":0,"comment_status":"closed","ping_status":"closed","template":"elementor_header_footer","meta":{"_acf_changed":false,"_mo_disable_npp":"","footnotes":""},"class_list":["post-5136","page","type-page","status-publish","has-post-thumbnail","hentry"],"acf":[],"yoast_head":"<!-- This site is optimized with the Yoast SEO Premium plugin v23.9 (Yoast SEO v27.4) - https:\/\/yoast.com\/product\/yoast-seo-premium-wordpress\/ -->\n<title>Studentintervju - DNV Imatis<\/title>\n<meta name=\"description\" content=\"Studentintervju med Eirik Berg Wang og Olav Heggelund. De har tilbragt sommeren p\u00e5 jobb hos DNV Imatis. Les hvilke m\u00e5l de har for fremtiden.\" \/>\n<meta name=\"robots\" content=\"index, follow, max-snippet:-1, max-image-preview:large, max-video-preview:-1\" \/>\n<link rel=\"canonical\" href=\"https:\/\/dnvimatis.com\/no\/aktuelt\/nyheter\/studentintervju\/\" \/>\n<meta property=\"og:locale\" content=\"nb_NO\" \/>\n<meta property=\"og:type\" content=\"article\" \/>\n<meta property=\"og:title\" content=\"Studentintervju\" \/>\n<meta property=\"og:description\" content=\"Studentintervju med Eirik Berg Wang og Olav Heggelund. De har tilbragt sommeren p\u00e5 jobb hos DNV Imatis. Les hvilke m\u00e5l de har for fremtiden.\" \/>\n<meta property=\"og:url\" content=\"https:\/\/dnvimatis.com\/no\/aktuelt\/nyheter\/studentintervju\/\" \/>\n<meta property=\"og:site_name\" content=\"DNV Imatis.no\" \/>\n<meta property=\"article:modified_time\" content=\"2022-08-24T07:00:23+00:00\" \/>\n<meta property=\"og:image\" content=\"https:\/\/dnvimatis.com\/no\/wp-content\/uploads\/sites\/2\/2022\/08\/Studentintervju.jpg\" \/>\n\t<meta property=\"og:image:width\" content=\"2048\" \/>\n\t<meta property=\"og:image:height\" content=\"1152\" \/>\n\t<meta property=\"og:image:type\" content=\"image\/jpeg\" \/>\n<meta name=\"twitter:card\" content=\"summary_large_image\" \/>\n<meta name=\"twitter:label1\" content=\"Ansl. lesetid\" \/>\n\t<meta name=\"twitter:data1\" content=\"5 minutter\" \/>\n<script type=\"application\/ld+json\" class=\"yoast-schema-graph\">{\"@context\":\"https:\\\/\\\/schema.org\",\"@graph\":[{\"@type\":\"WebPage\",\"@id\":\"https:\\\/\\\/dnvimatis.com\\\/no\\\/aktuelt\\\/nyheter\\\/studentintervju\\\/\",\"url\":\"https:\\\/\\\/dnvimatis.com\\\/no\\\/aktuelt\\\/nyheter\\\/studentintervju\\\/\",\"name\":\"Studentintervju - DNV Imatis\",\"isPartOf\":{\"@id\":\"https:\\\/\\\/dnvimatis.com\\\/no\\\/#website\"},\"primaryImageOfPage\":{\"@id\":\"https:\\\/\\\/dnvimatis.com\\\/no\\\/aktuelt\\\/nyheter\\\/studentintervju\\\/#primaryimage\"},\"image\":{\"@id\":\"https:\\\/\\\/dnvimatis.com\\\/no\\\/aktuelt\\\/nyheter\\\/studentintervju\\\/#primaryimage\"},\"thumbnailUrl\":\"https:\\\/\\\/dnvimatis.com\\\/no\\\/wp-content\\\/uploads\\\/sites\\\/2\\\/2022\\\/08\\\/Studentintervju.jpg\",\"datePublished\":\"2022-08-15T11:52:44+00:00\",\"dateModified\":\"2022-08-24T07:00:23+00:00\",\"description\":\"Studentintervju med Eirik Berg Wang og Olav Heggelund. De har tilbragt sommeren p\u00e5 jobb hos DNV Imatis. Les hvilke m\u00e5l de har for fremtiden.\",\"breadcrumb\":{\"@id\":\"https:\\\/\\\/dnvimatis.com\\\/no\\\/aktuelt\\\/nyheter\\\/studentintervju\\\/#breadcrumb\"},\"inLanguage\":\"nb-NO\",\"potentialAction\":[{\"@type\":\"ReadAction\",\"target\":[\"https:\\\/\\\/dnvimatis.com\\\/no\\\/aktuelt\\\/nyheter\\\/studentintervju\\\/\"]}]},{\"@type\":\"ImageObject\",\"inLanguage\":\"nb-NO\",\"@id\":\"https:\\\/\\\/dnvimatis.com\\\/no\\\/aktuelt\\\/nyheter\\\/studentintervju\\\/#primaryimage\",\"url\":\"https:\\\/\\\/dnvimatis.com\\\/no\\\/wp-content\\\/uploads\\\/sites\\\/2\\\/2022\\\/08\\\/Studentintervju.jpg\",\"contentUrl\":\"https:\\\/\\\/dnvimatis.com\\\/no\\\/wp-content\\\/uploads\\\/sites\\\/2\\\/2022\\\/08\\\/Studentintervju.jpg\",\"width\":2048,\"height\":1152,\"caption\":\"Nyheter Studentintervju\"},{\"@type\":\"BreadcrumbList\",\"@id\":\"https:\\\/\\\/dnvimatis.com\\\/no\\\/aktuelt\\\/nyheter\\\/studentintervju\\\/#breadcrumb\",\"itemListElement\":[{\"@type\":\"ListItem\",\"position\":1,\"name\":\"Home\",\"item\":\"https:\\\/\\\/dnvimatis.com\\\/no\\\/\"},{\"@type\":\"ListItem\",\"position\":2,\"name\":\"Aktuelt\",\"item\":\"https:\\\/\\\/dnvimatis.com\\\/no\\\/aktuelt\\\/\"},{\"@type\":\"ListItem\",\"position\":3,\"name\":\"Nyheter\",\"item\":\"https:\\\/\\\/dnvimatis.com\\\/no\\\/aktuelt\\\/nyheter\\\/\"},{\"@type\":\"ListItem\",\"position\":4,\"name\":\"Studentintervju\"}]},{\"@type\":\"WebSite\",\"@id\":\"https:\\\/\\\/dnvimatis.com\\\/no\\\/#website\",\"url\":\"https:\\\/\\\/dnvimatis.com\\\/no\\\/\",\"name\":\"DNV Imatis.no\",\"description\":\"A game changer in healthcare solutions\",\"publisher\":{\"@id\":\"https:\\\/\\\/dnvimatis.com\\\/no\\\/#organization\"},\"potentialAction\":[{\"@type\":\"SearchAction\",\"target\":{\"@type\":\"EntryPoint\",\"urlTemplate\":\"https:\\\/\\\/dnvimatis.com\\\/no\\\/?s={search_term_string}\"},\"query-input\":{\"@type\":\"PropertyValueSpecification\",\"valueRequired\":true,\"valueName\":\"search_term_string\"}}],\"inLanguage\":\"nb-NO\"},{\"@type\":\"Organization\",\"@id\":\"https:\\\/\\\/dnvimatis.com\\\/no\\\/#organization\",\"name\":\"DNV Imatis.no\",\"url\":\"https:\\\/\\\/dnvimatis.com\\\/no\\\/\",\"logo\":{\"@type\":\"ImageObject\",\"inLanguage\":\"nb-NO\",\"@id\":\"https:\\\/\\\/dnvimatis.com\\\/no\\\/#\\\/schema\\\/logo\\\/image\\\/\",\"url\":\"https:\\\/\\\/dnvimatis.com\\\/no\\\/wp-content\\\/uploads\\\/sites\\\/2\\\/2022\\\/02\\\/DNV-Imatis-logo_color-white_RGB.svg\",\"contentUrl\":\"https:\\\/\\\/dnvimatis.com\\\/no\\\/wp-content\\\/uploads\\\/sites\\\/2\\\/2022\\\/02\\\/DNV-Imatis-logo_color-white_RGB.svg\",\"width\":680,\"height\":100,\"caption\":\"DNV Imatis.no\"},\"image\":{\"@id\":\"https:\\\/\\\/dnvimatis.com\\\/no\\\/#\\\/schema\\\/logo\\\/image\\\/\"}}]}<\/script>\n<!-- \/ Yoast SEO Premium plugin. -->","yoast_head_json":{"title":"Studentintervju - DNV Imatis","description":"Studentintervju med Eirik Berg Wang og Olav Heggelund. De har tilbragt sommeren p\u00e5 jobb hos DNV Imatis. Les hvilke m\u00e5l de har for fremtiden.","robots":{"index":"index","follow":"follow","max-snippet":"max-snippet:-1","max-image-preview":"max-image-preview:large","max-video-preview":"max-video-preview:-1"},"canonical":"https:\/\/dnvimatis.com\/no\/aktuelt\/nyheter\/studentintervju\/","og_locale":"nb_NO","og_type":"article","og_title":"Studentintervju","og_description":"Studentintervju med Eirik Berg Wang og Olav Heggelund. De har tilbragt sommeren p\u00e5 jobb hos DNV Imatis. Les hvilke m\u00e5l de har for fremtiden.","og_url":"https:\/\/dnvimatis.com\/no\/aktuelt\/nyheter\/studentintervju\/","og_site_name":"DNV Imatis.no","article_modified_time":"2022-08-24T07:00:23+00:00","og_image":[{"width":2048,"height":1152,"url":"https:\/\/dnvimatis.com\/no\/wp-content\/uploads\/sites\/2\/2022\/08\/Studentintervju.jpg","type":"image\/jpeg"}],"twitter_card":"summary_large_image","twitter_misc":{"Ansl. lesetid":"5 minutter"},"schema":{"@context":"https:\/\/schema.org","@graph":[{"@type":"WebPage","@id":"https:\/\/dnvimatis.com\/no\/aktuelt\/nyheter\/studentintervju\/","url":"https:\/\/dnvimatis.com\/no\/aktuelt\/nyheter\/studentintervju\/","name":"Studentintervju - DNV Imatis","isPartOf":{"@id":"https:\/\/dnvimatis.com\/no\/#website"},"primaryImageOfPage":{"@id":"https:\/\/dnvimatis.com\/no\/aktuelt\/nyheter\/studentintervju\/#primaryimage"},"image":{"@id":"https:\/\/dnvimatis.com\/no\/aktuelt\/nyheter\/studentintervju\/#primaryimage"},"thumbnailUrl":"https:\/\/dnvimatis.com\/no\/wp-content\/uploads\/sites\/2\/2022\/08\/Studentintervju.jpg","datePublished":"2022-08-15T11:52:44+00:00","dateModified":"2022-08-24T07:00:23+00:00","description":"Studentintervju med Eirik Berg Wang og Olav Heggelund. De har tilbragt sommeren p\u00e5 jobb hos DNV Imatis. Les hvilke m\u00e5l de har for fremtiden.","breadcrumb":{"@id":"https:\/\/dnvimatis.com\/no\/aktuelt\/nyheter\/studentintervju\/#breadcrumb"},"inLanguage":"nb-NO","potentialAction":[{"@type":"ReadAction","target":["https:\/\/dnvimatis.com\/no\/aktuelt\/nyheter\/studentintervju\/"]}]},{"@type":"ImageObject","inLanguage":"nb-NO","@id":"https:\/\/dnvimatis.com\/no\/aktuelt\/nyheter\/studentintervju\/#primaryimage","url":"https:\/\/dnvimatis.com\/no\/wp-content\/uploads\/sites\/2\/2022\/08\/Studentintervju.jpg","contentUrl":"https:\/\/dnvimatis.com\/no\/wp-content\/uploads\/sites\/2\/2022\/08\/Studentintervju.jpg","width":2048,"height":1152,"caption":"Nyheter Studentintervju"},{"@type":"BreadcrumbList","@id":"https:\/\/dnvimatis.com\/no\/aktuelt\/nyheter\/studentintervju\/#breadcrumb","itemListElement":[{"@type":"ListItem","position":1,"name":"Home","item":"https:\/\/dnvimatis.com\/no\/"},{"@type":"ListItem","position":2,"name":"Aktuelt","item":"https:\/\/dnvimatis.com\/no\/aktuelt\/"},{"@type":"ListItem","position":3,"name":"Nyheter","item":"https:\/\/dnvimatis.com\/no\/aktuelt\/nyheter\/"},{"@type":"ListItem","position":4,"name":"Studentintervju"}]},{"@type":"WebSite","@id":"https:\/\/dnvimatis.com\/no\/#website","url":"https:\/\/dnvimatis.com\/no\/","name":"DNV Imatis.no","description":"A game changer in healthcare solutions","publisher":{"@id":"https:\/\/dnvimatis.com\/no\/#organization"},"potentialAction":[{"@type":"SearchAction","target":{"@type":"EntryPoint","urlTemplate":"https:\/\/dnvimatis.com\/no\/?s={search_term_string}"},"query-input":{"@type":"PropertyValueSpecification","valueRequired":true,"valueName":"search_term_string"}}],"inLanguage":"nb-NO"},{"@type":"Organization","@id":"https:\/\/dnvimatis.com\/no\/#organization","name":"DNV Imatis.no","url":"https:\/\/dnvimatis.com\/no\/","logo":{"@type":"ImageObject","inLanguage":"nb-NO","@id":"https:\/\/dnvimatis.com\/no\/#\/schema\/logo\/image\/","url":"https:\/\/dnvimatis.com\/no\/wp-content\/uploads\/sites\/2\/2022\/02\/DNV-Imatis-logo_color-white_RGB.svg","contentUrl":"https:\/\/dnvimatis.com\/no\/wp-content\/uploads\/sites\/2\/2022\/02\/DNV-Imatis-logo_color-white_RGB.svg","width":680,"height":100,"caption":"DNV Imatis.no"},"image":{"@id":"https:\/\/dnvimatis.com\/no\/#\/schema\/logo\/image\/"}}]}},"publishpress_future_action":{"enabled":false,"date":"2026-05-08 00:13:25","action":"change-status","newStatus":"draft","terms":[],"taxonomy":"","extraData":[]},"publishpress_future_workflow_manual_trigger":{"enabledWorkflows":[]},"_links":{"self":[{"href":"https:\/\/dnvimatis.com\/no\/wp-json\/wp\/v2\/pages\/5136","targetHints":{"allow":["GET"]}}],"collection":[{"href":"https:\/\/dnvimatis.com\/no\/wp-json\/wp\/v2\/pages"}],"about":[{"href":"https:\/\/dnvimatis.com\/no\/wp-json\/wp\/v2\/types\/page"}],"author":[{"embeddable":true,"href":"https:\/\/dnvimatis.com\/no\/wp-json\/wp\/v2\/users\/2"}],"replies":[{"embeddable":true,"href":"https:\/\/dnvimatis.com\/no\/wp-json\/wp\/v2\/comments?post=5136"}],"version-history":[{"count":39,"href":"https:\/\/dnvimatis.com\/no\/wp-json\/wp\/v2\/pages\/5136\/revisions"}],"predecessor-version":[{"id":5254,"href":"https:\/\/dnvimatis.com\/no\/wp-json\/wp\/v2\/pages\/5136\/revisions\/5254"}],"up":[{"embeddable":true,"href":"https:\/\/dnvimatis.com\/no\/wp-json\/wp\/v2\/pages\/423"}],"wp:featuredmedia":[{"embeddable":true,"href":"https:\/\/dnvimatis.com\/no\/wp-json\/wp\/v2\/media\/5137"}],"wp:attachment":[{"href":"https:\/\/dnvimatis.com\/no\/wp-json\/wp\/v2\/media?parent=5136"}],"curies":[{"name":"wp","href":"https:\/\/api.w.org\/{rel}","templated":true}]}}