{"id":4893,"date":"2022-05-11T08:14:57","date_gmt":"2022-05-11T08:14:57","guid":{"rendered":"https:\/\/dnvimatis.com\/no\/?page_id=4893"},"modified":"2022-05-13T11:50:41","modified_gmt":"2022-05-13T11:50:41","slug":"nlsh-med-ny-akuttmottaksrapport","status":"publish","type":"page","link":"https:\/\/dnvimatis.com\/no\/aktuelt\/nyheter\/nlsh-med-ny-akuttmottaksrapport\/","title":{"rendered":"NLSH med ny akuttmottaksrapport"},"content":{"rendered":"\t\t<div data-elementor-type=\"wp-page\" data-elementor-id=\"4893\" class=\"elementor elementor-4893\" data-elementor-post-type=\"page\">\n\t\t\t\t\t\t<section class=\"elementor-section elementor-top-section elementor-element elementor-element-4b536ef4 elementor-section-height-min-height elementor-section-boxed elementor-section-height-default elementor-section-items-middle\" data-id=\"4b536ef4\" data-element_type=\"section\" data-e-type=\"section\">\n\t\t\t\t\t\t<div class=\"elementor-container elementor-column-gap-wider\">\n\t\t\t\t\t<div class=\"elementor-column elementor-col-100 elementor-top-column elementor-element elementor-element-407f0478\" data-id=\"407f0478\" data-element_type=\"column\" data-e-type=\"column\">\n\t\t\t<div class=\"elementor-widget-wrap elementor-element-populated\">\n\t\t\t\t\t\t<div class=\"elementor-element elementor-element-18dc704e elementor-widget elementor-widget-heading\" data-id=\"18dc704e\" data-element_type=\"widget\" data-e-type=\"widget\" data-widget_type=\"heading.default\">\n\t\t\t\t<div class=\"elementor-widget-container\">\n\t\t\t\t\t<h4 class=\"elementor-heading-title elementor-size-default\">Nordlandssykehuset (NLSH) med ny akuttmottaksrapport som synliggj\u00f8r beregninger, dimensjoner og tidsforbruk knyttet til pasientforl\u00f8pet. <\/h4>\t\t\t\t<\/div>\n\t\t\t\t<\/div>\n\t\t\t\t<div class=\"elementor-element elementor-element-19768805 elementor-widget elementor-widget-text-editor\" data-id=\"19768805\" data-element_type=\"widget\" data-e-type=\"widget\" data-widget_type=\"text-editor.default\">\n\t\t\t\t<div class=\"elementor-widget-container\">\n\t\t\t\t\t\t\t\t\t<h6>Publisert 11.05.22 kl 10:29\u00a0<\/h6>\t\t\t\t\t\t\t\t<\/div>\n\t\t\t\t<\/div>\n\t\t\t\t<div class=\"elementor-element elementor-element-c1587a8 elementor-widget elementor-widget-text-editor\" data-id=\"c1587a8\" data-element_type=\"widget\" data-e-type=\"widget\" data-widget_type=\"text-editor.default\">\n\t\t\t\t<div class=\"elementor-widget-container\">\n\t\t\t\t\t\t\t\t\t<p>NLSH s\u00e5 et tydelig behov for et rapport- og analyseverkt\u00f8y med mulighet for tilpassede standardrapporter for \u00e5 kunne ha mulighet til \u00e5 sammenligne KPI\u2019er, identifisere flaksehalser, kartlegge tidsbruk og planlegge bedre. Sykehuset har til n\u00e5 ikke hatt noen oversikt over pasientforl\u00f8p og hvordan dette p\u00e5virker akuttmottaket.\u00a0<\/p>\t\t\t\t\t\t\t\t<\/div>\n\t\t\t\t<\/div>\n\t\t\t\t<section class=\"elementor-section elementor-inner-section elementor-element elementor-element-5907aa79 elementor-section-boxed elementor-section-height-default elementor-section-height-default\" data-id=\"5907aa79\" data-element_type=\"section\" data-e-type=\"section\">\n\t\t\t\t\t\t<div class=\"elementor-container elementor-column-gap-wider\">\n\t\t\t\t\t<div class=\"elementor-column elementor-col-50 elementor-inner-column elementor-element elementor-element-10b8e35e\" data-id=\"10b8e35e\" data-element_type=\"column\" data-e-type=\"column\">\n\t\t\t<div class=\"elementor-widget-wrap elementor-element-populated\">\n\t\t\t\t\t\t<div class=\"elementor-element elementor-element-2ce93ce3 elementor-widget elementor-widget-image\" data-id=\"2ce93ce3\" data-element_type=\"widget\" data-e-type=\"widget\" data-widget_type=\"image.default\">\n\t\t\t\t<div class=\"elementor-widget-container\">\n\t\t\t\t\t\t\t\t\t\t\t\t<figure class=\"wp-caption\">\n\t\t\t\t\t\t\t\t\t\t<img fetchpriority=\"high\" decoding=\"async\" width=\"1024\" height=\"729\" src=\"https:\/\/dnvimatis.com\/no\/wp-content\/uploads\/sites\/2\/2022\/05\/BLUR-AkuttRapport-side-2-Bodo-Ar-uten-doktorverdi-1024x729.jpg\" class=\"attachment-large size-large wp-image-4895\" alt=\"NLSH med ny akuttmottaksrapport\" srcset=\"https:\/\/dnvimatis.com\/no\/wp-content\/uploads\/sites\/2\/2022\/05\/BLUR-AkuttRapport-side-2-Bodo-Ar-uten-doktorverdi-1024x729.jpg 1024w, https:\/\/dnvimatis.com\/no\/wp-content\/uploads\/sites\/2\/2022\/05\/BLUR-AkuttRapport-side-2-Bodo-Ar-uten-doktorverdi-300x214.jpg 300w, https:\/\/dnvimatis.com\/no\/wp-content\/uploads\/sites\/2\/2022\/05\/BLUR-AkuttRapport-side-2-Bodo-Ar-uten-doktorverdi-768x547.jpg 768w, https:\/\/dnvimatis.com\/no\/wp-content\/uploads\/sites\/2\/2022\/05\/BLUR-AkuttRapport-side-2-Bodo-Ar-uten-doktorverdi-421x300.jpg 421w, https:\/\/dnvimatis.com\/no\/wp-content\/uploads\/sites\/2\/2022\/05\/BLUR-AkuttRapport-side-2-Bodo-Ar-uten-doktorverdi.jpg 1321w\" sizes=\"(max-width: 1024px) 100vw, 1024px\" \/>\t\t\t\t\t\t\t\t\t\t\t<figcaption class=\"widget-image-caption wp-caption-text\"><\/figcaption>\n\t\t\t\t\t\t\t\t\t\t<\/figure>\n\t\t\t\t\t\t\t\t\t<\/div>\n\t\t\t\t<\/div>\n\t\t\t\t\t<\/div>\n\t\t<\/div>\n\t\t\t\t<div class=\"elementor-column elementor-col-50 elementor-inner-column elementor-element elementor-element-24cfc14d\" data-id=\"24cfc14d\" data-element_type=\"column\" data-e-type=\"column\">\n\t\t\t<div class=\"elementor-widget-wrap elementor-element-populated\">\n\t\t\t\t\t\t<div class=\"elementor-element elementor-element-be4adb2 elementor-widget elementor-widget-heading\" data-id=\"be4adb2\" data-element_type=\"widget\" data-e-type=\"widget\" data-widget_type=\"heading.default\">\n\t\t\t\t<div class=\"elementor-widget-container\">\n\t\t\t\t\t<h4 class=\"elementor-heading-title elementor-size-default\">Utvidet analyseverkt\u00f8y<\/h4>\t\t\t\t<\/div>\n\t\t\t\t<\/div>\n\t\t\t\t<div class=\"elementor-element elementor-element-5faae74f elementor-widget elementor-widget-text-editor\" data-id=\"5faae74f\" data-element_type=\"widget\" data-e-type=\"widget\" data-widget_type=\"text-editor.default\">\n\t\t\t\t<div class=\"elementor-widget-container\">\n\t\t\t\t\t\t\t\t\t<p>Etter samarbeid med DNV Imatis er det etablert akuttmottaksrapporter som viser pasientforl\u00f8p for pasienter som kommer til akutten, med mulighet for \u00e5 filtrere p\u00e5 sykehus (Bod\u00f8, Lofoten, Vester\u00e5len) og periode. Rapportene inneholder ulike n\u00f8kkeltall, triage, avdelingsfordeling, fordeling av ESS \u2013 koder, vitale parametere, samt ulike m\u00e5lbare KPI\u2019er definert av sykehuset selv.<\/p>\t\t\t\t\t\t\t\t<\/div>\n\t\t\t\t<\/div>\n\t\t\t\t\t<\/div>\n\t\t<\/div>\n\t\t\t\t\t<\/div>\n\t\t<\/section>\n\t\t\t\t<div class=\"elementor-element elementor-element-f22d6fd elementor-widget elementor-widget-text-editor\" data-id=\"f22d6fd\" data-element_type=\"widget\" data-e-type=\"widget\" data-widget_type=\"text-editor.default\">\n\t\t\t\t<div class=\"elementor-widget-container\">\n\t\t\t\t\t\t\t\t\t<p>Silje Therese Kristensen, r\u00e5dgiver ved Enhet for klinisk IKT p\u00e5 Nordlandssykehuset HF, sier rapportene prim\u00e6rt vil bli brukt i tavlem\u00f8ter p\u00e5 morgenen blant personalet, men ogs\u00e5 i st\u00f8rre grad blant fagseksjonen i klinikken slik at de kan hente ut tall fra virksomheten.<\/p>\t\t\t\t\t\t\t\t<\/div>\n\t\t\t\t<\/div>\n\t\t\t\t\t<\/div>\n\t\t<\/div>\n\t\t\t\t\t<\/div>\n\t\t<\/section>\n\t\t\t\t<section class=\"elementor-section elementor-top-section elementor-element elementor-element-51b81eb5 elementor-section-boxed elementor-section-height-default elementor-section-height-default\" data-id=\"51b81eb5\" data-element_type=\"section\" data-e-type=\"section\">\n\t\t\t\t\t\t<div class=\"elementor-container elementor-column-gap-wider\">\n\t\t\t\t\t<div class=\"elementor-column elementor-col-100 elementor-top-column elementor-element elementor-element-5de44c82\" data-id=\"5de44c82\" data-element_type=\"column\" data-e-type=\"column\">\n\t\t\t<div class=\"elementor-widget-wrap elementor-element-populated\">\n\t\t\t\t\t\t<div class=\"elementor-element elementor-element-44fd91fe elementor-widget elementor-widget-heading\" data-id=\"44fd91fe\" data-element_type=\"widget\" data-e-type=\"widget\" data-widget_type=\"heading.default\">\n\t\t\t\t<div class=\"elementor-widget-container\">\n\t\t\t\t\t<h3 class=\"elementor-heading-title elementor-size-default\">Sammenligningsgrunnlag for bedre beslutninger<\/h3>\t\t\t\t<\/div>\n\t\t\t\t<\/div>\n\t\t\t\t<div class=\"elementor-element elementor-element-484f3fe0 elementor-widget elementor-widget-text-editor\" data-id=\"484f3fe0\" data-element_type=\"widget\" data-e-type=\"widget\" data-widget_type=\"text-editor.default\">\n\t\t\t\t<div class=\"elementor-widget-container\">\n\t\t\t\t\t\t\t\t\t<p>Mulighetsrommet dette gir omfatter datauthenting og analyser som gir beregnings- og sammenligningsgrunnlag for \u00e5 avdekke blant annet hvor tidsbruken og belastningen i mottaket er st\u00f8rst. Alle tidsstempler kan sammenlignes p\u00e5 tvers. Eksempler p\u00e5 definerte tidsbaserte KPI\u2019er definert av NLSH, spenner seg fra <em>tid fra doktor tilsett til doktor ferdig<\/em>, <em>tid fra doktor ferdig til ut av mottak<\/em> og <em>tidsdifferanse mellom pasienter som snus eller videresendes<\/em>. Fordelingsgrader basert p\u00e5 triage \u2013 verdier, antall per avdeling, ESS \u2013 koder og vitale parametere, er ogs\u00e5 implementert for alle eksisterende verdier. \u00a0<\/p>\t\t\t\t\t\t\t\t<\/div>\n\t\t\t\t<\/div>\n\t\t\t\t<div class=\"elementor-element elementor-element-f171bbc elementor-widget elementor-widget-heading\" data-id=\"f171bbc\" data-element_type=\"widget\" data-e-type=\"widget\" data-widget_type=\"heading.default\">\n\t\t\t\t<div class=\"elementor-widget-container\">\n\t\t\t\t\t<h3 class=\"elementor-heading-title elementor-size-default\">Gjenbruk<\/h3>\t\t\t\t<\/div>\n\t\t\t\t<\/div>\n\t\t\t\t<div class=\"elementor-element elementor-element-c3c9c7b elementor-widget elementor-widget-text-editor\" data-id=\"c3c9c7b\" data-element_type=\"widget\" data-e-type=\"widget\" data-widget_type=\"text-editor.default\">\n\t\t\t\t<div class=\"elementor-widget-container\">\n\t\t\t\t\t\t\t\t\t<p>Rapportl\u00f8sningen gjennom en utvidelse av DNV Imatis Analytics kan gjenbrukes med kun minimale justeringer for alle sykehus som benytter DIPS som PAS. For \u00f8vrige som bruker andre PAS &#8211; felter og navn, trengs det en litt st\u00f8rre tilpasning for \u00e5 kunne ta i bruk utvidelsen i DNV Imatis Analytics.<\/p>\t\t\t\t\t\t\t\t<\/div>\n\t\t\t\t<\/div>\n\t\t\t\t<div class=\"elementor-element elementor-element-50fcac3 elementor-widget elementor-widget-heading\" data-id=\"50fcac3\" data-element_type=\"widget\" data-e-type=\"widget\" data-widget_type=\"heading.default\">\n\t\t\t\t<div class=\"elementor-widget-container\">\n\t\t\t\t\t<h3 class=\"elementor-heading-title elementor-size-default\">Utvidelsesmuligheter<\/h3>\t\t\t\t<\/div>\n\t\t\t\t<\/div>\n\t\t\t\t<div class=\"elementor-element elementor-element-3e38808 elementor-widget elementor-widget-text-editor\" data-id=\"3e38808\" data-element_type=\"widget\" data-e-type=\"widget\" data-widget_type=\"text-editor.default\">\n\t\t\t\t<div class=\"elementor-widget-container\">\n\t\t\t\t\t\t\t\t\t<p>Analyseverkt\u00f8yet \u00e5pner for datainnsamling fra alle sengeposter og sykehusforl\u00f8p, og at det kan legges til flere m\u00e5leverdier for enkel beregning og fremstilling av tilpassede grafer, gjennomsnitt, median eller 90% percentilverdier i rapporten. Man vil ogs\u00e5 kunne tilpasse og skreddersy behov som eksempelvis til avdelinger som psykiatri.<\/p>\t\t\t\t\t\t\t\t<\/div>\n\t\t\t\t<\/div>\n\t\t\t\t<div class=\"elementor-element elementor-element-bdf6774 elementor-widget elementor-widget-image\" data-id=\"bdf6774\" data-element_type=\"widget\" data-e-type=\"widget\" data-widget_type=\"image.default\">\n\t\t\t\t<div class=\"elementor-widget-container\">\n\t\t\t\t\t\t\t\t\t\t\t\t\t\t\t<img decoding=\"async\" width=\"1024\" height=\"901\" src=\"https:\/\/dnvimatis.com\/no\/wp-content\/uploads\/sites\/2\/2022\/05\/NY-BLUR-AkuttRapport-side-1-Bodo-Ar-1024x901.jpg\" class=\"attachment-large size-large wp-image-4950\" alt=\"NLSH med ny akuttmottaksrapport\" srcset=\"https:\/\/dnvimatis.com\/no\/wp-content\/uploads\/sites\/2\/2022\/05\/NY-BLUR-AkuttRapport-side-1-Bodo-Ar-1024x901.jpg 1024w, https:\/\/dnvimatis.com\/no\/wp-content\/uploads\/sites\/2\/2022\/05\/NY-BLUR-AkuttRapport-side-1-Bodo-Ar-300x264.jpg 300w, https:\/\/dnvimatis.com\/no\/wp-content\/uploads\/sites\/2\/2022\/05\/NY-BLUR-AkuttRapport-side-1-Bodo-Ar-768x676.jpg 768w, https:\/\/dnvimatis.com\/no\/wp-content\/uploads\/sites\/2\/2022\/05\/NY-BLUR-AkuttRapport-side-1-Bodo-Ar-341x300.jpg 341w, https:\/\/dnvimatis.com\/no\/wp-content\/uploads\/sites\/2\/2022\/05\/NY-BLUR-AkuttRapport-side-1-Bodo-Ar.jpg 1317w\" sizes=\"(max-width: 1024px) 100vw, 1024px\" \/>\t\t\t\t\t\t\t\t\t\t\t\t\t\t\t<\/div>\n\t\t\t\t<\/div>\n\t\t\t\t\t<\/div>\n\t\t<\/div>\n\t\t\t\t\t<\/div>\n\t\t<\/section>\n\t\t\t\t<section class=\"elementor-section elementor-top-section elementor-element elementor-element-12c9b738 elementor-section-boxed elementor-section-height-default elementor-section-height-default\" data-id=\"12c9b738\" data-element_type=\"section\" data-e-type=\"section\" data-settings=\"{&quot;background_background&quot;:&quot;classic&quot;}\">\n\t\t\t\t\t\t<div class=\"elementor-container elementor-column-gap-default\">\n\t\t\t\t\t<div class=\"elementor-column elementor-col-100 elementor-top-column elementor-element elementor-element-295f333e\" data-id=\"295f333e\" data-element_type=\"column\" data-e-type=\"column\">\n\t\t\t<div class=\"elementor-widget-wrap elementor-element-populated\">\n\t\t\t\t\t\t<div class=\"elementor-element elementor-element-2695d86b elementor-widget elementor-widget-heading\" data-id=\"2695d86b\" data-element_type=\"widget\" data-e-type=\"widget\" data-widget_type=\"heading.default\">\n\t\t\t\t<div class=\"elementor-widget-container\">\n\t\t\t\t\t<h2 class=\"elementor-heading-title elementor-size-default\">Kundehistorier<\/h2>\t\t\t\t<\/div>\n\t\t\t\t<\/div>\n\t\t\t\t\t<\/div>\n\t\t<\/div>\n\t\t\t\t\t<\/div>\n\t\t<\/section>\n\t\t\t\t<\/div>\n\t\t","protected":false},"excerpt":{"rendered":"<p>Nordlandssykehuset (NLSH) med ny akuttmottaksrapport som synliggj\u00f8r beregninger, dimensjoner og tidsforbruk knyttet til pasientforl\u00f8pet. Publisert 11.05.22 kl 10:29\u00a0 NLSH s\u00e5 et tydelig behov for et rapport- og analyseverkt\u00f8y med mulighet for tilpassede standardrapporter for \u00e5 kunne ha mulighet til \u00e5 sammenligne KPI\u2019er, identifisere flaksehalser, kartlegge tidsbruk og planlegge bedre. Sykehuset har til n\u00e5 ikke hatt [&hellip;]<\/p>\n","protected":false},"author":2,"featured_media":3461,"parent":423,"menu_order":0,"comment_status":"closed","ping_status":"closed","template":"elementor_header_footer","meta":{"_acf_changed":false,"_mo_disable_npp":"","footnotes":""},"class_list":["post-4893","page","type-page","status-publish","has-post-thumbnail","hentry"],"acf":[],"yoast_head":"<!-- This site is optimized with the Yoast SEO Premium plugin v23.9 (Yoast SEO v27.4) - https:\/\/yoast.com\/product\/yoast-seo-premium-wordpress\/ -->\n<title>NLSH med ny akuttmottaksrapport - DNV Imatis<\/title>\n<meta name=\"description\" content=\"NLSH med ny akuttmottaksrapport som synliggj\u00f8r beregninger, dimensjoner og tidsforbruk knyttet til pasientforl\u00f8pet.\" \/>\n<meta name=\"robots\" content=\"index, follow, max-snippet:-1, max-image-preview:large, max-video-preview:-1\" \/>\n<link rel=\"canonical\" href=\"https:\/\/dnvimatis.com\/no\/aktuelt\/nyheter\/nlsh-med-ny-akuttmottaksrapport\/\" \/>\n<meta property=\"og:locale\" content=\"nb_NO\" \/>\n<meta property=\"og:type\" content=\"article\" \/>\n<meta property=\"og:title\" content=\"NLSH med ny akuttmottaksrapport\" \/>\n<meta property=\"og:description\" content=\"NLSH med ny akuttmottaksrapport som synliggj\u00f8r beregninger, dimensjoner og tidsforbruk knyttet til pasientforl\u00f8pet.\" \/>\n<meta property=\"og:url\" content=\"https:\/\/dnvimatis.com\/no\/aktuelt\/nyheter\/nlsh-med-ny-akuttmottaksrapport\/\" \/>\n<meta property=\"og:site_name\" content=\"DNV Imatis.no\" \/>\n<meta property=\"article:modified_time\" content=\"2022-05-13T11:50:41+00:00\" \/>\n<meta property=\"og:image\" content=\"https:\/\/dnvimatis.com\/no\/wp-content\/uploads\/sites\/2\/2022\/02\/Nordlandssykehuset-610x406-1.jpg\" \/>\n\t<meta property=\"og:image:width\" content=\"610\" \/>\n\t<meta property=\"og:image:height\" content=\"406\" \/>\n\t<meta property=\"og:image:type\" content=\"image\/jpeg\" \/>\n<meta name=\"twitter:card\" content=\"summary_large_image\" \/>\n<meta name=\"twitter:label1\" content=\"Ansl. lesetid\" \/>\n\t<meta name=\"twitter:data1\" content=\"4 minutter\" \/>\n<script type=\"application\/ld+json\" class=\"yoast-schema-graph\">{\"@context\":\"https:\\\/\\\/schema.org\",\"@graph\":[{\"@type\":\"WebPage\",\"@id\":\"https:\\\/\\\/dnvimatis.com\\\/no\\\/aktuelt\\\/nyheter\\\/nlsh-med-ny-akuttmottaksrapport\\\/\",\"url\":\"https:\\\/\\\/dnvimatis.com\\\/no\\\/aktuelt\\\/nyheter\\\/nlsh-med-ny-akuttmottaksrapport\\\/\",\"name\":\"NLSH med ny akuttmottaksrapport - DNV Imatis\",\"isPartOf\":{\"@id\":\"https:\\\/\\\/dnvimatis.com\\\/no\\\/#website\"},\"primaryImageOfPage\":{\"@id\":\"https:\\\/\\\/dnvimatis.com\\\/no\\\/aktuelt\\\/nyheter\\\/nlsh-med-ny-akuttmottaksrapport\\\/#primaryimage\"},\"image\":{\"@id\":\"https:\\\/\\\/dnvimatis.com\\\/no\\\/aktuelt\\\/nyheter\\\/nlsh-med-ny-akuttmottaksrapport\\\/#primaryimage\"},\"thumbnailUrl\":\"https:\\\/\\\/dnvimatis.com\\\/no\\\/wp-content\\\/uploads\\\/sites\\\/2\\\/2022\\\/02\\\/Nordlandssykehuset-610x406-1.jpg\",\"datePublished\":\"2022-05-11T08:14:57+00:00\",\"dateModified\":\"2022-05-13T11:50:41+00:00\",\"description\":\"NLSH med ny akuttmottaksrapport som synliggj\u00f8r beregninger, dimensjoner og tidsforbruk knyttet til pasientforl\u00f8pet.\",\"breadcrumb\":{\"@id\":\"https:\\\/\\\/dnvimatis.com\\\/no\\\/aktuelt\\\/nyheter\\\/nlsh-med-ny-akuttmottaksrapport\\\/#breadcrumb\"},\"inLanguage\":\"nb-NO\",\"potentialAction\":[{\"@type\":\"ReadAction\",\"target\":[\"https:\\\/\\\/dnvimatis.com\\\/no\\\/aktuelt\\\/nyheter\\\/nlsh-med-ny-akuttmottaksrapport\\\/\"]}]},{\"@type\":\"ImageObject\",\"inLanguage\":\"nb-NO\",\"@id\":\"https:\\\/\\\/dnvimatis.com\\\/no\\\/aktuelt\\\/nyheter\\\/nlsh-med-ny-akuttmottaksrapport\\\/#primaryimage\",\"url\":\"https:\\\/\\\/dnvimatis.com\\\/no\\\/wp-content\\\/uploads\\\/sites\\\/2\\\/2022\\\/02\\\/Nordlandssykehuset-610x406-1.jpg\",\"contentUrl\":\"https:\\\/\\\/dnvimatis.com\\\/no\\\/wp-content\\\/uploads\\\/sites\\\/2\\\/2022\\\/02\\\/Nordlandssykehuset-610x406-1.jpg\",\"width\":610,\"height\":406,\"caption\":\"sykehus med digital beredskap\"},{\"@type\":\"BreadcrumbList\",\"@id\":\"https:\\\/\\\/dnvimatis.com\\\/no\\\/aktuelt\\\/nyheter\\\/nlsh-med-ny-akuttmottaksrapport\\\/#breadcrumb\",\"itemListElement\":[{\"@type\":\"ListItem\",\"position\":1,\"name\":\"Home\",\"item\":\"https:\\\/\\\/dnvimatis.com\\\/no\\\/\"},{\"@type\":\"ListItem\",\"position\":2,\"name\":\"Aktuelt\",\"item\":\"https:\\\/\\\/dnvimatis.com\\\/no\\\/aktuelt\\\/\"},{\"@type\":\"ListItem\",\"position\":3,\"name\":\"Nyheter\",\"item\":\"https:\\\/\\\/dnvimatis.com\\\/no\\\/aktuelt\\\/nyheter\\\/\"},{\"@type\":\"ListItem\",\"position\":4,\"name\":\"NLSH med ny akuttmottaksrapport\"}]},{\"@type\":\"WebSite\",\"@id\":\"https:\\\/\\\/dnvimatis.com\\\/no\\\/#website\",\"url\":\"https:\\\/\\\/dnvimatis.com\\\/no\\\/\",\"name\":\"DNV Imatis.no\",\"description\":\"A game changer in healthcare solutions\",\"publisher\":{\"@id\":\"https:\\\/\\\/dnvimatis.com\\\/no\\\/#organization\"},\"potentialAction\":[{\"@type\":\"SearchAction\",\"target\":{\"@type\":\"EntryPoint\",\"urlTemplate\":\"https:\\\/\\\/dnvimatis.com\\\/no\\\/?s={search_term_string}\"},\"query-input\":{\"@type\":\"PropertyValueSpecification\",\"valueRequired\":true,\"valueName\":\"search_term_string\"}}],\"inLanguage\":\"nb-NO\"},{\"@type\":\"Organization\",\"@id\":\"https:\\\/\\\/dnvimatis.com\\\/no\\\/#organization\",\"name\":\"DNV Imatis.no\",\"url\":\"https:\\\/\\\/dnvimatis.com\\\/no\\\/\",\"logo\":{\"@type\":\"ImageObject\",\"inLanguage\":\"nb-NO\",\"@id\":\"https:\\\/\\\/dnvimatis.com\\\/no\\\/#\\\/schema\\\/logo\\\/image\\\/\",\"url\":\"https:\\\/\\\/dnvimatis.com\\\/no\\\/wp-content\\\/uploads\\\/sites\\\/2\\\/2022\\\/02\\\/DNV-Imatis-logo_color-white_RGB.svg\",\"contentUrl\":\"https:\\\/\\\/dnvimatis.com\\\/no\\\/wp-content\\\/uploads\\\/sites\\\/2\\\/2022\\\/02\\\/DNV-Imatis-logo_color-white_RGB.svg\",\"width\":680,\"height\":100,\"caption\":\"DNV Imatis.no\"},\"image\":{\"@id\":\"https:\\\/\\\/dnvimatis.com\\\/no\\\/#\\\/schema\\\/logo\\\/image\\\/\"}}]}<\/script>\n<!-- \/ Yoast SEO Premium plugin. -->","yoast_head_json":{"title":"NLSH med ny akuttmottaksrapport - DNV Imatis","description":"NLSH med ny akuttmottaksrapport som synliggj\u00f8r beregninger, dimensjoner og tidsforbruk knyttet til pasientforl\u00f8pet.","robots":{"index":"index","follow":"follow","max-snippet":"max-snippet:-1","max-image-preview":"max-image-preview:large","max-video-preview":"max-video-preview:-1"},"canonical":"https:\/\/dnvimatis.com\/no\/aktuelt\/nyheter\/nlsh-med-ny-akuttmottaksrapport\/","og_locale":"nb_NO","og_type":"article","og_title":"NLSH med ny akuttmottaksrapport","og_description":"NLSH med ny akuttmottaksrapport som synliggj\u00f8r beregninger, dimensjoner og tidsforbruk knyttet til pasientforl\u00f8pet.","og_url":"https:\/\/dnvimatis.com\/no\/aktuelt\/nyheter\/nlsh-med-ny-akuttmottaksrapport\/","og_site_name":"DNV Imatis.no","article_modified_time":"2022-05-13T11:50:41+00:00","og_image":[{"width":610,"height":406,"url":"https:\/\/dnvimatis.com\/no\/wp-content\/uploads\/sites\/2\/2022\/02\/Nordlandssykehuset-610x406-1.jpg","type":"image\/jpeg"}],"twitter_card":"summary_large_image","twitter_misc":{"Ansl. lesetid":"4 minutter"},"schema":{"@context":"https:\/\/schema.org","@graph":[{"@type":"WebPage","@id":"https:\/\/dnvimatis.com\/no\/aktuelt\/nyheter\/nlsh-med-ny-akuttmottaksrapport\/","url":"https:\/\/dnvimatis.com\/no\/aktuelt\/nyheter\/nlsh-med-ny-akuttmottaksrapport\/","name":"NLSH med ny akuttmottaksrapport - DNV Imatis","isPartOf":{"@id":"https:\/\/dnvimatis.com\/no\/#website"},"primaryImageOfPage":{"@id":"https:\/\/dnvimatis.com\/no\/aktuelt\/nyheter\/nlsh-med-ny-akuttmottaksrapport\/#primaryimage"},"image":{"@id":"https:\/\/dnvimatis.com\/no\/aktuelt\/nyheter\/nlsh-med-ny-akuttmottaksrapport\/#primaryimage"},"thumbnailUrl":"https:\/\/dnvimatis.com\/no\/wp-content\/uploads\/sites\/2\/2022\/02\/Nordlandssykehuset-610x406-1.jpg","datePublished":"2022-05-11T08:14:57+00:00","dateModified":"2022-05-13T11:50:41+00:00","description":"NLSH med ny akuttmottaksrapport som synliggj\u00f8r beregninger, dimensjoner og tidsforbruk knyttet til pasientforl\u00f8pet.","breadcrumb":{"@id":"https:\/\/dnvimatis.com\/no\/aktuelt\/nyheter\/nlsh-med-ny-akuttmottaksrapport\/#breadcrumb"},"inLanguage":"nb-NO","potentialAction":[{"@type":"ReadAction","target":["https:\/\/dnvimatis.com\/no\/aktuelt\/nyheter\/nlsh-med-ny-akuttmottaksrapport\/"]}]},{"@type":"ImageObject","inLanguage":"nb-NO","@id":"https:\/\/dnvimatis.com\/no\/aktuelt\/nyheter\/nlsh-med-ny-akuttmottaksrapport\/#primaryimage","url":"https:\/\/dnvimatis.com\/no\/wp-content\/uploads\/sites\/2\/2022\/02\/Nordlandssykehuset-610x406-1.jpg","contentUrl":"https:\/\/dnvimatis.com\/no\/wp-content\/uploads\/sites\/2\/2022\/02\/Nordlandssykehuset-610x406-1.jpg","width":610,"height":406,"caption":"sykehus med digital beredskap"},{"@type":"BreadcrumbList","@id":"https:\/\/dnvimatis.com\/no\/aktuelt\/nyheter\/nlsh-med-ny-akuttmottaksrapport\/#breadcrumb","itemListElement":[{"@type":"ListItem","position":1,"name":"Home","item":"https:\/\/dnvimatis.com\/no\/"},{"@type":"ListItem","position":2,"name":"Aktuelt","item":"https:\/\/dnvimatis.com\/no\/aktuelt\/"},{"@type":"ListItem","position":3,"name":"Nyheter","item":"https:\/\/dnvimatis.com\/no\/aktuelt\/nyheter\/"},{"@type":"ListItem","position":4,"name":"NLSH med ny akuttmottaksrapport"}]},{"@type":"WebSite","@id":"https:\/\/dnvimatis.com\/no\/#website","url":"https:\/\/dnvimatis.com\/no\/","name":"DNV Imatis.no","description":"A game changer in healthcare solutions","publisher":{"@id":"https:\/\/dnvimatis.com\/no\/#organization"},"potentialAction":[{"@type":"SearchAction","target":{"@type":"EntryPoint","urlTemplate":"https:\/\/dnvimatis.com\/no\/?s={search_term_string}"},"query-input":{"@type":"PropertyValueSpecification","valueRequired":true,"valueName":"search_term_string"}}],"inLanguage":"nb-NO"},{"@type":"Organization","@id":"https:\/\/dnvimatis.com\/no\/#organization","name":"DNV Imatis.no","url":"https:\/\/dnvimatis.com\/no\/","logo":{"@type":"ImageObject","inLanguage":"nb-NO","@id":"https:\/\/dnvimatis.com\/no\/#\/schema\/logo\/image\/","url":"https:\/\/dnvimatis.com\/no\/wp-content\/uploads\/sites\/2\/2022\/02\/DNV-Imatis-logo_color-white_RGB.svg","contentUrl":"https:\/\/dnvimatis.com\/no\/wp-content\/uploads\/sites\/2\/2022\/02\/DNV-Imatis-logo_color-white_RGB.svg","width":680,"height":100,"caption":"DNV Imatis.no"},"image":{"@id":"https:\/\/dnvimatis.com\/no\/#\/schema\/logo\/image\/"}}]}},"publishpress_future_action":{"enabled":false,"date":"2026-05-09 04:14:27","action":"change-status","newStatus":"draft","terms":[],"taxonomy":"","extraData":[]},"publishpress_future_workflow_manual_trigger":{"enabledWorkflows":[]},"_links":{"self":[{"href":"https:\/\/dnvimatis.com\/no\/wp-json\/wp\/v2\/pages\/4893","targetHints":{"allow":["GET"]}}],"collection":[{"href":"https:\/\/dnvimatis.com\/no\/wp-json\/wp\/v2\/pages"}],"about":[{"href":"https:\/\/dnvimatis.com\/no\/wp-json\/wp\/v2\/types\/page"}],"author":[{"embeddable":true,"href":"https:\/\/dnvimatis.com\/no\/wp-json\/wp\/v2\/users\/2"}],"replies":[{"embeddable":true,"href":"https:\/\/dnvimatis.com\/no\/wp-json\/wp\/v2\/comments?post=4893"}],"version-history":[{"count":11,"href":"https:\/\/dnvimatis.com\/no\/wp-json\/wp\/v2\/pages\/4893\/revisions"}],"predecessor-version":[{"id":4953,"href":"https:\/\/dnvimatis.com\/no\/wp-json\/wp\/v2\/pages\/4893\/revisions\/4953"}],"up":[{"embeddable":true,"href":"https:\/\/dnvimatis.com\/no\/wp-json\/wp\/v2\/pages\/423"}],"wp:featuredmedia":[{"embeddable":true,"href":"https:\/\/dnvimatis.com\/no\/wp-json\/wp\/v2\/media\/3461"}],"wp:attachment":[{"href":"https:\/\/dnvimatis.com\/no\/wp-json\/wp\/v2\/media?parent=4893"}],"curies":[{"name":"wp","href":"https:\/\/api.w.org\/{rel}","templated":true}]}}