{"id":412,"date":"2022-01-11T21:17:01","date_gmt":"2022-01-11T21:17:01","guid":{"rendered":"https:\/\/38l18x8fiqnctlje.prev.site\/no\/?page_id=412"},"modified":"2022-02-02T20:25:30","modified_gmt":"2022-02-02T20:25:30","slug":"kundehistorier","status":"publish","type":"page","link":"https:\/\/dnvimatis.com\/no\/kundehistorier\/","title":{"rendered":"Kundehistorier"},"content":{"rendered":"\t\t<div data-elementor-type=\"wp-page\" data-elementor-id=\"412\" class=\"elementor elementor-412\" data-elementor-post-type=\"page\">\n\t\t\t\t\t\t<section class=\"elementor-section elementor-top-section elementor-element elementor-element-62926b17 elementor-section-height-min-height elementor-section-boxed elementor-section-height-default elementor-section-items-middle\" data-id=\"62926b17\" data-element_type=\"section\" data-e-type=\"section\" data-settings=\"{&quot;jet_parallax_layout_list&quot;:[{&quot;_id&quot;:&quot;6efd307&quot;,&quot;jet_parallax_layout_type&quot;:&quot;none&quot;,&quot;jet_parallax_layout_bg_x&quot;:&quot;&quot;,&quot;jet_parallax_layout_bg_y&quot;:&quot;&quot;,&quot;jet_parallax_layout_speed&quot;:{&quot;unit&quot;:&quot;%&quot;,&quot;size&quot;:&quot;&quot;,&quot;sizes&quot;:[]},&quot;jet_parallax_layout_image&quot;:{&quot;url&quot;:&quot;&quot;,&quot;id&quot;:&quot;&quot;,&quot;size&quot;:&quot;&quot;},&quot;jet_parallax_layout_image_tablet&quot;:{&quot;url&quot;:&quot;&quot;,&quot;id&quot;:&quot;&quot;,&quot;size&quot;:&quot;&quot;},&quot;jet_parallax_layout_image_mobile&quot;:{&quot;url&quot;:&quot;&quot;,&quot;id&quot;:&quot;&quot;,&quot;size&quot;:&quot;&quot;},&quot;jet_parallax_layout_direction&quot;:null,&quot;jet_parallax_layout_fx_direction&quot;:null,&quot;jet_parallax_layout_z_index&quot;:&quot;&quot;,&quot;jet_parallax_layout_bg_x_tablet&quot;:&quot;&quot;,&quot;jet_parallax_layout_bg_x_mobile&quot;:&quot;&quot;,&quot;jet_parallax_layout_bg_y_tablet&quot;:&quot;&quot;,&quot;jet_parallax_layout_bg_y_mobile&quot;:&quot;&quot;,&quot;jet_parallax_layout_bg_size&quot;:&quot;auto&quot;,&quot;jet_parallax_layout_bg_size_tablet&quot;:&quot;&quot;,&quot;jet_parallax_layout_bg_size_mobile&quot;:&quot;&quot;,&quot;jet_parallax_layout_animation_prop&quot;:null,&quot;jet_parallax_layout_on&quot;:[&quot;desktop&quot;,&quot;tablet&quot;]}],&quot;background_background&quot;:&quot;classic&quot;}\">\n\t\t\t\t\t\t\t<div class=\"elementor-background-overlay\"><\/div>\n\t\t\t\t\t\t\t<div class=\"elementor-container elementor-column-gap-no\">\n\t\t\t\t\t<div class=\"elementor-column elementor-col-100 elementor-top-column elementor-element elementor-element-c53416b\" data-id=\"c53416b\" data-element_type=\"column\" data-e-type=\"column\">\n\t\t\t<div class=\"elementor-widget-wrap elementor-element-populated\">\n\t\t\t\t\t\t<div class=\"elementor-element elementor-element-6de21aa9 elementor-widget elementor-widget-heading\" data-id=\"6de21aa9\" data-element_type=\"widget\" data-e-type=\"widget\" data-widget_type=\"heading.default\">\n\t\t\t\t<div class=\"elementor-widget-container\">\n\t\t\t\t\t<h1 class=\"elementor-heading-title elementor-size-default\">Kundehistorier<\/h1>\t\t\t\t<\/div>\n\t\t\t\t<\/div>\n\t\t\t\t<div class=\"elementor-element elementor-element-1c8ab1a elementor-widget elementor-widget-heading\" data-id=\"1c8ab1a\" data-element_type=\"widget\" data-e-type=\"widget\" data-widget_type=\"heading.default\">\n\t\t\t\t<div class=\"elementor-widget-container\">\n\t\t\t\t\t<h3 class=\"elementor-heading-title elementor-size-default\">F\u00e5 et innblikk i hvordan andre har tatt i bruk digitale<br>l\u00f8sninger og hvordan dette har lettet hverdagen.<\/h3>\t\t\t\t<\/div>\n\t\t\t\t<\/div>\n\t\t\t\t\t<\/div>\n\t\t<\/div>\n\t\t\t\t\t<\/div>\n\t\t<\/section>\n\t\t\t\t<section class=\"elementor-section elementor-top-section elementor-element elementor-element-753694de elementor-section-boxed elementor-section-height-default elementor-section-height-default\" data-id=\"753694de\" data-element_type=\"section\" data-e-type=\"section\" data-settings=\"{&quot;jet_parallax_layout_list&quot;:[{&quot;jet_parallax_layout_image&quot;:{&quot;url&quot;:&quot;&quot;,&quot;id&quot;:&quot;&quot;,&quot;size&quot;:&quot;&quot;},&quot;_id&quot;:&quot;ed901a1&quot;,&quot;jet_parallax_layout_image_tablet&quot;:{&quot;url&quot;:&quot;&quot;,&quot;id&quot;:&quot;&quot;,&quot;size&quot;:&quot;&quot;},&quot;jet_parallax_layout_image_mobile&quot;:{&quot;url&quot;:&quot;&quot;,&quot;id&quot;:&quot;&quot;,&quot;size&quot;:&quot;&quot;},&quot;jet_parallax_layout_speed&quot;:{&quot;unit&quot;:&quot;%&quot;,&quot;size&quot;:50,&quot;sizes&quot;:[]},&quot;jet_parallax_layout_type&quot;:&quot;scroll&quot;,&quot;jet_parallax_layout_direction&quot;:&quot;1&quot;,&quot;jet_parallax_layout_fx_direction&quot;:null,&quot;jet_parallax_layout_z_index&quot;:&quot;&quot;,&quot;jet_parallax_layout_bg_x&quot;:50,&quot;jet_parallax_layout_bg_x_tablet&quot;:&quot;&quot;,&quot;jet_parallax_layout_bg_x_mobile&quot;:&quot;&quot;,&quot;jet_parallax_layout_bg_y&quot;:50,&quot;jet_parallax_layout_bg_y_tablet&quot;:&quot;&quot;,&quot;jet_parallax_layout_bg_y_mobile&quot;:&quot;&quot;,&quot;jet_parallax_layout_bg_size&quot;:&quot;auto&quot;,&quot;jet_parallax_layout_bg_size_tablet&quot;:&quot;&quot;,&quot;jet_parallax_layout_bg_size_mobile&quot;:&quot;&quot;,&quot;jet_parallax_layout_animation_prop&quot;:&quot;transform&quot;,&quot;jet_parallax_layout_on&quot;:[&quot;desktop&quot;,&quot;tablet&quot;]}]}\">\n\t\t\t\t\t\t<div class=\"elementor-container elementor-column-gap-default\">\n\t\t\t\t\t<div class=\"elementor-column elementor-col-100 elementor-top-column elementor-element elementor-element-50593bbb\" data-id=\"50593bbb\" data-element_type=\"column\" data-e-type=\"column\">\n\t\t\t<div class=\"elementor-widget-wrap elementor-element-populated\">\n\t\t\t\t\t\t<div class=\"elementor-element elementor-element-7b8ea40 elementor-widget elementor-widget-jet-posts\" data-id=\"7b8ea40\" data-element_type=\"widget\" data-e-type=\"widget\" data-settings=\"{&quot;columns_tablet&quot;:&quot;2&quot;,&quot;columns_mobile&quot;:&quot;1&quot;,&quot;columns&quot;:&quot;3&quot;,&quot;slides_to_scroll&quot;:&quot;2&quot;}\" data-widget_type=\"jet-posts.default\">\n\t\t\t\t<div class=\"elementor-widget-container\">\n\t\t\t\t\t<div class=\"elementor-jet-posts jet-elements\"><div class=\"jet-posts col-row disable-cols-gap disable-rows-gap jet-equal-cols\"><div class=\"jet-posts__item\">\n\t<div class=\"jet-posts__inner-box\"><div class=\"post-thumbnail\"><a href=\"https:\/\/dnvimatis.com\/no\/portfolio\/stille-sykehus-prosjekt-ved-royal-cornwall-hospitals-nhs-trust\/\" class=\"post-thumbnail__link\"><img loading=\"lazy\" decoding=\"async\" class=\"post-thumbnail__img wp-post-image\" src=\"https:\/\/dnvimatis.com\/no\/wp-content\/uploads\/sites\/2\/2025\/02\/Silent-Hospital-RCHT.jpg\" alt=\"Stille Sykehus -prosjekt ved Royal Cornwall Hospitals NHS Trust\" loading=\"lazy\" width=\"2048\" height=\"1152\"><\/a><\/div><div class=\"jet-posts__inner-content\"><h4 class=\"entry-title\"><a href=\"https:\/\/dnvimatis.com\/no\/portfolio\/stille-sykehus-prosjekt-ved-royal-cornwall-hospitals-nhs-trust\/\" target=\"\">Stille Sykehus -prosjekt ved Royal Cornwall Hospitals NHS Trust<\/a><\/h4><div class=\"entry-excerpt\">Prosjektet har gitt m\u00e5lbare gevinstrealiseringer p\u00e5 flere viktige omr\u00e5der, inkludert bedre s\u00f8vnkvalitet og betydelige kostnadsbesparelser.<\/div><div class=\"jet-more-wrap\"><a href=\"https:\/\/dnvimatis.com\/no\/portfolio\/stille-sykehus-prosjekt-ved-royal-cornwall-hospitals-nhs-trust\/\" class=\"btn btn-primary elementor-button elementor-size-md jet-more\" target=\"\"><span class=\"btn__text\">Les mer<\/span><\/a><\/div><\/div><\/div>\n<\/div>\n<div class=\"jet-posts__item\">\n\t<div class=\"jet-posts__inner-box\"><div class=\"post-thumbnail\"><a href=\"https:\/\/dnvimatis.com\/no\/portfolio\/hjemmetjenestene-i-bronnoy\/\" class=\"post-thumbnail__link\"><img loading=\"lazy\" decoding=\"async\" class=\"post-thumbnail__img wp-post-image\" src=\"https:\/\/dnvimatis.com\/no\/wp-content\/uploads\/sites\/2\/2024\/07\/Hjemmetjenestene-i-Bronnoy-forside2.jpg\" alt=\"Hjemmetjenestene i Br\u00f8nn\u00f8y\" loading=\"lazy\" width=\"512\" height=\"288\"><\/a><\/div><div class=\"jet-posts__inner-content\"><h4 class=\"entry-title\"><a href=\"https:\/\/dnvimatis.com\/no\/portfolio\/hjemmetjenestene-i-bronnoy\/\" target=\"\">Hjemmetjenestene i Br\u00f8nn\u00f8y<\/a><\/h4><div class=\"entry-excerpt\">Hjemmetjenestene i Br\u00f8nn\u00f8y kommune bruker DNV Imatis som samhandlingsl\u00f8sning og planleggingsverkt\u00f8y p\u00e5 tvers av enhetene.<\/div><div class=\"jet-more-wrap\"><a href=\"https:\/\/dnvimatis.com\/no\/portfolio\/hjemmetjenestene-i-bronnoy\/\" class=\"btn btn-primary elementor-button elementor-size-md jet-more\" target=\"\"><span class=\"btn__text\">Les mer<\/span><\/a><\/div><\/div><\/div>\n<\/div>\n<div class=\"jet-posts__item\">\n\t<div class=\"jet-posts__inner-box\"><div class=\"post-thumbnail\"><a href=\"https:\/\/dnvimatis.com\/no\/portfolio\/haraldsplass-fra-flaskehals-til-flyt\/\" class=\"post-thumbnail__link\"><img loading=\"lazy\" decoding=\"async\" class=\"post-thumbnail__img wp-post-image\" src=\"https:\/\/dnvimatis.com\/no\/wp-content\/uploads\/sites\/2\/2024\/04\/Haraldsplass.jpg\" alt=\"Haraldsplass: Fra flaskehals til flyt\" loading=\"lazy\" width=\"2048\" height=\"1152\"><\/a><\/div><div class=\"jet-posts__inner-content\"><h4 class=\"entry-title\"><a href=\"https:\/\/dnvimatis.com\/no\/portfolio\/haraldsplass-fra-flaskehals-til-flyt\/\" target=\"\">Haraldsplass: Fra flaskehals til flyt<\/a><\/h4><div class=\"entry-excerpt\">Les hvorden Haraldsplass diakonale sykhus har tatt i bruk digitale verkt\u00f8y for \u00e5 bedre flyten mellom akuttmottak og sengepost.<\/div><div class=\"jet-more-wrap\"><a href=\"https:\/\/dnvimatis.com\/no\/portfolio\/haraldsplass-fra-flaskehals-til-flyt\/\" class=\"btn btn-primary elementor-button elementor-size-md jet-more\" target=\"\"><span class=\"btn__text\">Les mer<\/span><\/a><\/div><\/div><\/div>\n<\/div>\n<div class=\"jet-posts__item\">\n\t<div class=\"jet-posts__inner-box\"><div class=\"post-thumbnail\"><a href=\"https:\/\/dnvimatis.com\/no\/portfolio\/bydel-gamle-oslo\/\" class=\"post-thumbnail__link\"><img loading=\"lazy\" decoding=\"async\" class=\"post-thumbnail__img wp-post-image\" src=\"https:\/\/dnvimatis.com\/no\/wp-content\/uploads\/sites\/2\/2023\/04\/Bydel-Gamle-Oslo-Forside-1-scaled.jpg\" alt=\"Bydel Gamle Oslo\" loading=\"lazy\" width=\"2560\" height=\"1435\"><\/a><\/div><div class=\"jet-posts__inner-content\"><h4 class=\"entry-title\"><a href=\"https:\/\/dnvimatis.com\/no\/portfolio\/bydel-gamle-oslo\/\" target=\"\">Bydel Gamle Oslo<\/a><\/h4><div class=\"entry-excerpt\">Se solskinnshistorien om hvordan Bydel Gamle Oslo har oppn\u00e5dd forbedret samhandling, arbeidsflyt og oversikt ved \u00e5 erstatte papir med digitale&hellip;<\/div><div class=\"jet-more-wrap\"><a href=\"https:\/\/dnvimatis.com\/no\/portfolio\/bydel-gamle-oslo\/\" class=\"btn btn-primary elementor-button elementor-size-md jet-more\" target=\"\"><span class=\"btn__text\">Les mer<\/span><\/a><\/div><\/div><\/div>\n<\/div>\n<div class=\"jet-posts__item\">\n\t<div class=\"jet-posts__inner-box\"><div class=\"post-thumbnail\"><a href=\"https:\/\/dnvimatis.com\/no\/portfolio\/kinn-kommune\/\" class=\"post-thumbnail__link\"><img loading=\"lazy\" decoding=\"async\" class=\"post-thumbnail__img wp-post-image\" src=\"https:\/\/dnvimatis.com\/no\/wp-content\/uploads\/sites\/2\/2022\/12\/Kinn-kommune.jpg\" alt=\"Kinn kommune\" loading=\"lazy\" width=\"2048\" height=\"1152\"><\/a><\/div><div class=\"jet-posts__inner-content\"><h4 class=\"entry-title\"><a href=\"https:\/\/dnvimatis.com\/no\/portfolio\/kinn-kommune\/\" target=\"\">Kinn kommune<\/a><\/h4><div class=\"entry-excerpt\">L\u00e6r hvordan Kinn ble en av Norges mest innovative kommuner med storsatsning p\u00e5 digital samhandling.<\/div><div class=\"jet-more-wrap\"><a href=\"https:\/\/dnvimatis.com\/no\/portfolio\/kinn-kommune\/\" class=\"btn btn-primary elementor-button elementor-size-md jet-more\" target=\"\"><span class=\"btn__text\">Les mer<\/span><\/a><\/div><\/div><\/div>\n<\/div>\n<div class=\"jet-posts__item\">\n\t<div class=\"jet-posts__inner-box\"><div class=\"post-thumbnail\"><a href=\"https:\/\/dnvimatis.com\/no\/portfolio\/royal-adelaide-sykehus\/\" class=\"post-thumbnail__link\"><img loading=\"lazy\" decoding=\"async\" class=\"post-thumbnail__img wp-post-image\" src=\"https:\/\/dnvimatis.com\/no\/wp-content\/uploads\/sites\/2\/2022\/03\/Royal-Adelaide-front.jpg\" alt=\"Royal Adelaide Sykehus\" loading=\"lazy\" width=\"2048\" height=\"1152\"><\/a><\/div><div class=\"jet-posts__inner-content\"><h4 class=\"entry-title\"><a href=\"https:\/\/dnvimatis.com\/no\/portfolio\/royal-adelaide-sykehus\/\" target=\"\">Royal Adelaide Sykehus<\/a><\/h4><div class=\"entry-excerpt\">Utforsk hvordan det st\u00f8rste sykehuset i S\u00f8r-Australia har bygget et digitalt sykehus basert p\u00e5 beste norsk praksis.<\/div><div class=\"jet-more-wrap\"><a href=\"https:\/\/dnvimatis.com\/no\/portfolio\/royal-adelaide-sykehus\/\" class=\"btn btn-primary elementor-button elementor-size-md jet-more\" target=\"\"><span class=\"btn__text\">Les mer<\/span><\/a><\/div><\/div><\/div>\n<\/div>\n<\/div>\n<\/div>\t\t\t\t<\/div>\n\t\t\t\t<\/div>\n\t\t\t\t\t<\/div>\n\t\t<\/div>\n\t\t\t\t\t<\/div>\n\t\t<\/section>\n\t\t\t\t<\/div>\n\t\t","protected":false},"excerpt":{"rendered":"<p>Kundehistorier F\u00e5 et innblikk i hvordan andre har tatt i bruk digitalel\u00f8sninger og hvordan dette har lettet hverdagen. Sykehus med digital beredskap Norsk teknologi underst\u00f8tter pasientbehandling og personalstyring i krisesituasjoner. Med innebygd handlingsrom for innovasjon har teknologien skapt store gevinster i flere&hellip;Les mer KAD Aker Millioner spart og \u00f8kt trivsel ble resultatet n\u00e5r sykepleiere og [&hellip;]<\/p>\n","protected":false},"author":1,"featured_media":0,"parent":0,"menu_order":0,"comment_status":"closed","ping_status":"closed","template":"elementor_header_footer","meta":{"_acf_changed":false,"_mo_disable_npp":"","footnotes":""},"class_list":["post-412","page","type-page","status-publish","hentry"],"acf":[],"yoast_head":"<!-- This site is optimized with the Yoast SEO Premium plugin v23.9 (Yoast SEO v27.4) - https:\/\/yoast.com\/product\/yoast-seo-premium-wordpress\/ -->\n<title>Kundehistorier - DNV Imatis.no<\/title>\n<meta name=\"robots\" content=\"index, follow, max-snippet:-1, max-image-preview:large, max-video-preview:-1\" \/>\n<link rel=\"canonical\" href=\"https:\/\/dnvimatis.com\/no\/kundehistorier\/\" \/>\n<meta property=\"og:locale\" content=\"nb_NO\" \/>\n<meta property=\"og:type\" content=\"article\" \/>\n<meta property=\"og:title\" content=\"Kundehistorier\" \/>\n<meta property=\"og:description\" content=\"Kundehistorier F\u00e5 et innblikk i hvordan andre har tatt i bruk digitalel\u00f8sninger og hvordan dette har lettet hverdagen. Sykehus med digital beredskap Norsk teknologi underst\u00f8tter pasientbehandling og personalstyring i krisesituasjoner. Med innebygd handlingsrom for innovasjon har teknologien skapt store gevinster i flere&hellip;Les mer KAD Aker Millioner spart og \u00f8kt trivsel ble resultatet n\u00e5r sykepleiere og [&hellip;]\" \/>\n<meta property=\"og:url\" content=\"https:\/\/dnvimatis.com\/no\/kundehistorier\/\" \/>\n<meta property=\"og:site_name\" content=\"DNV Imatis.no\" \/>\n<meta property=\"article:modified_time\" content=\"2022-02-02T20:25:30+00:00\" \/>\n<meta property=\"og:image\" content=\"https:\/\/dnvimatis.com\/no\/wp-content\/uploads\/sites\/2\/2022\/02\/Sykehus-med-digital-beredskap-2048x1152-1.jpg\" \/>\n<meta name=\"twitter:card\" content=\"summary_large_image\" \/>\n<meta name=\"twitter:label1\" content=\"Ansl. lesetid\" \/>\n\t<meta name=\"twitter:data1\" content=\"2 minutter\" \/>\n<script type=\"application\/ld+json\" class=\"yoast-schema-graph\">{\"@context\":\"https:\\\/\\\/schema.org\",\"@graph\":[{\"@type\":\"WebPage\",\"@id\":\"https:\\\/\\\/dnvimatis.com\\\/no\\\/kundehistorier\\\/\",\"url\":\"https:\\\/\\\/dnvimatis.com\\\/no\\\/kundehistorier\\\/\",\"name\":\"Kundehistorier - DNV Imatis.no\",\"isPartOf\":{\"@id\":\"https:\\\/\\\/dnvimatis.com\\\/no\\\/#website\"},\"primaryImageOfPage\":{\"@id\":\"https:\\\/\\\/dnvimatis.com\\\/no\\\/kundehistorier\\\/#primaryimage\"},\"image\":{\"@id\":\"https:\\\/\\\/dnvimatis.com\\\/no\\\/kundehistorier\\\/#primaryimage\"},\"thumbnailUrl\":\"https:\\\/\\\/dnvimatis.com\\\/no\\\/wp-content\\\/uploads\\\/sites\\\/2\\\/2022\\\/02\\\/Sykehus-med-digital-beredskap-2048x1152-1.jpg\",\"datePublished\":\"2022-01-11T21:17:01+00:00\",\"dateModified\":\"2022-02-02T20:25:30+00:00\",\"breadcrumb\":{\"@id\":\"https:\\\/\\\/dnvimatis.com\\\/no\\\/kundehistorier\\\/#breadcrumb\"},\"inLanguage\":\"nb-NO\",\"potentialAction\":[{\"@type\":\"ReadAction\",\"target\":[\"https:\\\/\\\/dnvimatis.com\\\/no\\\/kundehistorier\\\/\"]}]},{\"@type\":\"ImageObject\",\"inLanguage\":\"nb-NO\",\"@id\":\"https:\\\/\\\/dnvimatis.com\\\/no\\\/kundehistorier\\\/#primaryimage\",\"url\":\"https:\\\/\\\/dnvimatis.com\\\/no\\\/wp-content\\\/uploads\\\/sites\\\/2\\\/2022\\\/02\\\/Sykehus-med-digital-beredskap-2048x1152-1.jpg\",\"contentUrl\":\"https:\\\/\\\/dnvimatis.com\\\/no\\\/wp-content\\\/uploads\\\/sites\\\/2\\\/2022\\\/02\\\/Sykehus-med-digital-beredskap-2048x1152-1.jpg\",\"width\":2048,\"height\":1152,\"caption\":\"Sykehus med digital beredskap\"},{\"@type\":\"BreadcrumbList\",\"@id\":\"https:\\\/\\\/dnvimatis.com\\\/no\\\/kundehistorier\\\/#breadcrumb\",\"itemListElement\":[{\"@type\":\"ListItem\",\"position\":1,\"name\":\"Home\",\"item\":\"https:\\\/\\\/dnvimatis.com\\\/no\\\/\"},{\"@type\":\"ListItem\",\"position\":2,\"name\":\"Kundehistorier\"}]},{\"@type\":\"WebSite\",\"@id\":\"https:\\\/\\\/dnvimatis.com\\\/no\\\/#website\",\"url\":\"https:\\\/\\\/dnvimatis.com\\\/no\\\/\",\"name\":\"DNV Imatis.no\",\"description\":\"A game changer in healthcare solutions\",\"publisher\":{\"@id\":\"https:\\\/\\\/dnvimatis.com\\\/no\\\/#organization\"},\"potentialAction\":[{\"@type\":\"SearchAction\",\"target\":{\"@type\":\"EntryPoint\",\"urlTemplate\":\"https:\\\/\\\/dnvimatis.com\\\/no\\\/?s={search_term_string}\"},\"query-input\":{\"@type\":\"PropertyValueSpecification\",\"valueRequired\":true,\"valueName\":\"search_term_string\"}}],\"inLanguage\":\"nb-NO\"},{\"@type\":\"Organization\",\"@id\":\"https:\\\/\\\/dnvimatis.com\\\/no\\\/#organization\",\"name\":\"DNV Imatis.no\",\"url\":\"https:\\\/\\\/dnvimatis.com\\\/no\\\/\",\"logo\":{\"@type\":\"ImageObject\",\"inLanguage\":\"nb-NO\",\"@id\":\"https:\\\/\\\/dnvimatis.com\\\/no\\\/#\\\/schema\\\/logo\\\/image\\\/\",\"url\":\"https:\\\/\\\/dnvimatis.com\\\/no\\\/wp-content\\\/uploads\\\/sites\\\/2\\\/2022\\\/02\\\/DNV-Imatis-logo_color-white_RGB.svg\",\"contentUrl\":\"https:\\\/\\\/dnvimatis.com\\\/no\\\/wp-content\\\/uploads\\\/sites\\\/2\\\/2022\\\/02\\\/DNV-Imatis-logo_color-white_RGB.svg\",\"width\":680,\"height\":100,\"caption\":\"DNV Imatis.no\"},\"image\":{\"@id\":\"https:\\\/\\\/dnvimatis.com\\\/no\\\/#\\\/schema\\\/logo\\\/image\\\/\"}}]}<\/script>\n<!-- \/ Yoast SEO Premium plugin. -->","yoast_head_json":{"title":"Kundehistorier - DNV Imatis.no","robots":{"index":"index","follow":"follow","max-snippet":"max-snippet:-1","max-image-preview":"max-image-preview:large","max-video-preview":"max-video-preview:-1"},"canonical":"https:\/\/dnvimatis.com\/no\/kundehistorier\/","og_locale":"nb_NO","og_type":"article","og_title":"Kundehistorier","og_description":"Kundehistorier F\u00e5 et innblikk i hvordan andre har tatt i bruk digitalel\u00f8sninger og hvordan dette har lettet hverdagen. Sykehus med digital beredskap Norsk teknologi underst\u00f8tter pasientbehandling og personalstyring i krisesituasjoner. Med innebygd handlingsrom for innovasjon har teknologien skapt store gevinster i flere&hellip;Les mer KAD Aker Millioner spart og \u00f8kt trivsel ble resultatet n\u00e5r sykepleiere og [&hellip;]","og_url":"https:\/\/dnvimatis.com\/no\/kundehistorier\/","og_site_name":"DNV Imatis.no","article_modified_time":"2022-02-02T20:25:30+00:00","og_image":[{"url":"https:\/\/dnvimatis.com\/no\/wp-content\/uploads\/sites\/2\/2022\/02\/Sykehus-med-digital-beredskap-2048x1152-1.jpg","type":"","width":"","height":""}],"twitter_card":"summary_large_image","twitter_misc":{"Ansl. lesetid":"2 minutter"},"schema":{"@context":"https:\/\/schema.org","@graph":[{"@type":"WebPage","@id":"https:\/\/dnvimatis.com\/no\/kundehistorier\/","url":"https:\/\/dnvimatis.com\/no\/kundehistorier\/","name":"Kundehistorier - DNV Imatis.no","isPartOf":{"@id":"https:\/\/dnvimatis.com\/no\/#website"},"primaryImageOfPage":{"@id":"https:\/\/dnvimatis.com\/no\/kundehistorier\/#primaryimage"},"image":{"@id":"https:\/\/dnvimatis.com\/no\/kundehistorier\/#primaryimage"},"thumbnailUrl":"https:\/\/dnvimatis.com\/no\/wp-content\/uploads\/sites\/2\/2022\/02\/Sykehus-med-digital-beredskap-2048x1152-1.jpg","datePublished":"2022-01-11T21:17:01+00:00","dateModified":"2022-02-02T20:25:30+00:00","breadcrumb":{"@id":"https:\/\/dnvimatis.com\/no\/kundehistorier\/#breadcrumb"},"inLanguage":"nb-NO","potentialAction":[{"@type":"ReadAction","target":["https:\/\/dnvimatis.com\/no\/kundehistorier\/"]}]},{"@type":"ImageObject","inLanguage":"nb-NO","@id":"https:\/\/dnvimatis.com\/no\/kundehistorier\/#primaryimage","url":"https:\/\/dnvimatis.com\/no\/wp-content\/uploads\/sites\/2\/2022\/02\/Sykehus-med-digital-beredskap-2048x1152-1.jpg","contentUrl":"https:\/\/dnvimatis.com\/no\/wp-content\/uploads\/sites\/2\/2022\/02\/Sykehus-med-digital-beredskap-2048x1152-1.jpg","width":2048,"height":1152,"caption":"Sykehus med digital beredskap"},{"@type":"BreadcrumbList","@id":"https:\/\/dnvimatis.com\/no\/kundehistorier\/#breadcrumb","itemListElement":[{"@type":"ListItem","position":1,"name":"Home","item":"https:\/\/dnvimatis.com\/no\/"},{"@type":"ListItem","position":2,"name":"Kundehistorier"}]},{"@type":"WebSite","@id":"https:\/\/dnvimatis.com\/no\/#website","url":"https:\/\/dnvimatis.com\/no\/","name":"DNV Imatis.no","description":"A game changer in healthcare solutions","publisher":{"@id":"https:\/\/dnvimatis.com\/no\/#organization"},"potentialAction":[{"@type":"SearchAction","target":{"@type":"EntryPoint","urlTemplate":"https:\/\/dnvimatis.com\/no\/?s={search_term_string}"},"query-input":{"@type":"PropertyValueSpecification","valueRequired":true,"valueName":"search_term_string"}}],"inLanguage":"nb-NO"},{"@type":"Organization","@id":"https:\/\/dnvimatis.com\/no\/#organization","name":"DNV Imatis.no","url":"https:\/\/dnvimatis.com\/no\/","logo":{"@type":"ImageObject","inLanguage":"nb-NO","@id":"https:\/\/dnvimatis.com\/no\/#\/schema\/logo\/image\/","url":"https:\/\/dnvimatis.com\/no\/wp-content\/uploads\/sites\/2\/2022\/02\/DNV-Imatis-logo_color-white_RGB.svg","contentUrl":"https:\/\/dnvimatis.com\/no\/wp-content\/uploads\/sites\/2\/2022\/02\/DNV-Imatis-logo_color-white_RGB.svg","width":680,"height":100,"caption":"DNV Imatis.no"},"image":{"@id":"https:\/\/dnvimatis.com\/no\/#\/schema\/logo\/image\/"}}]}},"publishpress_future_action":{"enabled":false,"date":"2026-04-28 23:57:43","action":"change-status","newStatus":"draft","terms":[],"taxonomy":"","extraData":[]},"publishpress_future_workflow_manual_trigger":{"enabledWorkflows":[]},"_links":{"self":[{"href":"https:\/\/dnvimatis.com\/no\/wp-json\/wp\/v2\/pages\/412","targetHints":{"allow":["GET"]}}],"collection":[{"href":"https:\/\/dnvimatis.com\/no\/wp-json\/wp\/v2\/pages"}],"about":[{"href":"https:\/\/dnvimatis.com\/no\/wp-json\/wp\/v2\/types\/page"}],"author":[{"embeddable":true,"href":"https:\/\/dnvimatis.com\/no\/wp-json\/wp\/v2\/users\/1"}],"replies":[{"embeddable":true,"href":"https:\/\/dnvimatis.com\/no\/wp-json\/wp\/v2\/comments?post=412"}],"version-history":[{"count":71,"href":"https:\/\/dnvimatis.com\/no\/wp-json\/wp\/v2\/pages\/412\/revisions"}],"predecessor-version":[{"id":3494,"href":"https:\/\/dnvimatis.com\/no\/wp-json\/wp\/v2\/pages\/412\/revisions\/3494"}],"wp:attachment":[{"href":"https:\/\/dnvimatis.com\/no\/wp-json\/wp\/v2\/media?parent=412"}],"curies":[{"name":"wp","href":"https:\/\/api.w.org\/{rel}","templated":true}]}}