{"id":316,"date":"2022-01-11T11:56:45","date_gmt":"2022-01-11T11:56:45","guid":{"rendered":"https:\/\/38l18x8fiqnctlje.prev.site\/no\/?page_id=316"},"modified":"2023-08-04T10:07:44","modified_gmt":"2023-08-04T10:07:44","slug":"fundamentum-velferdsteknologisk-plattform","status":"publish","type":"page","link":"https:\/\/dnvimatis.com\/no\/kommune\/fundamentum-velferdsteknologisk-plattform\/","title":{"rendered":"Fundamentum velferdsteknologisk plattform"},"content":{"rendered":"\t\t<div data-elementor-type=\"wp-page\" data-elementor-id=\"316\" class=\"elementor elementor-316\" data-elementor-post-type=\"page\">\n\t\t\t\t\t\t<section class=\"elementor-section elementor-top-section elementor-element elementor-element-279c8b9a elementor-section-height-min-height elementor-section-boxed elementor-section-height-default elementor-section-items-middle\" data-id=\"279c8b9a\" data-element_type=\"section\" data-e-type=\"section\">\n\t\t\t\t\t\t<div class=\"elementor-container elementor-column-gap-wider\">\n\t\t\t\t\t<div class=\"elementor-column elementor-col-100 elementor-top-column elementor-element elementor-element-6af05f7c\" data-id=\"6af05f7c\" data-element_type=\"column\" data-e-type=\"column\">\n\t\t\t<div class=\"elementor-widget-wrap elementor-element-populated\">\n\t\t\t\t\t\t<div class=\"elementor-element elementor-element-4114ac69 elementor-widget elementor-widget-heading\" data-id=\"4114ac69\" data-element_type=\"widget\" data-e-type=\"widget\" data-widget_type=\"heading.default\">\n\t\t\t\t<div class=\"elementor-widget-container\">\n\t\t\t\t\t<h4 class=\"elementor-heading-title elementor-size-default\">DNV Imatis har en \u00e5pen plattform med standardiserte API\u2019er som kan samarbeide med alle. Vi samarbeider med kompletterende og konkurrerende systemer for \u00e5 im\u00f8tekomme dine behov. Velferdsteknologi med v\u00e5r plattform gir deg mulighet til \u00e5 bruke tidligere anskaffet utstyr uavhengig av leverand\u00f8r. M\u00e5let er \u00e5 gi deg frihet til \u00e5 velge, b\u00e5de i dag og i fremtiden. <\/h4>\t\t\t\t<\/div>\n\t\t\t\t<\/div>\n\t\t\t\t<div class=\"elementor-element elementor-element-d462a46 elementor-widget elementor-widget-text-editor\" data-id=\"d462a46\" data-element_type=\"widget\" data-e-type=\"widget\" data-widget_type=\"text-editor.default\">\n\t\t\t\t<div class=\"elementor-widget-container\">\n\t\t\t\t\t\t\t\t\t<p>DNV Imatis plattform Fundamentum, er en integrasjons- og arbeidsflytplattform som syr sammen informasjon fra ulike informasjonskilder. Eksempelvis pasientvarslingssystem, e-l\u00e5s, fagsystemer -EPJ, telefonil\u00f8sninger og daglig oppgaveinformasjon. Signaler og data fra de ulike datakildene behandles i plattformen ved hjelp av regler som st\u00f8tter \u00f8nskede arbeidsprosesser. Videre koordineres informasjonsflyten fra de ulike kildene og ut til relevante mottakere. Det v\u00e6re seg pleiepersonell, teknisk personell eller administrativt personell.<\/p>\t\t\t\t\t\t\t\t<\/div>\n\t\t\t\t<\/div>\n\t\t\t\t<section class=\"elementor-section elementor-inner-section elementor-element elementor-element-b73dc04 elementor-section-boxed elementor-section-height-default elementor-section-height-default\" data-id=\"b73dc04\" data-element_type=\"section\" data-e-type=\"section\">\n\t\t\t\t\t\t<div class=\"elementor-container elementor-column-gap-default\">\n\t\t\t\t\t<div class=\"elementor-column elementor-col-50 elementor-inner-column elementor-element elementor-element-2bb2d6e\" data-id=\"2bb2d6e\" data-element_type=\"column\" data-e-type=\"column\">\n\t\t\t<div class=\"elementor-widget-wrap elementor-element-populated\">\n\t\t\t\t\t\t<div class=\"elementor-element elementor-element-9f730f5 elementor-widget elementor-widget-image\" data-id=\"9f730f5\" data-element_type=\"widget\" data-e-type=\"widget\" data-widget_type=\"image.default\">\n\t\t\t\t<div class=\"elementor-widget-container\">\n\t\t\t\t\t\t\t\t\t\t\t\t\t\t\t<img fetchpriority=\"high\" decoding=\"async\" width=\"600\" height=\"600\" src=\"https:\/\/dnvimatis.com\/no\/wp-content\/uploads\/sites\/2\/2022\/11\/Velferdsteknologi-600x600-1.jpg\" class=\"attachment-large size-large wp-image-5964\" alt=\"Velferdsteknologi\" srcset=\"https:\/\/dnvimatis.com\/no\/wp-content\/uploads\/sites\/2\/2022\/11\/Velferdsteknologi-600x600-1.jpg 600w, https:\/\/dnvimatis.com\/no\/wp-content\/uploads\/sites\/2\/2022\/11\/Velferdsteknologi-600x600-1-300x300.jpg 300w, https:\/\/dnvimatis.com\/no\/wp-content\/uploads\/sites\/2\/2022\/11\/Velferdsteknologi-600x600-1-150x150.jpg 150w\" sizes=\"(max-width: 600px) 100vw, 600px\" \/>\t\t\t\t\t\t\t\t\t\t\t\t\t\t\t<\/div>\n\t\t\t\t<\/div>\n\t\t\t\t\t<\/div>\n\t\t<\/div>\n\t\t\t\t<div class=\"elementor-column elementor-col-50 elementor-inner-column elementor-element elementor-element-80b6b4f\" data-id=\"80b6b4f\" data-element_type=\"column\" data-e-type=\"column\">\n\t\t\t<div class=\"elementor-widget-wrap elementor-element-populated\">\n\t\t\t\t\t\t<div class=\"elementor-element elementor-element-6fcc3fe elementor-widget elementor-widget-heading\" data-id=\"6fcc3fe\" data-element_type=\"widget\" data-e-type=\"widget\" data-widget_type=\"heading.default\">\n\t\t\t\t<div class=\"elementor-widget-container\">\n\t\t\t\t\t<h3 class=\"elementor-heading-title elementor-size-default\">Fundamentum velferdsteknologisk plattform<\/h3>\t\t\t\t<\/div>\n\t\t\t\t<\/div>\n\t\t\t\t<div class=\"elementor-element elementor-element-94886c4 elementor-widget elementor-widget-text-editor\" data-id=\"94886c4\" data-element_type=\"widget\" data-e-type=\"widget\" data-widget_type=\"text-editor.default\">\n\t\t\t\t<div class=\"elementor-widget-container\">\n\t\t\t\t\t\t\t\t\t<p>Plattformen kobler de ulike tjenesteyterne til samme informasjonssl\u00f8yfe og muliggj\u00f8r effektiv samhandling, logistikk og arbeidsflyt. Ved \u00e5 innlemme underliggende systemer vil plattformen vise den forh\u00e5ndsbestemte pasientinformasjonen til rett ansatt, p\u00e5 rett m\u00e5te og til rett tid. DNV Imatis har i mange \u00e5r levert et Cisco Validitet Design, og vi har ogs\u00e5 erfaring med \u00e5 integrere andre telefoniplattformer som Avaya, blant annet i Helse Vest.<\/p>\t\t\t\t\t\t\t\t<\/div>\n\t\t\t\t<\/div>\n\t\t\t\t\t<\/div>\n\t\t<\/div>\n\t\t\t\t\t<\/div>\n\t\t<\/section>\n\t\t\t\t\t<\/div>\n\t\t<\/div>\n\t\t\t\t\t<\/div>\n\t\t<\/section>\n\t\t\t\t<section class=\"elementor-section elementor-top-section elementor-element elementor-element-1ac808c2 elementor-section-boxed elementor-section-height-default elementor-section-height-default\" data-id=\"1ac808c2\" data-element_type=\"section\" data-e-type=\"section\" data-settings=\"{&quot;background_background&quot;:&quot;classic&quot;}\">\n\t\t\t\t\t\t<div class=\"elementor-container elementor-column-gap-custom\">\n\t\t\t\t\t<div class=\"elementor-column elementor-col-50 elementor-top-column elementor-element elementor-element-7dccde9e\" data-id=\"7dccde9e\" data-element_type=\"column\" data-e-type=\"column\">\n\t\t\t<div class=\"elementor-widget-wrap elementor-element-populated\">\n\t\t\t\t\t\t<div class=\"elementor-element elementor-element-fb44a78 elementor-widget elementor-widget-heading\" data-id=\"fb44a78\" data-element_type=\"widget\" data-e-type=\"widget\" data-widget_type=\"heading.default\">\n\t\t\t\t<div class=\"elementor-widget-container\">\n\t\t\t\t\t<h3 class=\"elementor-heading-title elementor-size-default\">Velferdsteknologi med \u00e5pne standarder<\/h3>\t\t\t\t<\/div>\n\t\t\t\t<\/div>\n\t\t\t\t<div class=\"elementor-element elementor-element-60508b67 elementor-widget elementor-widget-text-editor\" data-id=\"60508b67\" data-element_type=\"widget\" data-e-type=\"widget\" data-widget_type=\"text-editor.default\">\n\t\t\t\t<div class=\"elementor-widget-container\">\n\t\t\t\t\t\t\t\t\t<p>DNV Imatis sine API\u2019er er basert p\u00e5 \u00e5pne standarder (Web Services, REST kall over HTTPS). Dette gj\u00f8r integrasjon med underliggende systemer enklere og mer effektivt. Vi har bred kompetanse p\u00e5 integrasjonsarbeid og har rundt 150 integrasjoner mot ulike fagsystemer og sensorer. Bare p\u00e5 Sykehuset i \u00d8stfold har vi etablert 51 integrasjoner mot ulike fagsystemer, bygg automasjon, r\u00f8rpost, rengj\u00f8ring, teknisk service, posisjoneringssystem, pasientvarsel, brannalarm med mer. Vi har ogs\u00e5 en rekke ferdig utviklet API som ESPA 4.4.4, OPC, FHIR, HL7, SCAIP, WebRTC, Ascom Open Protokoll, Best Nurse Call og Safemante.<\/p>\t\t\t\t\t\t\t\t<\/div>\n\t\t\t\t<\/div>\n\t\t\t\t<div class=\"elementor-element elementor-element-5a032fd elementor-widget__width-auto elementor-widget elementor-widget-global elementor-global-1396 elementor-widget-button\" data-id=\"5a032fd\" data-element_type=\"widget\" data-e-type=\"widget\" data-widget_type=\"button.default\">\n\t\t\t\t<div class=\"elementor-widget-container\">\n\t\t\t\t\t\t\t\t\t<div class=\"elementor-button-wrapper\">\n\t\t\t\t\t<a class=\"elementor-button elementor-button-link elementor-size-sm\" href=\"https:\/\/dnvimatis.com\/no\/kontakt-oss\/\">\n\t\t\t\t\t\t<span class=\"elementor-button-content-wrapper\">\n\t\t\t\t\t\t<span class=\"elementor-button-icon\">\n\t\t\t\t<i aria-hidden=\"true\" class=\"fas fa-arrow-right\"><\/i>\t\t\t<\/span>\n\t\t\t\t\t\t\t\t\t<span class=\"elementor-button-text\">Vil du vite mer? Kontakt oss<\/span>\n\t\t\t\t\t<\/span>\n\t\t\t\t\t<\/a>\n\t\t\t\t<\/div>\n\t\t\t\t\t\t\t\t<\/div>\n\t\t\t\t<\/div>\n\t\t\t\t\t<\/div>\n\t\t<\/div>\n\t\t\t\t<div class=\"elementor-column elementor-col-50 elementor-top-column elementor-element elementor-element-249e69cb\" data-id=\"249e69cb\" data-element_type=\"column\" data-e-type=\"column\">\n\t\t\t<div class=\"elementor-widget-wrap elementor-element-populated\">\n\t\t\t\t\t\t<div class=\"elementor-element elementor-element-79a2b56c elementor-widget elementor-widget-image\" data-id=\"79a2b56c\" data-element_type=\"widget\" data-e-type=\"widget\" data-widget_type=\"image.default\">\n\t\t\t\t<div class=\"elementor-widget-container\">\n\t\t\t\t\t\t\t\t\t\t\t\t\t\t\t<img decoding=\"async\" width=\"328\" height=\"205\" src=\"https:\/\/dnvimatis.com\/no\/wp-content\/uploads\/sites\/2\/2022\/01\/Group-125.svg\" class=\"attachment-large size-large wp-image-237\" alt=\"\" \/>\t\t\t\t\t\t\t\t\t\t\t\t\t\t\t<\/div>\n\t\t\t\t<\/div>\n\t\t\t\t\t<\/div>\n\t\t<\/div>\n\t\t\t\t\t<\/div>\n\t\t<\/section>\n\t\t\t\t<section class=\"elementor-section elementor-top-section elementor-element elementor-element-4a7eec2 elementor-section-boxed elementor-section-height-default elementor-section-height-default\" data-id=\"4a7eec2\" data-element_type=\"section\" data-e-type=\"section\">\n\t\t\t\t\t\t<div class=\"elementor-container elementor-column-gap-wider\">\n\t\t\t\t\t<div class=\"elementor-column elementor-col-100 elementor-top-column elementor-element elementor-element-56b65ae\" data-id=\"56b65ae\" data-element_type=\"column\" data-e-type=\"column\">\n\t\t\t<div class=\"elementor-widget-wrap elementor-element-populated\">\n\t\t\t\t\t\t<div class=\"elementor-element elementor-element-b0abdc8 elementor-widget elementor-widget-heading\" data-id=\"b0abdc8\" data-element_type=\"widget\" data-e-type=\"widget\" data-widget_type=\"heading.default\">\n\t\t\t\t<div class=\"elementor-widget-container\">\n\t\t\t\t\t<h3 class=\"elementor-heading-title elementor-size-default\">Fundamentum velferdsteknologisk plattform<\/h3>\t\t\t\t<\/div>\n\t\t\t\t<\/div>\n\t\t\t\t<div class=\"elementor-element elementor-element-6291c29 elementor-widget elementor-widget-image\" data-id=\"6291c29\" data-element_type=\"widget\" data-e-type=\"widget\" data-widget_type=\"image.default\">\n\t\t\t\t<div class=\"elementor-widget-container\">\n\t\t\t\t\t\t\t\t\t\t\t\t\t\t\t<img decoding=\"async\" width=\"1024\" height=\"398\" src=\"https:\/\/dnvimatis.com\/no\/wp-content\/uploads\/sites\/2\/2023\/01\/Utveksling-av-signaler-kommune-1024x398.jpg\" class=\"attachment-large size-large wp-image-7773\" alt=\"Velferdsteknologisk plattform\" srcset=\"https:\/\/dnvimatis.com\/no\/wp-content\/uploads\/sites\/2\/2023\/01\/Utveksling-av-signaler-kommune-1024x398.jpg 1024w, https:\/\/dnvimatis.com\/no\/wp-content\/uploads\/sites\/2\/2023\/01\/Utveksling-av-signaler-kommune-300x117.jpg 300w, https:\/\/dnvimatis.com\/no\/wp-content\/uploads\/sites\/2\/2023\/01\/Utveksling-av-signaler-kommune-768x299.jpg 768w, https:\/\/dnvimatis.com\/no\/wp-content\/uploads\/sites\/2\/2023\/01\/Utveksling-av-signaler-kommune-1536x597.jpg 1536w, https:\/\/dnvimatis.com\/no\/wp-content\/uploads\/sites\/2\/2023\/01\/Utveksling-av-signaler-kommune-2048x797.jpg 2048w\" sizes=\"(max-width: 1024px) 100vw, 1024px\" \/>\t\t\t\t\t\t\t\t\t\t\t\t\t\t\t<\/div>\n\t\t\t\t<\/div>\n\t\t\t\t\t<\/div>\n\t\t<\/div>\n\t\t\t\t\t<\/div>\n\t\t<\/section>\n\t\t\t\t<section class=\"elementor-section elementor-top-section elementor-element elementor-element-56d63cc elementor-section-boxed elementor-section-height-default elementor-section-height-default\" data-id=\"56d63cc\" data-element_type=\"section\" data-e-type=\"section\" data-settings=\"{&quot;background_background&quot;:&quot;classic&quot;}\">\n\t\t\t\t\t\t<div class=\"elementor-container elementor-column-gap-default\">\n\t\t\t\t\t<div class=\"elementor-column elementor-col-100 elementor-top-column elementor-element elementor-element-2d05f0f\" data-id=\"2d05f0f\" data-element_type=\"column\" data-e-type=\"column\">\n\t\t\t<div class=\"elementor-widget-wrap elementor-element-populated\">\n\t\t\t\t\t\t<div class=\"elementor-element elementor-element-7f84c18 elementor-widget elementor-widget-heading\" data-id=\"7f84c18\" data-element_type=\"widget\" data-e-type=\"widget\" data-widget_type=\"heading.default\">\n\t\t\t\t<div class=\"elementor-widget-container\">\n\t\t\t\t\t<h2 class=\"elementor-heading-title elementor-size-default\">Kundehistorier<\/h2>\t\t\t\t<\/div>\n\t\t\t\t<\/div>\n\t\t\t\t\t<\/div>\n\t\t<\/div>\n\t\t\t\t\t<\/div>\n\t\t<\/section>\n\t\t\t\t<\/div>\n\t\t","protected":false},"excerpt":{"rendered":"<p>DNV Imatis har en \u00e5pen plattform med standardiserte API\u2019er som kan samarbeide med alle. Vi samarbeider med kompletterende og konkurrerende systemer for \u00e5 im\u00f8tekomme dine behov. Velferdsteknologi med v\u00e5r plattform gir deg mulighet til \u00e5 bruke tidligere anskaffet utstyr uavhengig av leverand\u00f8r. M\u00e5let er \u00e5 gi deg frihet til \u00e5 velge, b\u00e5de i dag og [&hellip;]<\/p>\n","protected":false},"author":1,"featured_media":1390,"parent":310,"menu_order":0,"comment_status":"closed","ping_status":"closed","template":"elementor_header_footer","meta":{"_acf_changed":false,"_mo_disable_npp":"","footnotes":""},"class_list":["post-316","page","type-page","status-publish","has-post-thumbnail","hentry"],"acf":[],"yoast_head":"<!-- This site is optimized with the Yoast SEO Premium plugin v23.9 (Yoast SEO v27.4) - https:\/\/yoast.com\/product\/yoast-seo-premium-wordpress\/ -->\n<title>Fundamentum velferdsteknologisk plattform - DNV Imatis<\/title>\n<meta name=\"description\" content=\"Fundamentum velferdsteknologisk plattform er en \u00e5pen plattform med standardiserte API\u2019er som kan samarbeide med alle.\" \/>\n<meta name=\"robots\" content=\"index, follow, max-snippet:-1, max-image-preview:large, max-video-preview:-1\" \/>\n<link rel=\"canonical\" href=\"https:\/\/dnvimatis.com\/no\/kommune\/fundamentum-velferdsteknologisk-plattform\/\" \/>\n<meta property=\"og:locale\" content=\"nb_NO\" \/>\n<meta property=\"og:type\" content=\"article\" \/>\n<meta property=\"og:title\" content=\"Fundamentum velferdsteknologisk plattform\" \/>\n<meta property=\"og:description\" content=\"Fundamentum velferdsteknologisk plattform er en \u00e5pen plattform med standardiserte API\u2019er som kan samarbeide med alle.\" \/>\n<meta property=\"og:url\" content=\"https:\/\/dnvimatis.com\/no\/kommune\/fundamentum-velferdsteknologisk-plattform\/\" \/>\n<meta property=\"og:site_name\" content=\"DNV Imatis.no\" \/>\n<meta property=\"article:modified_time\" content=\"2023-08-04T10:07:44+00:00\" \/>\n<meta property=\"og:image\" content=\"https:\/\/dnvimatis.com\/no\/wp-content\/uploads\/sites\/2\/2022\/01\/Velferdsteknologi-1.jpg\" \/>\n\t<meta property=\"og:image:width\" content=\"610\" \/>\n\t<meta property=\"og:image:height\" content=\"406\" \/>\n\t<meta property=\"og:image:type\" content=\"image\/jpeg\" \/>\n<meta name=\"twitter:card\" content=\"summary_large_image\" \/>\n<meta name=\"twitter:label1\" content=\"Ansl. lesetid\" \/>\n\t<meta name=\"twitter:data1\" content=\"4 minutter\" \/>\n<script type=\"application\/ld+json\" class=\"yoast-schema-graph\">{\"@context\":\"https:\\\/\\\/schema.org\",\"@graph\":[{\"@type\":\"WebPage\",\"@id\":\"https:\\\/\\\/dnvimatis.com\\\/no\\\/kommune\\\/fundamentum-velferdsteknologisk-plattform\\\/\",\"url\":\"https:\\\/\\\/dnvimatis.com\\\/no\\\/kommune\\\/fundamentum-velferdsteknologisk-plattform\\\/\",\"name\":\"Fundamentum velferdsteknologisk plattform - DNV Imatis\",\"isPartOf\":{\"@id\":\"https:\\\/\\\/dnvimatis.com\\\/no\\\/#website\"},\"primaryImageOfPage\":{\"@id\":\"https:\\\/\\\/dnvimatis.com\\\/no\\\/kommune\\\/fundamentum-velferdsteknologisk-plattform\\\/#primaryimage\"},\"image\":{\"@id\":\"https:\\\/\\\/dnvimatis.com\\\/no\\\/kommune\\\/fundamentum-velferdsteknologisk-plattform\\\/#primaryimage\"},\"thumbnailUrl\":\"https:\\\/\\\/dnvimatis.com\\\/no\\\/wp-content\\\/uploads\\\/sites\\\/2\\\/2022\\\/01\\\/Velferdsteknologi-1.jpg\",\"datePublished\":\"2022-01-11T11:56:45+00:00\",\"dateModified\":\"2023-08-04T10:07:44+00:00\",\"description\":\"Fundamentum velferdsteknologisk plattform er en \u00e5pen plattform med standardiserte API\u2019er som kan samarbeide med alle.\",\"breadcrumb\":{\"@id\":\"https:\\\/\\\/dnvimatis.com\\\/no\\\/kommune\\\/fundamentum-velferdsteknologisk-plattform\\\/#breadcrumb\"},\"inLanguage\":\"nb-NO\",\"potentialAction\":[{\"@type\":\"ReadAction\",\"target\":[\"https:\\\/\\\/dnvimatis.com\\\/no\\\/kommune\\\/fundamentum-velferdsteknologisk-plattform\\\/\"]}]},{\"@type\":\"ImageObject\",\"inLanguage\":\"nb-NO\",\"@id\":\"https:\\\/\\\/dnvimatis.com\\\/no\\\/kommune\\\/fundamentum-velferdsteknologisk-plattform\\\/#primaryimage\",\"url\":\"https:\\\/\\\/dnvimatis.com\\\/no\\\/wp-content\\\/uploads\\\/sites\\\/2\\\/2022\\\/01\\\/Velferdsteknologi-1.jpg\",\"contentUrl\":\"https:\\\/\\\/dnvimatis.com\\\/no\\\/wp-content\\\/uploads\\\/sites\\\/2\\\/2022\\\/01\\\/Velferdsteknologi-1.jpg\",\"width\":610,\"height\":406,\"caption\":\"Velferdsteknologi\"},{\"@type\":\"BreadcrumbList\",\"@id\":\"https:\\\/\\\/dnvimatis.com\\\/no\\\/kommune\\\/fundamentum-velferdsteknologisk-plattform\\\/#breadcrumb\",\"itemListElement\":[{\"@type\":\"ListItem\",\"position\":1,\"name\":\"Home\",\"item\":\"https:\\\/\\\/dnvimatis.com\\\/no\\\/\"},{\"@type\":\"ListItem\",\"position\":2,\"name\":\"Kommune\",\"item\":\"https:\\\/\\\/dnvimatis.com\\\/no\\\/kommune\\\/\"},{\"@type\":\"ListItem\",\"position\":3,\"name\":\"Fundamentum velferdsteknologisk plattform\"}]},{\"@type\":\"WebSite\",\"@id\":\"https:\\\/\\\/dnvimatis.com\\\/no\\\/#website\",\"url\":\"https:\\\/\\\/dnvimatis.com\\\/no\\\/\",\"name\":\"DNV Imatis.no\",\"description\":\"A game changer in healthcare solutions\",\"publisher\":{\"@id\":\"https:\\\/\\\/dnvimatis.com\\\/no\\\/#organization\"},\"potentialAction\":[{\"@type\":\"SearchAction\",\"target\":{\"@type\":\"EntryPoint\",\"urlTemplate\":\"https:\\\/\\\/dnvimatis.com\\\/no\\\/?s={search_term_string}\"},\"query-input\":{\"@type\":\"PropertyValueSpecification\",\"valueRequired\":true,\"valueName\":\"search_term_string\"}}],\"inLanguage\":\"nb-NO\"},{\"@type\":\"Organization\",\"@id\":\"https:\\\/\\\/dnvimatis.com\\\/no\\\/#organization\",\"name\":\"DNV Imatis.no\",\"url\":\"https:\\\/\\\/dnvimatis.com\\\/no\\\/\",\"logo\":{\"@type\":\"ImageObject\",\"inLanguage\":\"nb-NO\",\"@id\":\"https:\\\/\\\/dnvimatis.com\\\/no\\\/#\\\/schema\\\/logo\\\/image\\\/\",\"url\":\"https:\\\/\\\/dnvimatis.com\\\/no\\\/wp-content\\\/uploads\\\/sites\\\/2\\\/2022\\\/02\\\/DNV-Imatis-logo_color-white_RGB.svg\",\"contentUrl\":\"https:\\\/\\\/dnvimatis.com\\\/no\\\/wp-content\\\/uploads\\\/sites\\\/2\\\/2022\\\/02\\\/DNV-Imatis-logo_color-white_RGB.svg\",\"width\":680,\"height\":100,\"caption\":\"DNV Imatis.no\"},\"image\":{\"@id\":\"https:\\\/\\\/dnvimatis.com\\\/no\\\/#\\\/schema\\\/logo\\\/image\\\/\"}}]}<\/script>\n<!-- \/ Yoast SEO Premium plugin. -->","yoast_head_json":{"title":"Fundamentum velferdsteknologisk plattform - DNV Imatis","description":"Fundamentum velferdsteknologisk plattform er en \u00e5pen plattform med standardiserte API\u2019er som kan samarbeide med alle.","robots":{"index":"index","follow":"follow","max-snippet":"max-snippet:-1","max-image-preview":"max-image-preview:large","max-video-preview":"max-video-preview:-1"},"canonical":"https:\/\/dnvimatis.com\/no\/kommune\/fundamentum-velferdsteknologisk-plattform\/","og_locale":"nb_NO","og_type":"article","og_title":"Fundamentum velferdsteknologisk plattform","og_description":"Fundamentum velferdsteknologisk plattform er en \u00e5pen plattform med standardiserte API\u2019er som kan samarbeide med alle.","og_url":"https:\/\/dnvimatis.com\/no\/kommune\/fundamentum-velferdsteknologisk-plattform\/","og_site_name":"DNV Imatis.no","article_modified_time":"2023-08-04T10:07:44+00:00","og_image":[{"width":610,"height":406,"url":"https:\/\/dnvimatis.com\/no\/wp-content\/uploads\/sites\/2\/2022\/01\/Velferdsteknologi-1.jpg","type":"image\/jpeg"}],"twitter_card":"summary_large_image","twitter_misc":{"Ansl. lesetid":"4 minutter"},"schema":{"@context":"https:\/\/schema.org","@graph":[{"@type":"WebPage","@id":"https:\/\/dnvimatis.com\/no\/kommune\/fundamentum-velferdsteknologisk-plattform\/","url":"https:\/\/dnvimatis.com\/no\/kommune\/fundamentum-velferdsteknologisk-plattform\/","name":"Fundamentum velferdsteknologisk plattform - DNV Imatis","isPartOf":{"@id":"https:\/\/dnvimatis.com\/no\/#website"},"primaryImageOfPage":{"@id":"https:\/\/dnvimatis.com\/no\/kommune\/fundamentum-velferdsteknologisk-plattform\/#primaryimage"},"image":{"@id":"https:\/\/dnvimatis.com\/no\/kommune\/fundamentum-velferdsteknologisk-plattform\/#primaryimage"},"thumbnailUrl":"https:\/\/dnvimatis.com\/no\/wp-content\/uploads\/sites\/2\/2022\/01\/Velferdsteknologi-1.jpg","datePublished":"2022-01-11T11:56:45+00:00","dateModified":"2023-08-04T10:07:44+00:00","description":"Fundamentum velferdsteknologisk plattform er en \u00e5pen plattform med standardiserte API\u2019er som kan samarbeide med alle.","breadcrumb":{"@id":"https:\/\/dnvimatis.com\/no\/kommune\/fundamentum-velferdsteknologisk-plattform\/#breadcrumb"},"inLanguage":"nb-NO","potentialAction":[{"@type":"ReadAction","target":["https:\/\/dnvimatis.com\/no\/kommune\/fundamentum-velferdsteknologisk-plattform\/"]}]},{"@type":"ImageObject","inLanguage":"nb-NO","@id":"https:\/\/dnvimatis.com\/no\/kommune\/fundamentum-velferdsteknologisk-plattform\/#primaryimage","url":"https:\/\/dnvimatis.com\/no\/wp-content\/uploads\/sites\/2\/2022\/01\/Velferdsteknologi-1.jpg","contentUrl":"https:\/\/dnvimatis.com\/no\/wp-content\/uploads\/sites\/2\/2022\/01\/Velferdsteknologi-1.jpg","width":610,"height":406,"caption":"Velferdsteknologi"},{"@type":"BreadcrumbList","@id":"https:\/\/dnvimatis.com\/no\/kommune\/fundamentum-velferdsteknologisk-plattform\/#breadcrumb","itemListElement":[{"@type":"ListItem","position":1,"name":"Home","item":"https:\/\/dnvimatis.com\/no\/"},{"@type":"ListItem","position":2,"name":"Kommune","item":"https:\/\/dnvimatis.com\/no\/kommune\/"},{"@type":"ListItem","position":3,"name":"Fundamentum velferdsteknologisk plattform"}]},{"@type":"WebSite","@id":"https:\/\/dnvimatis.com\/no\/#website","url":"https:\/\/dnvimatis.com\/no\/","name":"DNV Imatis.no","description":"A game changer in healthcare solutions","publisher":{"@id":"https:\/\/dnvimatis.com\/no\/#organization"},"potentialAction":[{"@type":"SearchAction","target":{"@type":"EntryPoint","urlTemplate":"https:\/\/dnvimatis.com\/no\/?s={search_term_string}"},"query-input":{"@type":"PropertyValueSpecification","valueRequired":true,"valueName":"search_term_string"}}],"inLanguage":"nb-NO"},{"@type":"Organization","@id":"https:\/\/dnvimatis.com\/no\/#organization","name":"DNV Imatis.no","url":"https:\/\/dnvimatis.com\/no\/","logo":{"@type":"ImageObject","inLanguage":"nb-NO","@id":"https:\/\/dnvimatis.com\/no\/#\/schema\/logo\/image\/","url":"https:\/\/dnvimatis.com\/no\/wp-content\/uploads\/sites\/2\/2022\/02\/DNV-Imatis-logo_color-white_RGB.svg","contentUrl":"https:\/\/dnvimatis.com\/no\/wp-content\/uploads\/sites\/2\/2022\/02\/DNV-Imatis-logo_color-white_RGB.svg","width":680,"height":100,"caption":"DNV Imatis.no"},"image":{"@id":"https:\/\/dnvimatis.com\/no\/#\/schema\/logo\/image\/"}}]}},"publishpress_future_action":{"enabled":false,"date":"2026-04-30 19:25:47","action":"change-status","newStatus":"draft","terms":[],"taxonomy":"","extraData":[]},"publishpress_future_workflow_manual_trigger":{"enabledWorkflows":[]},"_links":{"self":[{"href":"https:\/\/dnvimatis.com\/no\/wp-json\/wp\/v2\/pages\/316","targetHints":{"allow":["GET"]}}],"collection":[{"href":"https:\/\/dnvimatis.com\/no\/wp-json\/wp\/v2\/pages"}],"about":[{"href":"https:\/\/dnvimatis.com\/no\/wp-json\/wp\/v2\/types\/page"}],"author":[{"embeddable":true,"href":"https:\/\/dnvimatis.com\/no\/wp-json\/wp\/v2\/users\/1"}],"replies":[{"embeddable":true,"href":"https:\/\/dnvimatis.com\/no\/wp-json\/wp\/v2\/comments?post=316"}],"version-history":[{"count":112,"href":"https:\/\/dnvimatis.com\/no\/wp-json\/wp\/v2\/pages\/316\/revisions"}],"predecessor-version":[{"id":8626,"href":"https:\/\/dnvimatis.com\/no\/wp-json\/wp\/v2\/pages\/316\/revisions\/8626"}],"up":[{"embeddable":true,"href":"https:\/\/dnvimatis.com\/no\/wp-json\/wp\/v2\/pages\/310"}],"wp:featuredmedia":[{"embeddable":true,"href":"https:\/\/dnvimatis.com\/no\/wp-json\/wp\/v2\/media\/1390"}],"wp:attachment":[{"href":"https:\/\/dnvimatis.com\/no\/wp-json\/wp\/v2\/media?parent=316"}],"curies":[{"name":"wp","href":"https:\/\/api.w.org\/{rel}","templated":true}]}}