{"id":2565,"date":"2022-01-27T09:24:03","date_gmt":"2022-01-27T09:24:03","guid":{"rendered":"https:\/\/dnvimatis.com\/no\/?page_id=2565"},"modified":"2022-07-01T11:57:35","modified_gmt":"2022-07-01T11:57:35","slug":"teknologi","status":"publish","type":"page","link":"https:\/\/dnvimatis.com\/no\/om-oss\/teknologi\/","title":{"rendered":"Teknologi"},"content":{"rendered":"\t\t<div data-elementor-type=\"wp-page\" data-elementor-id=\"2565\" class=\"elementor elementor-2565\" data-elementor-post-type=\"page\">\n\t\t\t\t\t\t<section class=\"elementor-section elementor-top-section elementor-element elementor-element-2c35b703 elementor-section-height-min-height elementor-section-boxed elementor-section-height-default elementor-section-items-middle\" data-id=\"2c35b703\" data-element_type=\"section\" data-e-type=\"section\">\n\t\t\t\t\t\t<div class=\"elementor-container elementor-column-gap-wider\">\n\t\t\t\t\t<div class=\"elementor-column elementor-col-100 elementor-top-column elementor-element elementor-element-2bc05f08\" data-id=\"2bc05f08\" data-element_type=\"column\" data-e-type=\"column\">\n\t\t\t<div class=\"elementor-widget-wrap elementor-element-populated\">\n\t\t\t\t\t\t<div class=\"elementor-element elementor-element-4cb93384 elementor-widget elementor-widget-heading\" data-id=\"4cb93384\" data-element_type=\"widget\" data-e-type=\"widget\" data-widget_type=\"heading.default\">\n\t\t\t\t<div class=\"elementor-widget-container\">\n\t\t\t\t\t<h4 class=\"elementor-heading-title elementor-size-default\">DNV Imatis digitale plattform gj\u00f8r det mulig for helseforetak \u00e5 samle, dele og aggregere data gjennom integrasjon med alle eksisterende IT-l\u00f8sninger p\u00e5 markedet. Informasjonen helsepersonell registrerer manuelt vil bli en del av prosessen, takket v\u00e6re et omfattende \u00f8kosystem av ulike applikasjoner og verkt\u00f8y. <\/h4>\t\t\t\t<\/div>\n\t\t\t\t<\/div>\n\t\t\t\t<div class=\"elementor-element elementor-element-286273ac elementor-widget elementor-widget-text-editor\" data-id=\"286273ac\" data-element_type=\"widget\" data-e-type=\"widget\" data-widget_type=\"text-editor.default\">\n\t\t\t\t<div class=\"elementor-widget-container\">\n\t\t\t\t\t\t\t\t\t<p>Basert p\u00e5 hvilken rolle de innehar i helsevesenet, lar DNV Imatis helsepersonell registrere informasjon, samarbeide med kolleger, f\u00e5 en oversikt over p\u00e5g\u00e5ende arbeidsoppgaver og bli informert om oppdrag som dukker opp p\u00e5 kort varsel. Og alt skjer i sanntid, over alt.<\/p>\t\t\t\t\t\t\t\t<\/div>\n\t\t\t\t<\/div>\n\t\t\t\t<section class=\"elementor-section elementor-inner-section elementor-element elementor-element-37a909cb elementor-section-boxed elementor-section-height-default elementor-section-height-default\" data-id=\"37a909cb\" data-element_type=\"section\" data-e-type=\"section\">\n\t\t\t\t\t\t<div class=\"elementor-container elementor-column-gap-wider\">\n\t\t\t\t\t<div class=\"elementor-column elementor-col-50 elementor-inner-column elementor-element elementor-element-7db01f4f\" data-id=\"7db01f4f\" data-element_type=\"column\" data-e-type=\"column\">\n\t\t\t<div class=\"elementor-widget-wrap elementor-element-populated\">\n\t\t\t\t\t\t<div class=\"elementor-element elementor-element-50279b3d elementor-widget elementor-widget-image\" data-id=\"50279b3d\" data-element_type=\"widget\" data-e-type=\"widget\" data-widget_type=\"image.default\">\n\t\t\t\t<div class=\"elementor-widget-container\">\n\t\t\t\t\t\t\t\t\t\t\t\t\t\t\t<img fetchpriority=\"high\" decoding=\"async\" width=\"610\" height=\"406\" src=\"https:\/\/dnvimatis.com\/no\/wp-content\/uploads\/sites\/2\/2022\/01\/Teknologi-Low-code-application-platform-610x406-1.jpg\" class=\"attachment-large size-large wp-image-2573\" alt=\"Teknologi Low code application platform 610x406\" srcset=\"https:\/\/dnvimatis.com\/no\/wp-content\/uploads\/sites\/2\/2022\/01\/Teknologi-Low-code-application-platform-610x406-1.jpg 610w, https:\/\/dnvimatis.com\/no\/wp-content\/uploads\/sites\/2\/2022\/01\/Teknologi-Low-code-application-platform-610x406-1-300x200.jpg 300w, https:\/\/dnvimatis.com\/no\/wp-content\/uploads\/sites\/2\/2022\/01\/Teknologi-Low-code-application-platform-610x406-1-451x300.jpg 451w\" sizes=\"(max-width: 610px) 100vw, 610px\" \/>\t\t\t\t\t\t\t\t\t\t\t\t\t\t\t<\/div>\n\t\t\t\t<\/div>\n\t\t\t\t\t<\/div>\n\t\t<\/div>\n\t\t\t\t<div class=\"elementor-column elementor-col-50 elementor-inner-column elementor-element elementor-element-36c627f8\" data-id=\"36c627f8\" data-element_type=\"column\" data-e-type=\"column\">\n\t\t\t<div class=\"elementor-widget-wrap elementor-element-populated\">\n\t\t\t\t\t\t<div class=\"elementor-element elementor-element-5578f21b elementor-widget elementor-widget-text-editor\" data-id=\"5578f21b\" data-element_type=\"widget\" data-e-type=\"widget\" data-widget_type=\"text-editor.default\">\n\t\t\t\t<div class=\"elementor-widget-container\">\n\t\t\t\t\t\t\t\t\t<p>DNV Imatis er en digital l\u00f8sning som b\u00e5de er rask og effektiv, og samtidig enkel \u00e5 integrere med IT-systemet helseforetaket har allerede. Superbrukere kan utvikle og tilpasse l\u00f8sningene etter egne behov og \u00f8nsker, med sv\u00e6rt begrenset behov for oppl\u00e6ring. Ved \u00e5 utforske v\u00e5rt omfattende \u00f8kosystem av l\u00f8sninger og applikasjoner, er det lett \u00e5 se alle fordelene DNV Imatis vil f\u00f8re med seg.<\/p>\t\t\t\t\t\t\t\t<\/div>\n\t\t\t\t<\/div>\n\t\t\t\t\t<\/div>\n\t\t<\/div>\n\t\t\t\t\t<\/div>\n\t\t<\/section>\n\t\t\t\t\t<\/div>\n\t\t<\/div>\n\t\t\t\t\t<\/div>\n\t\t<\/section>\n\t\t\t\t<section class=\"elementor-section elementor-top-section elementor-element elementor-element-49bc095 elementor-section-boxed elementor-section-height-default elementor-section-height-default\" data-id=\"49bc095\" data-element_type=\"section\" data-e-type=\"section\">\n\t\t\t\t\t\t<div class=\"elementor-container elementor-column-gap-wider\">\n\t\t\t\t\t<div class=\"elementor-column elementor-col-100 elementor-top-column elementor-element elementor-element-3f909e71\" data-id=\"3f909e71\" data-element_type=\"column\" data-e-type=\"column\">\n\t\t\t<div class=\"elementor-widget-wrap elementor-element-populated\">\n\t\t\t\t\t\t<div class=\"elementor-element elementor-element-53c4e6ad elementor-widget elementor-widget-heading\" data-id=\"53c4e6ad\" data-element_type=\"widget\" data-e-type=\"widget\" data-widget_type=\"heading.default\">\n\t\t\t\t<div class=\"elementor-widget-container\">\n\t\t\t\t\t<h2 class=\"elementor-heading-title elementor-size-default\">FHIR - integrasjon<\/h2>\t\t\t\t<\/div>\n\t\t\t\t<\/div>\n\t\t\t\t<div class=\"elementor-element elementor-element-5e677916 elementor-widget elementor-widget-text-editor\" data-id=\"5e677916\" data-element_type=\"widget\" data-e-type=\"widget\" data-widget_type=\"text-editor.default\">\n\t\t\t\t<div class=\"elementor-widget-container\">\n\t\t\t\t\t\t\t\t\t<p><span data-contrast=\"auto\">DNV Imatis er integrert mot Australian Digital Health Agency (ADHA) sitt FHIR testmilj\u00f8. DNV Imatis har f\u00e5tt \u00f8konomisk st\u00f8tte fra det f\u00f8derale direktoratet (tilsvarende det norske direktoratet for e-helse) til \u00e5 etablere og verifisere FHIR st\u00f8tte for integrasjons- og meldingsplattformen. <\/span><span data-ccp-props=\"{\">\u00a0<\/span><\/p><p><span data-contrast=\"auto\">Bruk av HL7 FHIR er i tr\u00e5d med forslag til m<\/span><span data-contrast=\"auto\">\u00e5larkitektur for datadeling i helse- og omsorgstjenesten ogs\u00e5 i Norge.\u00a0<\/span><span data-ccp-props=\"{\">\u00a0<\/span><\/p><p><span data-contrast=\"auto\">Dette er relevant b\u00e5de i forhold til \u00e5 sende varsel til ansvarlig lege\/pleier, for \u00e5 knytte l\u00f8sningen til konfigurerbare skjema, registrere data fra sensorer pasienten benytter hjemme og mulig fremtidig grensesnitt mot EPJ.<\/span><span data-ccp-props=\"{\">\u00a0<\/span><\/p><p><span data-contrast=\"auto\">DNV Imatis versjon 6.1.2 og nyere er testet mot HL7 FHIR release 2.4.<\/span><span data-ccp-props=\"{\">\u00a0<\/span><\/p>\t\t\t\t\t\t\t\t<\/div>\n\t\t\t\t<\/div>\n\t\t\t\t<div class=\"elementor-element elementor-element-2e41e5e elementor-widget__width-auto elementor-widget elementor-widget-button\" data-id=\"2e41e5e\" data-element_type=\"widget\" data-e-type=\"widget\" data-widget_type=\"button.default\">\n\t\t\t\t<div class=\"elementor-widget-container\">\n\t\t\t\t\t\t\t\t\t<div class=\"elementor-button-wrapper\">\n\t\t\t\t\t<a class=\"elementor-button elementor-button-link elementor-size-sm\" href=\"https:\/\/www.digitalhealth.gov.au\/\" target=\"_blank\">\n\t\t\t\t\t\t<span class=\"elementor-button-content-wrapper\">\n\t\t\t\t\t\t<span class=\"elementor-button-icon\">\n\t\t\t\t<i aria-hidden=\"true\" class=\"fas fa-arrow-right\"><\/i>\t\t\t<\/span>\n\t\t\t\t\t\t\t\t\t<span class=\"elementor-button-text\">Australian Digital Health Agency<\/span>\n\t\t\t\t\t<\/span>\n\t\t\t\t\t<\/a>\n\t\t\t\t<\/div>\n\t\t\t\t\t\t\t\t<\/div>\n\t\t\t\t<\/div>\n\t\t\t\t\t<\/div>\n\t\t<\/div>\n\t\t\t\t\t<\/div>\n\t\t<\/section>\n\t\t\t\t<section class=\"elementor-section elementor-top-section elementor-element elementor-element-755b3de elementor-section-boxed elementor-section-height-default elementor-section-height-default\" data-id=\"755b3de\" data-element_type=\"section\" data-e-type=\"section\">\n\t\t\t\t\t\t<div class=\"elementor-container elementor-column-gap-wider\">\n\t\t\t\t\t<div class=\"elementor-column elementor-col-100 elementor-top-column elementor-element elementor-element-bab7828\" data-id=\"bab7828\" data-element_type=\"column\" data-e-type=\"column\">\n\t\t\t<div class=\"elementor-widget-wrap elementor-element-populated\">\n\t\t\t\t\t\t<div class=\"elementor-element elementor-element-c79eb61 elementor-widget elementor-widget-heading\" data-id=\"c79eb61\" data-element_type=\"widget\" data-e-type=\"widget\" data-widget_type=\"heading.default\">\n\t\t\t\t<div class=\"elementor-widget-container\">\n\t\t\t\t\t<h2 class=\"elementor-heading-title elementor-size-default\">Plattformen Fundamentum<\/h2>\t\t\t\t<\/div>\n\t\t\t\t<\/div>\n\t\t\t\t<div class=\"elementor-element elementor-element-df934d4 elementor-widget elementor-widget-text-editor\" data-id=\"df934d4\" data-element_type=\"widget\" data-e-type=\"widget\" data-widget_type=\"text-editor.default\">\n\t\t\t\t<div class=\"elementor-widget-container\">\n\t\t\t\t\t\t\t\t\t<p>DNV Imatis har over flere \u00e5r utviklet en intelligent plattform som digitaliserer og automatiserer arbeidsprosesser ved bruk av data fra b\u00e5de eksisterende og nye systemer. Plattformen heter Fundamentum og inneholder blant annet et rammeverk for \u00e5 bygge lettvektsapplikasjoner som underst\u00f8tter n\u00e5v\u00e6rende og nye arbeidsflyter.<\/p>\t\t\t\t\t\t\t\t<\/div>\n\t\t\t\t<\/div>\n\t\t\t\t<div class=\"elementor-element elementor-element-02eeae3 elementor-widget__width-auto elementor-widget elementor-widget-button\" data-id=\"02eeae3\" data-element_type=\"widget\" data-e-type=\"widget\" data-widget_type=\"button.default\">\n\t\t\t\t<div class=\"elementor-widget-container\">\n\t\t\t\t\t\t\t\t\t<div class=\"elementor-button-wrapper\">\n\t\t\t\t\t<a class=\"elementor-button elementor-button-link elementor-size-sm\" href=\"https:\/\/dnvimatis.com\/no\/om-oss\/teknologi\/fundamentum-plattformen\/\">\n\t\t\t\t\t\t<span class=\"elementor-button-content-wrapper\">\n\t\t\t\t\t\t<span class=\"elementor-button-icon\">\n\t\t\t\t<i aria-hidden=\"true\" class=\"fas fa-arrow-right\"><\/i>\t\t\t<\/span>\n\t\t\t\t\t\t\t\t\t<span class=\"elementor-button-text\">Les mer om Fundamentum<\/span>\n\t\t\t\t\t<\/span>\n\t\t\t\t\t<\/a>\n\t\t\t\t<\/div>\n\t\t\t\t\t\t\t\t<\/div>\n\t\t\t\t<\/div>\n\t\t\t\t\t<\/div>\n\t\t<\/div>\n\t\t\t\t\t<\/div>\n\t\t<\/section>\n\t\t\t\t<section class=\"elementor-section elementor-top-section elementor-element elementor-element-49f26168 elementor-section-boxed elementor-section-height-default elementor-section-height-default\" data-id=\"49f26168\" data-element_type=\"section\" data-e-type=\"section\" data-settings=\"{&quot;background_background&quot;:&quot;classic&quot;}\">\n\t\t\t\t\t\t<div class=\"elementor-container elementor-column-gap-default\">\n\t\t\t\t\t<div class=\"elementor-column elementor-col-100 elementor-top-column elementor-element elementor-element-317480a9\" data-id=\"317480a9\" data-element_type=\"column\" data-e-type=\"column\">\n\t\t\t<div class=\"elementor-widget-wrap elementor-element-populated\">\n\t\t\t\t\t\t<div class=\"elementor-element elementor-element-4f901f41 elementor-widget elementor-widget-heading\" data-id=\"4f901f41\" data-element_type=\"widget\" data-e-type=\"widget\" data-widget_type=\"heading.default\">\n\t\t\t\t<div class=\"elementor-widget-container\">\n\t\t\t\t\t<h2 class=\"elementor-heading-title elementor-size-default\">Kundehistorier<\/h2>\t\t\t\t<\/div>\n\t\t\t\t<\/div>\n\t\t\t\t\t<\/div>\n\t\t<\/div>\n\t\t\t\t\t<\/div>\n\t\t<\/section>\n\t\t\t\t<\/div>\n\t\t","protected":false},"excerpt":{"rendered":"<p>DNV Imatis digitale plattform gj\u00f8r det mulig for helseforetak \u00e5 samle, dele og aggregere data gjennom integrasjon med alle eksisterende IT-l\u00f8sninger p\u00e5 markedet. Informasjonen helsepersonell registrerer manuelt vil bli en del av prosessen, takket v\u00e6re et omfattende \u00f8kosystem av ulike applikasjoner og verkt\u00f8y. Basert p\u00e5 hvilken rolle de innehar i helsevesenet, lar DNV Imatis helsepersonell [&hellip;]<\/p>\n","protected":false},"author":2,"featured_media":1412,"parent":447,"menu_order":0,"comment_status":"closed","ping_status":"closed","template":"elementor_header_footer","meta":{"_acf_changed":false,"_mo_disable_npp":"","footnotes":""},"class_list":["post-2565","page","type-page","status-publish","has-post-thumbnail","hentry"],"acf":[],"yoast_head":"<!-- This site is optimized with the Yoast SEO Premium plugin v23.9 (Yoast SEO v27.4) - https:\/\/yoast.com\/product\/yoast-seo-premium-wordpress\/ -->\n<title>Teknologi - DNV Imatis<\/title>\n<meta name=\"description\" content=\"Teknologien, plattformen Fundamentum, digitaliserer og automatiserer arbeidsprosesser ved bruk av data fra b\u00e5de eksisterende og nye systemer.\" \/>\n<meta name=\"robots\" content=\"index, follow, max-snippet:-1, max-image-preview:large, max-video-preview:-1\" \/>\n<link rel=\"canonical\" href=\"https:\/\/dnvimatis.com\/no\/om-oss\/teknologi\/\" \/>\n<meta property=\"og:locale\" content=\"nb_NO\" \/>\n<meta property=\"og:type\" content=\"article\" \/>\n<meta property=\"og:title\" content=\"Teknologi\" \/>\n<meta property=\"og:description\" content=\"Teknologien, plattformen Fundamentum, digitaliserer og automatiserer arbeidsprosesser ved bruk av data fra b\u00e5de eksisterende og nye systemer.\" \/>\n<meta property=\"og:url\" content=\"https:\/\/dnvimatis.com\/no\/om-oss\/teknologi\/\" \/>\n<meta property=\"og:site_name\" content=\"DNV Imatis.no\" \/>\n<meta property=\"article:modified_time\" content=\"2022-07-01T11:57:35+00:00\" \/>\n<meta property=\"og:image\" content=\"https:\/\/dnvimatis.com\/no\/wp-content\/uploads\/sites\/2\/2022\/01\/symbol.png\" \/>\n\t<meta property=\"og:image:width\" content=\"1740\" \/>\n\t<meta property=\"og:image:height\" content=\"1196\" \/>\n\t<meta property=\"og:image:type\" content=\"image\/png\" \/>\n<meta name=\"twitter:card\" content=\"summary_large_image\" \/>\n<meta name=\"twitter:label1\" content=\"Ansl. lesetid\" \/>\n\t<meta name=\"twitter:data1\" content=\"3 minutter\" \/>\n<script type=\"application\/ld+json\" class=\"yoast-schema-graph\">{\"@context\":\"https:\\\/\\\/schema.org\",\"@graph\":[{\"@type\":\"WebPage\",\"@id\":\"https:\\\/\\\/dnvimatis.com\\\/no\\\/om-oss\\\/teknologi\\\/\",\"url\":\"https:\\\/\\\/dnvimatis.com\\\/no\\\/om-oss\\\/teknologi\\\/\",\"name\":\"Teknologi - DNV Imatis\",\"isPartOf\":{\"@id\":\"https:\\\/\\\/dnvimatis.com\\\/no\\\/#website\"},\"primaryImageOfPage\":{\"@id\":\"https:\\\/\\\/dnvimatis.com\\\/no\\\/om-oss\\\/teknologi\\\/#primaryimage\"},\"image\":{\"@id\":\"https:\\\/\\\/dnvimatis.com\\\/no\\\/om-oss\\\/teknologi\\\/#primaryimage\"},\"thumbnailUrl\":\"https:\\\/\\\/dnvimatis.com\\\/no\\\/wp-content\\\/uploads\\\/sites\\\/2\\\/2022\\\/01\\\/symbol.png\",\"datePublished\":\"2022-01-27T09:24:03+00:00\",\"dateModified\":\"2022-07-01T11:57:35+00:00\",\"description\":\"Teknologien, plattformen Fundamentum, digitaliserer og automatiserer arbeidsprosesser ved bruk av data fra b\u00e5de eksisterende og nye systemer.\",\"breadcrumb\":{\"@id\":\"https:\\\/\\\/dnvimatis.com\\\/no\\\/om-oss\\\/teknologi\\\/#breadcrumb\"},\"inLanguage\":\"nb-NO\",\"potentialAction\":[{\"@type\":\"ReadAction\",\"target\":[\"https:\\\/\\\/dnvimatis.com\\\/no\\\/om-oss\\\/teknologi\\\/\"]}]},{\"@type\":\"ImageObject\",\"inLanguage\":\"nb-NO\",\"@id\":\"https:\\\/\\\/dnvimatis.com\\\/no\\\/om-oss\\\/teknologi\\\/#primaryimage\",\"url\":\"https:\\\/\\\/dnvimatis.com\\\/no\\\/wp-content\\\/uploads\\\/sites\\\/2\\\/2022\\\/01\\\/symbol.png\",\"contentUrl\":\"https:\\\/\\\/dnvimatis.com\\\/no\\\/wp-content\\\/uploads\\\/sites\\\/2\\\/2022\\\/01\\\/symbol.png\",\"width\":1740,\"height\":1196,\"caption\":\"DNV Imatis symbol\"},{\"@type\":\"BreadcrumbList\",\"@id\":\"https:\\\/\\\/dnvimatis.com\\\/no\\\/om-oss\\\/teknologi\\\/#breadcrumb\",\"itemListElement\":[{\"@type\":\"ListItem\",\"position\":1,\"name\":\"Home\",\"item\":\"https:\\\/\\\/dnvimatis.com\\\/no\\\/\"},{\"@type\":\"ListItem\",\"position\":2,\"name\":\"Om oss\",\"item\":\"https:\\\/\\\/dnvimatis.com\\\/no\\\/om-oss\\\/\"},{\"@type\":\"ListItem\",\"position\":3,\"name\":\"Teknologi\"}]},{\"@type\":\"WebSite\",\"@id\":\"https:\\\/\\\/dnvimatis.com\\\/no\\\/#website\",\"url\":\"https:\\\/\\\/dnvimatis.com\\\/no\\\/\",\"name\":\"DNV Imatis.no\",\"description\":\"A game changer in healthcare solutions\",\"publisher\":{\"@id\":\"https:\\\/\\\/dnvimatis.com\\\/no\\\/#organization\"},\"potentialAction\":[{\"@type\":\"SearchAction\",\"target\":{\"@type\":\"EntryPoint\",\"urlTemplate\":\"https:\\\/\\\/dnvimatis.com\\\/no\\\/?s={search_term_string}\"},\"query-input\":{\"@type\":\"PropertyValueSpecification\",\"valueRequired\":true,\"valueName\":\"search_term_string\"}}],\"inLanguage\":\"nb-NO\"},{\"@type\":\"Organization\",\"@id\":\"https:\\\/\\\/dnvimatis.com\\\/no\\\/#organization\",\"name\":\"DNV Imatis.no\",\"url\":\"https:\\\/\\\/dnvimatis.com\\\/no\\\/\",\"logo\":{\"@type\":\"ImageObject\",\"inLanguage\":\"nb-NO\",\"@id\":\"https:\\\/\\\/dnvimatis.com\\\/no\\\/#\\\/schema\\\/logo\\\/image\\\/\",\"url\":\"https:\\\/\\\/dnvimatis.com\\\/no\\\/wp-content\\\/uploads\\\/sites\\\/2\\\/2022\\\/02\\\/DNV-Imatis-logo_color-white_RGB.svg\",\"contentUrl\":\"https:\\\/\\\/dnvimatis.com\\\/no\\\/wp-content\\\/uploads\\\/sites\\\/2\\\/2022\\\/02\\\/DNV-Imatis-logo_color-white_RGB.svg\",\"width\":680,\"height\":100,\"caption\":\"DNV Imatis.no\"},\"image\":{\"@id\":\"https:\\\/\\\/dnvimatis.com\\\/no\\\/#\\\/schema\\\/logo\\\/image\\\/\"}}]}<\/script>\n<!-- \/ Yoast SEO Premium plugin. -->","yoast_head_json":{"title":"Teknologi - DNV Imatis","description":"Teknologien, plattformen Fundamentum, digitaliserer og automatiserer arbeidsprosesser ved bruk av data fra b\u00e5de eksisterende og nye systemer.","robots":{"index":"index","follow":"follow","max-snippet":"max-snippet:-1","max-image-preview":"max-image-preview:large","max-video-preview":"max-video-preview:-1"},"canonical":"https:\/\/dnvimatis.com\/no\/om-oss\/teknologi\/","og_locale":"nb_NO","og_type":"article","og_title":"Teknologi","og_description":"Teknologien, plattformen Fundamentum, digitaliserer og automatiserer arbeidsprosesser ved bruk av data fra b\u00e5de eksisterende og nye systemer.","og_url":"https:\/\/dnvimatis.com\/no\/om-oss\/teknologi\/","og_site_name":"DNV Imatis.no","article_modified_time":"2022-07-01T11:57:35+00:00","og_image":[{"width":1740,"height":1196,"url":"https:\/\/dnvimatis.com\/no\/wp-content\/uploads\/sites\/2\/2022\/01\/symbol.png","type":"image\/png"}],"twitter_card":"summary_large_image","twitter_misc":{"Ansl. lesetid":"3 minutter"},"schema":{"@context":"https:\/\/schema.org","@graph":[{"@type":"WebPage","@id":"https:\/\/dnvimatis.com\/no\/om-oss\/teknologi\/","url":"https:\/\/dnvimatis.com\/no\/om-oss\/teknologi\/","name":"Teknologi - DNV Imatis","isPartOf":{"@id":"https:\/\/dnvimatis.com\/no\/#website"},"primaryImageOfPage":{"@id":"https:\/\/dnvimatis.com\/no\/om-oss\/teknologi\/#primaryimage"},"image":{"@id":"https:\/\/dnvimatis.com\/no\/om-oss\/teknologi\/#primaryimage"},"thumbnailUrl":"https:\/\/dnvimatis.com\/no\/wp-content\/uploads\/sites\/2\/2022\/01\/symbol.png","datePublished":"2022-01-27T09:24:03+00:00","dateModified":"2022-07-01T11:57:35+00:00","description":"Teknologien, plattformen Fundamentum, digitaliserer og automatiserer arbeidsprosesser ved bruk av data fra b\u00e5de eksisterende og nye systemer.","breadcrumb":{"@id":"https:\/\/dnvimatis.com\/no\/om-oss\/teknologi\/#breadcrumb"},"inLanguage":"nb-NO","potentialAction":[{"@type":"ReadAction","target":["https:\/\/dnvimatis.com\/no\/om-oss\/teknologi\/"]}]},{"@type":"ImageObject","inLanguage":"nb-NO","@id":"https:\/\/dnvimatis.com\/no\/om-oss\/teknologi\/#primaryimage","url":"https:\/\/dnvimatis.com\/no\/wp-content\/uploads\/sites\/2\/2022\/01\/symbol.png","contentUrl":"https:\/\/dnvimatis.com\/no\/wp-content\/uploads\/sites\/2\/2022\/01\/symbol.png","width":1740,"height":1196,"caption":"DNV Imatis symbol"},{"@type":"BreadcrumbList","@id":"https:\/\/dnvimatis.com\/no\/om-oss\/teknologi\/#breadcrumb","itemListElement":[{"@type":"ListItem","position":1,"name":"Home","item":"https:\/\/dnvimatis.com\/no\/"},{"@type":"ListItem","position":2,"name":"Om oss","item":"https:\/\/dnvimatis.com\/no\/om-oss\/"},{"@type":"ListItem","position":3,"name":"Teknologi"}]},{"@type":"WebSite","@id":"https:\/\/dnvimatis.com\/no\/#website","url":"https:\/\/dnvimatis.com\/no\/","name":"DNV Imatis.no","description":"A game changer in healthcare solutions","publisher":{"@id":"https:\/\/dnvimatis.com\/no\/#organization"},"potentialAction":[{"@type":"SearchAction","target":{"@type":"EntryPoint","urlTemplate":"https:\/\/dnvimatis.com\/no\/?s={search_term_string}"},"query-input":{"@type":"PropertyValueSpecification","valueRequired":true,"valueName":"search_term_string"}}],"inLanguage":"nb-NO"},{"@type":"Organization","@id":"https:\/\/dnvimatis.com\/no\/#organization","name":"DNV Imatis.no","url":"https:\/\/dnvimatis.com\/no\/","logo":{"@type":"ImageObject","inLanguage":"nb-NO","@id":"https:\/\/dnvimatis.com\/no\/#\/schema\/logo\/image\/","url":"https:\/\/dnvimatis.com\/no\/wp-content\/uploads\/sites\/2\/2022\/02\/DNV-Imatis-logo_color-white_RGB.svg","contentUrl":"https:\/\/dnvimatis.com\/no\/wp-content\/uploads\/sites\/2\/2022\/02\/DNV-Imatis-logo_color-white_RGB.svg","width":680,"height":100,"caption":"DNV Imatis.no"},"image":{"@id":"https:\/\/dnvimatis.com\/no\/#\/schema\/logo\/image\/"}}]}},"publishpress_future_action":{"enabled":false,"date":"2026-04-30 18:04:23","action":"change-status","newStatus":"draft","terms":[],"taxonomy":"","extraData":[]},"publishpress_future_workflow_manual_trigger":{"enabledWorkflows":[]},"_links":{"self":[{"href":"https:\/\/dnvimatis.com\/no\/wp-json\/wp\/v2\/pages\/2565","targetHints":{"allow":["GET"]}}],"collection":[{"href":"https:\/\/dnvimatis.com\/no\/wp-json\/wp\/v2\/pages"}],"about":[{"href":"https:\/\/dnvimatis.com\/no\/wp-json\/wp\/v2\/types\/page"}],"author":[{"embeddable":true,"href":"https:\/\/dnvimatis.com\/no\/wp-json\/wp\/v2\/users\/2"}],"replies":[{"embeddable":true,"href":"https:\/\/dnvimatis.com\/no\/wp-json\/wp\/v2\/comments?post=2565"}],"version-history":[{"count":39,"href":"https:\/\/dnvimatis.com\/no\/wp-json\/wp\/v2\/pages\/2565\/revisions"}],"predecessor-version":[{"id":5108,"href":"https:\/\/dnvimatis.com\/no\/wp-json\/wp\/v2\/pages\/2565\/revisions\/5108"}],"up":[{"embeddable":true,"href":"https:\/\/dnvimatis.com\/no\/wp-json\/wp\/v2\/pages\/447"}],"wp:featuredmedia":[{"embeddable":true,"href":"https:\/\/dnvimatis.com\/no\/wp-json\/wp\/v2\/media\/1412"}],"wp:attachment":[{"href":"https:\/\/dnvimatis.com\/no\/wp-json\/wp\/v2\/media?parent=2565"}],"curies":[{"name":"wp","href":"https:\/\/api.w.org\/{rel}","templated":true}]}}