{"id":1410,"date":"2022-01-21T08:32:03","date_gmt":"2022-01-21T08:32:03","guid":{"rendered":"https:\/\/dnvimatis.com\/no\/?page_id=1410"},"modified":"2025-12-18T09:14:50","modified_gmt":"2025-12-18T08:14:50","slug":"historien","status":"publish","type":"page","link":"https:\/\/dnvimatis.com\/no\/om-oss\/historien\/","title":{"rendered":"Historien"},"content":{"rendered":"\t\t<div data-elementor-type=\"wp-page\" data-elementor-id=\"1410\" class=\"elementor elementor-1410\" data-elementor-post-type=\"page\">\n\t\t\t\t\t\t<section class=\"elementor-section elementor-top-section elementor-element elementor-element-4cd96369 elementor-section-height-min-height elementor-section-boxed elementor-section-height-default elementor-section-items-middle\" data-id=\"4cd96369\" data-element_type=\"section\" data-e-type=\"section\">\n\t\t\t\t\t\t<div class=\"elementor-container elementor-column-gap-wider\">\n\t\t\t\t\t<div class=\"elementor-column elementor-col-100 elementor-top-column elementor-element elementor-element-40ccd3de\" data-id=\"40ccd3de\" data-element_type=\"column\" data-e-type=\"column\">\n\t\t\t<div class=\"elementor-widget-wrap elementor-element-populated\">\n\t\t\t\t\t\t<div class=\"elementor-element elementor-element-12d89ca7 elementor-widget elementor-widget-heading\" data-id=\"12d89ca7\" data-element_type=\"widget\" data-e-type=\"widget\" data-widget_type=\"heading.default\">\n\t\t\t\t<div class=\"elementor-widget-container\">\n\t\t\t\t\t<h4 class=\"elementor-heading-title elementor-size-default\">Historien om DNV Imatis utspiller seg helt tilbake til 1991. Da f\u00f8rst grunnlagt under navnet Cardiac, n\u00e5 Baze Technology, som en IKT-plattform for visualisering av sanntidsdata i olje- og gassindustrien. Videre \u00e5pnet Imatis sitt kontor i Porsgrunn med st\u00f8tte fra Vekst i Grenland og senere med betydelig st\u00f8tte fra Innovasjon Norge, lokalt. <\/h4>\t\t\t\t<\/div>\n\t\t\t\t<\/div>\n\t\t\t\t<div class=\"elementor-element elementor-element-381626fb elementor-widget elementor-widget-text-editor\" data-id=\"381626fb\" data-element_type=\"widget\" data-e-type=\"widget\" data-widget_type=\"text-editor.default\">\n\t\t\t\t<div class=\"elementor-widget-container\">\n\t\t\t\t\t\t\t\t\t<p>Imatis ble solgt til DNV sommeren 2021, og har som en forlengelse av oppkj\u00f8pet f\u00e5tt navnet DNV Imatis. Bakgrunnen for salget var \u00e5 styrke organisasjon for vi\u00adde\u00adre vekst og utvikling, samt smidigere lette gjennomf\u00f8ringen av strategien om internasjonal ekspansjon. Imatis hadde etter kontinuerlig vekst i mange \u00e5r virkelig sl\u00e5tt gjennom stort i det nasjonale hjemmemarkedet, og tiden var inne for \u00e5 ta steget fullt ut med full satsning ogs\u00e5 i et st\u00f8rre og internasjonalt perspektiv.<\/p>\t\t\t\t\t\t\t\t<\/div>\n\t\t\t\t<\/div>\n\t\t\t\t<section class=\"elementor-section elementor-inner-section elementor-element elementor-element-7f7d2e35 elementor-section-boxed elementor-section-height-default elementor-section-height-default\" data-id=\"7f7d2e35\" data-element_type=\"section\" data-e-type=\"section\">\n\t\t\t\t\t\t<div class=\"elementor-container elementor-column-gap-wider\">\n\t\t\t\t\t<div class=\"elementor-column elementor-col-50 elementor-inner-column elementor-element elementor-element-232abcb5\" data-id=\"232abcb5\" data-element_type=\"column\" data-e-type=\"column\">\n\t\t\t<div class=\"elementor-widget-wrap elementor-element-populated\">\n\t\t\t\t\t\t<div class=\"elementor-element elementor-element-68ae12d6 elementor-widget elementor-widget-image\" data-id=\"68ae12d6\" data-element_type=\"widget\" data-e-type=\"widget\" data-widget_type=\"image.default\">\n\t\t\t\t<div class=\"elementor-widget-container\">\n\t\t\t\t\t\t\t\t\t\t\t\t\t\t\t<img fetchpriority=\"high\" decoding=\"async\" width=\"610\" height=\"610\" src=\"https:\/\/dnvimatis.com\/no\/wp-content\/uploads\/sites\/2\/2022\/02\/DNV-IMATIS-TIMELINE_history.jpg\" class=\"attachment-large size-large wp-image-3713\" alt=\"Historien\" srcset=\"https:\/\/dnvimatis.com\/no\/wp-content\/uploads\/sites\/2\/2022\/02\/DNV-IMATIS-TIMELINE_history.jpg 610w, https:\/\/dnvimatis.com\/no\/wp-content\/uploads\/sites\/2\/2022\/02\/DNV-IMATIS-TIMELINE_history-300x300.jpg 300w, https:\/\/dnvimatis.com\/no\/wp-content\/uploads\/sites\/2\/2022\/02\/DNV-IMATIS-TIMELINE_history-150x150.jpg 150w, https:\/\/dnvimatis.com\/no\/wp-content\/uploads\/sites\/2\/2022\/02\/DNV-IMATIS-TIMELINE_history-500x500.jpg 500w\" sizes=\"(max-width: 610px) 100vw, 610px\" \/>\t\t\t\t\t\t\t\t\t\t\t\t\t\t\t<\/div>\n\t\t\t\t<\/div>\n\t\t\t\t\t<\/div>\n\t\t<\/div>\n\t\t\t\t<div class=\"elementor-column elementor-col-50 elementor-inner-column elementor-element elementor-element-1018fc7\" data-id=\"1018fc7\" data-element_type=\"column\" data-e-type=\"column\">\n\t\t\t<div class=\"elementor-widget-wrap elementor-element-populated\">\n\t\t\t\t\t\t<div class=\"elementor-element elementor-element-5004ab84 elementor-widget elementor-widget-text-editor\" data-id=\"5004ab84\" data-element_type=\"widget\" data-e-type=\"widget\" data-widget_type=\"text-editor.default\">\n\t\t\t\t<div class=\"elementor-widget-container\">\n\t\t\t\t\t\t\t\t\t<p>Et \u00f8kosystem av applikasjoner som gir sanntidsoversikt og beslutningsst\u00f8tte for helsearbeidere for effektiv utf\u00f8relse av pasient-behandling, st\u00f8tter DNV Imatis visjon \u00abEn bedre og enklere hverdag for pasienter, p\u00e5r\u00f8rende og ansatte\u00bb. Hovedkontoret ligger i Porsgrunn, og selskapet har i dag 100+ ansatte, i Norge, Sverige og England.<\/p>\t\t\t\t\t\t\t\t<\/div>\n\t\t\t\t<\/div>\n\t\t\t\t\t<\/div>\n\t\t<\/div>\n\t\t\t\t\t<\/div>\n\t\t<\/section>\n\t\t\t\t\t<\/div>\n\t\t<\/div>\n\t\t\t\t\t<\/div>\n\t\t<\/section>\n\t\t\t\t<section class=\"elementor-section elementor-top-section elementor-element elementor-element-7ccb826f elementor-section-boxed elementor-section-height-default elementor-section-height-default\" data-id=\"7ccb826f\" data-element_type=\"section\" data-e-type=\"section\" data-settings=\"{&quot;background_background&quot;:&quot;classic&quot;}\">\n\t\t\t\t\t\t<div class=\"elementor-container elementor-column-gap-wider\">\n\t\t\t\t\t<div class=\"elementor-column elementor-col-50 elementor-top-column elementor-element elementor-element-41c64b10\" data-id=\"41c64b10\" data-element_type=\"column\" data-e-type=\"column\">\n\t\t\t<div class=\"elementor-widget-wrap elementor-element-populated\">\n\t\t\t\t\t\t<div class=\"elementor-element elementor-element-ce3b7a6 elementor-widget elementor-widget-heading\" data-id=\"ce3b7a6\" data-element_type=\"widget\" data-e-type=\"widget\" data-widget_type=\"heading.default\">\n\t\t\t\t<div class=\"elementor-widget-container\">\n\t\t\t\t\t<h3 class=\"elementor-heading-title elementor-size-default\">Om DNV<\/h3>\t\t\t\t<\/div>\n\t\t\t\t<\/div>\n\t\t\t\t<div class=\"elementor-element elementor-element-4b8ee21e elementor-widget elementor-widget-text-editor\" data-id=\"4b8ee21e\" data-element_type=\"widget\" data-e-type=\"widget\" data-widget_type=\"text-editor.default\">\n\t\t\t\t<div class=\"elementor-widget-container\">\n\t\t\t\t\t\t\t\t\t<p>DNV er et globalt selskap innen kvalitetssikring og risikoh\u00e5ndtering med tilstedev\u00e6relse i over 100 land. Siden 1864 har selskapets form\u00e5l v\u00e6rt \u00e5 sikre liv, verdier og milj\u00f8et. Med unik teknisk ekspertise og uavhengighet bist\u00e5r DNV sine kunder med \u00e5 forbedre sikkerhet, effektivitet og b\u00e6rekraft, og med \u00e5 takle de globale omstillinger de m\u00f8ter. DNV har gjort det mulig for interessenter i helsesektoren \u00e5 ta kritiske beslutninger med trygghet i mer enn tre ti\u00e5r. Selskapets akkrediteringsprogrammer gir sykehus en klar ramme for \u00e5 optimalisere ytelsen og til \u00e5 forbedre pasientsikkerheten og kvaliteten p\u00e5 pleien. DNV samarbeider ogs\u00e5 med produsenter av medisinsk utstyr for \u00e5 sikre kvaliteten og sikkerheten til produktene sine i henhold til p\u00e5krevde forskrifter. DNV vokser n\u00e5 raskt innenfor e-helse, og \u00f8ker sin aktive deltakelse som akt\u00f8r i den globale transformasjonen helsesektoren g\u00e5r gjennom.<\/p>\t\t\t\t\t\t\t\t<\/div>\n\t\t\t\t<\/div>\n\t\t\t\t<div class=\"elementor-element elementor-element-37470e17 elementor-widget__width-auto elementor-widget elementor-widget-button\" data-id=\"37470e17\" data-element_type=\"widget\" data-e-type=\"widget\" data-widget_type=\"button.default\">\n\t\t\t\t<div class=\"elementor-widget-container\">\n\t\t\t\t\t\t\t\t\t<div class=\"elementor-button-wrapper\">\n\t\t\t\t\t<a class=\"elementor-button elementor-button-link elementor-size-sm\" href=\"https:\/\/www.dnv.com\/\" target=\"_blank\">\n\t\t\t\t\t\t<span class=\"elementor-button-content-wrapper\">\n\t\t\t\t\t\t<span class=\"elementor-button-icon\">\n\t\t\t\t<i aria-hidden=\"true\" class=\"fas fa-external-link-alt\"><\/i>\t\t\t<\/span>\n\t\t\t\t\t\t\t\t\t<span class=\"elementor-button-text\">Mer om DNV<\/span>\n\t\t\t\t\t<\/span>\n\t\t\t\t\t<\/a>\n\t\t\t\t<\/div>\n\t\t\t\t\t\t\t\t<\/div>\n\t\t\t\t<\/div>\n\t\t\t\t\t<\/div>\n\t\t<\/div>\n\t\t\t\t<div class=\"elementor-column elementor-col-50 elementor-top-column elementor-element elementor-element-203ebee0\" data-id=\"203ebee0\" data-element_type=\"column\" data-e-type=\"column\">\n\t\t\t<div class=\"elementor-widget-wrap elementor-element-populated\">\n\t\t\t\t\t\t<div class=\"elementor-element elementor-element-1510bea1 elementor-widget elementor-widget-image\" data-id=\"1510bea1\" data-element_type=\"widget\" data-e-type=\"widget\" data-widget_type=\"image.default\">\n\t\t\t\t<div class=\"elementor-widget-container\">\n\t\t\t\t\t\t\t\t\t\t\t\t\t\t\t<img decoding=\"async\" width=\"328\" height=\"205\" src=\"https:\/\/dnvimatis.com\/no\/wp-content\/uploads\/sites\/2\/2022\/01\/Group-125.svg\" class=\"attachment-large size-large wp-image-237\" alt=\"\" \/>\t\t\t\t\t\t\t\t\t\t\t\t\t\t\t<\/div>\n\t\t\t\t<\/div>\n\t\t\t\t\t<\/div>\n\t\t<\/div>\n\t\t\t\t\t<\/div>\n\t\t<\/section>\n\t\t\t\t<section class=\"elementor-section elementor-top-section elementor-element elementor-element-7595540c elementor-section-boxed elementor-section-height-default elementor-section-height-default\" data-id=\"7595540c\" data-element_type=\"section\" data-e-type=\"section\">\n\t\t\t\t\t\t<div class=\"elementor-container elementor-column-gap-wider\">\n\t\t\t\t\t<div class=\"elementor-column elementor-col-100 elementor-top-column elementor-element elementor-element-22ba1401\" data-id=\"22ba1401\" data-element_type=\"column\" data-e-type=\"column\">\n\t\t\t<div class=\"elementor-widget-wrap elementor-element-populated\">\n\t\t\t\t\t\t<div class=\"elementor-element elementor-element-35113f7 elementor-widget elementor-widget-heading\" data-id=\"35113f7\" data-element_type=\"widget\" data-e-type=\"widget\" data-widget_type=\"heading.default\">\n\t\t\t\t<div class=\"elementor-widget-container\">\n\t\t\t\t\t<h2 class=\"elementor-heading-title elementor-size-default\">Vil du bli en del av v\u00e5r fremtid?<\/h2>\t\t\t\t<\/div>\n\t\t\t\t<\/div>\n\t\t\t\t<div class=\"elementor-element elementor-element-1d80863b elementor-widget elementor-widget-text-editor\" data-id=\"1d80863b\" data-element_type=\"widget\" data-e-type=\"widget\" data-widget_type=\"text-editor.default\">\n\t\t\t\t<div class=\"elementor-widget-container\">\n\t\t\t\t\t\t\t\t\t<p>Vi er i sterk vekst med flere store nyvunnede kontrakter komplementert med en solid kundebase best\u00e5ende av langsiktige avtaler i bunn. Samtidig som vi skal ekspandere utover landegrensene til nye upl\u00f8yde marker. Behovet for nye medarbeidere som skaper helheten i det totale bildet \u00f8ker i takt med veksten, og vi er alltid interessert i \u00e5 ta en prat med deg som kan utfylle v\u00e5re behov for ytterligere kompetanse. Om du ikke ser en utlyst stilling skreddersydd for din profil, send oss likevel en\u00a0\u00e5pen s\u00f8knad som beskriver deg og innenfor hvilket fagfelt du kan styrke v\u00e5rt team.<\/p>\t\t\t\t\t\t\t\t<\/div>\n\t\t\t\t<\/div>\n\t\t\t\t<div class=\"elementor-element elementor-element-75313de elementor-widget__width-auto elementor-widget elementor-widget-button\" data-id=\"75313de\" data-element_type=\"widget\" data-e-type=\"widget\" data-widget_type=\"button.default\">\n\t\t\t\t<div class=\"elementor-widget-container\">\n\t\t\t\t\t\t\t\t\t<div class=\"elementor-button-wrapper\">\n\t\t\t\t\t<a class=\"elementor-button elementor-button-link elementor-size-sm\" href=\"https:\/\/dnvimatis.com\/no\/karriere\/ledige-stillinger\/\">\n\t\t\t\t\t\t<span class=\"elementor-button-content-wrapper\">\n\t\t\t\t\t\t<span class=\"elementor-button-icon\">\n\t\t\t\t<i aria-hidden=\"true\" class=\"fas fa-arrow-right\"><\/i>\t\t\t<\/span>\n\t\t\t\t\t\t\t\t\t<span class=\"elementor-button-text\">Ledige stillinger<\/span>\n\t\t\t\t\t<\/span>\n\t\t\t\t\t<\/a>\n\t\t\t\t<\/div>\n\t\t\t\t\t\t\t\t<\/div>\n\t\t\t\t<\/div>\n\t\t\t\t\t<\/div>\n\t\t<\/div>\n\t\t\t\t\t<\/div>\n\t\t<\/section>\n\t\t\t\t<section class=\"elementor-section elementor-top-section elementor-element elementor-element-2d608b01 elementor-section-boxed elementor-section-height-default elementor-section-height-default\" data-id=\"2d608b01\" data-element_type=\"section\" data-e-type=\"section\" data-settings=\"{&quot;background_background&quot;:&quot;classic&quot;}\">\n\t\t\t\t\t\t<div class=\"elementor-container elementor-column-gap-default\">\n\t\t\t\t\t<div class=\"elementor-column elementor-col-100 elementor-top-column elementor-element elementor-element-596e0824\" data-id=\"596e0824\" data-element_type=\"column\" data-e-type=\"column\">\n\t\t\t<div class=\"elementor-widget-wrap elementor-element-populated\">\n\t\t\t\t\t\t<div class=\"elementor-element elementor-element-263548cc elementor-widget elementor-widget-heading\" data-id=\"263548cc\" data-element_type=\"widget\" data-e-type=\"widget\" data-widget_type=\"heading.default\">\n\t\t\t\t<div class=\"elementor-widget-container\">\n\t\t\t\t\t<h2 class=\"elementor-heading-title elementor-size-default\">Kundehistorier<\/h2>\t\t\t\t<\/div>\n\t\t\t\t<\/div>\n\t\t\t\t\t<\/div>\n\t\t<\/div>\n\t\t\t\t\t<\/div>\n\t\t<\/section>\n\t\t\t\t<\/div>\n\t\t","protected":false},"excerpt":{"rendered":"<p>Historien om DNV Imatis utspiller seg helt tilbake til 1991. Da f\u00f8rst grunnlagt under navnet Cardiac, n\u00e5 Baze Technology, som en IKT-plattform for visualisering av sanntidsdata i olje- og gassindustrien. Videre \u00e5pnet Imatis sitt kontor i Porsgrunn med st\u00f8tte fra Vekst i Grenland og senere med betydelig st\u00f8tte fra Innovasjon Norge, lokalt. Imatis ble solgt [&hellip;]<\/p>\n","protected":false},"author":2,"featured_media":1412,"parent":447,"menu_order":0,"comment_status":"closed","ping_status":"closed","template":"elementor_header_footer","meta":{"_acf_changed":false,"_mo_disable_npp":"","footnotes":""},"class_list":["post-1410","page","type-page","status-publish","has-post-thumbnail","hentry"],"acf":[],"yoast_head":"<!-- This site is optimized with the Yoast SEO Premium plugin v23.9 (Yoast SEO v27.4) - https:\/\/yoast.com\/product\/yoast-seo-premium-wordpress\/ -->\n<title>Historien - DNV Imatis<\/title>\n<meta name=\"description\" content=\"Historien om DNV Imatis utspiller seg helt tilbake til 1991. Vi har har siden 2003 v\u00e6rt utelukkende spesialisert innen e-helse.\" \/>\n<meta name=\"robots\" content=\"index, follow, max-snippet:-1, max-image-preview:large, max-video-preview:-1\" \/>\n<link rel=\"canonical\" href=\"https:\/\/dnvimatis.com\/no\/om-oss\/historien\/\" \/>\n<meta property=\"og:locale\" content=\"nb_NO\" \/>\n<meta property=\"og:type\" content=\"article\" \/>\n<meta property=\"og:title\" content=\"Historien\" \/>\n<meta property=\"og:description\" content=\"Historien om DNV Imatis utspiller seg helt tilbake til 1991. Vi har har siden 2003 v\u00e6rt utelukkende spesialisert innen e-helse.\" \/>\n<meta property=\"og:url\" content=\"https:\/\/dnvimatis.com\/no\/om-oss\/historien\/\" \/>\n<meta property=\"og:site_name\" content=\"DNV Imatis.no\" \/>\n<meta property=\"article:modified_time\" content=\"2025-12-18T08:14:50+00:00\" \/>\n<meta property=\"og:image\" content=\"https:\/\/dnvimatis.com\/no\/wp-content\/uploads\/sites\/2\/2022\/01\/symbol.png\" \/>\n\t<meta property=\"og:image:width\" content=\"1740\" \/>\n\t<meta property=\"og:image:height\" content=\"1196\" \/>\n\t<meta property=\"og:image:type\" content=\"image\/png\" \/>\n<meta name=\"twitter:card\" content=\"summary_large_image\" \/>\n<meta name=\"twitter:label1\" content=\"Ansl. lesetid\" \/>\n\t<meta name=\"twitter:data1\" content=\"4 minutter\" \/>\n<script type=\"application\/ld+json\" class=\"yoast-schema-graph\">{\"@context\":\"https:\\\/\\\/schema.org\",\"@graph\":[{\"@type\":\"WebPage\",\"@id\":\"https:\\\/\\\/dnvimatis.com\\\/no\\\/om-oss\\\/historien\\\/\",\"url\":\"https:\\\/\\\/dnvimatis.com\\\/no\\\/om-oss\\\/historien\\\/\",\"name\":\"Historien - DNV Imatis\",\"isPartOf\":{\"@id\":\"https:\\\/\\\/dnvimatis.com\\\/no\\\/#website\"},\"primaryImageOfPage\":{\"@id\":\"https:\\\/\\\/dnvimatis.com\\\/no\\\/om-oss\\\/historien\\\/#primaryimage\"},\"image\":{\"@id\":\"https:\\\/\\\/dnvimatis.com\\\/no\\\/om-oss\\\/historien\\\/#primaryimage\"},\"thumbnailUrl\":\"https:\\\/\\\/dnvimatis.com\\\/no\\\/wp-content\\\/uploads\\\/sites\\\/2\\\/2022\\\/01\\\/symbol.png\",\"datePublished\":\"2022-01-21T08:32:03+00:00\",\"dateModified\":\"2025-12-18T08:14:50+00:00\",\"description\":\"Historien om DNV Imatis utspiller seg helt tilbake til 1991. Vi har har siden 2003 v\u00e6rt utelukkende spesialisert innen e-helse.\",\"breadcrumb\":{\"@id\":\"https:\\\/\\\/dnvimatis.com\\\/no\\\/om-oss\\\/historien\\\/#breadcrumb\"},\"inLanguage\":\"nb-NO\",\"potentialAction\":[{\"@type\":\"ReadAction\",\"target\":[\"https:\\\/\\\/dnvimatis.com\\\/no\\\/om-oss\\\/historien\\\/\"]}]},{\"@type\":\"ImageObject\",\"inLanguage\":\"nb-NO\",\"@id\":\"https:\\\/\\\/dnvimatis.com\\\/no\\\/om-oss\\\/historien\\\/#primaryimage\",\"url\":\"https:\\\/\\\/dnvimatis.com\\\/no\\\/wp-content\\\/uploads\\\/sites\\\/2\\\/2022\\\/01\\\/symbol.png\",\"contentUrl\":\"https:\\\/\\\/dnvimatis.com\\\/no\\\/wp-content\\\/uploads\\\/sites\\\/2\\\/2022\\\/01\\\/symbol.png\",\"width\":1740,\"height\":1196,\"caption\":\"DNV Imatis symbol\"},{\"@type\":\"BreadcrumbList\",\"@id\":\"https:\\\/\\\/dnvimatis.com\\\/no\\\/om-oss\\\/historien\\\/#breadcrumb\",\"itemListElement\":[{\"@type\":\"ListItem\",\"position\":1,\"name\":\"Home\",\"item\":\"https:\\\/\\\/dnvimatis.com\\\/no\\\/\"},{\"@type\":\"ListItem\",\"position\":2,\"name\":\"Om oss\",\"item\":\"https:\\\/\\\/dnvimatis.com\\\/no\\\/om-oss\\\/\"},{\"@type\":\"ListItem\",\"position\":3,\"name\":\"Historien\"}]},{\"@type\":\"WebSite\",\"@id\":\"https:\\\/\\\/dnvimatis.com\\\/no\\\/#website\",\"url\":\"https:\\\/\\\/dnvimatis.com\\\/no\\\/\",\"name\":\"DNV Imatis.no\",\"description\":\"A game changer in healthcare solutions\",\"publisher\":{\"@id\":\"https:\\\/\\\/dnvimatis.com\\\/no\\\/#organization\"},\"potentialAction\":[{\"@type\":\"SearchAction\",\"target\":{\"@type\":\"EntryPoint\",\"urlTemplate\":\"https:\\\/\\\/dnvimatis.com\\\/no\\\/?s={search_term_string}\"},\"query-input\":{\"@type\":\"PropertyValueSpecification\",\"valueRequired\":true,\"valueName\":\"search_term_string\"}}],\"inLanguage\":\"nb-NO\"},{\"@type\":\"Organization\",\"@id\":\"https:\\\/\\\/dnvimatis.com\\\/no\\\/#organization\",\"name\":\"DNV Imatis.no\",\"url\":\"https:\\\/\\\/dnvimatis.com\\\/no\\\/\",\"logo\":{\"@type\":\"ImageObject\",\"inLanguage\":\"nb-NO\",\"@id\":\"https:\\\/\\\/dnvimatis.com\\\/no\\\/#\\\/schema\\\/logo\\\/image\\\/\",\"url\":\"https:\\\/\\\/dnvimatis.com\\\/no\\\/wp-content\\\/uploads\\\/sites\\\/2\\\/2022\\\/02\\\/DNV-Imatis-logo_color-white_RGB.svg\",\"contentUrl\":\"https:\\\/\\\/dnvimatis.com\\\/no\\\/wp-content\\\/uploads\\\/sites\\\/2\\\/2022\\\/02\\\/DNV-Imatis-logo_color-white_RGB.svg\",\"width\":680,\"height\":100,\"caption\":\"DNV Imatis.no\"},\"image\":{\"@id\":\"https:\\\/\\\/dnvimatis.com\\\/no\\\/#\\\/schema\\\/logo\\\/image\\\/\"}}]}<\/script>\n<!-- \/ Yoast SEO Premium plugin. -->","yoast_head_json":{"title":"Historien - DNV Imatis","description":"Historien om DNV Imatis utspiller seg helt tilbake til 1991. Vi har har siden 2003 v\u00e6rt utelukkende spesialisert innen e-helse.","robots":{"index":"index","follow":"follow","max-snippet":"max-snippet:-1","max-image-preview":"max-image-preview:large","max-video-preview":"max-video-preview:-1"},"canonical":"https:\/\/dnvimatis.com\/no\/om-oss\/historien\/","og_locale":"nb_NO","og_type":"article","og_title":"Historien","og_description":"Historien om DNV Imatis utspiller seg helt tilbake til 1991. Vi har har siden 2003 v\u00e6rt utelukkende spesialisert innen e-helse.","og_url":"https:\/\/dnvimatis.com\/no\/om-oss\/historien\/","og_site_name":"DNV Imatis.no","article_modified_time":"2025-12-18T08:14:50+00:00","og_image":[{"width":1740,"height":1196,"url":"https:\/\/dnvimatis.com\/no\/wp-content\/uploads\/sites\/2\/2022\/01\/symbol.png","type":"image\/png"}],"twitter_card":"summary_large_image","twitter_misc":{"Ansl. lesetid":"4 minutter"},"schema":{"@context":"https:\/\/schema.org","@graph":[{"@type":"WebPage","@id":"https:\/\/dnvimatis.com\/no\/om-oss\/historien\/","url":"https:\/\/dnvimatis.com\/no\/om-oss\/historien\/","name":"Historien - DNV Imatis","isPartOf":{"@id":"https:\/\/dnvimatis.com\/no\/#website"},"primaryImageOfPage":{"@id":"https:\/\/dnvimatis.com\/no\/om-oss\/historien\/#primaryimage"},"image":{"@id":"https:\/\/dnvimatis.com\/no\/om-oss\/historien\/#primaryimage"},"thumbnailUrl":"https:\/\/dnvimatis.com\/no\/wp-content\/uploads\/sites\/2\/2022\/01\/symbol.png","datePublished":"2022-01-21T08:32:03+00:00","dateModified":"2025-12-18T08:14:50+00:00","description":"Historien om DNV Imatis utspiller seg helt tilbake til 1991. Vi har har siden 2003 v\u00e6rt utelukkende spesialisert innen e-helse.","breadcrumb":{"@id":"https:\/\/dnvimatis.com\/no\/om-oss\/historien\/#breadcrumb"},"inLanguage":"nb-NO","potentialAction":[{"@type":"ReadAction","target":["https:\/\/dnvimatis.com\/no\/om-oss\/historien\/"]}]},{"@type":"ImageObject","inLanguage":"nb-NO","@id":"https:\/\/dnvimatis.com\/no\/om-oss\/historien\/#primaryimage","url":"https:\/\/dnvimatis.com\/no\/wp-content\/uploads\/sites\/2\/2022\/01\/symbol.png","contentUrl":"https:\/\/dnvimatis.com\/no\/wp-content\/uploads\/sites\/2\/2022\/01\/symbol.png","width":1740,"height":1196,"caption":"DNV Imatis symbol"},{"@type":"BreadcrumbList","@id":"https:\/\/dnvimatis.com\/no\/om-oss\/historien\/#breadcrumb","itemListElement":[{"@type":"ListItem","position":1,"name":"Home","item":"https:\/\/dnvimatis.com\/no\/"},{"@type":"ListItem","position":2,"name":"Om oss","item":"https:\/\/dnvimatis.com\/no\/om-oss\/"},{"@type":"ListItem","position":3,"name":"Historien"}]},{"@type":"WebSite","@id":"https:\/\/dnvimatis.com\/no\/#website","url":"https:\/\/dnvimatis.com\/no\/","name":"DNV Imatis.no","description":"A game changer in healthcare solutions","publisher":{"@id":"https:\/\/dnvimatis.com\/no\/#organization"},"potentialAction":[{"@type":"SearchAction","target":{"@type":"EntryPoint","urlTemplate":"https:\/\/dnvimatis.com\/no\/?s={search_term_string}"},"query-input":{"@type":"PropertyValueSpecification","valueRequired":true,"valueName":"search_term_string"}}],"inLanguage":"nb-NO"},{"@type":"Organization","@id":"https:\/\/dnvimatis.com\/no\/#organization","name":"DNV Imatis.no","url":"https:\/\/dnvimatis.com\/no\/","logo":{"@type":"ImageObject","inLanguage":"nb-NO","@id":"https:\/\/dnvimatis.com\/no\/#\/schema\/logo\/image\/","url":"https:\/\/dnvimatis.com\/no\/wp-content\/uploads\/sites\/2\/2022\/02\/DNV-Imatis-logo_color-white_RGB.svg","contentUrl":"https:\/\/dnvimatis.com\/no\/wp-content\/uploads\/sites\/2\/2022\/02\/DNV-Imatis-logo_color-white_RGB.svg","width":680,"height":100,"caption":"DNV Imatis.no"},"image":{"@id":"https:\/\/dnvimatis.com\/no\/#\/schema\/logo\/image\/"}}]}},"publishpress_future_action":{"enabled":false,"date":"2026-04-30 17:58:28","action":"change-status","newStatus":"draft","terms":[],"taxonomy":"","extraData":[]},"publishpress_future_workflow_manual_trigger":{"enabledWorkflows":[]},"_links":{"self":[{"href":"https:\/\/dnvimatis.com\/no\/wp-json\/wp\/v2\/pages\/1410","targetHints":{"allow":["GET"]}}],"collection":[{"href":"https:\/\/dnvimatis.com\/no\/wp-json\/wp\/v2\/pages"}],"about":[{"href":"https:\/\/dnvimatis.com\/no\/wp-json\/wp\/v2\/types\/page"}],"author":[{"embeddable":true,"href":"https:\/\/dnvimatis.com\/no\/wp-json\/wp\/v2\/users\/2"}],"replies":[{"embeddable":true,"href":"https:\/\/dnvimatis.com\/no\/wp-json\/wp\/v2\/comments?post=1410"}],"version-history":[{"count":41,"href":"https:\/\/dnvimatis.com\/no\/wp-json\/wp\/v2\/pages\/1410\/revisions"}],"predecessor-version":[{"id":15729,"href":"https:\/\/dnvimatis.com\/no\/wp-json\/wp\/v2\/pages\/1410\/revisions\/15729"}],"up":[{"embeddable":true,"href":"https:\/\/dnvimatis.com\/no\/wp-json\/wp\/v2\/pages\/447"}],"wp:featuredmedia":[{"embeddable":true,"href":"https:\/\/dnvimatis.com\/no\/wp-json\/wp\/v2\/media\/1412"}],"wp:attachment":[{"href":"https:\/\/dnvimatis.com\/no\/wp-json\/wp\/v2\/media?parent=1410"}],"curies":[{"name":"wp","href":"https:\/\/api.w.org\/{rel}","templated":true}]}}