{"id":1342,"date":"2022-01-20T13:40:34","date_gmt":"2022-01-20T13:40:34","guid":{"rendered":"https:\/\/dnvimatis.com\/no\/?page_id=1342"},"modified":"2026-01-21T15:40:16","modified_gmt":"2026-01-21T14:40:16","slug":"book-en-demo","status":"publish","type":"page","link":"https:\/\/dnvimatis.com\/no\/kontakt-oss\/book-en-demo\/","title":{"rendered":"Book en demo"},"content":{"rendered":"\t\t<div data-elementor-type=\"wp-page\" data-elementor-id=\"1342\" class=\"elementor elementor-1342\" data-elementor-post-type=\"page\">\n\t\t\t\t\t\t<section class=\"elementor-section elementor-top-section elementor-element elementor-element-3b3a699 elementor-section-boxed elementor-section-height-default elementor-section-height-default\" data-id=\"3b3a699\" data-element_type=\"section\" data-e-type=\"section\">\n\t\t\t\t\t\t<div class=\"elementor-container elementor-column-gap-default\">\n\t\t\t\t\t<div class=\"elementor-column elementor-col-100 elementor-top-column elementor-element elementor-element-8fb89ea\" data-id=\"8fb89ea\" data-element_type=\"column\" data-e-type=\"column\">\n\t\t\t<div class=\"elementor-widget-wrap elementor-element-populated\">\n\t\t\t\t\t\t<section class=\"elementor-section elementor-inner-section elementor-element elementor-element-1328ae4 elementor-section-boxed elementor-section-height-default elementor-section-height-default\" data-id=\"1328ae4\" data-element_type=\"section\" data-e-type=\"section\">\n\t\t\t\t\t\t<div class=\"elementor-container elementor-column-gap-default\">\n\t\t\t\t\t<div class=\"elementor-column elementor-col-50 elementor-inner-column elementor-element elementor-element-ed2540e\" data-id=\"ed2540e\" data-element_type=\"column\" data-e-type=\"column\">\n\t\t\t<div class=\"elementor-widget-wrap elementor-element-populated\">\n\t\t\t\t\t\t<div class=\"elementor-element elementor-element-189ae2e elementor-button-align-start elementor-widget elementor-widget-form\" data-id=\"189ae2e\" data-element_type=\"widget\" data-e-type=\"widget\" data-settings=\"{&quot;button_width&quot;:&quot;20&quot;,&quot;step_icon_shape&quot;:&quot;rounded&quot;,&quot;step_type&quot;:&quot;none&quot;}\" data-widget_type=\"form.default\">\n\t\t\t\t<div class=\"elementor-widget-container\">\n\t\t\t\t\t\t\t<form class=\"elementor-form\" method=\"post\" name=\"Book demo\" aria-label=\"Book demo\">\n\t\t\t<input type=\"hidden\" name=\"post_id\" value=\"1342\"\/>\n\t\t\t<input type=\"hidden\" name=\"form_id\" value=\"189ae2e\"\/>\n\t\t\t<input type=\"hidden\" name=\"referer_title\" value=\"Book en demo - DNV Imatis\" \/>\n\n\t\t\t\t\t\t\t<input type=\"hidden\" name=\"queried_id\" value=\"1342\"\/>\n\t\t\t\n\t\t\t<div class=\"elementor-form-fields-wrapper elementor-labels-above\">\n\t\t\t\t\t\t\t\t<div class=\"elementor-field-type-text elementor-field-group elementor-column elementor-field-group-name elementor-col-60 elementor-field-required elementor-mark-required\">\n\t\t\t\t\t\t\t\t\t\t\t\t<label for=\"form-field-name\" class=\"elementor-field-label\">\n\t\t\t\t\t\t\t\tFullt navn\t\t\t\t\t\t\t<\/label>\n\t\t\t\t\t\t\t\t\t\t\t\t\t\t<input size=\"1\" type=\"text\" name=\"form_fields[name]\" id=\"form-field-name\" class=\"elementor-field elementor-size-sm  elementor-field-textual\" placeholder=\"Fullt navn\" required=\"required\">\n\t\t\t\t\t\t\t\t\t\t\t<\/div>\n\t\t\t\t\t\t\t\t<div class=\"elementor-field-type-email elementor-field-group elementor-column elementor-field-group-email elementor-col-60 elementor-field-required elementor-mark-required\">\n\t\t\t\t\t\t\t\t\t\t\t\t<label for=\"form-field-email\" class=\"elementor-field-label\">\n\t\t\t\t\t\t\t\tE-post\t\t\t\t\t\t\t<\/label>\n\t\t\t\t\t\t\t\t\t\t\t\t\t\t<input size=\"1\" type=\"email\" name=\"form_fields[email]\" id=\"form-field-email\" class=\"elementor-field elementor-size-sm  elementor-field-textual\" placeholder=\"E-post\" required=\"required\">\n\t\t\t\t\t\t\t\t\t\t\t<\/div>\n\t\t\t\t\t\t\t\t<div class=\"elementor-field-type-text elementor-field-group elementor-column elementor-field-group-field_d8f8ee9 elementor-col-60 elementor-field-required elementor-mark-required\">\n\t\t\t\t\t\t\t\t\t\t\t\t<label for=\"form-field-field_d8f8ee9\" class=\"elementor-field-label\">\n\t\t\t\t\t\t\t\tMobilnummer\t\t\t\t\t\t\t<\/label>\n\t\t\t\t\t\t\t\t\t\t\t\t\t\t<input size=\"1\" type=\"text\" name=\"form_fields[field_d8f8ee9]\" id=\"form-field-field_d8f8ee9\" class=\"elementor-field elementor-size-sm  elementor-field-textual\" placeholder=\"Mobilnummer\" required=\"required\">\n\t\t\t\t\t\t\t\t\t\t\t<\/div>\n\t\t\t\t\t\t\t\t<div class=\"elementor-field-type-radio elementor-field-group elementor-column elementor-field-group-field_0cf9a5c elementor-col-100 elementor-field-required elementor-mark-required\">\n\t\t\t\t\t\t\t\t\t\t\t\t<label for=\"form-field-field_0cf9a5c\" class=\"elementor-field-label\">\n\t\t\t\t\t\t\t\tSektor\t\t\t\t\t\t\t<\/label>\n\t\t\t\t\t\t<div class=\"elementor-field-subgroup  \"><span class=\"elementor-field-option\"><input type=\"radio\" value=\"Sykehus\" id=\"form-field-field_0cf9a5c-0\" name=\"form_fields[field_0cf9a5c]\" required=\"required\"> <label for=\"form-field-field_0cf9a5c-0\">Sykehus<\/label><\/span><span class=\"elementor-field-option\"><input type=\"radio\" value=\"Kommune\" id=\"form-field-field_0cf9a5c-1\" name=\"form_fields[field_0cf9a5c]\" required=\"required\"> <label for=\"form-field-field_0cf9a5c-1\">Kommune<\/label><\/span><span class=\"elementor-field-option\"><input type=\"radio\" value=\"Annet\" id=\"form-field-field_0cf9a5c-2\" name=\"form_fields[field_0cf9a5c]\" required=\"required\"> <label for=\"form-field-field_0cf9a5c-2\">Annet<\/label><\/span><\/div>\t\t\t\t<\/div>\n\t\t\t\t\t\t\t\t<div class=\"elementor-field-type-checkbox elementor-field-group elementor-column elementor-field-group-field_67e5c11 elementor-col-100\">\n\t\t\t\t\t\t\t\t\t\t\t\t<label for=\"form-field-field_67e5c11\" class=\"elementor-field-label\">\n\t\t\t\t\t\t\t\tInteressefelt\t\t\t\t\t\t\t<\/label>\n\t\t\t\t\t\t<div class=\"elementor-field-subgroup  \"><span class=\"elementor-field-option\"><input type=\"checkbox\" value=\"Pasientlogistikk\/Innsjekk og betaling \" id=\"form-field-field_67e5c11-0\" name=\"form_fields[field_67e5c11][]\"> <label for=\"form-field-field_67e5c11-0\">Pasientlogistikk\/Innsjekk og betaling <\/label><\/span><span class=\"elementor-field-option\"><input type=\"checkbox\" value=\"Klinisk logistikk\/Samhandling\" id=\"form-field-field_67e5c11-1\" name=\"form_fields[field_67e5c11][]\"> <label for=\"form-field-field_67e5c11-1\">Klinisk logistikk\/Samhandling<\/label><\/span><span class=\"elementor-field-option\"><input type=\"checkbox\" value=\"Mobilitet\" id=\"form-field-field_67e5c11-2\" name=\"form_fields[field_67e5c11][]\"> <label for=\"form-field-field_67e5c11-2\">Mobilitet<\/label><\/span><span class=\"elementor-field-option\"><input type=\"checkbox\" value=\"Pasientrettede tjenester\" id=\"form-field-field_67e5c11-3\" name=\"form_fields[field_67e5c11][]\"> <label for=\"form-field-field_67e5c11-3\">Pasientrettede tjenester<\/label><\/span><span class=\"elementor-field-option\"><input type=\"checkbox\" value=\"St\u00f8tte og logistikktjenester\" id=\"form-field-field_67e5c11-4\" name=\"form_fields[field_67e5c11][]\"> <label for=\"form-field-field_67e5c11-4\">St\u00f8tte og logistikktjenester<\/label><\/span><span class=\"elementor-field-option\"><input type=\"checkbox\" value=\"Styringsverkt\u00f8y\" id=\"form-field-field_67e5c11-5\" name=\"form_fields[field_67e5c11][]\"> <label for=\"form-field-field_67e5c11-5\">Styringsverkt\u00f8y<\/label><\/span><span class=\"elementor-field-option\"><input type=\"checkbox\" value=\"L\u00f8sninger i hjemmet\" id=\"form-field-field_67e5c11-6\" name=\"form_fields[field_67e5c11][]\"> <label for=\"form-field-field_67e5c11-6\">L\u00f8sninger i hjemmet<\/label><\/span><span class=\"elementor-field-option\"><input type=\"checkbox\" value=\"Sykehjem\" id=\"form-field-field_67e5c11-7\" name=\"form_fields[field_67e5c11][]\"> <label for=\"form-field-field_67e5c11-7\">Sykehjem<\/label><\/span><span class=\"elementor-field-option\"><input type=\"checkbox\" value=\"Hjemmetjeneste\" id=\"form-field-field_67e5c11-8\" name=\"form_fields[field_67e5c11][]\"> <label for=\"form-field-field_67e5c11-8\">Hjemmetjeneste<\/label><\/span><span class=\"elementor-field-option\"><input type=\"checkbox\" value=\"Avstandsoppf\u00f8lging\" id=\"form-field-field_67e5c11-9\" name=\"form_fields[field_67e5c11][]\"> <label for=\"form-field-field_67e5c11-9\">Avstandsoppf\u00f8lging<\/label><\/span><span class=\"elementor-field-option\"><input type=\"checkbox\" value=\"Blodpr\u00f8veapp\" id=\"form-field-field_67e5c11-10\" name=\"form_fields[field_67e5c11][]\"> <label for=\"form-field-field_67e5c11-10\">Blodpr\u00f8veapp<\/label><\/span><span class=\"elementor-field-option\"><input type=\"checkbox\" value=\"Legevaktstjenester\" id=\"form-field-field_67e5c11-11\" name=\"form_fields[field_67e5c11][]\"> <label for=\"form-field-field_67e5c11-11\">Legevaktstjenester<\/label><\/span><span class=\"elementor-field-option\"><input type=\"checkbox\" value=\"Annet\" id=\"form-field-field_67e5c11-12\" name=\"form_fields[field_67e5c11][]\"> <label for=\"form-field-field_67e5c11-12\">Annet<\/label><\/span><\/div>\t\t\t\t<\/div>\n\t\t\t\t\t\t\t\t<div class=\"elementor-field-type-textarea elementor-field-group elementor-column elementor-field-group-message elementor-col-100\">\n\t\t\t\t\t\t\t\t\t\t\t\t<label for=\"form-field-message\" class=\"elementor-field-label\">\n\t\t\t\t\t\t\t\tEventuelle kommentarer\t\t\t\t\t\t\t<\/label>\n\t\t\t\t\t\t<textarea class=\"elementor-field-textual elementor-field  elementor-size-sm\" name=\"form_fields[message]\" id=\"form-field-message\" rows=\"4\" placeholder=\"Eventuelle kommentarer\"><\/textarea>\t\t\t\t<\/div>\n\t\t\t\t\t\t\t\t<div class=\"elementor-field-type-hidden elementor-field-group elementor-column elementor-field-group-field_1496ffe elementor-col-100\">\n\t\t\t\t\t\t\t\t\t\t\t\t\t<input size=\"1\" type=\"hidden\" name=\"form_fields[field_1496ffe]\" id=\"form-field-field_1496ffe\" class=\"elementor-field elementor-size-sm  elementor-field-textual\" value=\".no\">\n\t\t\t\t\t\t\t\t\t\t\t<\/div>\n\t\t\t\t\t\t\t\t<div class=\"elementor-field-type-hidden elementor-field-group elementor-column elementor-field-group-secret elementor-col-100\">\n\t\t\t\t\t\t\t\t\t\t\t\t\t<input size=\"1\" type=\"hidden\" name=\"form_fields[secret]\" id=\"form-field-secret\" class=\"elementor-field elementor-size-sm  elementor-field-textual\" value=\"dnvimatis\">\n\t\t\t\t\t\t\t\t\t\t\t<\/div>\n\t\t\t\t\t\t\t\t<div class=\"elementor-field-type-recaptcha_v3 elementor-field-group elementor-column elementor-field-group-field_f3bd6e1 elementor-col-100 recaptcha_v3-bottomright\">\n\t\t\t\t\t<div class=\"elementor-field\" id=\"form-field-field_f3bd6e1\"><div class=\"elementor-g-recaptcha\" data-sitekey=\"6LcYB4UrAAAAAMR0rYo-N1TW3cCWYSr2d5pHbC7S\" data-type=\"v3\" data-action=\"Form\" data-badge=\"bottomright\" data-size=\"invisible\"><\/div><\/div>\t\t\t\t<\/div>\n\t\t\t\t\t\t\t\t<div class=\"elementor-field-group elementor-column elementor-field-type-submit elementor-col-20 e-form__buttons\">\n\t\t\t\t\t<button class=\"elementor-button elementor-size-lg\" type=\"submit\">\n\t\t\t\t\t\t<span class=\"elementor-button-content-wrapper\">\n\t\t\t\t\t\t\t\t\t\t\t\t\t\t\t<span class=\"elementor-button-icon\">\n\t\t\t\t\t\t\t\t\t<i aria-hidden=\"true\" class=\"far fa-arrow-alt-circle-down\"><\/i>\t\t\t\t\t\t\t\t\t\t\t\t\t\t\t\t\t<\/span>\n\t\t\t\t\t\t\t\t\t\t\t\t\t\t\t\t\t\t\t\t\t\t<span class=\"elementor-button-text\">Send<\/span>\n\t\t\t\t\t\t\t\t\t\t\t\t\t<\/span>\n\t\t\t\t\t<\/button>\n\t\t\t\t<\/div>\n\t\t\t<\/div>\n\t\t<\/form>\n\t\t\t\t\t\t<\/div>\n\t\t\t\t<\/div>\n\t\t\t\t\t<\/div>\n\t\t<\/div>\n\t\t\t\t<div class=\"elementor-column elementor-col-50 elementor-inner-column elementor-element elementor-element-63f93c0\" data-id=\"63f93c0\" data-element_type=\"column\" data-e-type=\"column\">\n\t\t\t<div class=\"elementor-widget-wrap\">\n\t\t\t\t\t\t\t<\/div>\n\t\t<\/div>\n\t\t\t\t\t<\/div>\n\t\t<\/section>\n\t\t\t\t\t<\/div>\n\t\t<\/div>\n\t\t\t\t\t<\/div>\n\t\t<\/section>\n\t\t\t\t<section class=\"elementor-section elementor-top-section elementor-element elementor-element-eccc09d elementor-section-boxed elementor-section-height-default elementor-section-height-default\" data-id=\"eccc09d\" data-element_type=\"section\" data-e-type=\"section\">\n\t\t\t\t\t\t<div class=\"elementor-container elementor-column-gap-default\">\n\t\t\t\t\t<div class=\"elementor-column elementor-col-100 elementor-top-column elementor-element elementor-element-1621cb4\" data-id=\"1621cb4\" data-element_type=\"column\" data-e-type=\"column\">\n\t\t\t<div class=\"elementor-widget-wrap elementor-element-populated\">\n\t\t\t\t\t\t<div class=\"elementor-element elementor-element-506f6dd elementor-widget elementor-widget-text-editor\" data-id=\"506f6dd\" data-element_type=\"widget\" data-e-type=\"widget\" data-widget_type=\"text-editor.default\">\n\t\t\t\t<div class=\"elementor-widget-container\">\n\t\t\t\t\t\t\t\t\t<p>Ved innsending godtar du automatisk v\u00e5r <a href=\"https:\/\/dnvimatis.com\/privacy-statement\/\">personvernerkl\u00e6ring<\/a> og gir samtykke til \u00e5 bli kontaktet av DNV Imatis.<\/p><p>Din epostadresse og personlige opplysninger vil bli trygt lagret i v\u00e5r database. Vi deler eller selger ikke denne informasjonen med noen.\u00a0<\/p>\t\t\t\t\t\t\t\t<\/div>\n\t\t\t\t<\/div>\n\t\t\t\t\t<\/div>\n\t\t<\/div>\n\t\t\t\t\t<\/div>\n\t\t<\/section>\n\t\t\t\t<\/div>\n\t\t","protected":false},"excerpt":{"rendered":"<p>Ved innsending godtar du automatisk v\u00e5r personvernerkl\u00e6ring og gir samtykke til \u00e5 bli kontaktet av DNV Imatis. Din epostadresse og personlige opplysninger vil bli trygt lagret i v\u00e5r database. Vi deler eller selger ikke denne informasjonen med noen.\u00a0<\/p>\n","protected":false},"author":2,"featured_media":1412,"parent":100,"menu_order":0,"comment_status":"closed","ping_status":"closed","template":"elementor_header_footer","meta":{"_acf_changed":false,"_mo_disable_npp":"","footnotes":""},"class_list":["post-1342","page","type-page","status-publish","has-post-thumbnail","hentry"],"acf":[],"yoast_head":"<!-- This site is optimized with the Yoast SEO Premium plugin v23.9 (Yoast SEO v27.4) - https:\/\/yoast.com\/product\/yoast-seo-premium-wordpress\/ -->\n<title>Book en demo - DNV Imatis<\/title>\n<meta name=\"description\" content=\"Book en demo for \u00e5 f\u00e5 dypere innsikt i hvordan v\u00e5re l\u00f8sninger kan bidra som et unikt digitaliseringsverkt\u00f8y for din bedrift\" \/>\n<meta name=\"robots\" content=\"index, follow, max-snippet:-1, max-image-preview:large, max-video-preview:-1\" \/>\n<link rel=\"canonical\" href=\"https:\/\/dnvimatis.com\/no\/kontakt-oss\/book-en-demo\/\" \/>\n<meta property=\"og:locale\" content=\"nb_NO\" \/>\n<meta property=\"og:type\" content=\"article\" \/>\n<meta property=\"og:title\" content=\"Book en demo\" \/>\n<meta property=\"og:description\" content=\"Book en demo for \u00e5 f\u00e5 dypere innsikt i hvordan v\u00e5re l\u00f8sninger kan bidra som et unikt digitaliseringsverkt\u00f8y for din bedrift\" \/>\n<meta property=\"og:url\" content=\"https:\/\/dnvimatis.com\/no\/kontakt-oss\/book-en-demo\/\" \/>\n<meta property=\"og:site_name\" content=\"DNV Imatis.no\" \/>\n<meta property=\"article:modified_time\" content=\"2026-01-21T14:40:16+00:00\" \/>\n<meta property=\"og:image\" content=\"https:\/\/dnvimatis.com\/no\/wp-content\/uploads\/sites\/2\/2022\/01\/symbol.png\" \/>\n\t<meta property=\"og:image:width\" content=\"1740\" \/>\n\t<meta property=\"og:image:height\" content=\"1196\" \/>\n\t<meta property=\"og:image:type\" content=\"image\/png\" \/>\n<meta name=\"twitter:card\" content=\"summary_large_image\" \/>\n<meta name=\"twitter:label1\" content=\"Ansl. lesetid\" \/>\n\t<meta name=\"twitter:data1\" content=\"1 minutt\" \/>\n<script type=\"application\/ld+json\" class=\"yoast-schema-graph\">{\"@context\":\"https:\\\/\\\/schema.org\",\"@graph\":[{\"@type\":\"WebPage\",\"@id\":\"https:\\\/\\\/dnvimatis.com\\\/no\\\/kontakt-oss\\\/book-en-demo\\\/\",\"url\":\"https:\\\/\\\/dnvimatis.com\\\/no\\\/kontakt-oss\\\/book-en-demo\\\/\",\"name\":\"Book en demo - DNV Imatis\",\"isPartOf\":{\"@id\":\"https:\\\/\\\/dnvimatis.com\\\/no\\\/#website\"},\"primaryImageOfPage\":{\"@id\":\"https:\\\/\\\/dnvimatis.com\\\/no\\\/kontakt-oss\\\/book-en-demo\\\/#primaryimage\"},\"image\":{\"@id\":\"https:\\\/\\\/dnvimatis.com\\\/no\\\/kontakt-oss\\\/book-en-demo\\\/#primaryimage\"},\"thumbnailUrl\":\"https:\\\/\\\/dnvimatis.com\\\/no\\\/wp-content\\\/uploads\\\/sites\\\/2\\\/2022\\\/01\\\/symbol.png\",\"datePublished\":\"2022-01-20T13:40:34+00:00\",\"dateModified\":\"2026-01-21T14:40:16+00:00\",\"description\":\"Book en demo for \u00e5 f\u00e5 dypere innsikt i hvordan v\u00e5re l\u00f8sninger kan bidra som et unikt digitaliseringsverkt\u00f8y for din bedrift\",\"breadcrumb\":{\"@id\":\"https:\\\/\\\/dnvimatis.com\\\/no\\\/kontakt-oss\\\/book-en-demo\\\/#breadcrumb\"},\"inLanguage\":\"nb-NO\",\"potentialAction\":[{\"@type\":\"ReadAction\",\"target\":[\"https:\\\/\\\/dnvimatis.com\\\/no\\\/kontakt-oss\\\/book-en-demo\\\/\"]}]},{\"@type\":\"ImageObject\",\"inLanguage\":\"nb-NO\",\"@id\":\"https:\\\/\\\/dnvimatis.com\\\/no\\\/kontakt-oss\\\/book-en-demo\\\/#primaryimage\",\"url\":\"https:\\\/\\\/dnvimatis.com\\\/no\\\/wp-content\\\/uploads\\\/sites\\\/2\\\/2022\\\/01\\\/symbol.png\",\"contentUrl\":\"https:\\\/\\\/dnvimatis.com\\\/no\\\/wp-content\\\/uploads\\\/sites\\\/2\\\/2022\\\/01\\\/symbol.png\",\"width\":1740,\"height\":1196,\"caption\":\"DNV Imatis symbol\"},{\"@type\":\"BreadcrumbList\",\"@id\":\"https:\\\/\\\/dnvimatis.com\\\/no\\\/kontakt-oss\\\/book-en-demo\\\/#breadcrumb\",\"itemListElement\":[{\"@type\":\"ListItem\",\"position\":1,\"name\":\"Home\",\"item\":\"https:\\\/\\\/dnvimatis.com\\\/no\\\/\"},{\"@type\":\"ListItem\",\"position\":2,\"name\":\"Kontakt oss\",\"item\":\"https:\\\/\\\/dnvimatis.com\\\/no\\\/kontakt-oss\\\/\"},{\"@type\":\"ListItem\",\"position\":3,\"name\":\"Book en demo\"}]},{\"@type\":\"WebSite\",\"@id\":\"https:\\\/\\\/dnvimatis.com\\\/no\\\/#website\",\"url\":\"https:\\\/\\\/dnvimatis.com\\\/no\\\/\",\"name\":\"DNV Imatis.no\",\"description\":\"A game changer in healthcare solutions\",\"publisher\":{\"@id\":\"https:\\\/\\\/dnvimatis.com\\\/no\\\/#organization\"},\"potentialAction\":[{\"@type\":\"SearchAction\",\"target\":{\"@type\":\"EntryPoint\",\"urlTemplate\":\"https:\\\/\\\/dnvimatis.com\\\/no\\\/?s={search_term_string}\"},\"query-input\":{\"@type\":\"PropertyValueSpecification\",\"valueRequired\":true,\"valueName\":\"search_term_string\"}}],\"inLanguage\":\"nb-NO\"},{\"@type\":\"Organization\",\"@id\":\"https:\\\/\\\/dnvimatis.com\\\/no\\\/#organization\",\"name\":\"DNV Imatis.no\",\"url\":\"https:\\\/\\\/dnvimatis.com\\\/no\\\/\",\"logo\":{\"@type\":\"ImageObject\",\"inLanguage\":\"nb-NO\",\"@id\":\"https:\\\/\\\/dnvimatis.com\\\/no\\\/#\\\/schema\\\/logo\\\/image\\\/\",\"url\":\"https:\\\/\\\/dnvimatis.com\\\/no\\\/wp-content\\\/uploads\\\/sites\\\/2\\\/2022\\\/02\\\/DNV-Imatis-logo_color-white_RGB.svg\",\"contentUrl\":\"https:\\\/\\\/dnvimatis.com\\\/no\\\/wp-content\\\/uploads\\\/sites\\\/2\\\/2022\\\/02\\\/DNV-Imatis-logo_color-white_RGB.svg\",\"width\":680,\"height\":100,\"caption\":\"DNV Imatis.no\"},\"image\":{\"@id\":\"https:\\\/\\\/dnvimatis.com\\\/no\\\/#\\\/schema\\\/logo\\\/image\\\/\"}}]}<\/script>\n<!-- \/ Yoast SEO Premium plugin. -->","yoast_head_json":{"title":"Book en demo - DNV Imatis","description":"Book en demo for \u00e5 f\u00e5 dypere innsikt i hvordan v\u00e5re l\u00f8sninger kan bidra som et unikt digitaliseringsverkt\u00f8y for din bedrift","robots":{"index":"index","follow":"follow","max-snippet":"max-snippet:-1","max-image-preview":"max-image-preview:large","max-video-preview":"max-video-preview:-1"},"canonical":"https:\/\/dnvimatis.com\/no\/kontakt-oss\/book-en-demo\/","og_locale":"nb_NO","og_type":"article","og_title":"Book en demo","og_description":"Book en demo for \u00e5 f\u00e5 dypere innsikt i hvordan v\u00e5re l\u00f8sninger kan bidra som et unikt digitaliseringsverkt\u00f8y for din bedrift","og_url":"https:\/\/dnvimatis.com\/no\/kontakt-oss\/book-en-demo\/","og_site_name":"DNV Imatis.no","article_modified_time":"2026-01-21T14:40:16+00:00","og_image":[{"width":1740,"height":1196,"url":"https:\/\/dnvimatis.com\/no\/wp-content\/uploads\/sites\/2\/2022\/01\/symbol.png","type":"image\/png"}],"twitter_card":"summary_large_image","twitter_misc":{"Ansl. lesetid":"1 minutt"},"schema":{"@context":"https:\/\/schema.org","@graph":[{"@type":"WebPage","@id":"https:\/\/dnvimatis.com\/no\/kontakt-oss\/book-en-demo\/","url":"https:\/\/dnvimatis.com\/no\/kontakt-oss\/book-en-demo\/","name":"Book en demo - DNV Imatis","isPartOf":{"@id":"https:\/\/dnvimatis.com\/no\/#website"},"primaryImageOfPage":{"@id":"https:\/\/dnvimatis.com\/no\/kontakt-oss\/book-en-demo\/#primaryimage"},"image":{"@id":"https:\/\/dnvimatis.com\/no\/kontakt-oss\/book-en-demo\/#primaryimage"},"thumbnailUrl":"https:\/\/dnvimatis.com\/no\/wp-content\/uploads\/sites\/2\/2022\/01\/symbol.png","datePublished":"2022-01-20T13:40:34+00:00","dateModified":"2026-01-21T14:40:16+00:00","description":"Book en demo for \u00e5 f\u00e5 dypere innsikt i hvordan v\u00e5re l\u00f8sninger kan bidra som et unikt digitaliseringsverkt\u00f8y for din bedrift","breadcrumb":{"@id":"https:\/\/dnvimatis.com\/no\/kontakt-oss\/book-en-demo\/#breadcrumb"},"inLanguage":"nb-NO","potentialAction":[{"@type":"ReadAction","target":["https:\/\/dnvimatis.com\/no\/kontakt-oss\/book-en-demo\/"]}]},{"@type":"ImageObject","inLanguage":"nb-NO","@id":"https:\/\/dnvimatis.com\/no\/kontakt-oss\/book-en-demo\/#primaryimage","url":"https:\/\/dnvimatis.com\/no\/wp-content\/uploads\/sites\/2\/2022\/01\/symbol.png","contentUrl":"https:\/\/dnvimatis.com\/no\/wp-content\/uploads\/sites\/2\/2022\/01\/symbol.png","width":1740,"height":1196,"caption":"DNV Imatis symbol"},{"@type":"BreadcrumbList","@id":"https:\/\/dnvimatis.com\/no\/kontakt-oss\/book-en-demo\/#breadcrumb","itemListElement":[{"@type":"ListItem","position":1,"name":"Home","item":"https:\/\/dnvimatis.com\/no\/"},{"@type":"ListItem","position":2,"name":"Kontakt oss","item":"https:\/\/dnvimatis.com\/no\/kontakt-oss\/"},{"@type":"ListItem","position":3,"name":"Book en demo"}]},{"@type":"WebSite","@id":"https:\/\/dnvimatis.com\/no\/#website","url":"https:\/\/dnvimatis.com\/no\/","name":"DNV Imatis.no","description":"A game changer in healthcare solutions","publisher":{"@id":"https:\/\/dnvimatis.com\/no\/#organization"},"potentialAction":[{"@type":"SearchAction","target":{"@type":"EntryPoint","urlTemplate":"https:\/\/dnvimatis.com\/no\/?s={search_term_string}"},"query-input":{"@type":"PropertyValueSpecification","valueRequired":true,"valueName":"search_term_string"}}],"inLanguage":"nb-NO"},{"@type":"Organization","@id":"https:\/\/dnvimatis.com\/no\/#organization","name":"DNV Imatis.no","url":"https:\/\/dnvimatis.com\/no\/","logo":{"@type":"ImageObject","inLanguage":"nb-NO","@id":"https:\/\/dnvimatis.com\/no\/#\/schema\/logo\/image\/","url":"https:\/\/dnvimatis.com\/no\/wp-content\/uploads\/sites\/2\/2022\/02\/DNV-Imatis-logo_color-white_RGB.svg","contentUrl":"https:\/\/dnvimatis.com\/no\/wp-content\/uploads\/sites\/2\/2022\/02\/DNV-Imatis-logo_color-white_RGB.svg","width":680,"height":100,"caption":"DNV Imatis.no"},"image":{"@id":"https:\/\/dnvimatis.com\/no\/#\/schema\/logo\/image\/"}}]}},"publishpress_future_action":{"enabled":false,"date":"2026-04-30 18:05:29","action":"change-status","newStatus":"draft","terms":[],"taxonomy":"","extraData":[]},"publishpress_future_workflow_manual_trigger":{"enabledWorkflows":[]},"_links":{"self":[{"href":"https:\/\/dnvimatis.com\/no\/wp-json\/wp\/v2\/pages\/1342","targetHints":{"allow":["GET"]}}],"collection":[{"href":"https:\/\/dnvimatis.com\/no\/wp-json\/wp\/v2\/pages"}],"about":[{"href":"https:\/\/dnvimatis.com\/no\/wp-json\/wp\/v2\/types\/page"}],"author":[{"embeddable":true,"href":"https:\/\/dnvimatis.com\/no\/wp-json\/wp\/v2\/users\/2"}],"replies":[{"embeddable":true,"href":"https:\/\/dnvimatis.com\/no\/wp-json\/wp\/v2\/comments?post=1342"}],"version-history":[{"count":124,"href":"https:\/\/dnvimatis.com\/no\/wp-json\/wp\/v2\/pages\/1342\/revisions"}],"predecessor-version":[{"id":15815,"href":"https:\/\/dnvimatis.com\/no\/wp-json\/wp\/v2\/pages\/1342\/revisions\/15815"}],"up":[{"embeddable":true,"href":"https:\/\/dnvimatis.com\/no\/wp-json\/wp\/v2\/pages\/100"}],"wp:featuredmedia":[{"embeddable":true,"href":"https:\/\/dnvimatis.com\/no\/wp-json\/wp\/v2\/media\/1412"}],"wp:attachment":[{"href":"https:\/\/dnvimatis.com\/no\/wp-json\/wp\/v2\/media?parent=1342"}],"curies":[{"name":"wp","href":"https:\/\/api.w.org\/{rel}","templated":true}]}}